{"id":8774,"date":"2025-11-13T07:34:50","date_gmt":"2025-11-13T06:34:50","guid":{"rendered":"https:\/\/kuzar.es\/?post_type=product&#038;p=8774"},"modified":"2025-12-05T09:49:57","modified_gmt":"2025-12-05T08:49:57","slug":"k-60","status":"publish","type":"product","link":"https:\/\/kuzar.es\/en\/producto\/k-60\/","title":{"rendered":"K-60"},"content":{"rendered":"<div class=\"wpb-content-wrapper\">[vc_row css=&#8221;.vc_custom_1563965140483{padding-bottom: 2% !important;}&#8221;][vc_column][vc_column_text css=&#8221;&#8221;]The K-60, is our newest and most powerful lifter, T\u00dcV certified according to EN 17206-2:2023 regulations.<\/p>\n<p>Weighing only 259 kg (571 lb) it is capable of lifting <strong>500 kg (1102 lb)<\/strong>\u00a0to a height of\u00a0<strong>7.2 m (23.6 ft)<\/strong>\u00a0in dynamic mode and a massive <strong>1000 kg (2204 lb)<\/strong> if used in structural mode. Structural mode is when the lifter is cranked up to the desired height without anything except a manual\/electric hoist attached to the forks and then the load is elevated by the hoist.<\/p>\n<p>The K-60 is comprised of five premium grade 6082-T6 epoxy, powder coated, black aluminium profile sections and operated via a manual AL-KO winch with galvanized steel cable and customized bearing fitted pullies. Each section is fitted with \u2018SLS\u2019 Safe Lock System for greater security, automatically blocking the lifter whilst elevating and removing the need for the weight to rely on the cable. There is also a pendulum located in each section too which blocks the tower in case of a sudden fall.<\/p>\n<p>Two special, telescopic, lateral braces are included which once fitted add exceptional stability and strength to the lifter. The braces offer two different positionings with the SWL varying according to the position (see datasheet) allowing the user to get closer to the main body of the lift if needed. The lifts comes complete with one AGR-1 and four TA-2 per unit, fixed to the body so that the user has all the accessories necessary for lifting both line array\/and or trussing.<\/p>\n<p>The rugged steel base is mounted on four 360\u00ba swivel castors and with a central steering wheel included to be able to push the lift easily. The base includes 4 brackets ready for fitting a dedicated accessory for lifting the K-60 with a pallet truck. Two 75cm, 180\u00ba rotatable steel loading arms are included to carry the load in two positions depending on the application and are attached to the reinforced steel lifting carriage. All clips and pins are fixed to the lift with a high-grade nylon covered, steel lanyard.[\/vc_column_text][vc_row_inner][vc_column_inner width=&#8221;1\/4&#8243;][vc_btn title=&#8221;K-60 EN 17206-2:2023&#8243; style=&#8221;flat&#8221; shape=&#8221;square&#8221; color=&#8221;primary&#8221; align=&#8221;center&#8221; i_icon_fontawesome=&#8221;fa fa-solid fa-shield&#8221; css=&#8221;&#8221; button_block=&#8221;true&#8221; add_icon=&#8221;true&#8221; link=&#8221;url:https%3A%2F%2Fkuzar.es%2Fwp-content%2Fuploads%2F2025%2F11%2FKuzar-K-60-TUV-EN-17206-2-2023-10-25.pdf|target:_blank&#8221;][\/vc_column_inner][vc_column_inner width=&#8221;1\/4&#8243;][vc_btn title=&#8221;K-60 CERTIFICADO CE&#8221; style=&#8221;flat&#8221; shape=&#8221;square&#8221; color=&#8221;primary&#8221; align=&#8221;center&#8221; i_icon_fontawesome=&#8221;fa fa-solid fa-shield&#8221; css=&#8221;&#8221; button_block=&#8221;true&#8221; add_icon=&#8221;true&#8221; link=&#8221;url:https%3A%2F%2Fkuzar.es%2Fwp-content%2Fuploads%2F2025%2F11%2FKUZAR-CE-K-60-03-26.pdf|target:_blank&#8221;][\/vc_column_inner][vc_column_inner width=&#8221;1\/4&#8243;][vc_btn title=&#8221;MANUAL K-60&#8243; style=&#8221;flat&#8221; shape=&#8221;square&#8221; color=&#8221;primary&#8221; align=&#8221;center&#8221; i_icon_fontawesome=&#8221;fa fa-solid fa-book&#8221; css=&#8221;&#8221; button_block=&#8221;true&#8221; add_icon=&#8221;true&#8221; link=&#8221;url:https%3A%2F%2Fkuzar.es%2Fwp-content%2Fuploads%2F2025%2F11%2FMANUAL-K-60-1.pdf|target:_blank&#8221;][\/vc_column_inner][vc_column_inner width=&#8221;1\/4&#8243;][vc_btn title=&#8221;DATA SHEET K-60&#8243; style=&#8221;flat&#8221; shape=&#8221;square&#8221; color=&#8221;primary&#8221; align=&#8221;center&#8221; i_icon_fontawesome=&#8221;fa fa-regular fa-file-lines&#8221; css=&#8221;&#8221; button_block=&#8221;true&#8221; add_icon=&#8221;true&#8221; link=&#8221;url:https%3A%2F%2Fkuzar.es%2Fwp-content%2Fuploads%2F2025%2F12%2FK-60-Data-Sheet-11-2025-1.pdf|target:_blank&#8221;][\/vc_column_inner][\/vc_row_inner][\/vc_column][\/vc_row]\n<\/div>","protected":false},"excerpt":{"rendered":"<table>\n<tbody>\n<tr>\n<td><b>MAXIMUM HEIGHT<\/b><\/td>\n<td>\u00a07.2 m (23.6 ft)<\/td>\n<\/tr>\n<tr>\n<td><b>MAXIMUM LOAD DYNAMIC MODE<\/b><\/td>\n<td>500 kg (1102 lb)<\/td>\n<\/tr>\n<tr>\n<td><b>MAXIMUM LOAD STRUCTURAL MODE<\/b><\/td>\n<td>1000 kg (2204 lb)<\/td>\n<\/tr>\n<tr>\n<td><b>NET WEIGHT<\/b><\/td>\n<td>259 kg (571 lb)<\/td>\n<\/tr>\n<tr>\n<td><strong>FOLDED HEIGHT<\/strong><\/td>\n<td>\u00a02.00 m (6.56 ft)<\/td>\n<\/tr>\n<tr>\n<td><strong>WORK SURFACE<\/strong><\/td>\n<td>2.39\u00d72.39 m (7.84\u00d77.84 ft)<\/td>\n<\/tr>\n<tr>\n<td><strong>SECURITY<\/strong><\/td>\n<td>&#8220;SLS&#8221; TRIGGER<\/td>\n<\/tr>\n<tr>\n<td><b>COLOUR<\/b><\/td>\n<td>BLACK<\/td>\n<\/tr>\n<tr>\n<td><strong>MAIN MATERIAL<\/strong><\/td>\n<td>ALUMINIUM<\/td>\n<\/tr>\n<\/tbody>\n<\/table>\n","protected":false},"featured_media":8876,"comment_status":"closed","ping_status":"closed","template":"","meta":{"_exactmetrics_skip_tracking":false,"_exactmetrics_sitenote_active":false,"_exactmetrics_sitenote_note":"","_exactmetrics_sitenote_category":0},"product_brand":[],"product_cat":[194,196],"product_tag":[202,203,205,206],"class_list":{"0":"post-8774","1":"product","2":"type-product","3":"status-publish","4":"has-post-thumbnail","6":"product_cat-lifts","7":"product_cat-line-array-lifts","8":"product_tag-elevadora-en","9":"product_tag-frontal-en","10":"product_tag-line-array-en","11":"product_tag-torres-en","13":"first","14":"instock","15":"shipping-taxable","16":"product-type-simple"},"yoast_head":"<!-- This site is optimized with the Yoast SEO plugin v27.4 - https:\/\/yoast.com\/product\/yoast-seo-wordpress\/ -->\n<title>K-60 - Kuzar - Torres elevadoras y estructuras met\u00e1licas<\/title>\n<meta name=\"description\" content=\"Descubre el K-60, nuestro elevador m\u00e1s potente y ligero, capaz de levantar hasta 1000kg a 7.2m, certificado TUV EN 17206-2:2023.\" \/>\n<meta name=\"robots\" content=\"index, follow, max-snippet:-1, max-image-preview:large, max-video-preview:-1\" \/>\n<link rel=\"canonical\" href=\"https:\/\/kuzar.es\/en\/producto\/k-60\/\" \/>\n<meta property=\"og:locale\" content=\"en_US\" \/>\n<meta property=\"og:type\" content=\"article\" \/>\n<meta property=\"og:title\" content=\"K-60 - Kuzar - Torres elevadoras y estructuras met\u00e1licas\" \/>\n<meta property=\"og:description\" content=\"Descubre el K-60, nuestro elevador m\u00e1s potente y ligero, capaz de levantar hasta 1000kg a 7.2m, certificado TUV EN 17206-2:2023.\" \/>\n<meta property=\"og:url\" content=\"https:\/\/kuzar.es\/en\/producto\/k-60\/\" \/>\n<meta property=\"og:site_name\" content=\"Kuzar - Torres elevadoras y estructuras met\u00e1licas\" \/>\n<meta property=\"article:modified_time\" content=\"2025-12-05T08:49:57+00:00\" \/>\n<meta property=\"og:image\" content=\"https:\/\/kuzar.es\/wp-content\/uploads\/2025\/11\/K60-Semiabierta-1.png\" \/>\n\t<meta property=\"og:image:width\" content=\"600\" \/>\n\t<meta property=\"og:image:height\" content=\"600\" \/>\n\t<meta property=\"og:image:type\" content=\"image\/png\" \/>\n<meta name=\"twitter:card\" content=\"summary_large_image\" \/>\n<meta name=\"twitter:label1\" content=\"Est. reading time\" \/>\n\t<meta name=\"twitter:data1\" content=\"3 minutes\" \/>\n<script type=\"application\/ld+json\" class=\"yoast-schema-graph\">{\"@context\":\"https:\\\/\\\/schema.org\",\"@graph\":[{\"@type\":\"WebPage\",\"@id\":\"https:\\\/\\\/kuzar.es\\\/en\\\/producto\\\/k-60\\\/\",\"url\":\"https:\\\/\\\/kuzar.es\\\/en\\\/producto\\\/k-60\\\/\",\"name\":\"K-60 - Kuzar - Torres elevadoras y estructuras met\u00e1licas\",\"isPartOf\":{\"@id\":\"https:\\\/\\\/kuzar.es\\\/#website\"},\"primaryImageOfPage\":{\"@id\":\"https:\\\/\\\/kuzar.es\\\/en\\\/producto\\\/k-60\\\/#primaryimage\"},\"image\":{\"@id\":\"https:\\\/\\\/kuzar.es\\\/en\\\/producto\\\/k-60\\\/#primaryimage\"},\"thumbnailUrl\":\"https:\\\/\\\/kuzar.es\\\/wp-content\\\/uploads\\\/2025\\\/11\\\/K60-Semiabierta-1.png\",\"datePublished\":\"2025-11-13T06:34:50+00:00\",\"dateModified\":\"2025-12-05T08:49:57+00:00\",\"description\":\"Descubre el K-60, nuestro elevador m\u00e1s potente y ligero, capaz de levantar hasta 1000kg a 7.2m, certificado TUV EN 17206-2:2023.\",\"breadcrumb\":{\"@id\":\"https:\\\/\\\/kuzar.es\\\/en\\\/producto\\\/k-60\\\/#breadcrumb\"},\"inLanguage\":\"en-US\",\"potentialAction\":[{\"@type\":\"ReadAction\",\"target\":[\"https:\\\/\\\/kuzar.es\\\/en\\\/producto\\\/k-60\\\/\"]}]},{\"@type\":\"ImageObject\",\"inLanguage\":\"en-US\",\"@id\":\"https:\\\/\\\/kuzar.es\\\/en\\\/producto\\\/k-60\\\/#primaryimage\",\"url\":\"https:\\\/\\\/kuzar.es\\\/wp-content\\\/uploads\\\/2025\\\/11\\\/K60-Semiabierta-1.png\",\"contentUrl\":\"https:\\\/\\\/kuzar.es\\\/wp-content\\\/uploads\\\/2025\\\/11\\\/K60-Semiabierta-1.png\",\"width\":600,\"height\":600},{\"@type\":\"BreadcrumbList\",\"@id\":\"https:\\\/\\\/kuzar.es\\\/en\\\/producto\\\/k-60\\\/#breadcrumb\",\"itemListElement\":[{\"@type\":\"ListItem\",\"position\":1,\"name\":\"Portada\",\"item\":\"https:\\\/\\\/kuzar.es\\\/en\\\/\"},{\"@type\":\"ListItem\",\"position\":2,\"name\":\"Tienda\",\"item\":\"https:\\\/\\\/kuzar.es\\\/tienda\\\/\"},{\"@type\":\"ListItem\",\"position\":3,\"name\":\"K-60\"}]},{\"@type\":\"WebSite\",\"@id\":\"https:\\\/\\\/kuzar.es\\\/#website\",\"url\":\"https:\\\/\\\/kuzar.es\\\/\",\"name\":\"Kuzar - Torres elevadoras y estructuras met\u00e1licas\",\"description\":\"Fabricaci\u00f3n de torres elevadoras, estructuras met\u00e1licas e iluminaci\u00f3n para espect\u00e1culos y eventos\",\"potentialAction\":[{\"@type\":\"SearchAction\",\"target\":{\"@type\":\"EntryPoint\",\"urlTemplate\":\"https:\\\/\\\/kuzar.es\\\/?s={search_term_string}\"},\"query-input\":{\"@type\":\"PropertyValueSpecification\",\"valueRequired\":true,\"valueName\":\"search_term_string\"}}],\"inLanguage\":\"en-US\"}]}<\/script>\n<!-- \/ Yoast SEO plugin. -->","yoast_head_json":{"title":"K-60 - Kuzar - Torres elevadoras y estructuras met\u00e1licas","description":"Descubre el K-60, nuestro elevador m\u00e1s potente y ligero, capaz de levantar hasta 1000kg a 7.2m, certificado TUV EN 17206-2:2023.","robots":{"index":"index","follow":"follow","max-snippet":"max-snippet:-1","max-image-preview":"max-image-preview:large","max-video-preview":"max-video-preview:-1"},"canonical":"https:\/\/kuzar.es\/en\/producto\/k-60\/","og_locale":"en_US","og_type":"article","og_title":"K-60 - Kuzar - Torres elevadoras y estructuras met\u00e1licas","og_description":"Descubre el K-60, nuestro elevador m\u00e1s potente y ligero, capaz de levantar hasta 1000kg a 7.2m, certificado TUV EN 17206-2:2023.","og_url":"https:\/\/kuzar.es\/en\/producto\/k-60\/","og_site_name":"Kuzar - Torres elevadoras y estructuras met\u00e1licas","article_modified_time":"2025-12-05T08:49:57+00:00","og_image":[{"width":600,"height":600,"url":"https:\/\/kuzar.es\/wp-content\/uploads\/2025\/11\/K60-Semiabierta-1.png","type":"image\/png"}],"twitter_card":"summary_large_image","twitter_misc":{"Est. reading time":"3 minutes"},"schema":{"@context":"https:\/\/schema.org","@graph":[{"@type":"WebPage","@id":"https:\/\/kuzar.es\/en\/producto\/k-60\/","url":"https:\/\/kuzar.es\/en\/producto\/k-60\/","name":"K-60 - Kuzar - Torres elevadoras y estructuras met\u00e1licas","isPartOf":{"@id":"https:\/\/kuzar.es\/#website"},"primaryImageOfPage":{"@id":"https:\/\/kuzar.es\/en\/producto\/k-60\/#primaryimage"},"image":{"@id":"https:\/\/kuzar.es\/en\/producto\/k-60\/#primaryimage"},"thumbnailUrl":"https:\/\/kuzar.es\/wp-content\/uploads\/2025\/11\/K60-Semiabierta-1.png","datePublished":"2025-11-13T06:34:50+00:00","dateModified":"2025-12-05T08:49:57+00:00","description":"Descubre el K-60, nuestro elevador m\u00e1s potente y ligero, capaz de levantar hasta 1000kg a 7.2m, certificado TUV EN 17206-2:2023.","breadcrumb":{"@id":"https:\/\/kuzar.es\/en\/producto\/k-60\/#breadcrumb"},"inLanguage":"en-US","potentialAction":[{"@type":"ReadAction","target":["https:\/\/kuzar.es\/en\/producto\/k-60\/"]}]},{"@type":"ImageObject","inLanguage":"en-US","@id":"https:\/\/kuzar.es\/en\/producto\/k-60\/#primaryimage","url":"https:\/\/kuzar.es\/wp-content\/uploads\/2025\/11\/K60-Semiabierta-1.png","contentUrl":"https:\/\/kuzar.es\/wp-content\/uploads\/2025\/11\/K60-Semiabierta-1.png","width":600,"height":600},{"@type":"BreadcrumbList","@id":"https:\/\/kuzar.es\/en\/producto\/k-60\/#breadcrumb","itemListElement":[{"@type":"ListItem","position":1,"name":"Portada","item":"https:\/\/kuzar.es\/en\/"},{"@type":"ListItem","position":2,"name":"Tienda","item":"https:\/\/kuzar.es\/tienda\/"},{"@type":"ListItem","position":3,"name":"K-60"}]},{"@type":"WebSite","@id":"https:\/\/kuzar.es\/#website","url":"https:\/\/kuzar.es\/","name":"Kuzar - Torres elevadoras y estructuras met\u00e1licas","description":"Fabricaci\u00f3n de torres elevadoras, estructuras met\u00e1licas e iluminaci\u00f3n para espect\u00e1culos y eventos","potentialAction":[{"@type":"SearchAction","target":{"@type":"EntryPoint","urlTemplate":"https:\/\/kuzar.es\/?s={search_term_string}"},"query-input":{"@type":"PropertyValueSpecification","valueRequired":true,"valueName":"search_term_string"}}],"inLanguage":"en-US"}]}},"_links":{"self":[{"href":"https:\/\/kuzar.es\/en\/wp-json\/wp\/v2\/product\/8774","targetHints":{"allow":["GET"]}}],"collection":[{"href":"https:\/\/kuzar.es\/en\/wp-json\/wp\/v2\/product"}],"about":[{"href":"https:\/\/kuzar.es\/en\/wp-json\/wp\/v2\/types\/product"}],"replies":[{"embeddable":true,"href":"https:\/\/kuzar.es\/en\/wp-json\/wp\/v2\/comments?post=8774"}],"wp:featuredmedia":[{"embeddable":true,"href":"https:\/\/kuzar.es\/en\/wp-json\/wp\/v2\/media\/8876"}],"wp:attachment":[{"href":"https:\/\/kuzar.es\/en\/wp-json\/wp\/v2\/media?parent=8774"}],"wp:term":[{"taxonomy":"product_brand","embeddable":true,"href":"https:\/\/kuzar.es\/en\/wp-json\/wp\/v2\/product_brand?post=8774"},{"taxonomy":"product_cat","embeddable":true,"href":"https:\/\/kuzar.es\/en\/wp-json\/wp\/v2\/product_cat?post=8774"},{"taxonomy":"product_tag","embeddable":true,"href":"https:\/\/kuzar.es\/en\/wp-json\/wp\/v2\/product_tag?post=8774"}],"curies":[{"name":"wp","href":"https:\/\/api.w.org\/{rel}","templated":true}]}}