{"id":7854,"date":"2024-01-08T12:06:32","date_gmt":"2024-01-08T11:06:32","guid":{"rendered":"https:\/\/kuzar.es\/?post_type=product&#038;p=7854"},"modified":"2024-01-16T12:44:45","modified_gmt":"2024-01-16T11:44:45","slug":"telescopic-legs-copia","status":"publish","type":"product","link":"https:\/\/kuzar.es\/en\/producto\/telescopic-legs-copia\/","title":{"rendered":"KAB-35"},"content":{"rendered":"<div class=\"wpb-content-wrapper\">[vc_row][vc_column width=&#8221;1\/5&#8243;][vc_column_text]<strong><span style=\"font-size: 100%;\">Safe working load (SWL):<\/span><\/strong><br \/>\n<strong><span style=\"font-size: 100%;\">Diameter:<\/span><\/strong><br \/>\n<strong><span style=\"font-size: 100%;\">Width:<\/span><\/strong><br \/>\n<strong><span style=\"font-size: 100%;\">Fixings:<\/span><\/strong><br \/>\n<strong><span style=\"font-size: 100%;\">Lock:<\/span><\/strong><br \/>\n<strong><span style=\"font-size: 100%;\">Material:<\/span><\/strong><br \/>\n<strong><span style=\"font-size: 100%;\">Colour:<\/span><\/strong><br \/>\n<strong><span style=\"font-size: 100%;\">Weight:<\/span><\/strong>[\/vc_column_text][\/vc_column][vc_column width=&#8221;2\/5&#8243;][vc_column_text]<span style=\"font-size: 100%;\"><strong>75 kg<\/strong><\/span><br \/>\n<span style=\"font-size: 100%;\"><strong>35 to 40 mm<\/strong><\/span><br \/>\n<span style=\"font-size: 100%;\"><strong>30 mm<\/strong><\/span><br \/>\n<span style=\"font-size: 100%;\"><strong>M10 with wing nut<\/strong><\/span><br \/>\n<span style=\"font-size: 100%;\"><strong>Ergonomic knob<\/strong><\/span><br \/>\n<span style=\"font-size: 100%;\"><strong>Aluminium 6061 T6<\/strong><\/span><br \/>\n<span style=\"font-size: 100%;\"><strong>Silver (KAB-35S) \/ Black (KAB-35B)<\/strong><\/span><br \/>\n<span style=\"font-size: 100%;\"><strong>0,135 kg<\/strong><\/span>[\/vc_column_text][\/vc_column][vc_column width=&#8221;2\/5&#8243;][vc_single_image image=&#8221;7908&#8243;][\/vc_column][\/vc_row]\n<\/div>","protected":false},"excerpt":{"rendered":"[vc_row][vc_column width=&#8221;1\/5&#8243;][vc_column_text]Safe working load (SWL): Diameter: Width: Fixings: Lock: Material: Colour: Weight:[\/vc_column_text][\/vc_column][vc_column width=&#8221;2\/5&#8243;][vc_column_text]75 kg 35 to 40 mm 30 mm M10 with wing nut Ergonomic knob Aluminium 6061 T6 Silver (KAB-35S) \/ Black (KAB-35B) 0,135 kg[\/vc_column_text][\/vc_column][vc_column width=&#8221;2\/5&#8243;][vc_single_image image=&#8221;7908&#8243;][\/vc_column][\/vc_row]\n","protected":false},"featured_media":7858,"comment_status":"closed","ping_status":"closed","template":"","meta":{"_exactmetrics_skip_tracking":false,"_exactmetrics_sitenote_active":false,"_exactmetrics_sitenote_note":"","_exactmetrics_sitenote_category":0},"product_brand":[],"product_cat":[489,488],"product_tag":[],"class_list":{"0":"post-7854","1":"product","2":"type-product","3":"status-publish","4":"has-post-thumbnail","6":"product_cat-clamps-and-couplers","7":"product_cat-rigging-en","9":"first","10":"instock","11":"shipping-taxable","12":"product-type-simple"},"yoast_head":"<!-- This site is optimized with the Yoast SEO plugin v27.4 - https:\/\/yoast.com\/product\/yoast-seo-wordpress\/ -->\n<title>KAB-35 - Kuzar - Torres elevadoras y estructuras met\u00e1licas<\/title>\n<meta name=\"description\" content=\"El KAB-35 es un soporte seguro y ligero de aluminio, disponible en plata y negro, con carga m\u00e1xima de 75 kg y ajuste ergon\u00f3mico.\" \/>\n<meta name=\"robots\" content=\"index, follow, max-snippet:-1, max-image-preview:large, max-video-preview:-1\" \/>\n<link rel=\"canonical\" href=\"https:\/\/kuzar.es\/en\/producto\/telescopic-legs-copia\/\" \/>\n<meta property=\"og:locale\" content=\"en_US\" \/>\n<meta property=\"og:type\" content=\"article\" \/>\n<meta property=\"og:title\" content=\"KAB-35 - Kuzar - Torres elevadoras y estructuras met\u00e1licas\" \/>\n<meta property=\"og:description\" content=\"El KAB-35 es un soporte seguro y ligero de aluminio, disponible en plata y negro, con carga m\u00e1xima de 75 kg y ajuste ergon\u00f3mico.\" \/>\n<meta property=\"og:url\" content=\"https:\/\/kuzar.es\/en\/producto\/telescopic-legs-copia\/\" \/>\n<meta property=\"og:site_name\" content=\"Kuzar - Torres elevadoras y estructuras met\u00e1licas\" \/>\n<meta property=\"article:modified_time\" content=\"2024-01-16T11:44:45+00:00\" \/>\n<meta property=\"og:image\" content=\"https:\/\/kuzar.es\/wp-content\/uploads\/2024\/01\/KAB-35-S_1-1.png\" \/>\n\t<meta property=\"og:image:width\" content=\"600\" \/>\n\t<meta property=\"og:image:height\" content=\"600\" \/>\n\t<meta property=\"og:image:type\" content=\"image\/png\" \/>\n<meta name=\"twitter:card\" content=\"summary_large_image\" \/>\n<meta name=\"twitter:label1\" content=\"Est. reading time\" \/>\n\t<meta name=\"twitter:data1\" content=\"1 minute\" \/>\n<script type=\"application\/ld+json\" class=\"yoast-schema-graph\">{\"@context\":\"https:\\\/\\\/schema.org\",\"@graph\":[{\"@type\":\"WebPage\",\"@id\":\"https:\\\/\\\/kuzar.es\\\/en\\\/producto\\\/telescopic-legs-copia\\\/\",\"url\":\"https:\\\/\\\/kuzar.es\\\/en\\\/producto\\\/telescopic-legs-copia\\\/\",\"name\":\"KAB-35 - Kuzar - Torres elevadoras y estructuras met\u00e1licas\",\"isPartOf\":{\"@id\":\"https:\\\/\\\/kuzar.es\\\/en\\\/#website\"},\"primaryImageOfPage\":{\"@id\":\"https:\\\/\\\/kuzar.es\\\/en\\\/producto\\\/telescopic-legs-copia\\\/#primaryimage\"},\"image\":{\"@id\":\"https:\\\/\\\/kuzar.es\\\/en\\\/producto\\\/telescopic-legs-copia\\\/#primaryimage\"},\"thumbnailUrl\":\"https:\\\/\\\/kuzar.es\\\/wp-content\\\/uploads\\\/2024\\\/01\\\/KAB-35-S_1-1.png\",\"datePublished\":\"2024-01-08T11:06:32+00:00\",\"dateModified\":\"2024-01-16T11:44:45+00:00\",\"description\":\"El KAB-35 es un soporte seguro y ligero de aluminio, disponible en plata y negro, con carga m\u00e1xima de 75 kg y ajuste ergon\u00f3mico.\",\"breadcrumb\":{\"@id\":\"https:\\\/\\\/kuzar.es\\\/en\\\/producto\\\/telescopic-legs-copia\\\/#breadcrumb\"},\"inLanguage\":\"en-US\",\"potentialAction\":[{\"@type\":\"ReadAction\",\"target\":[\"https:\\\/\\\/kuzar.es\\\/en\\\/producto\\\/telescopic-legs-copia\\\/\"]}]},{\"@type\":\"ImageObject\",\"inLanguage\":\"en-US\",\"@id\":\"https:\\\/\\\/kuzar.es\\\/en\\\/producto\\\/telescopic-legs-copia\\\/#primaryimage\",\"url\":\"https:\\\/\\\/kuzar.es\\\/wp-content\\\/uploads\\\/2024\\\/01\\\/KAB-35-S_1-1.png\",\"contentUrl\":\"https:\\\/\\\/kuzar.es\\\/wp-content\\\/uploads\\\/2024\\\/01\\\/KAB-35-S_1-1.png\",\"width\":600,\"height\":600,\"caption\":\"KAB-35\"},{\"@type\":\"BreadcrumbList\",\"@id\":\"https:\\\/\\\/kuzar.es\\\/en\\\/producto\\\/telescopic-legs-copia\\\/#breadcrumb\",\"itemListElement\":[{\"@type\":\"ListItem\",\"position\":1,\"name\":\"Portada\",\"item\":\"https:\\\/\\\/kuzar.es\\\/en\\\/\"},{\"@type\":\"ListItem\",\"position\":2,\"name\":\"Tienda\",\"item\":\"https:\\\/\\\/kuzar.es\\\/tienda\\\/\"},{\"@type\":\"ListItem\",\"position\":3,\"name\":\"KAB-35\"}]},{\"@type\":\"WebSite\",\"@id\":\"https:\\\/\\\/kuzar.es\\\/en\\\/#website\",\"url\":\"https:\\\/\\\/kuzar.es\\\/en\\\/\",\"name\":\"Kuzar - Torres elevadoras y estructuras met\u00e1licas\",\"description\":\"Fabricaci\u00f3n de torres elevadoras, estructuras met\u00e1licas e iluminaci\u00f3n para espect\u00e1culos y eventos\",\"potentialAction\":[{\"@type\":\"SearchAction\",\"target\":{\"@type\":\"EntryPoint\",\"urlTemplate\":\"https:\\\/\\\/kuzar.es\\\/en\\\/?s={search_term_string}\"},\"query-input\":{\"@type\":\"PropertyValueSpecification\",\"valueRequired\":true,\"valueName\":\"search_term_string\"}}],\"inLanguage\":\"en-US\"}]}<\/script>\n<!-- \/ Yoast SEO plugin. -->","yoast_head_json":{"title":"KAB-35 - Kuzar - Torres elevadoras y estructuras met\u00e1licas","description":"El KAB-35 es un soporte seguro y ligero de aluminio, disponible en plata y negro, con carga m\u00e1xima de 75 kg y ajuste ergon\u00f3mico.","robots":{"index":"index","follow":"follow","max-snippet":"max-snippet:-1","max-image-preview":"max-image-preview:large","max-video-preview":"max-video-preview:-1"},"canonical":"https:\/\/kuzar.es\/en\/producto\/telescopic-legs-copia\/","og_locale":"en_US","og_type":"article","og_title":"KAB-35 - Kuzar - Torres elevadoras y estructuras met\u00e1licas","og_description":"El KAB-35 es un soporte seguro y ligero de aluminio, disponible en plata y negro, con carga m\u00e1xima de 75 kg y ajuste ergon\u00f3mico.","og_url":"https:\/\/kuzar.es\/en\/producto\/telescopic-legs-copia\/","og_site_name":"Kuzar - Torres elevadoras y estructuras met\u00e1licas","article_modified_time":"2024-01-16T11:44:45+00:00","og_image":[{"width":600,"height":600,"url":"https:\/\/kuzar.es\/wp-content\/uploads\/2024\/01\/KAB-35-S_1-1.png","type":"image\/png"}],"twitter_card":"summary_large_image","twitter_misc":{"Est. reading time":"1 minute"},"schema":{"@context":"https:\/\/schema.org","@graph":[{"@type":"WebPage","@id":"https:\/\/kuzar.es\/en\/producto\/telescopic-legs-copia\/","url":"https:\/\/kuzar.es\/en\/producto\/telescopic-legs-copia\/","name":"KAB-35 - Kuzar - Torres elevadoras y estructuras met\u00e1licas","isPartOf":{"@id":"https:\/\/kuzar.es\/en\/#website"},"primaryImageOfPage":{"@id":"https:\/\/kuzar.es\/en\/producto\/telescopic-legs-copia\/#primaryimage"},"image":{"@id":"https:\/\/kuzar.es\/en\/producto\/telescopic-legs-copia\/#primaryimage"},"thumbnailUrl":"https:\/\/kuzar.es\/wp-content\/uploads\/2024\/01\/KAB-35-S_1-1.png","datePublished":"2024-01-08T11:06:32+00:00","dateModified":"2024-01-16T11:44:45+00:00","description":"El KAB-35 es un soporte seguro y ligero de aluminio, disponible en plata y negro, con carga m\u00e1xima de 75 kg y ajuste ergon\u00f3mico.","breadcrumb":{"@id":"https:\/\/kuzar.es\/en\/producto\/telescopic-legs-copia\/#breadcrumb"},"inLanguage":"en-US","potentialAction":[{"@type":"ReadAction","target":["https:\/\/kuzar.es\/en\/producto\/telescopic-legs-copia\/"]}]},{"@type":"ImageObject","inLanguage":"en-US","@id":"https:\/\/kuzar.es\/en\/producto\/telescopic-legs-copia\/#primaryimage","url":"https:\/\/kuzar.es\/wp-content\/uploads\/2024\/01\/KAB-35-S_1-1.png","contentUrl":"https:\/\/kuzar.es\/wp-content\/uploads\/2024\/01\/KAB-35-S_1-1.png","width":600,"height":600,"caption":"KAB-35"},{"@type":"BreadcrumbList","@id":"https:\/\/kuzar.es\/en\/producto\/telescopic-legs-copia\/#breadcrumb","itemListElement":[{"@type":"ListItem","position":1,"name":"Portada","item":"https:\/\/kuzar.es\/en\/"},{"@type":"ListItem","position":2,"name":"Tienda","item":"https:\/\/kuzar.es\/tienda\/"},{"@type":"ListItem","position":3,"name":"KAB-35"}]},{"@type":"WebSite","@id":"https:\/\/kuzar.es\/en\/#website","url":"https:\/\/kuzar.es\/en\/","name":"Kuzar - Torres elevadoras y estructuras met\u00e1licas","description":"Fabricaci\u00f3n de torres elevadoras, estructuras met\u00e1licas e iluminaci\u00f3n para espect\u00e1culos y eventos","potentialAction":[{"@type":"SearchAction","target":{"@type":"EntryPoint","urlTemplate":"https:\/\/kuzar.es\/en\/?s={search_term_string}"},"query-input":{"@type":"PropertyValueSpecification","valueRequired":true,"valueName":"search_term_string"}}],"inLanguage":"en-US"}]}},"_links":{"self":[{"href":"https:\/\/kuzar.es\/en\/wp-json\/wp\/v2\/product\/7854","targetHints":{"allow":["GET"]}}],"collection":[{"href":"https:\/\/kuzar.es\/en\/wp-json\/wp\/v2\/product"}],"about":[{"href":"https:\/\/kuzar.es\/en\/wp-json\/wp\/v2\/types\/product"}],"replies":[{"embeddable":true,"href":"https:\/\/kuzar.es\/en\/wp-json\/wp\/v2\/comments?post=7854"}],"wp:featuredmedia":[{"embeddable":true,"href":"https:\/\/kuzar.es\/en\/wp-json\/wp\/v2\/media\/7858"}],"wp:attachment":[{"href":"https:\/\/kuzar.es\/en\/wp-json\/wp\/v2\/media?parent=7854"}],"wp:term":[{"taxonomy":"product_brand","embeddable":true,"href":"https:\/\/kuzar.es\/en\/wp-json\/wp\/v2\/product_brand?post=7854"},{"taxonomy":"product_cat","embeddable":true,"href":"https:\/\/kuzar.es\/en\/wp-json\/wp\/v2\/product_cat?post=7854"},{"taxonomy":"product_tag","embeddable":true,"href":"https:\/\/kuzar.es\/en\/wp-json\/wp\/v2\/product_tag?post=7854"}],"curies":[{"name":"wp","href":"https:\/\/api.w.org\/{rel}","templated":true}]}}