{"id":4179,"date":"2019-10-28T09:00:06","date_gmt":"2019-10-28T08:02:02","guid":{"rendered":"https:\/\/kuzar.es\/?post_type=product&#038;p=4179"},"modified":"2023-10-27T14:19:31","modified_gmt":"2023-10-27T12:19:31","slug":"square-truss-52-tcg-52-1","status":"publish","type":"product","link":"https:\/\/kuzar.es\/en\/producto\/square-truss-52-tcg-52-1\/","title":{"rendered":"Square Truss 52 TCG-52\/1"},"content":{"rendered":"<div class=\"wpb-content-wrapper\">[vc_row][vc_column width=&#8221;1\/3&#8243;][vc_btn title=&#8221;FICHA T\u00c9CNICA TCG-52&#8243; style=&#8221;flat&#8221; shape=&#8221;square&#8221; color=&#8221;primary&#8221; align=&#8221;center&#8221; i_icon_fontawesome=&#8221;fa fa-file-text-o&#8221; button_block=&#8221;true&#8221; add_icon=&#8221;true&#8221; link=&#8221;url:https%3A%2F%2Fkuzar.es%2Fwp-content%2Fuploads%2F2023%2F06%2FTruss-52cm-Kuzar.pdf|target:%20_blank|&#8221;][\/vc_column][vc_column width=&#8221;1\/3&#8243;][vc_btn title=&#8221;CERTIFICADO TCG-52&#8243; style=&#8221;flat&#8221; shape=&#8221;square&#8221; color=&#8221;primary&#8221; align=&#8221;center&#8221; i_icon_fontawesome=&#8221;fa fa-file-text-o&#8221; button_block=&#8221;true&#8221; add_icon=&#8221;true&#8221; link=&#8221;url:https%3A%2F%2Fkuzar.es%2Fwp-content%2Fuploads%2F2023%2F10%2FKUZAR-CE-TCG-52-09-23-1.pdf|target:%20_blank|&#8221;][\/vc_column][vc_column width=&#8221;1\/3&#8243;][\/vc_column][\/vc_row]\n<\/div>","protected":false},"excerpt":{"rendered":"[vc_row][vc_column width=&#8221;1\/3&#8243;][vc_btn title=&#8221;FICHA T\u00c9CNICA TCG-52&#8243; style=&#8221;flat&#8221; shape=&#8221;square&#8221; color=&#8221;primary&#8221; align=&#8221;center&#8221; i_icon_fontawesome=&#8221;fa fa-file-text-o&#8221; button_block=&#8221;true&#8221; add_icon=&#8221;true&#8221; link=&#8221;url:https%3A%2F%2Fkuzar.es%2Fwp-content%2Fuploads%2F2023%2F06%2FTruss-52cm-Kuzar.pdf|target:%20_blank|&#8221;][\/vc_column][vc_column width=&#8221;1\/3&#8243;][vc_btn title=&#8221;CERTIFICADO TCG-52&#8243; style=&#8221;flat&#8221; shape=&#8221;square&#8221; color=&#8221;primary&#8221; align=&#8221;center&#8221; i_icon_fontawesome=&#8221;fa fa-file-text-o&#8221; button_block=&#8221;true&#8221; add_icon=&#8221;true&#8221; link=&#8221;url:https%3A%2F%2Fkuzar.es%2Fwp-content%2Fuploads%2F2023%2F10%2FKUZAR-CE-TCG-52-09-23-1.pdf|target:%20_blank|&#8221;][\/vc_column][vc_column width=&#8221;1\/3&#8243;][\/vc_column][\/vc_row]\n","protected":false},"featured_media":4178,"comment_status":"closed","ping_status":"closed","template":"","meta":{"_exactmetrics_skip_tracking":false,"_exactmetrics_sitenote_active":false,"_exactmetrics_sitenote_note":"","_exactmetrics_sitenote_category":0},"product_brand":[],"product_cat":[184,174],"product_tag":[309,234,235,236,215],"class_list":{"0":"post-4179","1":"product","2":"type-product","3":"status-publish","4":"has-post-thumbnail","6":"product_cat-truss-52cm-square","7":"product_cat-truss-systems","8":"product_tag-52cm-en","9":"product_tag-aluminio-en","10":"product_tag-cuadrado-en","11":"product_tag-estructuras-en","12":"product_tag-truss-en","14":"first","15":"instock","16":"shipping-taxable","17":"product-type-simple"},"yoast_head":"<!-- This site is optimized with the Yoast SEO plugin v27.4 - https:\/\/yoast.com\/product\/yoast-seo-wordpress\/ -->\n<title>Square Truss 52 TCG-52\/1 - Kuzar - Torres elevadoras y estructuras met\u00e1licas<\/title>\n<meta name=\"description\" content=\"[vc_row][vc_column width=&quot;1\/3&quot;][vc_btn title=&quot;FICHA T\u00c9CNICA TCG-52&quot; style=&quot;flat&quot; shape=&quot;square&quot; color=&quot;primary&quot; align=&quot;center&quot; i_icon_fontawesome=&quot;fa...\" \/>\n<meta name=\"robots\" content=\"index, follow, max-snippet:-1, max-image-preview:large, max-video-preview:-1\" \/>\n<link rel=\"canonical\" href=\"https:\/\/kuzar.es\/en\/producto\/square-truss-52-tcg-52-1\/\" \/>\n<meta property=\"og:locale\" content=\"en_US\" \/>\n<meta property=\"og:type\" content=\"article\" \/>\n<meta property=\"og:title\" content=\"Square Truss 52 TCG-52\/1 - Kuzar - Torres elevadoras y estructuras met\u00e1licas\" \/>\n<meta property=\"og:description\" content=\"[vc_row][vc_column width=&quot;1\/3&quot;][vc_btn title=&quot;FICHA T\u00c9CNICA TCG-52&quot; style=&quot;flat&quot; shape=&quot;square&quot; color=&quot;primary&quot; align=&quot;center&quot; i_icon_fontawesome=&quot;fa...\" \/>\n<meta property=\"og:url\" content=\"https:\/\/kuzar.es\/en\/producto\/square-truss-52-tcg-52-1\/\" \/>\n<meta property=\"og:site_name\" content=\"Kuzar - Torres elevadoras y estructuras met\u00e1licas\" \/>\n<meta property=\"article:modified_time\" content=\"2023-10-27T12:19:31+00:00\" \/>\n<meta property=\"og:image\" content=\"https:\/\/kuzar.es\/wp-content\/uploads\/2019\/10\/TCG-52-1.jpg\" \/>\n\t<meta property=\"og:image:width\" content=\"800\" \/>\n\t<meta property=\"og:image:height\" content=\"554\" \/>\n\t<meta property=\"og:image:type\" content=\"image\/jpeg\" \/>\n<meta name=\"twitter:card\" content=\"summary_large_image\" \/>\n<meta name=\"twitter:label1\" content=\"Est. reading time\" \/>\n\t<meta name=\"twitter:data1\" content=\"1 minute\" \/>\n<script type=\"application\/ld+json\" class=\"yoast-schema-graph\">{\"@context\":\"https:\\\/\\\/schema.org\",\"@graph\":[{\"@type\":\"WebPage\",\"@id\":\"https:\\\/\\\/kuzar.es\\\/en\\\/producto\\\/square-truss-52-tcg-52-1\\\/\",\"url\":\"https:\\\/\\\/kuzar.es\\\/en\\\/producto\\\/square-truss-52-tcg-52-1\\\/\",\"name\":\"Square Truss 52 TCG-52\\\/1 - Kuzar - Torres elevadoras y estructuras met\u00e1licas\",\"isPartOf\":{\"@id\":\"https:\\\/\\\/kuzar.es\\\/en\\\/#website\"},\"primaryImageOfPage\":{\"@id\":\"https:\\\/\\\/kuzar.es\\\/en\\\/producto\\\/square-truss-52-tcg-52-1\\\/#primaryimage\"},\"image\":{\"@id\":\"https:\\\/\\\/kuzar.es\\\/en\\\/producto\\\/square-truss-52-tcg-52-1\\\/#primaryimage\"},\"thumbnailUrl\":\"https:\\\/\\\/kuzar.es\\\/wp-content\\\/uploads\\\/2019\\\/10\\\/TCG-52-1.jpg\",\"datePublished\":\"2019-10-28T08:02:02+00:00\",\"dateModified\":\"2023-10-27T12:19:31+00:00\",\"description\":\"[vc_row][vc_column width=\\\"1\\\/3\\\"][vc_btn title=\\\"FICHA T\u00c9CNICA TCG-52\\\" style=\\\"flat\\\" shape=\\\"square\\\" color=\\\"primary\\\" align=\\\"center\\\" i_icon_fontawesome=\\\"fa...\",\"breadcrumb\":{\"@id\":\"https:\\\/\\\/kuzar.es\\\/en\\\/producto\\\/square-truss-52-tcg-52-1\\\/#breadcrumb\"},\"inLanguage\":\"en-US\",\"potentialAction\":[{\"@type\":\"ReadAction\",\"target\":[\"https:\\\/\\\/kuzar.es\\\/en\\\/producto\\\/square-truss-52-tcg-52-1\\\/\"]}]},{\"@type\":\"ImageObject\",\"inLanguage\":\"en-US\",\"@id\":\"https:\\\/\\\/kuzar.es\\\/en\\\/producto\\\/square-truss-52-tcg-52-1\\\/#primaryimage\",\"url\":\"https:\\\/\\\/kuzar.es\\\/wp-content\\\/uploads\\\/2019\\\/10\\\/TCG-52-1.jpg\",\"contentUrl\":\"https:\\\/\\\/kuzar.es\\\/wp-content\\\/uploads\\\/2019\\\/10\\\/TCG-52-1.jpg\",\"width\":800,\"height\":554,\"caption\":\"Square Truss 52 TCG-52\\\/1\"},{\"@type\":\"BreadcrumbList\",\"@id\":\"https:\\\/\\\/kuzar.es\\\/en\\\/producto\\\/square-truss-52-tcg-52-1\\\/#breadcrumb\",\"itemListElement\":[{\"@type\":\"ListItem\",\"position\":1,\"name\":\"Portada\",\"item\":\"https:\\\/\\\/kuzar.es\\\/en\\\/\"},{\"@type\":\"ListItem\",\"position\":2,\"name\":\"Tienda\",\"item\":\"https:\\\/\\\/kuzar.es\\\/tienda\\\/\"},{\"@type\":\"ListItem\",\"position\":3,\"name\":\"Square Truss 52 TCG-52\\\/1\"}]},{\"@type\":\"WebSite\",\"@id\":\"https:\\\/\\\/kuzar.es\\\/en\\\/#website\",\"url\":\"https:\\\/\\\/kuzar.es\\\/en\\\/\",\"name\":\"Kuzar - Torres elevadoras y estructuras met\u00e1licas\",\"description\":\"Fabricaci\u00f3n de torres elevadoras, estructuras met\u00e1licas e iluminaci\u00f3n para espect\u00e1culos y eventos\",\"potentialAction\":[{\"@type\":\"SearchAction\",\"target\":{\"@type\":\"EntryPoint\",\"urlTemplate\":\"https:\\\/\\\/kuzar.es\\\/en\\\/?s={search_term_string}\"},\"query-input\":{\"@type\":\"PropertyValueSpecification\",\"valueRequired\":true,\"valueName\":\"search_term_string\"}}],\"inLanguage\":\"en-US\"}]}<\/script>\n<!-- \/ Yoast SEO plugin. -->","yoast_head_json":{"title":"Square Truss 52 TCG-52\/1 - Kuzar - Torres elevadoras y estructuras met\u00e1licas","description":"[vc_row][vc_column width=\"1\/3\"][vc_btn title=\"FICHA T\u00c9CNICA TCG-52\" style=\"flat\" shape=\"square\" color=\"primary\" align=\"center\" i_icon_fontawesome=\"fa...","robots":{"index":"index","follow":"follow","max-snippet":"max-snippet:-1","max-image-preview":"max-image-preview:large","max-video-preview":"max-video-preview:-1"},"canonical":"https:\/\/kuzar.es\/en\/producto\/square-truss-52-tcg-52-1\/","og_locale":"en_US","og_type":"article","og_title":"Square Truss 52 TCG-52\/1 - Kuzar - Torres elevadoras y estructuras met\u00e1licas","og_description":"[vc_row][vc_column width=\"1\/3\"][vc_btn title=\"FICHA T\u00c9CNICA TCG-52\" style=\"flat\" shape=\"square\" color=\"primary\" align=\"center\" i_icon_fontawesome=\"fa...","og_url":"https:\/\/kuzar.es\/en\/producto\/square-truss-52-tcg-52-1\/","og_site_name":"Kuzar - Torres elevadoras y estructuras met\u00e1licas","article_modified_time":"2023-10-27T12:19:31+00:00","og_image":[{"width":800,"height":554,"url":"https:\/\/kuzar.es\/wp-content\/uploads\/2019\/10\/TCG-52-1.jpg","type":"image\/jpeg"}],"twitter_card":"summary_large_image","twitter_misc":{"Est. reading time":"1 minute"},"schema":{"@context":"https:\/\/schema.org","@graph":[{"@type":"WebPage","@id":"https:\/\/kuzar.es\/en\/producto\/square-truss-52-tcg-52-1\/","url":"https:\/\/kuzar.es\/en\/producto\/square-truss-52-tcg-52-1\/","name":"Square Truss 52 TCG-52\/1 - Kuzar - Torres elevadoras y estructuras met\u00e1licas","isPartOf":{"@id":"https:\/\/kuzar.es\/en\/#website"},"primaryImageOfPage":{"@id":"https:\/\/kuzar.es\/en\/producto\/square-truss-52-tcg-52-1\/#primaryimage"},"image":{"@id":"https:\/\/kuzar.es\/en\/producto\/square-truss-52-tcg-52-1\/#primaryimage"},"thumbnailUrl":"https:\/\/kuzar.es\/wp-content\/uploads\/2019\/10\/TCG-52-1.jpg","datePublished":"2019-10-28T08:02:02+00:00","dateModified":"2023-10-27T12:19:31+00:00","description":"[vc_row][vc_column width=\"1\/3\"][vc_btn title=\"FICHA T\u00c9CNICA TCG-52\" style=\"flat\" shape=\"square\" color=\"primary\" align=\"center\" i_icon_fontawesome=\"fa...","breadcrumb":{"@id":"https:\/\/kuzar.es\/en\/producto\/square-truss-52-tcg-52-1\/#breadcrumb"},"inLanguage":"en-US","potentialAction":[{"@type":"ReadAction","target":["https:\/\/kuzar.es\/en\/producto\/square-truss-52-tcg-52-1\/"]}]},{"@type":"ImageObject","inLanguage":"en-US","@id":"https:\/\/kuzar.es\/en\/producto\/square-truss-52-tcg-52-1\/#primaryimage","url":"https:\/\/kuzar.es\/wp-content\/uploads\/2019\/10\/TCG-52-1.jpg","contentUrl":"https:\/\/kuzar.es\/wp-content\/uploads\/2019\/10\/TCG-52-1.jpg","width":800,"height":554,"caption":"Square Truss 52 TCG-52\/1"},{"@type":"BreadcrumbList","@id":"https:\/\/kuzar.es\/en\/producto\/square-truss-52-tcg-52-1\/#breadcrumb","itemListElement":[{"@type":"ListItem","position":1,"name":"Portada","item":"https:\/\/kuzar.es\/en\/"},{"@type":"ListItem","position":2,"name":"Tienda","item":"https:\/\/kuzar.es\/tienda\/"},{"@type":"ListItem","position":3,"name":"Square Truss 52 TCG-52\/1"}]},{"@type":"WebSite","@id":"https:\/\/kuzar.es\/en\/#website","url":"https:\/\/kuzar.es\/en\/","name":"Kuzar - Torres elevadoras y estructuras met\u00e1licas","description":"Fabricaci\u00f3n de torres elevadoras, estructuras met\u00e1licas e iluminaci\u00f3n para espect\u00e1culos y eventos","potentialAction":[{"@type":"SearchAction","target":{"@type":"EntryPoint","urlTemplate":"https:\/\/kuzar.es\/en\/?s={search_term_string}"},"query-input":{"@type":"PropertyValueSpecification","valueRequired":true,"valueName":"search_term_string"}}],"inLanguage":"en-US"}]}},"_links":{"self":[{"href":"https:\/\/kuzar.es\/en\/wp-json\/wp\/v2\/product\/4179","targetHints":{"allow":["GET"]}}],"collection":[{"href":"https:\/\/kuzar.es\/en\/wp-json\/wp\/v2\/product"}],"about":[{"href":"https:\/\/kuzar.es\/en\/wp-json\/wp\/v2\/types\/product"}],"replies":[{"embeddable":true,"href":"https:\/\/kuzar.es\/en\/wp-json\/wp\/v2\/comments?post=4179"}],"wp:featuredmedia":[{"embeddable":true,"href":"https:\/\/kuzar.es\/en\/wp-json\/wp\/v2\/media\/4178"}],"wp:attachment":[{"href":"https:\/\/kuzar.es\/en\/wp-json\/wp\/v2\/media?parent=4179"}],"wp:term":[{"taxonomy":"product_brand","embeddable":true,"href":"https:\/\/kuzar.es\/en\/wp-json\/wp\/v2\/product_brand?post=4179"},{"taxonomy":"product_cat","embeddable":true,"href":"https:\/\/kuzar.es\/en\/wp-json\/wp\/v2\/product_cat?post=4179"},{"taxonomy":"product_tag","embeddable":true,"href":"https:\/\/kuzar.es\/en\/wp-json\/wp\/v2\/product_tag?post=4179"}],"curies":[{"name":"wp","href":"https:\/\/api.w.org\/{rel}","templated":true}]}}