{"id":3867,"date":"2019-10-23T11:19:42","date_gmt":"2019-10-23T09:19:42","guid":{"rendered":"https:\/\/kuzar.es\/?post_type=product&#038;p=3867"},"modified":"2019-11-28T09:42:17","modified_gmt":"2019-11-28T08:42:17","slug":"acs-8","status":"publish","type":"product","link":"https:\/\/kuzar.es\/en\/producto\/acs-8\/","title":{"rendered":"ACS-8"},"content":{"rendered":"","protected":false},"excerpt":{"rendered":"<p>Adaptor for spigot. With insertion \u00d829mm inside, \u00d850mm outside.<\/p>\n<p>Use with lifters\u00a0<strong>K-8<\/strong>.<\/p>\n","protected":false},"featured_media":3849,"comment_status":"closed","ping_status":"closed","template":"","meta":{"_exactmetrics_skip_tracking":false,"_exactmetrics_sitenote_active":false,"_exactmetrics_sitenote_note":"","_exactmetrics_sitenote_category":0},"product_brand":[],"product_cat":[195,194,321],"product_tag":[207,338,202,206],"class_list":{"0":"post-3867","1":"product","2":"type-product","3":"status-publish","4":"has-post-thumbnail","6":"product_cat-accessories","7":"product_cat-lifts","8":"product_cat-top-load-lifter-accessories","9":"product_tag-accesorios-en","10":"product_tag-acs-8-en","11":"product_tag-elevadora-en","12":"product_tag-torres-en","14":"first","15":"instock","16":"shipping-taxable","17":"product-type-simple"},"yoast_head":"<!-- This site is optimized with the Yoast SEO plugin v27.3 - https:\/\/yoast.com\/product\/yoast-seo-wordpress\/ -->\n<title>ACS-8 - Kuzar - Torres elevadoras y estructuras met\u00e1licas<\/title>\n<meta name=\"description\" content=\"Descubre c\u00f3mo ACS-8 transforma tus proyectos con sus avanzadas caracter\u00edsticas. Mejora tus resultados y optimiza tu rendimiento ahora.\" \/>\n<meta name=\"robots\" content=\"index, follow, max-snippet:-1, max-image-preview:large, max-video-preview:-1\" \/>\n<link rel=\"canonical\" href=\"https:\/\/kuzar.es\/en\/producto\/acs-8\/\" \/>\n<meta property=\"og:locale\" content=\"en_US\" \/>\n<meta property=\"og:type\" content=\"article\" \/>\n<meta property=\"og:title\" content=\"ACS-8 - Kuzar - Torres elevadoras y estructuras met\u00e1licas\" \/>\n<meta property=\"og:description\" content=\"Descubre c\u00f3mo ACS-8 transforma tus proyectos con sus avanzadas caracter\u00edsticas. Mejora tus resultados y optimiza tu rendimiento ahora.\" \/>\n<meta property=\"og:url\" content=\"https:\/\/kuzar.es\/en\/producto\/acs-8\/\" \/>\n<meta property=\"og:site_name\" content=\"Kuzar - Torres elevadoras y estructuras met\u00e1licas\" \/>\n<meta property=\"article:modified_time\" content=\"2019-11-28T08:42:17+00:00\" \/>\n<meta property=\"og:image\" content=\"https:\/\/kuzar.es\/wp-content\/uploads\/2019\/10\/ACS-8.png\" \/>\n\t<meta property=\"og:image:width\" content=\"666\" \/>\n\t<meta property=\"og:image:height\" content=\"578\" \/>\n\t<meta property=\"og:image:type\" content=\"image\/jpeg\" \/>\n<meta name=\"twitter:card\" content=\"summary_large_image\" \/>\n<script type=\"application\/ld+json\" class=\"yoast-schema-graph\">{\"@context\":\"https:\\\/\\\/schema.org\",\"@graph\":[{\"@type\":\"WebPage\",\"@id\":\"https:\\\/\\\/kuzar.es\\\/en\\\/producto\\\/acs-8\\\/\",\"url\":\"https:\\\/\\\/kuzar.es\\\/en\\\/producto\\\/acs-8\\\/\",\"name\":\"ACS-8 - Kuzar - Torres elevadoras y estructuras met\u00e1licas\",\"isPartOf\":{\"@id\":\"https:\\\/\\\/kuzar.es\\\/#website\"},\"primaryImageOfPage\":{\"@id\":\"https:\\\/\\\/kuzar.es\\\/en\\\/producto\\\/acs-8\\\/#primaryimage\"},\"image\":{\"@id\":\"https:\\\/\\\/kuzar.es\\\/en\\\/producto\\\/acs-8\\\/#primaryimage\"},\"thumbnailUrl\":\"https:\\\/\\\/kuzar.es\\\/wp-content\\\/uploads\\\/2019\\\/10\\\/ACS-8.png\",\"datePublished\":\"2019-10-23T09:19:42+00:00\",\"dateModified\":\"2019-11-28T08:42:17+00:00\",\"description\":\"Descubre c\u00f3mo ACS-8 transforma tus proyectos con sus avanzadas caracter\u00edsticas. Mejora tus resultados y optimiza tu rendimiento ahora.\",\"breadcrumb\":{\"@id\":\"https:\\\/\\\/kuzar.es\\\/en\\\/producto\\\/acs-8\\\/#breadcrumb\"},\"inLanguage\":\"en-US\",\"potentialAction\":[{\"@type\":\"ReadAction\",\"target\":[\"https:\\\/\\\/kuzar.es\\\/en\\\/producto\\\/acs-8\\\/\"]}]},{\"@type\":\"ImageObject\",\"inLanguage\":\"en-US\",\"@id\":\"https:\\\/\\\/kuzar.es\\\/en\\\/producto\\\/acs-8\\\/#primaryimage\",\"url\":\"https:\\\/\\\/kuzar.es\\\/wp-content\\\/uploads\\\/2019\\\/10\\\/ACS-8.png\",\"contentUrl\":\"https:\\\/\\\/kuzar.es\\\/wp-content\\\/uploads\\\/2019\\\/10\\\/ACS-8.png\",\"width\":666,\"height\":578,\"caption\":\"ACS-8\"},{\"@type\":\"BreadcrumbList\",\"@id\":\"https:\\\/\\\/kuzar.es\\\/en\\\/producto\\\/acs-8\\\/#breadcrumb\",\"itemListElement\":[{\"@type\":\"ListItem\",\"position\":1,\"name\":\"Portada\",\"item\":\"https:\\\/\\\/kuzar.es\\\/en\\\/\"},{\"@type\":\"ListItem\",\"position\":2,\"name\":\"Tienda\",\"item\":\"https:\\\/\\\/kuzar.es\\\/tienda\\\/\"},{\"@type\":\"ListItem\",\"position\":3,\"name\":\"ACS-8\"}]},{\"@type\":\"WebSite\",\"@id\":\"https:\\\/\\\/kuzar.es\\\/#website\",\"url\":\"https:\\\/\\\/kuzar.es\\\/\",\"name\":\"Kuzar - Torres elevadoras y estructuras met\u00e1licas\",\"description\":\"Fabricaci\u00f3n de torres elevadoras, estructuras met\u00e1licas e iluminaci\u00f3n para espect\u00e1culos y eventos\",\"potentialAction\":[{\"@type\":\"SearchAction\",\"target\":{\"@type\":\"EntryPoint\",\"urlTemplate\":\"https:\\\/\\\/kuzar.es\\\/?s={search_term_string}\"},\"query-input\":{\"@type\":\"PropertyValueSpecification\",\"valueRequired\":true,\"valueName\":\"search_term_string\"}}],\"inLanguage\":\"en-US\"}]}<\/script>\n<!-- \/ Yoast SEO plugin. -->","yoast_head_json":{"title":"ACS-8 - Kuzar - Torres elevadoras y estructuras met\u00e1licas","description":"Descubre c\u00f3mo ACS-8 transforma tus proyectos con sus avanzadas caracter\u00edsticas. Mejora tus resultados y optimiza tu rendimiento ahora.","robots":{"index":"index","follow":"follow","max-snippet":"max-snippet:-1","max-image-preview":"max-image-preview:large","max-video-preview":"max-video-preview:-1"},"canonical":"https:\/\/kuzar.es\/en\/producto\/acs-8\/","og_locale":"en_US","og_type":"article","og_title":"ACS-8 - Kuzar - Torres elevadoras y estructuras met\u00e1licas","og_description":"Descubre c\u00f3mo ACS-8 transforma tus proyectos con sus avanzadas caracter\u00edsticas. Mejora tus resultados y optimiza tu rendimiento ahora.","og_url":"https:\/\/kuzar.es\/en\/producto\/acs-8\/","og_site_name":"Kuzar - Torres elevadoras y estructuras met\u00e1licas","article_modified_time":"2019-11-28T08:42:17+00:00","og_image":[{"width":666,"height":578,"url":"https:\/\/kuzar.es\/wp-content\/uploads\/2019\/10\/ACS-8.png","type":"image\/jpeg"}],"twitter_card":"summary_large_image","schema":{"@context":"https:\/\/schema.org","@graph":[{"@type":"WebPage","@id":"https:\/\/kuzar.es\/en\/producto\/acs-8\/","url":"https:\/\/kuzar.es\/en\/producto\/acs-8\/","name":"ACS-8 - Kuzar - Torres elevadoras y estructuras met\u00e1licas","isPartOf":{"@id":"https:\/\/kuzar.es\/#website"},"primaryImageOfPage":{"@id":"https:\/\/kuzar.es\/en\/producto\/acs-8\/#primaryimage"},"image":{"@id":"https:\/\/kuzar.es\/en\/producto\/acs-8\/#primaryimage"},"thumbnailUrl":"https:\/\/kuzar.es\/wp-content\/uploads\/2019\/10\/ACS-8.png","datePublished":"2019-10-23T09:19:42+00:00","dateModified":"2019-11-28T08:42:17+00:00","description":"Descubre c\u00f3mo ACS-8 transforma tus proyectos con sus avanzadas caracter\u00edsticas. Mejora tus resultados y optimiza tu rendimiento ahora.","breadcrumb":{"@id":"https:\/\/kuzar.es\/en\/producto\/acs-8\/#breadcrumb"},"inLanguage":"en-US","potentialAction":[{"@type":"ReadAction","target":["https:\/\/kuzar.es\/en\/producto\/acs-8\/"]}]},{"@type":"ImageObject","inLanguage":"en-US","@id":"https:\/\/kuzar.es\/en\/producto\/acs-8\/#primaryimage","url":"https:\/\/kuzar.es\/wp-content\/uploads\/2019\/10\/ACS-8.png","contentUrl":"https:\/\/kuzar.es\/wp-content\/uploads\/2019\/10\/ACS-8.png","width":666,"height":578,"caption":"ACS-8"},{"@type":"BreadcrumbList","@id":"https:\/\/kuzar.es\/en\/producto\/acs-8\/#breadcrumb","itemListElement":[{"@type":"ListItem","position":1,"name":"Portada","item":"https:\/\/kuzar.es\/en\/"},{"@type":"ListItem","position":2,"name":"Tienda","item":"https:\/\/kuzar.es\/tienda\/"},{"@type":"ListItem","position":3,"name":"ACS-8"}]},{"@type":"WebSite","@id":"https:\/\/kuzar.es\/#website","url":"https:\/\/kuzar.es\/","name":"Kuzar - Torres elevadoras y estructuras met\u00e1licas","description":"Fabricaci\u00f3n de torres elevadoras, estructuras met\u00e1licas e iluminaci\u00f3n para espect\u00e1culos y eventos","potentialAction":[{"@type":"SearchAction","target":{"@type":"EntryPoint","urlTemplate":"https:\/\/kuzar.es\/?s={search_term_string}"},"query-input":{"@type":"PropertyValueSpecification","valueRequired":true,"valueName":"search_term_string"}}],"inLanguage":"en-US"}]}},"_links":{"self":[{"href":"https:\/\/kuzar.es\/en\/wp-json\/wp\/v2\/product\/3867","targetHints":{"allow":["GET"]}}],"collection":[{"href":"https:\/\/kuzar.es\/en\/wp-json\/wp\/v2\/product"}],"about":[{"href":"https:\/\/kuzar.es\/en\/wp-json\/wp\/v2\/types\/product"}],"replies":[{"embeddable":true,"href":"https:\/\/kuzar.es\/en\/wp-json\/wp\/v2\/comments?post=3867"}],"wp:featuredmedia":[{"embeddable":true,"href":"https:\/\/kuzar.es\/en\/wp-json\/wp\/v2\/media\/3849"}],"wp:attachment":[{"href":"https:\/\/kuzar.es\/en\/wp-json\/wp\/v2\/media?parent=3867"}],"wp:term":[{"taxonomy":"product_brand","embeddable":true,"href":"https:\/\/kuzar.es\/en\/wp-json\/wp\/v2\/product_brand?post=3867"},{"taxonomy":"product_cat","embeddable":true,"href":"https:\/\/kuzar.es\/en\/wp-json\/wp\/v2\/product_cat?post=3867"},{"taxonomy":"product_tag","embeddable":true,"href":"https:\/\/kuzar.es\/en\/wp-json\/wp\/v2\/product_tag?post=3867"}],"curies":[{"name":"wp","href":"https:\/\/api.w.org\/{rel}","templated":true}]}}