{"id":3741,"date":"2019-10-21T15:25:21","date_gmt":"2019-10-21T13:25:21","guid":{"rendered":"https:\/\/kuzar.es\/?post_type=product&#038;p=3741"},"modified":"2023-10-25T09:32:41","modified_gmt":"2023-10-25T07:32:41","slug":"truss-triangular-29-tg-29-2","status":"publish","type":"product","link":"https:\/\/kuzar.es\/en\/producto\/truss-triangular-29-tg-29-2\/","title":{"rendered":"Triangular Truss 29 TG-29\/2"},"content":{"rendered":"<div class=\"wpb-content-wrapper\">[vc_row css=&#8221;.vc_custom_1563965140483{padding-bottom: 2% !important;}&#8221;][vc_column][vc_row_inner][vc_column_inner width=&#8221;1\/3&#8243;][vc_btn title=&#8221;DATA SHEET TG-29&#8243; style=&#8221;flat&#8221; shape=&#8221;square&#8221; color=&#8221;primary&#8221; align=&#8221;center&#8221; i_icon_fontawesome=&#8221;fa fa-file-text-o&#8221; button_block=&#8221;true&#8221; add_icon=&#8221;true&#8221; link=&#8221;url:https%3A%2F%2Fkuzar.es%2Fwp-content%2Fuploads%2F2019%2F08%2FTruss-triangular-29cm-Kuzar-data-sheet.pdf||target:%20_blank|&#8221;][\/vc_column_inner][vc_column_inner width=&#8221;1\/3&#8243;][vc_btn title=&#8221;CERTIFICATE TG-29&#8243; style=&#8221;flat&#8221; shape=&#8221;square&#8221; color=&#8221;primary&#8221; align=&#8221;center&#8221; i_icon_fontawesome=&#8221;fa fa-file-text-o&#8221; button_block=&#8221;true&#8221; add_icon=&#8221;true&#8221; link=&#8221;url:https%3A%2F%2Fkuzar.es%2Fwp-content%2Fuploads%2F2023%2F10%2FKUZAR-CE-TG-29-09-23-1.pdf||target:%20_blank|&#8221;][\/vc_column_inner][vc_column_inner width=&#8221;1\/3&#8243;][\/vc_column_inner][\/vc_row_inner][\/vc_column][\/vc_row]\n<\/div>","protected":false},"excerpt":{"rendered":"[vc_row css=&#8221;.vc_custom_1563965140483{padding-bottom: 2% !important;}&#8221;][vc_column][vc_row_inner][vc_column_inner width=&#8221;1\/3&#8243;][vc_btn title=&#8221;DATA SHEET TG-29&#8243; style=&#8221;flat&#8221; shape=&#8221;square&#8221; color=&#8221;primary&#8221; align=&#8221;center&#8221; i_icon_fontawesome=&#8221;fa fa-file-text-o&#8221; button_block=&#8221;true&#8221; add_icon=&#8221;true&#8221; link=&#8221;url:https%3A%2F%2Fkuzar.es%2Fwp-content%2Fuploads%2F2019%2F08%2FTruss-triangular-29cm-Kuzar-data-sheet.pdf||target:%20_blank|&#8221;][\/vc_column_inner][vc_column_inner width=&#8221;1\/3&#8243;][vc_btn title=&#8221;CERTIFICATE TG-29&#8243; style=&#8221;flat&#8221; shape=&#8221;square&#8221; color=&#8221;primary&#8221; align=&#8221;center&#8221; i_icon_fontawesome=&#8221;fa fa-file-text-o&#8221; button_block=&#8221;true&#8221; add_icon=&#8221;true&#8221; link=&#8221;url:https%3A%2F%2Fkuzar.es%2Fwp-content%2Fuploads%2F2023%2F10%2FKUZAR-CE-TG-29-09-23-1.pdf||target:%20_blank|&#8221;][\/vc_column_inner][vc_column_inner width=&#8221;1\/3&#8243;][\/vc_column_inner][\/vc_row_inner][\/vc_column][\/vc_row]\n","protected":false},"featured_media":2736,"comment_status":"closed","ping_status":"closed","template":"","meta":{"_exactmetrics_skip_tracking":false,"_exactmetrics_sitenote_active":false,"_exactmetrics_sitenote_note":"","_exactmetrics_sitenote_category":0},"product_brand":[],"product_cat":[301,179,174],"product_tag":[],"class_list":{"0":"post-3741","1":"product","2":"type-product","3":"status-publish","4":"has-post-thumbnail","6":"product_cat-triangular-29cm-en","7":"product_cat-truss-29cm-en","8":"product_cat-truss-systems","10":"first","11":"instock","12":"shipping-taxable","13":"product-type-simple"},"yoast_head":"<!-- This site is optimized with the Yoast SEO plugin v27.4 - https:\/\/yoast.com\/product\/yoast-seo-wordpress\/ -->\n<title>Triangular Truss 29 TG-29\/2 - Kuzar - Torres elevadoras y estructuras met\u00e1licas<\/title>\n<meta name=\"description\" content=\"[vc_row css=&quot;.vc_custom_1563965140483{padding-bottom: 2% !important;}&quot;][vc_column][vc_row_inner][vc_column_inner width=&quot;1\/3&quot;][vc_btn title=&quot;DATA SHEET...\" \/>\n<meta name=\"robots\" content=\"index, follow, max-snippet:-1, max-image-preview:large, max-video-preview:-1\" \/>\n<link rel=\"canonical\" href=\"https:\/\/kuzar.es\/en\/producto\/truss-triangular-29-tg-29-2\/\" \/>\n<meta property=\"og:locale\" content=\"en_US\" \/>\n<meta property=\"og:type\" content=\"article\" \/>\n<meta property=\"og:title\" content=\"Triangular Truss 29 TG-29\/2 - Kuzar - Torres elevadoras y estructuras met\u00e1licas\" \/>\n<meta property=\"og:description\" content=\"[vc_row css=&quot;.vc_custom_1563965140483{padding-bottom: 2% !important;}&quot;][vc_column][vc_row_inner][vc_column_inner width=&quot;1\/3&quot;][vc_btn title=&quot;DATA SHEET...\" \/>\n<meta property=\"og:url\" content=\"https:\/\/kuzar.es\/en\/producto\/truss-triangular-29-tg-29-2\/\" \/>\n<meta property=\"og:site_name\" content=\"Kuzar - Torres elevadoras y estructuras met\u00e1licas\" \/>\n<meta property=\"article:modified_time\" content=\"2023-10-25T07:32:41+00:00\" \/>\n<meta property=\"og:image\" content=\"https:\/\/kuzar.es\/wp-content\/uploads\/2019\/09\/TG-29-2.jpg\" \/>\n\t<meta property=\"og:image:width\" content=\"666\" \/>\n\t<meta property=\"og:image:height\" content=\"600\" \/>\n\t<meta property=\"og:image:type\" content=\"image\/jpeg\" \/>\n<meta name=\"twitter:card\" content=\"summary_large_image\" \/>\n<meta name=\"twitter:label1\" content=\"Est. reading time\" \/>\n\t<meta name=\"twitter:data1\" content=\"1 minute\" \/>\n<script type=\"application\/ld+json\" class=\"yoast-schema-graph\">{\"@context\":\"https:\\\/\\\/schema.org\",\"@graph\":[{\"@type\":\"WebPage\",\"@id\":\"https:\\\/\\\/kuzar.es\\\/en\\\/producto\\\/truss-triangular-29-tg-29-2\\\/\",\"url\":\"https:\\\/\\\/kuzar.es\\\/en\\\/producto\\\/truss-triangular-29-tg-29-2\\\/\",\"name\":\"Triangular Truss 29 TG-29\\\/2 - Kuzar - Torres elevadoras y estructuras met\u00e1licas\",\"isPartOf\":{\"@id\":\"https:\\\/\\\/kuzar.es\\\/en\\\/#website\"},\"primaryImageOfPage\":{\"@id\":\"https:\\\/\\\/kuzar.es\\\/en\\\/producto\\\/truss-triangular-29-tg-29-2\\\/#primaryimage\"},\"image\":{\"@id\":\"https:\\\/\\\/kuzar.es\\\/en\\\/producto\\\/truss-triangular-29-tg-29-2\\\/#primaryimage\"},\"thumbnailUrl\":\"https:\\\/\\\/kuzar.es\\\/wp-content\\\/uploads\\\/2019\\\/09\\\/TG-29-2.jpg\",\"datePublished\":\"2019-10-21T13:25:21+00:00\",\"dateModified\":\"2023-10-25T07:32:41+00:00\",\"description\":\"[vc_row css=\\\".vc_custom_1563965140483{padding-bottom: 2% !important;}\\\"][vc_column][vc_row_inner][vc_column_inner width=\\\"1\\\/3\\\"][vc_btn title=\\\"DATA SHEET...\",\"breadcrumb\":{\"@id\":\"https:\\\/\\\/kuzar.es\\\/en\\\/producto\\\/truss-triangular-29-tg-29-2\\\/#breadcrumb\"},\"inLanguage\":\"en-US\",\"potentialAction\":[{\"@type\":\"ReadAction\",\"target\":[\"https:\\\/\\\/kuzar.es\\\/en\\\/producto\\\/truss-triangular-29-tg-29-2\\\/\"]}]},{\"@type\":\"ImageObject\",\"inLanguage\":\"en-US\",\"@id\":\"https:\\\/\\\/kuzar.es\\\/en\\\/producto\\\/truss-triangular-29-tg-29-2\\\/#primaryimage\",\"url\":\"https:\\\/\\\/kuzar.es\\\/wp-content\\\/uploads\\\/2019\\\/09\\\/TG-29-2.jpg\",\"contentUrl\":\"https:\\\/\\\/kuzar.es\\\/wp-content\\\/uploads\\\/2019\\\/09\\\/TG-29-2.jpg\",\"width\":666,\"height\":600,\"caption\":\"Triangular Truss 29 TG-29\\\/2\"},{\"@type\":\"BreadcrumbList\",\"@id\":\"https:\\\/\\\/kuzar.es\\\/en\\\/producto\\\/truss-triangular-29-tg-29-2\\\/#breadcrumb\",\"itemListElement\":[{\"@type\":\"ListItem\",\"position\":1,\"name\":\"Portada\",\"item\":\"https:\\\/\\\/kuzar.es\\\/en\\\/\"},{\"@type\":\"ListItem\",\"position\":2,\"name\":\"Tienda\",\"item\":\"https:\\\/\\\/kuzar.es\\\/tienda\\\/\"},{\"@type\":\"ListItem\",\"position\":3,\"name\":\"Triangular Truss 29 TG-29\\\/2\"}]},{\"@type\":\"WebSite\",\"@id\":\"https:\\\/\\\/kuzar.es\\\/en\\\/#website\",\"url\":\"https:\\\/\\\/kuzar.es\\\/en\\\/\",\"name\":\"Kuzar - Torres elevadoras y estructuras met\u00e1licas\",\"description\":\"Fabricaci\u00f3n de torres elevadoras, estructuras met\u00e1licas e iluminaci\u00f3n para espect\u00e1culos y eventos\",\"potentialAction\":[{\"@type\":\"SearchAction\",\"target\":{\"@type\":\"EntryPoint\",\"urlTemplate\":\"https:\\\/\\\/kuzar.es\\\/en\\\/?s={search_term_string}\"},\"query-input\":{\"@type\":\"PropertyValueSpecification\",\"valueRequired\":true,\"valueName\":\"search_term_string\"}}],\"inLanguage\":\"en-US\"}]}<\/script>\n<!-- \/ Yoast SEO plugin. -->","yoast_head_json":{"title":"Triangular Truss 29 TG-29\/2 - Kuzar - Torres elevadoras y estructuras met\u00e1licas","description":"[vc_row css=\".vc_custom_1563965140483{padding-bottom: 2% !important;}\"][vc_column][vc_row_inner][vc_column_inner width=\"1\/3\"][vc_btn title=\"DATA SHEET...","robots":{"index":"index","follow":"follow","max-snippet":"max-snippet:-1","max-image-preview":"max-image-preview:large","max-video-preview":"max-video-preview:-1"},"canonical":"https:\/\/kuzar.es\/en\/producto\/truss-triangular-29-tg-29-2\/","og_locale":"en_US","og_type":"article","og_title":"Triangular Truss 29 TG-29\/2 - Kuzar - Torres elevadoras y estructuras met\u00e1licas","og_description":"[vc_row css=\".vc_custom_1563965140483{padding-bottom: 2% !important;}\"][vc_column][vc_row_inner][vc_column_inner width=\"1\/3\"][vc_btn title=\"DATA SHEET...","og_url":"https:\/\/kuzar.es\/en\/producto\/truss-triangular-29-tg-29-2\/","og_site_name":"Kuzar - Torres elevadoras y estructuras met\u00e1licas","article_modified_time":"2023-10-25T07:32:41+00:00","og_image":[{"width":666,"height":600,"url":"https:\/\/kuzar.es\/wp-content\/uploads\/2019\/09\/TG-29-2.jpg","type":"image\/jpeg"}],"twitter_card":"summary_large_image","twitter_misc":{"Est. reading time":"1 minute"},"schema":{"@context":"https:\/\/schema.org","@graph":[{"@type":"WebPage","@id":"https:\/\/kuzar.es\/en\/producto\/truss-triangular-29-tg-29-2\/","url":"https:\/\/kuzar.es\/en\/producto\/truss-triangular-29-tg-29-2\/","name":"Triangular Truss 29 TG-29\/2 - Kuzar - Torres elevadoras y estructuras met\u00e1licas","isPartOf":{"@id":"https:\/\/kuzar.es\/en\/#website"},"primaryImageOfPage":{"@id":"https:\/\/kuzar.es\/en\/producto\/truss-triangular-29-tg-29-2\/#primaryimage"},"image":{"@id":"https:\/\/kuzar.es\/en\/producto\/truss-triangular-29-tg-29-2\/#primaryimage"},"thumbnailUrl":"https:\/\/kuzar.es\/wp-content\/uploads\/2019\/09\/TG-29-2.jpg","datePublished":"2019-10-21T13:25:21+00:00","dateModified":"2023-10-25T07:32:41+00:00","description":"[vc_row css=\".vc_custom_1563965140483{padding-bottom: 2% !important;}\"][vc_column][vc_row_inner][vc_column_inner width=\"1\/3\"][vc_btn title=\"DATA SHEET...","breadcrumb":{"@id":"https:\/\/kuzar.es\/en\/producto\/truss-triangular-29-tg-29-2\/#breadcrumb"},"inLanguage":"en-US","potentialAction":[{"@type":"ReadAction","target":["https:\/\/kuzar.es\/en\/producto\/truss-triangular-29-tg-29-2\/"]}]},{"@type":"ImageObject","inLanguage":"en-US","@id":"https:\/\/kuzar.es\/en\/producto\/truss-triangular-29-tg-29-2\/#primaryimage","url":"https:\/\/kuzar.es\/wp-content\/uploads\/2019\/09\/TG-29-2.jpg","contentUrl":"https:\/\/kuzar.es\/wp-content\/uploads\/2019\/09\/TG-29-2.jpg","width":666,"height":600,"caption":"Triangular Truss 29 TG-29\/2"},{"@type":"BreadcrumbList","@id":"https:\/\/kuzar.es\/en\/producto\/truss-triangular-29-tg-29-2\/#breadcrumb","itemListElement":[{"@type":"ListItem","position":1,"name":"Portada","item":"https:\/\/kuzar.es\/en\/"},{"@type":"ListItem","position":2,"name":"Tienda","item":"https:\/\/kuzar.es\/tienda\/"},{"@type":"ListItem","position":3,"name":"Triangular Truss 29 TG-29\/2"}]},{"@type":"WebSite","@id":"https:\/\/kuzar.es\/en\/#website","url":"https:\/\/kuzar.es\/en\/","name":"Kuzar - Torres elevadoras y estructuras met\u00e1licas","description":"Fabricaci\u00f3n de torres elevadoras, estructuras met\u00e1licas e iluminaci\u00f3n para espect\u00e1culos y eventos","potentialAction":[{"@type":"SearchAction","target":{"@type":"EntryPoint","urlTemplate":"https:\/\/kuzar.es\/en\/?s={search_term_string}"},"query-input":{"@type":"PropertyValueSpecification","valueRequired":true,"valueName":"search_term_string"}}],"inLanguage":"en-US"}]}},"_links":{"self":[{"href":"https:\/\/kuzar.es\/en\/wp-json\/wp\/v2\/product\/3741","targetHints":{"allow":["GET"]}}],"collection":[{"href":"https:\/\/kuzar.es\/en\/wp-json\/wp\/v2\/product"}],"about":[{"href":"https:\/\/kuzar.es\/en\/wp-json\/wp\/v2\/types\/product"}],"replies":[{"embeddable":true,"href":"https:\/\/kuzar.es\/en\/wp-json\/wp\/v2\/comments?post=3741"}],"wp:featuredmedia":[{"embeddable":true,"href":"https:\/\/kuzar.es\/en\/wp-json\/wp\/v2\/media\/2736"}],"wp:attachment":[{"href":"https:\/\/kuzar.es\/en\/wp-json\/wp\/v2\/media?parent=3741"}],"wp:term":[{"taxonomy":"product_brand","embeddable":true,"href":"https:\/\/kuzar.es\/en\/wp-json\/wp\/v2\/product_brand?post=3741"},{"taxonomy":"product_cat","embeddable":true,"href":"https:\/\/kuzar.es\/en\/wp-json\/wp\/v2\/product_cat?post=3741"},{"taxonomy":"product_tag","embeddable":true,"href":"https:\/\/kuzar.es\/en\/wp-json\/wp\/v2\/product_tag?post=3741"}],"curies":[{"name":"wp","href":"https:\/\/api.w.org\/{rel}","templated":true}]}}