{"id":3295,"date":"2019-09-17T12:39:54","date_gmt":"2019-09-17T10:39:54","guid":{"rendered":"https:\/\/kuzar.es\/producto\/tarima-1x1m\/"},"modified":"2019-10-08T14:09:53","modified_gmt":"2019-10-08T12:09:53","slug":"stage-deck-1x1m","status":"publish","type":"product","link":"https:\/\/kuzar.es\/en\/producto\/stage-deck-1x1m\/","title":{"rendered":"STAGE DECK 1x1m"},"content":{"rendered":"<div class=\"wpb-content-wrapper\">[vc_row][vc_column][vc_column_text]\n<table class=\"shop_attributes\">\n<tbody>\n<tr>\n<th>MAXIMUM LOAD<\/th>\n<td>750 kg\/m2<\/td>\n<\/tr>\n<tr>\n<th>COLOUR<\/th>\n<td>Available finishes:<br \/>\nHEXA black (standard)<br \/>\nBlack<br \/>\nBrown<br \/>\nNatural wood Special finishes:<br \/>\nTransparent<br \/>\nPlexi Black<br \/>\nWhite plexi<\/td>\n<\/tr>\n<\/tbody>\n<\/table>\n[\/vc_column_text][\/vc_column][\/vc_row]\n<\/div>","protected":false},"excerpt":{"rendered":"[vc_row][vc_column][vc_column_text] MAXIMUM LOAD 750 kg\/m2 COLOUR Available finishes: HEXA black (standard) Black Brown Natural wood Special finishes: Transparent Plexi Black White plexi [\/vc_column_text][\/vc_column][\/vc_row]\n","protected":false},"featured_media":2711,"comment_status":"closed","ping_status":"closed","template":"","meta":{"_exactmetrics_skip_tracking":false,"_exactmetrics_sitenote_active":false,"_exactmetrics_sitenote_note":"","_exactmetrics_sitenote_category":0},"product_brand":[],"product_cat":[193,187],"product_tag":[],"class_list":{"0":"post-3295","1":"product","2":"type-product","3":"status-publish","4":"has-post-thumbnail","6":"product_cat-decks","7":"product_cat-decks-and-stages","9":"first","10":"instock","11":"shipping-taxable","12":"product-type-simple"},"yoast_head":"<!-- This site is optimized with the Yoast SEO plugin v27.3 - https:\/\/yoast.com\/product\/yoast-seo-wordpress\/ -->\n<title>STAGE DECK 1x1m - Kuzar - Torres elevadoras y estructuras met\u00e1licas<\/title>\n<meta name=\"description\" content=\"Descubre el STAGE DECK 1x1m: soporta hasta 750 kg\/m2. Elige entre acabados HEXA negro, madera, y m\u00e1s. Ideal para eventos robustos.\" \/>\n<meta name=\"robots\" content=\"index, follow, max-snippet:-1, max-image-preview:large, max-video-preview:-1\" \/>\n<link rel=\"canonical\" href=\"https:\/\/kuzar.es\/en\/producto\/stage-deck-1x1m\/\" \/>\n<meta property=\"og:locale\" content=\"en_US\" \/>\n<meta property=\"og:type\" content=\"article\" \/>\n<meta property=\"og:title\" content=\"STAGE DECK 1x1m - Kuzar - Torres elevadoras y estructuras met\u00e1licas\" \/>\n<meta property=\"og:description\" content=\"Descubre el STAGE DECK 1x1m: soporta hasta 750 kg\/m2. Elige entre acabados HEXA negro, madera, y m\u00e1s. Ideal para eventos robustos.\" \/>\n<meta property=\"og:url\" content=\"https:\/\/kuzar.es\/en\/producto\/stage-deck-1x1m\/\" \/>\n<meta property=\"og:site_name\" content=\"Kuzar - Torres elevadoras y estructuras met\u00e1licas\" \/>\n<meta property=\"article:modified_time\" content=\"2019-10-08T12:09:53+00:00\" \/>\n<meta property=\"og:image\" content=\"https:\/\/kuzar.es\/wp-content\/uploads\/2019\/09\/stage_deck_1x1-1.jpg\" \/>\n\t<meta property=\"og:image:width\" content=\"800\" \/>\n\t<meta property=\"og:image:height\" content=\"600\" \/>\n\t<meta property=\"og:image:type\" content=\"image\/jpeg\" \/>\n<meta name=\"twitter:card\" content=\"summary_large_image\" \/>\n<script type=\"application\/ld+json\" class=\"yoast-schema-graph\">{\"@context\":\"https:\\\/\\\/schema.org\",\"@graph\":[{\"@type\":\"WebPage\",\"@id\":\"https:\\\/\\\/kuzar.es\\\/en\\\/producto\\\/stage-deck-1x1m\\\/\",\"url\":\"https:\\\/\\\/kuzar.es\\\/en\\\/producto\\\/stage-deck-1x1m\\\/\",\"name\":\"STAGE DECK 1x1m - Kuzar - Torres elevadoras y estructuras met\u00e1licas\",\"isPartOf\":{\"@id\":\"https:\\\/\\\/kuzar.es\\\/en\\\/#website\"},\"primaryImageOfPage\":{\"@id\":\"https:\\\/\\\/kuzar.es\\\/en\\\/producto\\\/stage-deck-1x1m\\\/#primaryimage\"},\"image\":{\"@id\":\"https:\\\/\\\/kuzar.es\\\/en\\\/producto\\\/stage-deck-1x1m\\\/#primaryimage\"},\"thumbnailUrl\":\"https:\\\/\\\/kuzar.es\\\/wp-content\\\/uploads\\\/2019\\\/09\\\/stage_deck_1x1-1.jpg\",\"datePublished\":\"2019-09-17T10:39:54+00:00\",\"dateModified\":\"2019-10-08T12:09:53+00:00\",\"description\":\"Descubre el STAGE DECK 1x1m: soporta hasta 750 kg\\\/m2. Elige entre acabados HEXA negro, madera, y m\u00e1s. Ideal para eventos robustos.\",\"breadcrumb\":{\"@id\":\"https:\\\/\\\/kuzar.es\\\/en\\\/producto\\\/stage-deck-1x1m\\\/#breadcrumb\"},\"inLanguage\":\"en-US\",\"potentialAction\":[{\"@type\":\"ReadAction\",\"target\":[\"https:\\\/\\\/kuzar.es\\\/en\\\/producto\\\/stage-deck-1x1m\\\/\"]}]},{\"@type\":\"ImageObject\",\"inLanguage\":\"en-US\",\"@id\":\"https:\\\/\\\/kuzar.es\\\/en\\\/producto\\\/stage-deck-1x1m\\\/#primaryimage\",\"url\":\"https:\\\/\\\/kuzar.es\\\/wp-content\\\/uploads\\\/2019\\\/09\\\/stage_deck_1x1-1.jpg\",\"contentUrl\":\"https:\\\/\\\/kuzar.es\\\/wp-content\\\/uploads\\\/2019\\\/09\\\/stage_deck_1x1-1.jpg\",\"width\":800,\"height\":600,\"caption\":\"STAGE DECK 1x1m\"},{\"@type\":\"BreadcrumbList\",\"@id\":\"https:\\\/\\\/kuzar.es\\\/en\\\/producto\\\/stage-deck-1x1m\\\/#breadcrumb\",\"itemListElement\":[{\"@type\":\"ListItem\",\"position\":1,\"name\":\"Portada\",\"item\":\"https:\\\/\\\/kuzar.es\\\/en\\\/\"},{\"@type\":\"ListItem\",\"position\":2,\"name\":\"Tienda\",\"item\":\"https:\\\/\\\/kuzar.es\\\/tienda\\\/\"},{\"@type\":\"ListItem\",\"position\":3,\"name\":\"STAGE DECK 1x1m\"}]},{\"@type\":\"WebSite\",\"@id\":\"https:\\\/\\\/kuzar.es\\\/en\\\/#website\",\"url\":\"https:\\\/\\\/kuzar.es\\\/en\\\/\",\"name\":\"Kuzar - Torres elevadoras y estructuras met\u00e1licas\",\"description\":\"Fabricaci\u00f3n de torres elevadoras, estructuras met\u00e1licas e iluminaci\u00f3n para espect\u00e1culos y eventos\",\"potentialAction\":[{\"@type\":\"SearchAction\",\"target\":{\"@type\":\"EntryPoint\",\"urlTemplate\":\"https:\\\/\\\/kuzar.es\\\/en\\\/?s={search_term_string}\"},\"query-input\":{\"@type\":\"PropertyValueSpecification\",\"valueRequired\":true,\"valueName\":\"search_term_string\"}}],\"inLanguage\":\"en-US\"}]}<\/script>\n<!-- \/ Yoast SEO plugin. -->","yoast_head_json":{"title":"STAGE DECK 1x1m - Kuzar - Torres elevadoras y estructuras met\u00e1licas","description":"Descubre el STAGE DECK 1x1m: soporta hasta 750 kg\/m2. Elige entre acabados HEXA negro, madera, y m\u00e1s. Ideal para eventos robustos.","robots":{"index":"index","follow":"follow","max-snippet":"max-snippet:-1","max-image-preview":"max-image-preview:large","max-video-preview":"max-video-preview:-1"},"canonical":"https:\/\/kuzar.es\/en\/producto\/stage-deck-1x1m\/","og_locale":"en_US","og_type":"article","og_title":"STAGE DECK 1x1m - Kuzar - Torres elevadoras y estructuras met\u00e1licas","og_description":"Descubre el STAGE DECK 1x1m: soporta hasta 750 kg\/m2. Elige entre acabados HEXA negro, madera, y m\u00e1s. Ideal para eventos robustos.","og_url":"https:\/\/kuzar.es\/en\/producto\/stage-deck-1x1m\/","og_site_name":"Kuzar - Torres elevadoras y estructuras met\u00e1licas","article_modified_time":"2019-10-08T12:09:53+00:00","og_image":[{"width":800,"height":600,"url":"https:\/\/kuzar.es\/wp-content\/uploads\/2019\/09\/stage_deck_1x1-1.jpg","type":"image\/jpeg"}],"twitter_card":"summary_large_image","schema":{"@context":"https:\/\/schema.org","@graph":[{"@type":"WebPage","@id":"https:\/\/kuzar.es\/en\/producto\/stage-deck-1x1m\/","url":"https:\/\/kuzar.es\/en\/producto\/stage-deck-1x1m\/","name":"STAGE DECK 1x1m - Kuzar - Torres elevadoras y estructuras met\u00e1licas","isPartOf":{"@id":"https:\/\/kuzar.es\/en\/#website"},"primaryImageOfPage":{"@id":"https:\/\/kuzar.es\/en\/producto\/stage-deck-1x1m\/#primaryimage"},"image":{"@id":"https:\/\/kuzar.es\/en\/producto\/stage-deck-1x1m\/#primaryimage"},"thumbnailUrl":"https:\/\/kuzar.es\/wp-content\/uploads\/2019\/09\/stage_deck_1x1-1.jpg","datePublished":"2019-09-17T10:39:54+00:00","dateModified":"2019-10-08T12:09:53+00:00","description":"Descubre el STAGE DECK 1x1m: soporta hasta 750 kg\/m2. Elige entre acabados HEXA negro, madera, y m\u00e1s. Ideal para eventos robustos.","breadcrumb":{"@id":"https:\/\/kuzar.es\/en\/producto\/stage-deck-1x1m\/#breadcrumb"},"inLanguage":"en-US","potentialAction":[{"@type":"ReadAction","target":["https:\/\/kuzar.es\/en\/producto\/stage-deck-1x1m\/"]}]},{"@type":"ImageObject","inLanguage":"en-US","@id":"https:\/\/kuzar.es\/en\/producto\/stage-deck-1x1m\/#primaryimage","url":"https:\/\/kuzar.es\/wp-content\/uploads\/2019\/09\/stage_deck_1x1-1.jpg","contentUrl":"https:\/\/kuzar.es\/wp-content\/uploads\/2019\/09\/stage_deck_1x1-1.jpg","width":800,"height":600,"caption":"STAGE DECK 1x1m"},{"@type":"BreadcrumbList","@id":"https:\/\/kuzar.es\/en\/producto\/stage-deck-1x1m\/#breadcrumb","itemListElement":[{"@type":"ListItem","position":1,"name":"Portada","item":"https:\/\/kuzar.es\/en\/"},{"@type":"ListItem","position":2,"name":"Tienda","item":"https:\/\/kuzar.es\/tienda\/"},{"@type":"ListItem","position":3,"name":"STAGE DECK 1x1m"}]},{"@type":"WebSite","@id":"https:\/\/kuzar.es\/en\/#website","url":"https:\/\/kuzar.es\/en\/","name":"Kuzar - Torres elevadoras y estructuras met\u00e1licas","description":"Fabricaci\u00f3n de torres elevadoras, estructuras met\u00e1licas e iluminaci\u00f3n para espect\u00e1culos y eventos","potentialAction":[{"@type":"SearchAction","target":{"@type":"EntryPoint","urlTemplate":"https:\/\/kuzar.es\/en\/?s={search_term_string}"},"query-input":{"@type":"PropertyValueSpecification","valueRequired":true,"valueName":"search_term_string"}}],"inLanguage":"en-US"}]}},"_links":{"self":[{"href":"https:\/\/kuzar.es\/en\/wp-json\/wp\/v2\/product\/3295","targetHints":{"allow":["GET"]}}],"collection":[{"href":"https:\/\/kuzar.es\/en\/wp-json\/wp\/v2\/product"}],"about":[{"href":"https:\/\/kuzar.es\/en\/wp-json\/wp\/v2\/types\/product"}],"replies":[{"embeddable":true,"href":"https:\/\/kuzar.es\/en\/wp-json\/wp\/v2\/comments?post=3295"}],"wp:featuredmedia":[{"embeddable":true,"href":"https:\/\/kuzar.es\/en\/wp-json\/wp\/v2\/media\/2711"}],"wp:attachment":[{"href":"https:\/\/kuzar.es\/en\/wp-json\/wp\/v2\/media?parent=3295"}],"wp:term":[{"taxonomy":"product_brand","embeddable":true,"href":"https:\/\/kuzar.es\/en\/wp-json\/wp\/v2\/product_brand?post=3295"},{"taxonomy":"product_cat","embeddable":true,"href":"https:\/\/kuzar.es\/en\/wp-json\/wp\/v2\/product_cat?post=3295"},{"taxonomy":"product_tag","embeddable":true,"href":"https:\/\/kuzar.es\/en\/wp-json\/wp\/v2\/product_tag?post=3295"}],"curies":[{"name":"wp","href":"https:\/\/api.w.org\/{rel}","templated":true}]}}