{"id":3292,"date":"2019-09-17T12:47:48","date_gmt":"2019-09-17T10:47:48","guid":{"rendered":"https:\/\/kuzar.es\/producto\/patas-fijas\/"},"modified":"2019-10-08T14:03:52","modified_gmt":"2019-10-08T12:03:52","slug":"fixed-legs","status":"publish","type":"product","link":"https:\/\/kuzar.es\/en\/producto\/fixed-legs\/","title":{"rendered":"FIXED LEGS"},"content":{"rendered":"<div class=\"wpb-content-wrapper\">[vc_row][vc_column][vc_column_text]\n<table class=\"shop_attributes\">\n<tbody>\n<tr>\n<th>HEIGHT (cm)<\/th>\n<td>VFL20 \u2026\u2026\u2026. 20<\/p>\n<p>VFL40 \u2026\u2026\u2026. 40<\/p>\n<p>VFL60 \u2026\u2026\u2026. 60<\/p>\n<p>VFL80 \u2026\u2026\u2026. 80<\/p>\n<p>VFL100 \u2026.. 100<\/p>\n<p>VFL120 \u2026.. 120<\/td>\n<\/tr>\n<\/tbody>\n<\/table>\n[\/vc_column_text][\/vc_column][\/vc_row]\n<\/div>","protected":false},"excerpt":{"rendered":"[vc_row][vc_column][vc_column_text] HEIGHT (cm) VFL20 \u2026\u2026\u2026. 20 VFL40 \u2026\u2026\u2026. 40 VFL60 \u2026\u2026\u2026. 60 VFL80 \u2026\u2026\u2026. 80 VFL100 \u2026.. 100 VFL120 \u2026.. 120 [\/vc_column_text][\/vc_column][\/vc_row]\n","protected":false},"featured_media":2716,"comment_status":"closed","ping_status":"closed","template":"","meta":{"_exactmetrics_skip_tracking":false,"_exactmetrics_sitenote_active":false,"_exactmetrics_sitenote_note":"","_exactmetrics_sitenote_category":0},"product_brand":[],"product_cat":[187,192],"product_tag":[],"class_list":{"0":"post-3292","1":"product","2":"type-product","3":"status-publish","4":"has-post-thumbnail","6":"product_cat-decks-and-stages","7":"product_cat-legs","9":"first","10":"instock","11":"shipping-taxable","12":"product-type-simple"},"yoast_head":"<!-- This site is optimized with the Yoast SEO plugin v27.3 - https:\/\/yoast.com\/product\/yoast-seo-wordpress\/ -->\n<title>FIXED LEGS - Kuzar - Torres elevadoras y estructuras met\u00e1licas<\/title>\n<meta name=\"description\" content=\"Explora patas fijas de 20 a 120 cm para bricolaje y muebles. Calidad, personalizaci\u00f3n y variedad para tus proyectos. Compra ahora.\" \/>\n<meta name=\"robots\" content=\"index, follow, max-snippet:-1, max-image-preview:large, max-video-preview:-1\" \/>\n<link rel=\"canonical\" href=\"https:\/\/kuzar.es\/en\/producto\/fixed-legs\/\" \/>\n<meta property=\"og:locale\" content=\"en_US\" \/>\n<meta property=\"og:type\" content=\"article\" \/>\n<meta property=\"og:title\" content=\"FIXED LEGS - Kuzar - Torres elevadoras y estructuras met\u00e1licas\" \/>\n<meta property=\"og:description\" content=\"Explora patas fijas de 20 a 120 cm para bricolaje y muebles. Calidad, personalizaci\u00f3n y variedad para tus proyectos. Compra ahora.\" \/>\n<meta property=\"og:url\" content=\"https:\/\/kuzar.es\/en\/producto\/fixed-legs\/\" \/>\n<meta property=\"og:site_name\" content=\"Kuzar - Torres elevadoras y estructuras met\u00e1licas\" \/>\n<meta property=\"article:modified_time\" content=\"2019-10-08T12:03:52+00:00\" \/>\n<meta property=\"og:image\" content=\"https:\/\/kuzar.es\/wp-content\/uploads\/2019\/09\/set_legs.jpg\" \/>\n\t<meta property=\"og:image:width\" content=\"682\" \/>\n\t<meta property=\"og:image:height\" content=\"1000\" \/>\n\t<meta property=\"og:image:type\" content=\"image\/jpeg\" \/>\n<meta name=\"twitter:card\" content=\"summary_large_image\" \/>\n<script type=\"application\/ld+json\" class=\"yoast-schema-graph\">{\"@context\":\"https:\\\/\\\/schema.org\",\"@graph\":[{\"@type\":\"WebPage\",\"@id\":\"https:\\\/\\\/kuzar.es\\\/en\\\/producto\\\/fixed-legs\\\/\",\"url\":\"https:\\\/\\\/kuzar.es\\\/en\\\/producto\\\/fixed-legs\\\/\",\"name\":\"FIXED LEGS - Kuzar - Torres elevadoras y estructuras met\u00e1licas\",\"isPartOf\":{\"@id\":\"https:\\\/\\\/kuzar.es\\\/en\\\/#website\"},\"primaryImageOfPage\":{\"@id\":\"https:\\\/\\\/kuzar.es\\\/en\\\/producto\\\/fixed-legs\\\/#primaryimage\"},\"image\":{\"@id\":\"https:\\\/\\\/kuzar.es\\\/en\\\/producto\\\/fixed-legs\\\/#primaryimage\"},\"thumbnailUrl\":\"https:\\\/\\\/kuzar.es\\\/wp-content\\\/uploads\\\/2019\\\/09\\\/set_legs.jpg\",\"datePublished\":\"2019-09-17T10:47:48+00:00\",\"dateModified\":\"2019-10-08T12:03:52+00:00\",\"description\":\"Explora patas fijas de 20 a 120 cm para bricolaje y muebles. Calidad, personalizaci\u00f3n y variedad para tus proyectos. Compra ahora.\",\"breadcrumb\":{\"@id\":\"https:\\\/\\\/kuzar.es\\\/en\\\/producto\\\/fixed-legs\\\/#breadcrumb\"},\"inLanguage\":\"en-US\",\"potentialAction\":[{\"@type\":\"ReadAction\",\"target\":[\"https:\\\/\\\/kuzar.es\\\/en\\\/producto\\\/fixed-legs\\\/\"]}]},{\"@type\":\"ImageObject\",\"inLanguage\":\"en-US\",\"@id\":\"https:\\\/\\\/kuzar.es\\\/en\\\/producto\\\/fixed-legs\\\/#primaryimage\",\"url\":\"https:\\\/\\\/kuzar.es\\\/wp-content\\\/uploads\\\/2019\\\/09\\\/set_legs.jpg\",\"contentUrl\":\"https:\\\/\\\/kuzar.es\\\/wp-content\\\/uploads\\\/2019\\\/09\\\/set_legs.jpg\",\"width\":682,\"height\":1000,\"caption\":\"FIXED LEGS\"},{\"@type\":\"BreadcrumbList\",\"@id\":\"https:\\\/\\\/kuzar.es\\\/en\\\/producto\\\/fixed-legs\\\/#breadcrumb\",\"itemListElement\":[{\"@type\":\"ListItem\",\"position\":1,\"name\":\"Portada\",\"item\":\"https:\\\/\\\/kuzar.es\\\/en\\\/\"},{\"@type\":\"ListItem\",\"position\":2,\"name\":\"Tienda\",\"item\":\"https:\\\/\\\/kuzar.es\\\/tienda\\\/\"},{\"@type\":\"ListItem\",\"position\":3,\"name\":\"FIXED LEGS\"}]},{\"@type\":\"WebSite\",\"@id\":\"https:\\\/\\\/kuzar.es\\\/en\\\/#website\",\"url\":\"https:\\\/\\\/kuzar.es\\\/en\\\/\",\"name\":\"Kuzar - Torres elevadoras y estructuras met\u00e1licas\",\"description\":\"Fabricaci\u00f3n de torres elevadoras, estructuras met\u00e1licas e iluminaci\u00f3n para espect\u00e1culos y eventos\",\"potentialAction\":[{\"@type\":\"SearchAction\",\"target\":{\"@type\":\"EntryPoint\",\"urlTemplate\":\"https:\\\/\\\/kuzar.es\\\/en\\\/?s={search_term_string}\"},\"query-input\":{\"@type\":\"PropertyValueSpecification\",\"valueRequired\":true,\"valueName\":\"search_term_string\"}}],\"inLanguage\":\"en-US\"}]}<\/script>\n<!-- \/ Yoast SEO plugin. -->","yoast_head_json":{"title":"FIXED LEGS - Kuzar - Torres elevadoras y estructuras met\u00e1licas","description":"Explora patas fijas de 20 a 120 cm para bricolaje y muebles. Calidad, personalizaci\u00f3n y variedad para tus proyectos. Compra ahora.","robots":{"index":"index","follow":"follow","max-snippet":"max-snippet:-1","max-image-preview":"max-image-preview:large","max-video-preview":"max-video-preview:-1"},"canonical":"https:\/\/kuzar.es\/en\/producto\/fixed-legs\/","og_locale":"en_US","og_type":"article","og_title":"FIXED LEGS - Kuzar - Torres elevadoras y estructuras met\u00e1licas","og_description":"Explora patas fijas de 20 a 120 cm para bricolaje y muebles. Calidad, personalizaci\u00f3n y variedad para tus proyectos. Compra ahora.","og_url":"https:\/\/kuzar.es\/en\/producto\/fixed-legs\/","og_site_name":"Kuzar - Torres elevadoras y estructuras met\u00e1licas","article_modified_time":"2019-10-08T12:03:52+00:00","og_image":[{"width":682,"height":1000,"url":"https:\/\/kuzar.es\/wp-content\/uploads\/2019\/09\/set_legs.jpg","type":"image\/jpeg"}],"twitter_card":"summary_large_image","schema":{"@context":"https:\/\/schema.org","@graph":[{"@type":"WebPage","@id":"https:\/\/kuzar.es\/en\/producto\/fixed-legs\/","url":"https:\/\/kuzar.es\/en\/producto\/fixed-legs\/","name":"FIXED LEGS - Kuzar - Torres elevadoras y estructuras met\u00e1licas","isPartOf":{"@id":"https:\/\/kuzar.es\/en\/#website"},"primaryImageOfPage":{"@id":"https:\/\/kuzar.es\/en\/producto\/fixed-legs\/#primaryimage"},"image":{"@id":"https:\/\/kuzar.es\/en\/producto\/fixed-legs\/#primaryimage"},"thumbnailUrl":"https:\/\/kuzar.es\/wp-content\/uploads\/2019\/09\/set_legs.jpg","datePublished":"2019-09-17T10:47:48+00:00","dateModified":"2019-10-08T12:03:52+00:00","description":"Explora patas fijas de 20 a 120 cm para bricolaje y muebles. Calidad, personalizaci\u00f3n y variedad para tus proyectos. Compra ahora.","breadcrumb":{"@id":"https:\/\/kuzar.es\/en\/producto\/fixed-legs\/#breadcrumb"},"inLanguage":"en-US","potentialAction":[{"@type":"ReadAction","target":["https:\/\/kuzar.es\/en\/producto\/fixed-legs\/"]}]},{"@type":"ImageObject","inLanguage":"en-US","@id":"https:\/\/kuzar.es\/en\/producto\/fixed-legs\/#primaryimage","url":"https:\/\/kuzar.es\/wp-content\/uploads\/2019\/09\/set_legs.jpg","contentUrl":"https:\/\/kuzar.es\/wp-content\/uploads\/2019\/09\/set_legs.jpg","width":682,"height":1000,"caption":"FIXED LEGS"},{"@type":"BreadcrumbList","@id":"https:\/\/kuzar.es\/en\/producto\/fixed-legs\/#breadcrumb","itemListElement":[{"@type":"ListItem","position":1,"name":"Portada","item":"https:\/\/kuzar.es\/en\/"},{"@type":"ListItem","position":2,"name":"Tienda","item":"https:\/\/kuzar.es\/tienda\/"},{"@type":"ListItem","position":3,"name":"FIXED LEGS"}]},{"@type":"WebSite","@id":"https:\/\/kuzar.es\/en\/#website","url":"https:\/\/kuzar.es\/en\/","name":"Kuzar - Torres elevadoras y estructuras met\u00e1licas","description":"Fabricaci\u00f3n de torres elevadoras, estructuras met\u00e1licas e iluminaci\u00f3n para espect\u00e1culos y eventos","potentialAction":[{"@type":"SearchAction","target":{"@type":"EntryPoint","urlTemplate":"https:\/\/kuzar.es\/en\/?s={search_term_string}"},"query-input":{"@type":"PropertyValueSpecification","valueRequired":true,"valueName":"search_term_string"}}],"inLanguage":"en-US"}]}},"_links":{"self":[{"href":"https:\/\/kuzar.es\/en\/wp-json\/wp\/v2\/product\/3292","targetHints":{"allow":["GET"]}}],"collection":[{"href":"https:\/\/kuzar.es\/en\/wp-json\/wp\/v2\/product"}],"about":[{"href":"https:\/\/kuzar.es\/en\/wp-json\/wp\/v2\/types\/product"}],"replies":[{"embeddable":true,"href":"https:\/\/kuzar.es\/en\/wp-json\/wp\/v2\/comments?post=3292"}],"wp:featuredmedia":[{"embeddable":true,"href":"https:\/\/kuzar.es\/en\/wp-json\/wp\/v2\/media\/2716"}],"wp:attachment":[{"href":"https:\/\/kuzar.es\/en\/wp-json\/wp\/v2\/media?parent=3292"}],"wp:term":[{"taxonomy":"product_brand","embeddable":true,"href":"https:\/\/kuzar.es\/en\/wp-json\/wp\/v2\/product_brand?post=3292"},{"taxonomy":"product_cat","embeddable":true,"href":"https:\/\/kuzar.es\/en\/wp-json\/wp\/v2\/product_cat?post=3292"},{"taxonomy":"product_tag","embeddable":true,"href":"https:\/\/kuzar.es\/en\/wp-json\/wp\/v2\/product_tag?post=3292"}],"curies":[{"name":"wp","href":"https:\/\/api.w.org\/{rel}","templated":true}]}}