{"id":3291,"date":"2019-09-17T13:18:11","date_gmt":"2019-09-17T11:18:11","guid":{"rendered":"https:\/\/kuzar.es\/producto\/nivelador-tarimas\/"},"modified":"2019-10-08T14:02:42","modified_gmt":"2019-10-08T12:02:42","slug":"stage-deck-leveler","status":"publish","type":"product","link":"https:\/\/kuzar.es\/en\/producto\/stage-deck-leveler\/","title":{"rendered":"STAGE DECK LEVELER"},"content":{"rendered":"","protected":false},"excerpt":{"rendered":"","protected":false},"featured_media":2720,"comment_status":"closed","ping_status":"closed","template":"","meta":{"_exactmetrics_skip_tracking":false,"_exactmetrics_sitenote_active":false,"_exactmetrics_sitenote_note":"","_exactmetrics_sitenote_category":0},"product_brand":[],"product_cat":[188,187],"product_tag":[],"class_list":{"0":"post-3291","1":"product","2":"type-product","3":"status-publish","4":"has-post-thumbnail","6":"product_cat-accessories-decks-and-stages","7":"product_cat-decks-and-stages","9":"first","10":"instock","11":"shipping-taxable","12":"product-type-simple"},"yoast_head":"<!-- This site is optimized with the Yoast SEO plugin v27.3 - https:\/\/yoast.com\/product\/yoast-seo-wordpress\/ -->\n<title>STAGE DECK LEVELER - Kuzar - Torres elevadoras y estructuras met\u00e1licas<\/title>\n<meta name=\"description\" content=\"Descubre el STAGE DECK LEVELER, la soluci\u00f3n perfecta para nivelar tu escenario con precisi\u00f3n. Mejora tus eventos con facilidad y seguridad.\" \/>\n<meta name=\"robots\" content=\"index, follow, max-snippet:-1, max-image-preview:large, max-video-preview:-1\" \/>\n<link rel=\"canonical\" href=\"https:\/\/kuzar.es\/en\/producto\/stage-deck-leveler\/\" \/>\n<meta property=\"og:locale\" content=\"en_US\" \/>\n<meta property=\"og:type\" content=\"article\" \/>\n<meta property=\"og:title\" content=\"STAGE DECK LEVELER - Kuzar - Torres elevadoras y estructuras met\u00e1licas\" \/>\n<meta property=\"og:description\" content=\"Descubre el STAGE DECK LEVELER, la soluci\u00f3n perfecta para nivelar tu escenario con precisi\u00f3n. Mejora tus eventos con facilidad y seguridad.\" \/>\n<meta property=\"og:url\" content=\"https:\/\/kuzar.es\/en\/producto\/stage-deck-leveler\/\" \/>\n<meta property=\"og:site_name\" content=\"Kuzar - Torres elevadoras y estructuras met\u00e1licas\" \/>\n<meta property=\"article:modified_time\" content=\"2019-10-08T12:02:42+00:00\" \/>\n<meta property=\"og:image\" content=\"https:\/\/kuzar.es\/wp-content\/uploads\/2019\/09\/DECK-LEVELER.jpg\" \/>\n\t<meta property=\"og:image:width\" content=\"1000\" \/>\n\t<meta property=\"og:image:height\" content=\"750\" \/>\n\t<meta property=\"og:image:type\" content=\"image\/jpeg\" \/>\n<meta name=\"twitter:card\" content=\"summary_large_image\" \/>\n<script type=\"application\/ld+json\" class=\"yoast-schema-graph\">{\"@context\":\"https:\\\/\\\/schema.org\",\"@graph\":[{\"@type\":\"WebPage\",\"@id\":\"https:\\\/\\\/kuzar.es\\\/en\\\/producto\\\/stage-deck-leveler\\\/\",\"url\":\"https:\\\/\\\/kuzar.es\\\/en\\\/producto\\\/stage-deck-leveler\\\/\",\"name\":\"STAGE DECK LEVELER - Kuzar - Torres elevadoras y estructuras met\u00e1licas\",\"isPartOf\":{\"@id\":\"https:\\\/\\\/kuzar.es\\\/en\\\/#website\"},\"primaryImageOfPage\":{\"@id\":\"https:\\\/\\\/kuzar.es\\\/en\\\/producto\\\/stage-deck-leveler\\\/#primaryimage\"},\"image\":{\"@id\":\"https:\\\/\\\/kuzar.es\\\/en\\\/producto\\\/stage-deck-leveler\\\/#primaryimage\"},\"thumbnailUrl\":\"https:\\\/\\\/kuzar.es\\\/wp-content\\\/uploads\\\/2019\\\/09\\\/DECK-LEVELER.jpg\",\"datePublished\":\"2019-09-17T11:18:11+00:00\",\"dateModified\":\"2019-10-08T12:02:42+00:00\",\"description\":\"Descubre el STAGE DECK LEVELER, la soluci\u00f3n perfecta para nivelar tu escenario con precisi\u00f3n. Mejora tus eventos con facilidad y seguridad.\",\"breadcrumb\":{\"@id\":\"https:\\\/\\\/kuzar.es\\\/en\\\/producto\\\/stage-deck-leveler\\\/#breadcrumb\"},\"inLanguage\":\"en-US\",\"potentialAction\":[{\"@type\":\"ReadAction\",\"target\":[\"https:\\\/\\\/kuzar.es\\\/en\\\/producto\\\/stage-deck-leveler\\\/\"]}]},{\"@type\":\"ImageObject\",\"inLanguage\":\"en-US\",\"@id\":\"https:\\\/\\\/kuzar.es\\\/en\\\/producto\\\/stage-deck-leveler\\\/#primaryimage\",\"url\":\"https:\\\/\\\/kuzar.es\\\/wp-content\\\/uploads\\\/2019\\\/09\\\/DECK-LEVELER.jpg\",\"contentUrl\":\"https:\\\/\\\/kuzar.es\\\/wp-content\\\/uploads\\\/2019\\\/09\\\/DECK-LEVELER.jpg\",\"width\":1000,\"height\":750,\"caption\":\"STAGE DECK LEVELER\"},{\"@type\":\"BreadcrumbList\",\"@id\":\"https:\\\/\\\/kuzar.es\\\/en\\\/producto\\\/stage-deck-leveler\\\/#breadcrumb\",\"itemListElement\":[{\"@type\":\"ListItem\",\"position\":1,\"name\":\"Portada\",\"item\":\"https:\\\/\\\/kuzar.es\\\/en\\\/\"},{\"@type\":\"ListItem\",\"position\":2,\"name\":\"Tienda\",\"item\":\"https:\\\/\\\/kuzar.es\\\/tienda\\\/\"},{\"@type\":\"ListItem\",\"position\":3,\"name\":\"STAGE DECK LEVELER\"}]},{\"@type\":\"WebSite\",\"@id\":\"https:\\\/\\\/kuzar.es\\\/en\\\/#website\",\"url\":\"https:\\\/\\\/kuzar.es\\\/en\\\/\",\"name\":\"Kuzar - Torres elevadoras y estructuras met\u00e1licas\",\"description\":\"Fabricaci\u00f3n de torres elevadoras, estructuras met\u00e1licas e iluminaci\u00f3n para espect\u00e1culos y eventos\",\"potentialAction\":[{\"@type\":\"SearchAction\",\"target\":{\"@type\":\"EntryPoint\",\"urlTemplate\":\"https:\\\/\\\/kuzar.es\\\/en\\\/?s={search_term_string}\"},\"query-input\":{\"@type\":\"PropertyValueSpecification\",\"valueRequired\":true,\"valueName\":\"search_term_string\"}}],\"inLanguage\":\"en-US\"}]}<\/script>\n<!-- \/ Yoast SEO plugin. -->","yoast_head_json":{"title":"STAGE DECK LEVELER - Kuzar - Torres elevadoras y estructuras met\u00e1licas","description":"Descubre el STAGE DECK LEVELER, la soluci\u00f3n perfecta para nivelar tu escenario con precisi\u00f3n. Mejora tus eventos con facilidad y seguridad.","robots":{"index":"index","follow":"follow","max-snippet":"max-snippet:-1","max-image-preview":"max-image-preview:large","max-video-preview":"max-video-preview:-1"},"canonical":"https:\/\/kuzar.es\/en\/producto\/stage-deck-leveler\/","og_locale":"en_US","og_type":"article","og_title":"STAGE DECK LEVELER - Kuzar - Torres elevadoras y estructuras met\u00e1licas","og_description":"Descubre el STAGE DECK LEVELER, la soluci\u00f3n perfecta para nivelar tu escenario con precisi\u00f3n. Mejora tus eventos con facilidad y seguridad.","og_url":"https:\/\/kuzar.es\/en\/producto\/stage-deck-leveler\/","og_site_name":"Kuzar - Torres elevadoras y estructuras met\u00e1licas","article_modified_time":"2019-10-08T12:02:42+00:00","og_image":[{"width":1000,"height":750,"url":"https:\/\/kuzar.es\/wp-content\/uploads\/2019\/09\/DECK-LEVELER.jpg","type":"image\/jpeg"}],"twitter_card":"summary_large_image","schema":{"@context":"https:\/\/schema.org","@graph":[{"@type":"WebPage","@id":"https:\/\/kuzar.es\/en\/producto\/stage-deck-leveler\/","url":"https:\/\/kuzar.es\/en\/producto\/stage-deck-leveler\/","name":"STAGE DECK LEVELER - Kuzar - Torres elevadoras y estructuras met\u00e1licas","isPartOf":{"@id":"https:\/\/kuzar.es\/en\/#website"},"primaryImageOfPage":{"@id":"https:\/\/kuzar.es\/en\/producto\/stage-deck-leveler\/#primaryimage"},"image":{"@id":"https:\/\/kuzar.es\/en\/producto\/stage-deck-leveler\/#primaryimage"},"thumbnailUrl":"https:\/\/kuzar.es\/wp-content\/uploads\/2019\/09\/DECK-LEVELER.jpg","datePublished":"2019-09-17T11:18:11+00:00","dateModified":"2019-10-08T12:02:42+00:00","description":"Descubre el STAGE DECK LEVELER, la soluci\u00f3n perfecta para nivelar tu escenario con precisi\u00f3n. Mejora tus eventos con facilidad y seguridad.","breadcrumb":{"@id":"https:\/\/kuzar.es\/en\/producto\/stage-deck-leveler\/#breadcrumb"},"inLanguage":"en-US","potentialAction":[{"@type":"ReadAction","target":["https:\/\/kuzar.es\/en\/producto\/stage-deck-leveler\/"]}]},{"@type":"ImageObject","inLanguage":"en-US","@id":"https:\/\/kuzar.es\/en\/producto\/stage-deck-leveler\/#primaryimage","url":"https:\/\/kuzar.es\/wp-content\/uploads\/2019\/09\/DECK-LEVELER.jpg","contentUrl":"https:\/\/kuzar.es\/wp-content\/uploads\/2019\/09\/DECK-LEVELER.jpg","width":1000,"height":750,"caption":"STAGE DECK LEVELER"},{"@type":"BreadcrumbList","@id":"https:\/\/kuzar.es\/en\/producto\/stage-deck-leveler\/#breadcrumb","itemListElement":[{"@type":"ListItem","position":1,"name":"Portada","item":"https:\/\/kuzar.es\/en\/"},{"@type":"ListItem","position":2,"name":"Tienda","item":"https:\/\/kuzar.es\/tienda\/"},{"@type":"ListItem","position":3,"name":"STAGE DECK LEVELER"}]},{"@type":"WebSite","@id":"https:\/\/kuzar.es\/en\/#website","url":"https:\/\/kuzar.es\/en\/","name":"Kuzar - Torres elevadoras y estructuras met\u00e1licas","description":"Fabricaci\u00f3n de torres elevadoras, estructuras met\u00e1licas e iluminaci\u00f3n para espect\u00e1culos y eventos","potentialAction":[{"@type":"SearchAction","target":{"@type":"EntryPoint","urlTemplate":"https:\/\/kuzar.es\/en\/?s={search_term_string}"},"query-input":{"@type":"PropertyValueSpecification","valueRequired":true,"valueName":"search_term_string"}}],"inLanguage":"en-US"}]}},"_links":{"self":[{"href":"https:\/\/kuzar.es\/en\/wp-json\/wp\/v2\/product\/3291","targetHints":{"allow":["GET"]}}],"collection":[{"href":"https:\/\/kuzar.es\/en\/wp-json\/wp\/v2\/product"}],"about":[{"href":"https:\/\/kuzar.es\/en\/wp-json\/wp\/v2\/types\/product"}],"replies":[{"embeddable":true,"href":"https:\/\/kuzar.es\/en\/wp-json\/wp\/v2\/comments?post=3291"}],"wp:featuredmedia":[{"embeddable":true,"href":"https:\/\/kuzar.es\/en\/wp-json\/wp\/v2\/media\/2720"}],"wp:attachment":[{"href":"https:\/\/kuzar.es\/en\/wp-json\/wp\/v2\/media?parent=3291"}],"wp:term":[{"taxonomy":"product_brand","embeddable":true,"href":"https:\/\/kuzar.es\/en\/wp-json\/wp\/v2\/product_brand?post=3291"},{"taxonomy":"product_cat","embeddable":true,"href":"https:\/\/kuzar.es\/en\/wp-json\/wp\/v2\/product_cat?post=3291"},{"taxonomy":"product_tag","embeddable":true,"href":"https:\/\/kuzar.es\/en\/wp-json\/wp\/v2\/product_tag?post=3291"}],"curies":[{"name":"wp","href":"https:\/\/api.w.org\/{rel}","templated":true}]}}