{"id":3279,"date":"2019-09-17T12:44:03","date_gmt":"2019-09-17T10:44:03","guid":{"rendered":"https:\/\/kuzar.es\/producto\/escaleras-ajustables\/"},"modified":"2019-10-08T13:40:29","modified_gmt":"2019-10-08T11:40:29","slug":"adjustable-stairs","status":"publish","type":"product","link":"https:\/\/kuzar.es\/en\/producto\/adjustable-stairs\/","title":{"rendered":"ADJUSTABLE STAIRS"},"content":{"rendered":"<div class=\"wpb-content-wrapper\">[vc_row][vc_column][vc_column_text]\n<table class=\"shop_attributes\">\n<tbody>\n<tr>\n<th>HEIGHT (cm)<\/th>\n<td>VAS-2 \u2026\u2026\u2026\u2026 40-60cm<\/p>\n<p>VAS-4 \u2026\u2026\u2026. 60-100cm<\/p>\n<p>VAS-5 \u2026\u2026\u2026. 80-140cm<\/p>\n<p>VAS-7 \u2026\u2026.. 100-180cm<\/td>\n<\/tr>\n<\/tbody>\n<\/table>\n[\/vc_column_text][\/vc_column][\/vc_row]\n<\/div>","protected":false},"excerpt":{"rendered":"[vc_row][vc_column][vc_column_text] HEIGHT (cm) VAS-2 \u2026\u2026\u2026\u2026 40-60cm VAS-4 \u2026\u2026\u2026. 60-100cm VAS-5 \u2026\u2026\u2026. 80-140cm VAS-7 \u2026\u2026.. 100-180cm [\/vc_column_text][\/vc_column][\/vc_row]\n","protected":false},"featured_media":2713,"comment_status":"closed","ping_status":"closed","template":"","meta":{"_exactmetrics_skip_tracking":false,"_exactmetrics_sitenote_active":false,"_exactmetrics_sitenote_note":"","_exactmetrics_sitenote_category":0},"product_brand":[],"product_cat":[187,191],"product_tag":[],"class_list":{"0":"post-3279","1":"product","2":"type-product","3":"status-publish","4":"has-post-thumbnail","6":"product_cat-decks-and-stages","7":"product_cat-stairs","9":"first","10":"instock","11":"shipping-taxable","12":"product-type-simple"},"yoast_head":"<!-- This site is optimized with the Yoast SEO plugin v27.3 - https:\/\/yoast.com\/product\/yoast-seo-wordpress\/ -->\n<title>ADJUSTABLE STAIRS - Kuzar - Torres elevadoras y estructuras met\u00e1licas<\/title>\n<meta name=\"description\" content=\"Descubre nuestras escaleras ajustables VAS, con alturas de 40 a 180 cm, perfectas para cualquier espacio. Mejora tu hogar hoy mismo.\" \/>\n<meta name=\"robots\" content=\"index, follow, max-snippet:-1, max-image-preview:large, max-video-preview:-1\" \/>\n<link rel=\"canonical\" href=\"https:\/\/kuzar.es\/en\/producto\/adjustable-stairs\/\" \/>\n<meta property=\"og:locale\" content=\"en_US\" \/>\n<meta property=\"og:type\" content=\"article\" \/>\n<meta property=\"og:title\" content=\"ADJUSTABLE STAIRS - Kuzar - Torres elevadoras y estructuras met\u00e1licas\" \/>\n<meta property=\"og:description\" content=\"Descubre nuestras escaleras ajustables VAS, con alturas de 40 a 180 cm, perfectas para cualquier espacio. Mejora tu hogar hoy mismo.\" \/>\n<meta property=\"og:url\" content=\"https:\/\/kuzar.es\/en\/producto\/adjustable-stairs\/\" \/>\n<meta property=\"og:site_name\" content=\"Kuzar - Torres elevadoras y estructuras met\u00e1licas\" \/>\n<meta property=\"article:modified_time\" content=\"2019-10-08T11:40:29+00:00\" \/>\n<meta property=\"og:image\" content=\"https:\/\/kuzar.es\/wp-content\/uploads\/2019\/09\/VAS-4.jpg\" \/>\n\t<meta property=\"og:image:width\" content=\"1000\" \/>\n\t<meta property=\"og:image:height\" content=\"750\" \/>\n\t<meta property=\"og:image:type\" content=\"image\/jpeg\" \/>\n<meta name=\"twitter:card\" content=\"summary_large_image\" \/>\n<script type=\"application\/ld+json\" class=\"yoast-schema-graph\">{\"@context\":\"https:\\\/\\\/schema.org\",\"@graph\":[{\"@type\":\"WebPage\",\"@id\":\"https:\\\/\\\/kuzar.es\\\/en\\\/producto\\\/adjustable-stairs\\\/\",\"url\":\"https:\\\/\\\/kuzar.es\\\/en\\\/producto\\\/adjustable-stairs\\\/\",\"name\":\"ADJUSTABLE STAIRS - Kuzar - Torres elevadoras y estructuras met\u00e1licas\",\"isPartOf\":{\"@id\":\"https:\\\/\\\/kuzar.es\\\/en\\\/#website\"},\"primaryImageOfPage\":{\"@id\":\"https:\\\/\\\/kuzar.es\\\/en\\\/producto\\\/adjustable-stairs\\\/#primaryimage\"},\"image\":{\"@id\":\"https:\\\/\\\/kuzar.es\\\/en\\\/producto\\\/adjustable-stairs\\\/#primaryimage\"},\"thumbnailUrl\":\"https:\\\/\\\/kuzar.es\\\/wp-content\\\/uploads\\\/2019\\\/09\\\/VAS-4.jpg\",\"datePublished\":\"2019-09-17T10:44:03+00:00\",\"dateModified\":\"2019-10-08T11:40:29+00:00\",\"description\":\"Descubre nuestras escaleras ajustables VAS, con alturas de 40 a 180 cm, perfectas para cualquier espacio. Mejora tu hogar hoy mismo.\",\"breadcrumb\":{\"@id\":\"https:\\\/\\\/kuzar.es\\\/en\\\/producto\\\/adjustable-stairs\\\/#breadcrumb\"},\"inLanguage\":\"en-US\",\"potentialAction\":[{\"@type\":\"ReadAction\",\"target\":[\"https:\\\/\\\/kuzar.es\\\/en\\\/producto\\\/adjustable-stairs\\\/\"]}]},{\"@type\":\"ImageObject\",\"inLanguage\":\"en-US\",\"@id\":\"https:\\\/\\\/kuzar.es\\\/en\\\/producto\\\/adjustable-stairs\\\/#primaryimage\",\"url\":\"https:\\\/\\\/kuzar.es\\\/wp-content\\\/uploads\\\/2019\\\/09\\\/VAS-4.jpg\",\"contentUrl\":\"https:\\\/\\\/kuzar.es\\\/wp-content\\\/uploads\\\/2019\\\/09\\\/VAS-4.jpg\",\"width\":1000,\"height\":750,\"caption\":\"ADJUSTABLE STAIRS\"},{\"@type\":\"BreadcrumbList\",\"@id\":\"https:\\\/\\\/kuzar.es\\\/en\\\/producto\\\/adjustable-stairs\\\/#breadcrumb\",\"itemListElement\":[{\"@type\":\"ListItem\",\"position\":1,\"name\":\"Portada\",\"item\":\"https:\\\/\\\/kuzar.es\\\/en\\\/\"},{\"@type\":\"ListItem\",\"position\":2,\"name\":\"Tienda\",\"item\":\"https:\\\/\\\/kuzar.es\\\/tienda\\\/\"},{\"@type\":\"ListItem\",\"position\":3,\"name\":\"ADJUSTABLE STAIRS\"}]},{\"@type\":\"WebSite\",\"@id\":\"https:\\\/\\\/kuzar.es\\\/en\\\/#website\",\"url\":\"https:\\\/\\\/kuzar.es\\\/en\\\/\",\"name\":\"Kuzar - Torres elevadoras y estructuras met\u00e1licas\",\"description\":\"Fabricaci\u00f3n de torres elevadoras, estructuras met\u00e1licas e iluminaci\u00f3n para espect\u00e1culos y eventos\",\"potentialAction\":[{\"@type\":\"SearchAction\",\"target\":{\"@type\":\"EntryPoint\",\"urlTemplate\":\"https:\\\/\\\/kuzar.es\\\/en\\\/?s={search_term_string}\"},\"query-input\":{\"@type\":\"PropertyValueSpecification\",\"valueRequired\":true,\"valueName\":\"search_term_string\"}}],\"inLanguage\":\"en-US\"}]}<\/script>\n<!-- \/ Yoast SEO plugin. -->","yoast_head_json":{"title":"ADJUSTABLE STAIRS - Kuzar - Torres elevadoras y estructuras met\u00e1licas","description":"Descubre nuestras escaleras ajustables VAS, con alturas de 40 a 180 cm, perfectas para cualquier espacio. Mejora tu hogar hoy mismo.","robots":{"index":"index","follow":"follow","max-snippet":"max-snippet:-1","max-image-preview":"max-image-preview:large","max-video-preview":"max-video-preview:-1"},"canonical":"https:\/\/kuzar.es\/en\/producto\/adjustable-stairs\/","og_locale":"en_US","og_type":"article","og_title":"ADJUSTABLE STAIRS - Kuzar - Torres elevadoras y estructuras met\u00e1licas","og_description":"Descubre nuestras escaleras ajustables VAS, con alturas de 40 a 180 cm, perfectas para cualquier espacio. Mejora tu hogar hoy mismo.","og_url":"https:\/\/kuzar.es\/en\/producto\/adjustable-stairs\/","og_site_name":"Kuzar - Torres elevadoras y estructuras met\u00e1licas","article_modified_time":"2019-10-08T11:40:29+00:00","og_image":[{"width":1000,"height":750,"url":"https:\/\/kuzar.es\/wp-content\/uploads\/2019\/09\/VAS-4.jpg","type":"image\/jpeg"}],"twitter_card":"summary_large_image","schema":{"@context":"https:\/\/schema.org","@graph":[{"@type":"WebPage","@id":"https:\/\/kuzar.es\/en\/producto\/adjustable-stairs\/","url":"https:\/\/kuzar.es\/en\/producto\/adjustable-stairs\/","name":"ADJUSTABLE STAIRS - Kuzar - Torres elevadoras y estructuras met\u00e1licas","isPartOf":{"@id":"https:\/\/kuzar.es\/en\/#website"},"primaryImageOfPage":{"@id":"https:\/\/kuzar.es\/en\/producto\/adjustable-stairs\/#primaryimage"},"image":{"@id":"https:\/\/kuzar.es\/en\/producto\/adjustable-stairs\/#primaryimage"},"thumbnailUrl":"https:\/\/kuzar.es\/wp-content\/uploads\/2019\/09\/VAS-4.jpg","datePublished":"2019-09-17T10:44:03+00:00","dateModified":"2019-10-08T11:40:29+00:00","description":"Descubre nuestras escaleras ajustables VAS, con alturas de 40 a 180 cm, perfectas para cualquier espacio. Mejora tu hogar hoy mismo.","breadcrumb":{"@id":"https:\/\/kuzar.es\/en\/producto\/adjustable-stairs\/#breadcrumb"},"inLanguage":"en-US","potentialAction":[{"@type":"ReadAction","target":["https:\/\/kuzar.es\/en\/producto\/adjustable-stairs\/"]}]},{"@type":"ImageObject","inLanguage":"en-US","@id":"https:\/\/kuzar.es\/en\/producto\/adjustable-stairs\/#primaryimage","url":"https:\/\/kuzar.es\/wp-content\/uploads\/2019\/09\/VAS-4.jpg","contentUrl":"https:\/\/kuzar.es\/wp-content\/uploads\/2019\/09\/VAS-4.jpg","width":1000,"height":750,"caption":"ADJUSTABLE STAIRS"},{"@type":"BreadcrumbList","@id":"https:\/\/kuzar.es\/en\/producto\/adjustable-stairs\/#breadcrumb","itemListElement":[{"@type":"ListItem","position":1,"name":"Portada","item":"https:\/\/kuzar.es\/en\/"},{"@type":"ListItem","position":2,"name":"Tienda","item":"https:\/\/kuzar.es\/tienda\/"},{"@type":"ListItem","position":3,"name":"ADJUSTABLE STAIRS"}]},{"@type":"WebSite","@id":"https:\/\/kuzar.es\/en\/#website","url":"https:\/\/kuzar.es\/en\/","name":"Kuzar - Torres elevadoras y estructuras met\u00e1licas","description":"Fabricaci\u00f3n de torres elevadoras, estructuras met\u00e1licas e iluminaci\u00f3n para espect\u00e1culos y eventos","potentialAction":[{"@type":"SearchAction","target":{"@type":"EntryPoint","urlTemplate":"https:\/\/kuzar.es\/en\/?s={search_term_string}"},"query-input":{"@type":"PropertyValueSpecification","valueRequired":true,"valueName":"search_term_string"}}],"inLanguage":"en-US"}]}},"_links":{"self":[{"href":"https:\/\/kuzar.es\/en\/wp-json\/wp\/v2\/product\/3279","targetHints":{"allow":["GET"]}}],"collection":[{"href":"https:\/\/kuzar.es\/en\/wp-json\/wp\/v2\/product"}],"about":[{"href":"https:\/\/kuzar.es\/en\/wp-json\/wp\/v2\/types\/product"}],"replies":[{"embeddable":true,"href":"https:\/\/kuzar.es\/en\/wp-json\/wp\/v2\/comments?post=3279"}],"wp:featuredmedia":[{"embeddable":true,"href":"https:\/\/kuzar.es\/en\/wp-json\/wp\/v2\/media\/2713"}],"wp:attachment":[{"href":"https:\/\/kuzar.es\/en\/wp-json\/wp\/v2\/media?parent=3279"}],"wp:term":[{"taxonomy":"product_brand","embeddable":true,"href":"https:\/\/kuzar.es\/en\/wp-json\/wp\/v2\/product_brand?post=3279"},{"taxonomy":"product_cat","embeddable":true,"href":"https:\/\/kuzar.es\/en\/wp-json\/wp\/v2\/product_cat?post=3279"},{"taxonomy":"product_tag","embeddable":true,"href":"https:\/\/kuzar.es\/en\/wp-json\/wp\/v2\/product_tag?post=3279"}],"curies":[{"name":"wp","href":"https:\/\/api.w.org\/{rel}","templated":true}]}}