{"id":3270,"date":"2019-09-17T12:50:13","date_gmt":"2019-09-17T10:50:13","guid":{"rendered":"https:\/\/kuzar.es\/producto\/barandillas-quitamiedos\/"},"modified":"2019-10-08T13:37:35","modified_gmt":"2019-10-08T11:37:35","slug":"handrails","status":"publish","type":"product","link":"https:\/\/kuzar.es\/en\/producto\/handrails\/","title":{"rendered":"HANDRAILS"},"content":{"rendered":"<div class=\"wpb-content-wrapper\">[vc_row][vc_column][vc_column_text]\n<table class=\"shop_attributes\">\n<tbody>\n<tr>\n<th>WIDTH (m)<\/th>\n<td>VH0.5 \u2026\u2026.0.5m<\/p>\n<p>VH1 \u2026\u2026\u2026\u2026. 1m<\/p>\n<p>VH2 \u2026\u2026\u2026\u2026. 2m<\/td>\n<\/tr>\n<\/tbody>\n<\/table>\n[\/vc_column_text][\/vc_column][\/vc_row]\n<\/div>","protected":false},"excerpt":{"rendered":"[vc_row][vc_column][vc_column_text] WIDTH (m) VH0.5 \u2026\u2026.0.5m VH1 \u2026\u2026\u2026\u2026. 1m VH2 \u2026\u2026\u2026\u2026. 2m [\/vc_column_text][\/vc_column][\/vc_row]\n","protected":false},"featured_media":7492,"comment_status":"closed","ping_status":"closed","template":"","meta":{"_exactmetrics_skip_tracking":false,"_exactmetrics_sitenote_active":false,"_exactmetrics_sitenote_note":"","_exactmetrics_sitenote_category":0},"product_brand":[],"product_cat":[187,189],"product_tag":[],"class_list":{"0":"post-3270","1":"product","2":"type-product","3":"status-publish","4":"has-post-thumbnail","6":"product_cat-decks-and-stages","7":"product_cat-handrails","9":"first","10":"instock","11":"shipping-taxable","12":"product-type-simple"},"yoast_head":"<!-- This site is optimized with the Yoast SEO plugin v26.9 - https:\/\/yoast.com\/product\/yoast-seo-wordpress\/ -->\n<title>HANDRAILS - Kuzar - Torres elevadoras y estructuras met\u00e1licas<\/title>\n<meta name=\"description\" content=\"[vc_row][vc_column][vc_column_text] WIDTH (m) VH0.5 \u2026\u2026.0.5m VH1 \u2026\u2026\u2026\u2026. 1m VH2 \u2026\u2026\u2026\u2026. 2m [\/vc_column_text][\/vc_column][\/vc_row]\" \/>\n<meta name=\"robots\" content=\"index, follow, max-snippet:-1, max-image-preview:large, max-video-preview:-1\" \/>\n<link rel=\"canonical\" href=\"https:\/\/kuzar.es\/en\/producto\/handrails\/\" \/>\n<meta property=\"og:locale\" content=\"en_US\" \/>\n<meta property=\"og:type\" content=\"article\" \/>\n<meta property=\"og:title\" content=\"HANDRAILS - Kuzar - Torres elevadoras y estructuras met\u00e1licas\" \/>\n<meta property=\"og:description\" content=\"[vc_row][vc_column][vc_column_text] WIDTH (m) VH0.5 \u2026\u2026.0.5m VH1 \u2026\u2026\u2026\u2026. 1m VH2 \u2026\u2026\u2026\u2026. 2m [\/vc_column_text][\/vc_column][\/vc_row]\" \/>\n<meta property=\"og:url\" content=\"https:\/\/kuzar.es\/en\/producto\/handrails\/\" \/>\n<meta property=\"og:site_name\" content=\"Kuzar - Torres elevadoras y estructuras met\u00e1licas\" \/>\n<meta property=\"article:modified_time\" content=\"2019-10-08T11:37:35+00:00\" \/>\n<meta property=\"og:image\" content=\"https:\/\/kuzar.es\/wp-content\/uploads\/2019\/09\/VH-1.jpg\" \/>\n\t<meta property=\"og:image:width\" content=\"1000\" \/>\n\t<meta property=\"og:image:height\" content=\"873\" \/>\n\t<meta property=\"og:image:type\" content=\"image\/jpeg\" \/>\n<meta name=\"twitter:card\" content=\"summary_large_image\" \/>\n<script type=\"application\/ld+json\" class=\"yoast-schema-graph\">{\"@context\":\"https:\/\/schema.org\",\"@graph\":[{\"@type\":\"WebPage\",\"@id\":\"https:\/\/kuzar.es\/en\/producto\/handrails\/\",\"url\":\"https:\/\/kuzar.es\/en\/producto\/handrails\/\",\"name\":\"HANDRAILS - Kuzar - Torres elevadoras y estructuras met\u00e1licas\",\"isPartOf\":{\"@id\":\"https:\/\/kuzar.es\/#website\"},\"primaryImageOfPage\":{\"@id\":\"https:\/\/kuzar.es\/en\/producto\/handrails\/#primaryimage\"},\"image\":{\"@id\":\"https:\/\/kuzar.es\/en\/producto\/handrails\/#primaryimage\"},\"thumbnailUrl\":\"https:\/\/kuzar.es\/wp-content\/uploads\/2019\/09\/VH-1.jpg\",\"datePublished\":\"2019-09-17T10:50:13+00:00\",\"dateModified\":\"2019-10-08T11:37:35+00:00\",\"description\":\"[vc_row][vc_column][vc_column_text] WIDTH (m) VH0.5 \u2026\u2026.0.5m VH1 \u2026\u2026\u2026\u2026. 1m VH2 \u2026\u2026\u2026\u2026. 2m [\/vc_column_text][\/vc_column][\/vc_row]\",\"breadcrumb\":{\"@id\":\"https:\/\/kuzar.es\/en\/producto\/handrails\/#breadcrumb\"},\"inLanguage\":\"en-US\",\"potentialAction\":[{\"@type\":\"ReadAction\",\"target\":[\"https:\/\/kuzar.es\/en\/producto\/handrails\/\"]}]},{\"@type\":\"ImageObject\",\"inLanguage\":\"en-US\",\"@id\":\"https:\/\/kuzar.es\/en\/producto\/handrails\/#primaryimage\",\"url\":\"https:\/\/kuzar.es\/wp-content\/uploads\/2019\/09\/VH-1.jpg\",\"contentUrl\":\"https:\/\/kuzar.es\/wp-content\/uploads\/2019\/09\/VH-1.jpg\",\"width\":1000,\"height\":873,\"caption\":\"HANDRAILS\"},{\"@type\":\"BreadcrumbList\",\"@id\":\"https:\/\/kuzar.es\/en\/producto\/handrails\/#breadcrumb\",\"itemListElement\":[{\"@type\":\"ListItem\",\"position\":1,\"name\":\"Portada\",\"item\":\"https:\/\/kuzar.es\/en\/\"},{\"@type\":\"ListItem\",\"position\":2,\"name\":\"Tienda\",\"item\":\"https:\/\/kuzar.es\/tienda\/\"},{\"@type\":\"ListItem\",\"position\":3,\"name\":\"HANDRAILS\"}]},{\"@type\":\"WebSite\",\"@id\":\"https:\/\/kuzar.es\/#website\",\"url\":\"https:\/\/kuzar.es\/\",\"name\":\"Kuzar - Torres elevadoras y estructuras met\u00e1licas\",\"description\":\"Fabricaci\u00f3n de torres elevadoras, estructuras met\u00e1licas e iluminaci\u00f3n para espect\u00e1culos y eventos\",\"potentialAction\":[{\"@type\":\"SearchAction\",\"target\":{\"@type\":\"EntryPoint\",\"urlTemplate\":\"https:\/\/kuzar.es\/?s={search_term_string}\"},\"query-input\":{\"@type\":\"PropertyValueSpecification\",\"valueRequired\":true,\"valueName\":\"search_term_string\"}}],\"inLanguage\":\"en-US\"}]}<\/script>\n<!-- \/ Yoast SEO plugin. -->","yoast_head_json":{"title":"HANDRAILS - Kuzar - Torres elevadoras y estructuras met\u00e1licas","description":"[vc_row][vc_column][vc_column_text] WIDTH (m) VH0.5 \u2026\u2026.0.5m VH1 \u2026\u2026\u2026\u2026. 1m VH2 \u2026\u2026\u2026\u2026. 2m [\/vc_column_text][\/vc_column][\/vc_row]","robots":{"index":"index","follow":"follow","max-snippet":"max-snippet:-1","max-image-preview":"max-image-preview:large","max-video-preview":"max-video-preview:-1"},"canonical":"https:\/\/kuzar.es\/en\/producto\/handrails\/","og_locale":"en_US","og_type":"article","og_title":"HANDRAILS - Kuzar - Torres elevadoras y estructuras met\u00e1licas","og_description":"[vc_row][vc_column][vc_column_text] WIDTH (m) VH0.5 \u2026\u2026.0.5m VH1 \u2026\u2026\u2026\u2026. 1m VH2 \u2026\u2026\u2026\u2026. 2m [\/vc_column_text][\/vc_column][\/vc_row]","og_url":"https:\/\/kuzar.es\/en\/producto\/handrails\/","og_site_name":"Kuzar - Torres elevadoras y estructuras met\u00e1licas","article_modified_time":"2019-10-08T11:37:35+00:00","og_image":[{"width":1000,"height":873,"url":"https:\/\/kuzar.es\/wp-content\/uploads\/2019\/09\/VH-1.jpg","type":"image\/jpeg"}],"twitter_card":"summary_large_image","schema":{"@context":"https:\/\/schema.org","@graph":[{"@type":"WebPage","@id":"https:\/\/kuzar.es\/en\/producto\/handrails\/","url":"https:\/\/kuzar.es\/en\/producto\/handrails\/","name":"HANDRAILS - Kuzar - Torres elevadoras y estructuras met\u00e1licas","isPartOf":{"@id":"https:\/\/kuzar.es\/#website"},"primaryImageOfPage":{"@id":"https:\/\/kuzar.es\/en\/producto\/handrails\/#primaryimage"},"image":{"@id":"https:\/\/kuzar.es\/en\/producto\/handrails\/#primaryimage"},"thumbnailUrl":"https:\/\/kuzar.es\/wp-content\/uploads\/2019\/09\/VH-1.jpg","datePublished":"2019-09-17T10:50:13+00:00","dateModified":"2019-10-08T11:37:35+00:00","description":"[vc_row][vc_column][vc_column_text] WIDTH (m) VH0.5 \u2026\u2026.0.5m VH1 \u2026\u2026\u2026\u2026. 1m VH2 \u2026\u2026\u2026\u2026. 2m [\/vc_column_text][\/vc_column][\/vc_row]","breadcrumb":{"@id":"https:\/\/kuzar.es\/en\/producto\/handrails\/#breadcrumb"},"inLanguage":"en-US","potentialAction":[{"@type":"ReadAction","target":["https:\/\/kuzar.es\/en\/producto\/handrails\/"]}]},{"@type":"ImageObject","inLanguage":"en-US","@id":"https:\/\/kuzar.es\/en\/producto\/handrails\/#primaryimage","url":"https:\/\/kuzar.es\/wp-content\/uploads\/2019\/09\/VH-1.jpg","contentUrl":"https:\/\/kuzar.es\/wp-content\/uploads\/2019\/09\/VH-1.jpg","width":1000,"height":873,"caption":"HANDRAILS"},{"@type":"BreadcrumbList","@id":"https:\/\/kuzar.es\/en\/producto\/handrails\/#breadcrumb","itemListElement":[{"@type":"ListItem","position":1,"name":"Portada","item":"https:\/\/kuzar.es\/en\/"},{"@type":"ListItem","position":2,"name":"Tienda","item":"https:\/\/kuzar.es\/tienda\/"},{"@type":"ListItem","position":3,"name":"HANDRAILS"}]},{"@type":"WebSite","@id":"https:\/\/kuzar.es\/#website","url":"https:\/\/kuzar.es\/","name":"Kuzar - Torres elevadoras y estructuras met\u00e1licas","description":"Fabricaci\u00f3n de torres elevadoras, estructuras met\u00e1licas e iluminaci\u00f3n para espect\u00e1culos y eventos","potentialAction":[{"@type":"SearchAction","target":{"@type":"EntryPoint","urlTemplate":"https:\/\/kuzar.es\/?s={search_term_string}"},"query-input":{"@type":"PropertyValueSpecification","valueRequired":true,"valueName":"search_term_string"}}],"inLanguage":"en-US"}]}},"_links":{"self":[{"href":"https:\/\/kuzar.es\/en\/wp-json\/wp\/v2\/product\/3270","targetHints":{"allow":["GET"]}}],"collection":[{"href":"https:\/\/kuzar.es\/en\/wp-json\/wp\/v2\/product"}],"about":[{"href":"https:\/\/kuzar.es\/en\/wp-json\/wp\/v2\/types\/product"}],"replies":[{"embeddable":true,"href":"https:\/\/kuzar.es\/en\/wp-json\/wp\/v2\/comments?post=3270"}],"wp:featuredmedia":[{"embeddable":true,"href":"https:\/\/kuzar.es\/en\/wp-json\/wp\/v2\/media\/7492"}],"wp:attachment":[{"href":"https:\/\/kuzar.es\/en\/wp-json\/wp\/v2\/media?parent=3270"}],"wp:term":[{"taxonomy":"product_brand","embeddable":true,"href":"https:\/\/kuzar.es\/en\/wp-json\/wp\/v2\/product_brand?post=3270"},{"taxonomy":"product_cat","embeddable":true,"href":"https:\/\/kuzar.es\/en\/wp-json\/wp\/v2\/product_cat?post=3270"},{"taxonomy":"product_tag","embeddable":true,"href":"https:\/\/kuzar.es\/en\/wp-json\/wp\/v2\/product_tag?post=3270"}],"curies":[{"name":"wp","href":"https:\/\/api.w.org\/{rel}","templated":true}]}}