{"id":3267,"date":"2019-09-17T13:19:45","date_gmt":"2019-09-17T11:19:45","guid":{"rendered":"https:\/\/kuzar.es\/producto\/conector-2-patas-tarima\/"},"modified":"2019-10-08T14:16:27","modified_gmt":"2019-10-08T12:16:27","slug":"connector-2-legs-stage-deck","status":"publish","type":"product","link":"https:\/\/kuzar.es\/en\/producto\/connector-2-legs-stage-deck\/","title":{"rendered":"CONNECTOR 2 LEGS STAGE DECK"},"content":{"rendered":"","protected":false},"excerpt":{"rendered":"","protected":false},"featured_media":2721,"comment_status":"closed","ping_status":"closed","template":"","meta":{"_exactmetrics_skip_tracking":false,"_exactmetrics_sitenote_active":false,"_exactmetrics_sitenote_note":"","_exactmetrics_sitenote_category":0},"product_brand":[],"product_cat":[187,188],"product_tag":[],"class_list":{"0":"post-3267","1":"product","2":"type-product","3":"status-publish","4":"has-post-thumbnail","6":"product_cat-decks-and-stages","7":"product_cat-accessories-decks-and-stages","9":"first","10":"instock","11":"shipping-taxable","12":"product-type-simple"},"yoast_head":"<!-- This site is optimized with the Yoast SEO plugin v26.9 - https:\/\/yoast.com\/product\/yoast-seo-wordpress\/ -->\n<title>CONNECTOR 2 LEGS STAGE DECK - Kuzar - Torres elevadoras y estructuras met\u00e1licas<\/title>\n<meta name=\"description\" content=\"CONNECTOR 2 LEGS STAGE DECK\" \/>\n<meta name=\"robots\" content=\"index, follow, max-snippet:-1, max-image-preview:large, max-video-preview:-1\" \/>\n<link rel=\"canonical\" href=\"https:\/\/kuzar.es\/en\/producto\/connector-2-legs-stage-deck\/\" \/>\n<meta property=\"og:locale\" content=\"en_US\" \/>\n<meta property=\"og:type\" content=\"article\" \/>\n<meta property=\"og:title\" content=\"CONNECTOR 2 LEGS STAGE DECK - Kuzar - Torres elevadoras y estructuras met\u00e1licas\" \/>\n<meta property=\"og:description\" content=\"CONNECTOR 2 LEGS STAGE DECK\" \/>\n<meta property=\"og:url\" content=\"https:\/\/kuzar.es\/en\/producto\/connector-2-legs-stage-deck\/\" \/>\n<meta property=\"og:site_name\" content=\"Kuzar - Torres elevadoras y estructuras met\u00e1licas\" \/>\n<meta property=\"article:modified_time\" content=\"2019-10-08T12:16:27+00:00\" \/>\n<meta property=\"og:image\" content=\"https:\/\/kuzar.es\/wp-content\/uploads\/2019\/09\/LEG-TO-LEG-CLAMP-2legs.jpg\" \/>\n\t<meta property=\"og:image:width\" content=\"800\" \/>\n\t<meta property=\"og:image:height\" content=\"600\" \/>\n\t<meta property=\"og:image:type\" content=\"image\/jpeg\" \/>\n<meta name=\"twitter:card\" content=\"summary_large_image\" \/>\n<script type=\"application\/ld+json\" class=\"yoast-schema-graph\">{\"@context\":\"https:\/\/schema.org\",\"@graph\":[{\"@type\":\"WebPage\",\"@id\":\"https:\/\/kuzar.es\/en\/producto\/connector-2-legs-stage-deck\/\",\"url\":\"https:\/\/kuzar.es\/en\/producto\/connector-2-legs-stage-deck\/\",\"name\":\"CONNECTOR 2 LEGS STAGE DECK - Kuzar - Torres elevadoras y estructuras met\u00e1licas\",\"isPartOf\":{\"@id\":\"https:\/\/kuzar.es\/#website\"},\"primaryImageOfPage\":{\"@id\":\"https:\/\/kuzar.es\/en\/producto\/connector-2-legs-stage-deck\/#primaryimage\"},\"image\":{\"@id\":\"https:\/\/kuzar.es\/en\/producto\/connector-2-legs-stage-deck\/#primaryimage\"},\"thumbnailUrl\":\"https:\/\/kuzar.es\/wp-content\/uploads\/2019\/09\/LEG-TO-LEG-CLAMP-2legs.jpg\",\"datePublished\":\"2019-09-17T11:19:45+00:00\",\"dateModified\":\"2019-10-08T12:16:27+00:00\",\"description\":\"CONNECTOR 2 LEGS STAGE DECK\",\"breadcrumb\":{\"@id\":\"https:\/\/kuzar.es\/en\/producto\/connector-2-legs-stage-deck\/#breadcrumb\"},\"inLanguage\":\"en-US\",\"potentialAction\":[{\"@type\":\"ReadAction\",\"target\":[\"https:\/\/kuzar.es\/en\/producto\/connector-2-legs-stage-deck\/\"]}]},{\"@type\":\"ImageObject\",\"inLanguage\":\"en-US\",\"@id\":\"https:\/\/kuzar.es\/en\/producto\/connector-2-legs-stage-deck\/#primaryimage\",\"url\":\"https:\/\/kuzar.es\/wp-content\/uploads\/2019\/09\/LEG-TO-LEG-CLAMP-2legs.jpg\",\"contentUrl\":\"https:\/\/kuzar.es\/wp-content\/uploads\/2019\/09\/LEG-TO-LEG-CLAMP-2legs.jpg\",\"width\":800,\"height\":600,\"caption\":\"CONNECTOR 2 LEGS STAGE DECK\"},{\"@type\":\"BreadcrumbList\",\"@id\":\"https:\/\/kuzar.es\/en\/producto\/connector-2-legs-stage-deck\/#breadcrumb\",\"itemListElement\":[{\"@type\":\"ListItem\",\"position\":1,\"name\":\"Portada\",\"item\":\"https:\/\/kuzar.es\/en\/\"},{\"@type\":\"ListItem\",\"position\":2,\"name\":\"Tienda\",\"item\":\"https:\/\/kuzar.es\/tienda\/\"},{\"@type\":\"ListItem\",\"position\":3,\"name\":\"CONNECTOR 2 LEGS STAGE DECK\"}]},{\"@type\":\"WebSite\",\"@id\":\"https:\/\/kuzar.es\/#website\",\"url\":\"https:\/\/kuzar.es\/\",\"name\":\"Kuzar - Torres elevadoras y estructuras met\u00e1licas\",\"description\":\"Fabricaci\u00f3n de torres elevadoras, estructuras met\u00e1licas e iluminaci\u00f3n para espect\u00e1culos y eventos\",\"potentialAction\":[{\"@type\":\"SearchAction\",\"target\":{\"@type\":\"EntryPoint\",\"urlTemplate\":\"https:\/\/kuzar.es\/?s={search_term_string}\"},\"query-input\":{\"@type\":\"PropertyValueSpecification\",\"valueRequired\":true,\"valueName\":\"search_term_string\"}}],\"inLanguage\":\"en-US\"}]}<\/script>\n<!-- \/ Yoast SEO plugin. -->","yoast_head_json":{"title":"CONNECTOR 2 LEGS STAGE DECK - Kuzar - Torres elevadoras y estructuras met\u00e1licas","description":"CONNECTOR 2 LEGS STAGE DECK","robots":{"index":"index","follow":"follow","max-snippet":"max-snippet:-1","max-image-preview":"max-image-preview:large","max-video-preview":"max-video-preview:-1"},"canonical":"https:\/\/kuzar.es\/en\/producto\/connector-2-legs-stage-deck\/","og_locale":"en_US","og_type":"article","og_title":"CONNECTOR 2 LEGS STAGE DECK - Kuzar - Torres elevadoras y estructuras met\u00e1licas","og_description":"CONNECTOR 2 LEGS STAGE DECK","og_url":"https:\/\/kuzar.es\/en\/producto\/connector-2-legs-stage-deck\/","og_site_name":"Kuzar - Torres elevadoras y estructuras met\u00e1licas","article_modified_time":"2019-10-08T12:16:27+00:00","og_image":[{"width":800,"height":600,"url":"https:\/\/kuzar.es\/wp-content\/uploads\/2019\/09\/LEG-TO-LEG-CLAMP-2legs.jpg","type":"image\/jpeg"}],"twitter_card":"summary_large_image","schema":{"@context":"https:\/\/schema.org","@graph":[{"@type":"WebPage","@id":"https:\/\/kuzar.es\/en\/producto\/connector-2-legs-stage-deck\/","url":"https:\/\/kuzar.es\/en\/producto\/connector-2-legs-stage-deck\/","name":"CONNECTOR 2 LEGS STAGE DECK - Kuzar - Torres elevadoras y estructuras met\u00e1licas","isPartOf":{"@id":"https:\/\/kuzar.es\/#website"},"primaryImageOfPage":{"@id":"https:\/\/kuzar.es\/en\/producto\/connector-2-legs-stage-deck\/#primaryimage"},"image":{"@id":"https:\/\/kuzar.es\/en\/producto\/connector-2-legs-stage-deck\/#primaryimage"},"thumbnailUrl":"https:\/\/kuzar.es\/wp-content\/uploads\/2019\/09\/LEG-TO-LEG-CLAMP-2legs.jpg","datePublished":"2019-09-17T11:19:45+00:00","dateModified":"2019-10-08T12:16:27+00:00","description":"CONNECTOR 2 LEGS STAGE DECK","breadcrumb":{"@id":"https:\/\/kuzar.es\/en\/producto\/connector-2-legs-stage-deck\/#breadcrumb"},"inLanguage":"en-US","potentialAction":[{"@type":"ReadAction","target":["https:\/\/kuzar.es\/en\/producto\/connector-2-legs-stage-deck\/"]}]},{"@type":"ImageObject","inLanguage":"en-US","@id":"https:\/\/kuzar.es\/en\/producto\/connector-2-legs-stage-deck\/#primaryimage","url":"https:\/\/kuzar.es\/wp-content\/uploads\/2019\/09\/LEG-TO-LEG-CLAMP-2legs.jpg","contentUrl":"https:\/\/kuzar.es\/wp-content\/uploads\/2019\/09\/LEG-TO-LEG-CLAMP-2legs.jpg","width":800,"height":600,"caption":"CONNECTOR 2 LEGS STAGE DECK"},{"@type":"BreadcrumbList","@id":"https:\/\/kuzar.es\/en\/producto\/connector-2-legs-stage-deck\/#breadcrumb","itemListElement":[{"@type":"ListItem","position":1,"name":"Portada","item":"https:\/\/kuzar.es\/en\/"},{"@type":"ListItem","position":2,"name":"Tienda","item":"https:\/\/kuzar.es\/tienda\/"},{"@type":"ListItem","position":3,"name":"CONNECTOR 2 LEGS STAGE DECK"}]},{"@type":"WebSite","@id":"https:\/\/kuzar.es\/#website","url":"https:\/\/kuzar.es\/","name":"Kuzar - Torres elevadoras y estructuras met\u00e1licas","description":"Fabricaci\u00f3n de torres elevadoras, estructuras met\u00e1licas e iluminaci\u00f3n para espect\u00e1culos y eventos","potentialAction":[{"@type":"SearchAction","target":{"@type":"EntryPoint","urlTemplate":"https:\/\/kuzar.es\/?s={search_term_string}"},"query-input":{"@type":"PropertyValueSpecification","valueRequired":true,"valueName":"search_term_string"}}],"inLanguage":"en-US"}]}},"_links":{"self":[{"href":"https:\/\/kuzar.es\/en\/wp-json\/wp\/v2\/product\/3267","targetHints":{"allow":["GET"]}}],"collection":[{"href":"https:\/\/kuzar.es\/en\/wp-json\/wp\/v2\/product"}],"about":[{"href":"https:\/\/kuzar.es\/en\/wp-json\/wp\/v2\/types\/product"}],"replies":[{"embeddable":true,"href":"https:\/\/kuzar.es\/en\/wp-json\/wp\/v2\/comments?post=3267"}],"wp:featuredmedia":[{"embeddable":true,"href":"https:\/\/kuzar.es\/en\/wp-json\/wp\/v2\/media\/2721"}],"wp:attachment":[{"href":"https:\/\/kuzar.es\/en\/wp-json\/wp\/v2\/media?parent=3267"}],"wp:term":[{"taxonomy":"product_brand","embeddable":true,"href":"https:\/\/kuzar.es\/en\/wp-json\/wp\/v2\/product_brand?post=3267"},{"taxonomy":"product_cat","embeddable":true,"href":"https:\/\/kuzar.es\/en\/wp-json\/wp\/v2\/product_cat?post=3267"},{"taxonomy":"product_tag","embeddable":true,"href":"https:\/\/kuzar.es\/en\/wp-json\/wp\/v2\/product_tag?post=3267"}],"curies":[{"name":"wp","href":"https:\/\/api.w.org\/{rel}","templated":true}]}}