{"id":3125,"date":"2019-08-11T16:52:11","date_gmt":"2019-08-11T14:52:11","guid":{"rendered":"https:\/\/kuzar.es\/producto\/truss-paralelo-25-tsg-25-1\/"},"modified":"2023-11-02T09:11:55","modified_gmt":"2023-11-02T08:11:55","slug":"parallel-truss-25-tsg-25-1","status":"publish","type":"product","link":"https:\/\/kuzar.es\/en\/producto\/parallel-truss-25-tsg-25-1\/","title":{"rendered":"Ladder Truss 25 TSG-25\/1"},"content":{"rendered":"<div class=\"wpb-content-wrapper\">[vc_row css=&#8221;.vc_custom_1563965140483{padding-bottom: 2% !important;}&#8221;][vc_column][vc_row_inner][vc_column_inner width=&#8221;1\/3&#8243;][vc_btn title=&#8221;DATA SHEET TSG 25&#8243; style=&#8221;flat&#8221; shape=&#8221;square&#8221; color=&#8221;primary&#8221; align=&#8221;center&#8221; i_icon_fontawesome=&#8221;fa fa-file-text-o&#8221; button_block=&#8221;true&#8221; add_icon=&#8221;true&#8221; link=&#8221;url:https%3A%2F%2Fkuzar.es%2Fwp-content%2Fuploads%2F2019%2F08%2FTruss-paralelo-25cm-Kuzar-data-sheet-1-1.pdf||target:%20_blank|&#8221;][\/vc_column_inner][vc_column_inner width=&#8221;1\/3&#8243;][vc_btn title=&#8221;CERTIFICATE TSG 25&#8243; style=&#8221;flat&#8221; shape=&#8221;square&#8221; color=&#8221;primary&#8221; align=&#8221;center&#8221; i_icon_fontawesome=&#8221;fa fa-file-text-o&#8221; button_block=&#8221;true&#8221; add_icon=&#8221;true&#8221; link=&#8221;url:https%3A%2F%2Fkuzar.es%2Fwp-content%2Fuploads%2F2023%2F11%2FKUZAR-CE-TSG-25-09-23-1.pdf||target:%20_blank|&#8221;][\/vc_column_inner][vc_column_inner width=&#8221;1\/3&#8243;][\/vc_column_inner][\/vc_row_inner][\/vc_column][\/vc_row]\n<\/div>","protected":false},"excerpt":{"rendered":"[vc_row css=&#8221;.vc_custom_1563965140483{padding-bottom: 2% !important;}&#8221;][vc_column][vc_row_inner][vc_column_inner width=&#8221;1\/3&#8243;][vc_btn title=&#8221;DATA SHEET TSG 25&#8243; style=&#8221;flat&#8221; shape=&#8221;square&#8221; color=&#8221;primary&#8221; align=&#8221;center&#8221; i_icon_fontawesome=&#8221;fa fa-file-text-o&#8221; button_block=&#8221;true&#8221; add_icon=&#8221;true&#8221; link=&#8221;url:https%3A%2F%2Fkuzar.es%2Fwp-content%2Fuploads%2F2019%2F08%2FTruss-paralelo-25cm-Kuzar-data-sheet-1-1.pdf||target:%20_blank|&#8221;][\/vc_column_inner][vc_column_inner width=&#8221;1\/3&#8243;][vc_btn title=&#8221;CERTIFICATE TSG 25&#8243; style=&#8221;flat&#8221; shape=&#8221;square&#8221; color=&#8221;primary&#8221; align=&#8221;center&#8221; i_icon_fontawesome=&#8221;fa fa-file-text-o&#8221; button_block=&#8221;true&#8221; add_icon=&#8221;true&#8221; link=&#8221;url:https%3A%2F%2Fkuzar.es%2Fwp-content%2Fuploads%2F2023%2F11%2FKUZAR-CE-TSG-25-09-23-1.pdf||target:%20_blank|&#8221;][\/vc_column_inner][vc_column_inner width=&#8221;1\/3&#8243;][\/vc_column_inner][\/vc_row_inner][\/vc_column][\/vc_row]\n","protected":false},"featured_media":2649,"comment_status":"closed","ping_status":"closed","template":"","meta":{"_exactmetrics_skip_tracking":false,"_exactmetrics_sitenote_active":false,"_exactmetrics_sitenote_note":"","_exactmetrics_sitenote_category":0},"product_brand":[],"product_cat":[174,175,177],"product_tag":[233,234,236,248,215,258],"class_list":{"0":"post-3125","1":"product","2":"type-product","3":"status-publish","4":"has-post-thumbnail","6":"product_cat-truss-systems","7":"product_cat-truss-25cm-en","8":"product_cat-ladder-25cm","9":"product_tag-25cm-en","10":"product_tag-aluminio-en","11":"product_tag-estructuras-en","12":"product_tag-paralelo-en","13":"product_tag-truss-en","14":"product_tag-tsg-25-1-en","16":"first","17":"instock","18":"shipping-taxable","19":"product-type-simple"},"yoast_head":"<!-- This site is optimized with the Yoast SEO plugin v26.9 - https:\/\/yoast.com\/product\/yoast-seo-wordpress\/ -->\n<title>Ladder Truss 25 TSG-25\/1 - Kuzar - Torres elevadoras y estructuras met\u00e1licas<\/title>\n<meta name=\"description\" content=\"Explora la Ladder Truss 25 TSG-25\/1 con datos y certificaci\u00f3n. Perfecta para estructuras seguras. \u00a1Descubre m\u00e1s detalles ahora!\" \/>\n<meta name=\"robots\" content=\"index, follow, max-snippet:-1, max-image-preview:large, max-video-preview:-1\" \/>\n<link rel=\"canonical\" href=\"https:\/\/kuzar.es\/en\/producto\/parallel-truss-25-tsg-25-1\/\" \/>\n<meta property=\"og:locale\" content=\"en_US\" \/>\n<meta property=\"og:type\" content=\"article\" \/>\n<meta property=\"og:title\" content=\"Ladder Truss 25 TSG-25\/1 - Kuzar - Torres elevadoras y estructuras met\u00e1licas\" \/>\n<meta property=\"og:description\" content=\"Explora la Ladder Truss 25 TSG-25\/1 con datos y certificaci\u00f3n. Perfecta para estructuras seguras. \u00a1Descubre m\u00e1s detalles ahora!\" \/>\n<meta property=\"og:url\" content=\"https:\/\/kuzar.es\/en\/producto\/parallel-truss-25-tsg-25-1\/\" \/>\n<meta property=\"og:site_name\" content=\"Kuzar - Torres elevadoras y estructuras met\u00e1licas\" \/>\n<meta property=\"article:modified_time\" content=\"2023-11-02T08:11:55+00:00\" \/>\n<meta property=\"og:image\" content=\"https:\/\/kuzar.es\/wp-content\/uploads\/2019\/08\/TSG-25-1.jpg\" \/>\n\t<meta property=\"og:image:width\" content=\"800\" \/>\n\t<meta property=\"og:image:height\" content=\"554\" \/>\n\t<meta property=\"og:image:type\" content=\"image\/jpeg\" \/>\n<meta name=\"twitter:card\" content=\"summary_large_image\" \/>\n<meta name=\"twitter:label1\" content=\"Est. reading time\" \/>\n\t<meta name=\"twitter:data1\" content=\"1 minute\" \/>\n<script type=\"application\/ld+json\" class=\"yoast-schema-graph\">{\"@context\":\"https:\/\/schema.org\",\"@graph\":[{\"@type\":\"WebPage\",\"@id\":\"https:\/\/kuzar.es\/en\/producto\/parallel-truss-25-tsg-25-1\/\",\"url\":\"https:\/\/kuzar.es\/en\/producto\/parallel-truss-25-tsg-25-1\/\",\"name\":\"Ladder Truss 25 TSG-25\/1 - Kuzar - Torres elevadoras y estructuras met\u00e1licas\",\"isPartOf\":{\"@id\":\"https:\/\/kuzar.es\/en\/#website\"},\"primaryImageOfPage\":{\"@id\":\"https:\/\/kuzar.es\/en\/producto\/parallel-truss-25-tsg-25-1\/#primaryimage\"},\"image\":{\"@id\":\"https:\/\/kuzar.es\/en\/producto\/parallel-truss-25-tsg-25-1\/#primaryimage\"},\"thumbnailUrl\":\"https:\/\/kuzar.es\/wp-content\/uploads\/2019\/08\/TSG-25-1.jpg\",\"datePublished\":\"2019-08-11T14:52:11+00:00\",\"dateModified\":\"2023-11-02T08:11:55+00:00\",\"description\":\"Explora la Ladder Truss 25 TSG-25\/1 con datos y certificaci\u00f3n. Perfecta para estructuras seguras. \u00a1Descubre m\u00e1s detalles ahora!\",\"breadcrumb\":{\"@id\":\"https:\/\/kuzar.es\/en\/producto\/parallel-truss-25-tsg-25-1\/#breadcrumb\"},\"inLanguage\":\"en-US\",\"potentialAction\":[{\"@type\":\"ReadAction\",\"target\":[\"https:\/\/kuzar.es\/en\/producto\/parallel-truss-25-tsg-25-1\/\"]}]},{\"@type\":\"ImageObject\",\"inLanguage\":\"en-US\",\"@id\":\"https:\/\/kuzar.es\/en\/producto\/parallel-truss-25-tsg-25-1\/#primaryimage\",\"url\":\"https:\/\/kuzar.es\/wp-content\/uploads\/2019\/08\/TSG-25-1.jpg\",\"contentUrl\":\"https:\/\/kuzar.es\/wp-content\/uploads\/2019\/08\/TSG-25-1.jpg\",\"width\":800,\"height\":554,\"caption\":\"Ladder Truss 25 TSG-25\/1\"},{\"@type\":\"BreadcrumbList\",\"@id\":\"https:\/\/kuzar.es\/en\/producto\/parallel-truss-25-tsg-25-1\/#breadcrumb\",\"itemListElement\":[{\"@type\":\"ListItem\",\"position\":1,\"name\":\"Portada\",\"item\":\"https:\/\/kuzar.es\/en\/\"},{\"@type\":\"ListItem\",\"position\":2,\"name\":\"Tienda\",\"item\":\"https:\/\/kuzar.es\/tienda\/\"},{\"@type\":\"ListItem\",\"position\":3,\"name\":\"Ladder Truss 25 TSG-25\/1\"}]},{\"@type\":\"WebSite\",\"@id\":\"https:\/\/kuzar.es\/en\/#website\",\"url\":\"https:\/\/kuzar.es\/en\/\",\"name\":\"Kuzar - Torres elevadoras y estructuras met\u00e1licas\",\"description\":\"Fabricaci\u00f3n de torres elevadoras, estructuras met\u00e1licas e iluminaci\u00f3n para espect\u00e1culos y eventos\",\"potentialAction\":[{\"@type\":\"SearchAction\",\"target\":{\"@type\":\"EntryPoint\",\"urlTemplate\":\"https:\/\/kuzar.es\/en\/?s={search_term_string}\"},\"query-input\":{\"@type\":\"PropertyValueSpecification\",\"valueRequired\":true,\"valueName\":\"search_term_string\"}}],\"inLanguage\":\"en-US\"}]}<\/script>\n<!-- \/ Yoast SEO plugin. -->","yoast_head_json":{"title":"Ladder Truss 25 TSG-25\/1 - Kuzar - Torres elevadoras y estructuras met\u00e1licas","description":"Explora la Ladder Truss 25 TSG-25\/1 con datos y certificaci\u00f3n. Perfecta para estructuras seguras. \u00a1Descubre m\u00e1s detalles ahora!","robots":{"index":"index","follow":"follow","max-snippet":"max-snippet:-1","max-image-preview":"max-image-preview:large","max-video-preview":"max-video-preview:-1"},"canonical":"https:\/\/kuzar.es\/en\/producto\/parallel-truss-25-tsg-25-1\/","og_locale":"en_US","og_type":"article","og_title":"Ladder Truss 25 TSG-25\/1 - Kuzar - Torres elevadoras y estructuras met\u00e1licas","og_description":"Explora la Ladder Truss 25 TSG-25\/1 con datos y certificaci\u00f3n. Perfecta para estructuras seguras. \u00a1Descubre m\u00e1s detalles ahora!","og_url":"https:\/\/kuzar.es\/en\/producto\/parallel-truss-25-tsg-25-1\/","og_site_name":"Kuzar - Torres elevadoras y estructuras met\u00e1licas","article_modified_time":"2023-11-02T08:11:55+00:00","og_image":[{"width":800,"height":554,"url":"https:\/\/kuzar.es\/wp-content\/uploads\/2019\/08\/TSG-25-1.jpg","type":"image\/jpeg"}],"twitter_card":"summary_large_image","twitter_misc":{"Est. reading time":"1 minute"},"schema":{"@context":"https:\/\/schema.org","@graph":[{"@type":"WebPage","@id":"https:\/\/kuzar.es\/en\/producto\/parallel-truss-25-tsg-25-1\/","url":"https:\/\/kuzar.es\/en\/producto\/parallel-truss-25-tsg-25-1\/","name":"Ladder Truss 25 TSG-25\/1 - Kuzar - Torres elevadoras y estructuras met\u00e1licas","isPartOf":{"@id":"https:\/\/kuzar.es\/en\/#website"},"primaryImageOfPage":{"@id":"https:\/\/kuzar.es\/en\/producto\/parallel-truss-25-tsg-25-1\/#primaryimage"},"image":{"@id":"https:\/\/kuzar.es\/en\/producto\/parallel-truss-25-tsg-25-1\/#primaryimage"},"thumbnailUrl":"https:\/\/kuzar.es\/wp-content\/uploads\/2019\/08\/TSG-25-1.jpg","datePublished":"2019-08-11T14:52:11+00:00","dateModified":"2023-11-02T08:11:55+00:00","description":"Explora la Ladder Truss 25 TSG-25\/1 con datos y certificaci\u00f3n. Perfecta para estructuras seguras. \u00a1Descubre m\u00e1s detalles ahora!","breadcrumb":{"@id":"https:\/\/kuzar.es\/en\/producto\/parallel-truss-25-tsg-25-1\/#breadcrumb"},"inLanguage":"en-US","potentialAction":[{"@type":"ReadAction","target":["https:\/\/kuzar.es\/en\/producto\/parallel-truss-25-tsg-25-1\/"]}]},{"@type":"ImageObject","inLanguage":"en-US","@id":"https:\/\/kuzar.es\/en\/producto\/parallel-truss-25-tsg-25-1\/#primaryimage","url":"https:\/\/kuzar.es\/wp-content\/uploads\/2019\/08\/TSG-25-1.jpg","contentUrl":"https:\/\/kuzar.es\/wp-content\/uploads\/2019\/08\/TSG-25-1.jpg","width":800,"height":554,"caption":"Ladder Truss 25 TSG-25\/1"},{"@type":"BreadcrumbList","@id":"https:\/\/kuzar.es\/en\/producto\/parallel-truss-25-tsg-25-1\/#breadcrumb","itemListElement":[{"@type":"ListItem","position":1,"name":"Portada","item":"https:\/\/kuzar.es\/en\/"},{"@type":"ListItem","position":2,"name":"Tienda","item":"https:\/\/kuzar.es\/tienda\/"},{"@type":"ListItem","position":3,"name":"Ladder Truss 25 TSG-25\/1"}]},{"@type":"WebSite","@id":"https:\/\/kuzar.es\/en\/#website","url":"https:\/\/kuzar.es\/en\/","name":"Kuzar - Torres elevadoras y estructuras met\u00e1licas","description":"Fabricaci\u00f3n de torres elevadoras, estructuras met\u00e1licas e iluminaci\u00f3n para espect\u00e1culos y eventos","potentialAction":[{"@type":"SearchAction","target":{"@type":"EntryPoint","urlTemplate":"https:\/\/kuzar.es\/en\/?s={search_term_string}"},"query-input":{"@type":"PropertyValueSpecification","valueRequired":true,"valueName":"search_term_string"}}],"inLanguage":"en-US"}]}},"_links":{"self":[{"href":"https:\/\/kuzar.es\/en\/wp-json\/wp\/v2\/product\/3125","targetHints":{"allow":["GET"]}}],"collection":[{"href":"https:\/\/kuzar.es\/en\/wp-json\/wp\/v2\/product"}],"about":[{"href":"https:\/\/kuzar.es\/en\/wp-json\/wp\/v2\/types\/product"}],"replies":[{"embeddable":true,"href":"https:\/\/kuzar.es\/en\/wp-json\/wp\/v2\/comments?post=3125"}],"wp:featuredmedia":[{"embeddable":true,"href":"https:\/\/kuzar.es\/en\/wp-json\/wp\/v2\/media\/2649"}],"wp:attachment":[{"href":"https:\/\/kuzar.es\/en\/wp-json\/wp\/v2\/media?parent=3125"}],"wp:term":[{"taxonomy":"product_brand","embeddable":true,"href":"https:\/\/kuzar.es\/en\/wp-json\/wp\/v2\/product_brand?post=3125"},{"taxonomy":"product_cat","embeddable":true,"href":"https:\/\/kuzar.es\/en\/wp-json\/wp\/v2\/product_cat?post=3125"},{"taxonomy":"product_tag","embeddable":true,"href":"https:\/\/kuzar.es\/en\/wp-json\/wp\/v2\/product_tag?post=3125"}],"curies":[{"name":"wp","href":"https:\/\/api.w.org\/{rel}","templated":true}]}}