{"id":3073,"date":"2019-08-11T17:00:34","date_gmt":"2019-08-11T15:00:34","guid":{"rendered":"https:\/\/kuzar.es\/producto\/truss-cuadrado-25-25cgt-3\/"},"modified":"2019-10-15T12:51:21","modified_gmt":"2019-10-15T10:51:21","slug":"square-truss-25-25cgt-3","status":"publish","type":"product","link":"https:\/\/kuzar.es\/en\/producto\/square-truss-25-25cgt-3\/","title":{"rendered":"Square Truss 25 25CGT-3"},"content":{"rendered":"<div class=\"wpb-content-wrapper\">[vc_row css=&#8221;.vc_custom_1563965140483{padding-bottom: 2% !important;}&#8221;][vc_column][vc_row_inner][vc_column_inner width=&#8221;1\/3&#8243;][vc_btn title=&#8221;DATA SHEET 25CGT-3&#8243; style=&#8221;flat&#8221; shape=&#8221;square&#8221; color=&#8221;primary&#8221; align=&#8221;center&#8221; i_icon_fontawesome=&#8221;fa fa-file-text-o&#8221; button_block=&#8221;true&#8221; add_icon=&#8221;true&#8221; link=&#8221;url:https%3A%2F%2Fkuzar.es%2Fwp-content%2Fuploads%2F2019%2F08%2FTruss-cuadrado-25cm-Kuzar-data-sheet.pdf||target:%20_blank|&#8221;][\/vc_column_inner][vc_column_inner width=&#8221;1\/3&#8243;][\/vc_column_inner][vc_column_inner width=&#8221;1\/3&#8243;][\/vc_column_inner][\/vc_row_inner][\/vc_column][\/vc_row]\n<\/div>","protected":false},"excerpt":{"rendered":"[vc_row css=&#8221;.vc_custom_1563965140483{padding-bottom: 2% !important;}&#8221;][vc_column][vc_row_inner][vc_column_inner width=&#8221;1\/3&#8243;][vc_btn title=&#8221;DATA SHEET 25CGT-3&#8243; style=&#8221;flat&#8221; shape=&#8221;square&#8221; color=&#8221;primary&#8221; align=&#8221;center&#8221; i_icon_fontawesome=&#8221;fa fa-file-text-o&#8221; button_block=&#8221;true&#8221; add_icon=&#8221;true&#8221; link=&#8221;url:https%3A%2F%2Fkuzar.es%2Fwp-content%2Fuploads%2F2019%2F08%2FTruss-cuadrado-25cm-Kuzar-data-sheet.pdf||target:%20_blank|&#8221;][\/vc_column_inner][vc_column_inner width=&#8221;1\/3&#8243;][\/vc_column_inner][vc_column_inner width=&#8221;1\/3&#8243;][\/vc_column_inner][\/vc_row_inner][\/vc_column][\/vc_row]\n","protected":false},"featured_media":2653,"comment_status":"closed","ping_status":"closed","template":"","meta":{"_exactmetrics_skip_tracking":false,"_exactmetrics_sitenote_active":false,"_exactmetrics_sitenote_note":"","_exactmetrics_sitenote_category":0},"product_brand":[],"product_cat":[174,175,176],"product_tag":[239,233,234,235,236,215],"class_list":{"0":"post-3073","1":"product","2":"type-product","3":"status-publish","4":"has-post-thumbnail","6":"product_cat-truss-systems","7":"product_cat-truss-25cm-en","8":"product_cat-square-25cm","9":"product_tag-25cgt-3-en","10":"product_tag-25cm-en","11":"product_tag-aluminio-en","12":"product_tag-cuadrado-en","13":"product_tag-estructuras-en","14":"product_tag-truss-en","16":"first","17":"instock","18":"shipping-taxable","19":"product-type-simple"},"yoast_head":"<!-- This site is optimized with the Yoast SEO plugin v26.9 - https:\/\/yoast.com\/product\/yoast-seo-wordpress\/ -->\n<title>Square Truss 25 25CGT-3 - Kuzar - Torres elevadoras y estructuras met\u00e1licas<\/title>\n<meta name=\"description\" content=\"Descubre el Square Truss 25 25CGT-3: estructura robusta y vers\u00e1til. Consulta la hoja de datos para m\u00e1s informaci\u00f3n y especificaciones.\" \/>\n<meta name=\"robots\" content=\"index, follow, max-snippet:-1, max-image-preview:large, max-video-preview:-1\" \/>\n<link rel=\"canonical\" href=\"https:\/\/kuzar.es\/en\/producto\/square-truss-25-25cgt-3\/\" \/>\n<meta property=\"og:locale\" content=\"en_US\" \/>\n<meta property=\"og:type\" content=\"article\" \/>\n<meta property=\"og:title\" content=\"Square Truss 25 25CGT-3 - Kuzar - Torres elevadoras y estructuras met\u00e1licas\" \/>\n<meta property=\"og:description\" content=\"Descubre el Square Truss 25 25CGT-3: estructura robusta y vers\u00e1til. Consulta la hoja de datos para m\u00e1s informaci\u00f3n y especificaciones.\" \/>\n<meta property=\"og:url\" content=\"https:\/\/kuzar.es\/en\/producto\/square-truss-25-25cgt-3\/\" \/>\n<meta property=\"og:site_name\" content=\"Kuzar - Torres elevadoras y estructuras met\u00e1licas\" \/>\n<meta property=\"article:modified_time\" content=\"2019-10-15T10:51:21+00:00\" \/>\n<meta property=\"og:image\" content=\"https:\/\/kuzar.es\/wp-content\/uploads\/2019\/08\/25CGT-3.jpg\" \/>\n\t<meta property=\"og:image:width\" content=\"800\" \/>\n\t<meta property=\"og:image:height\" content=\"554\" \/>\n\t<meta property=\"og:image:type\" content=\"image\/jpeg\" \/>\n<meta name=\"twitter:card\" content=\"summary_large_image\" \/>\n<script type=\"application\/ld+json\" class=\"yoast-schema-graph\">{\"@context\":\"https:\/\/schema.org\",\"@graph\":[{\"@type\":\"WebPage\",\"@id\":\"https:\/\/kuzar.es\/en\/producto\/square-truss-25-25cgt-3\/\",\"url\":\"https:\/\/kuzar.es\/en\/producto\/square-truss-25-25cgt-3\/\",\"name\":\"Square Truss 25 25CGT-3 - Kuzar - Torres elevadoras y estructuras met\u00e1licas\",\"isPartOf\":{\"@id\":\"https:\/\/kuzar.es\/en\/#website\"},\"primaryImageOfPage\":{\"@id\":\"https:\/\/kuzar.es\/en\/producto\/square-truss-25-25cgt-3\/#primaryimage\"},\"image\":{\"@id\":\"https:\/\/kuzar.es\/en\/producto\/square-truss-25-25cgt-3\/#primaryimage\"},\"thumbnailUrl\":\"https:\/\/kuzar.es\/wp-content\/uploads\/2019\/08\/25CGT-3.jpg\",\"datePublished\":\"2019-08-11T15:00:34+00:00\",\"dateModified\":\"2019-10-15T10:51:21+00:00\",\"description\":\"Descubre el Square Truss 25 25CGT-3: estructura robusta y vers\u00e1til. Consulta la hoja de datos para m\u00e1s informaci\u00f3n y especificaciones.\",\"breadcrumb\":{\"@id\":\"https:\/\/kuzar.es\/en\/producto\/square-truss-25-25cgt-3\/#breadcrumb\"},\"inLanguage\":\"en-US\",\"potentialAction\":[{\"@type\":\"ReadAction\",\"target\":[\"https:\/\/kuzar.es\/en\/producto\/square-truss-25-25cgt-3\/\"]}]},{\"@type\":\"ImageObject\",\"inLanguage\":\"en-US\",\"@id\":\"https:\/\/kuzar.es\/en\/producto\/square-truss-25-25cgt-3\/#primaryimage\",\"url\":\"https:\/\/kuzar.es\/wp-content\/uploads\/2019\/08\/25CGT-3.jpg\",\"contentUrl\":\"https:\/\/kuzar.es\/wp-content\/uploads\/2019\/08\/25CGT-3.jpg\",\"width\":800,\"height\":554,\"caption\":\"Square Truss 25 25CGT-3\"},{\"@type\":\"BreadcrumbList\",\"@id\":\"https:\/\/kuzar.es\/en\/producto\/square-truss-25-25cgt-3\/#breadcrumb\",\"itemListElement\":[{\"@type\":\"ListItem\",\"position\":1,\"name\":\"Portada\",\"item\":\"https:\/\/kuzar.es\/en\/\"},{\"@type\":\"ListItem\",\"position\":2,\"name\":\"Tienda\",\"item\":\"https:\/\/kuzar.es\/tienda\/\"},{\"@type\":\"ListItem\",\"position\":3,\"name\":\"Square Truss 25 25CGT-3\"}]},{\"@type\":\"WebSite\",\"@id\":\"https:\/\/kuzar.es\/en\/#website\",\"url\":\"https:\/\/kuzar.es\/en\/\",\"name\":\"Kuzar - Torres elevadoras y estructuras met\u00e1licas\",\"description\":\"Fabricaci\u00f3n de torres elevadoras, estructuras met\u00e1licas e iluminaci\u00f3n para espect\u00e1culos y eventos\",\"potentialAction\":[{\"@type\":\"SearchAction\",\"target\":{\"@type\":\"EntryPoint\",\"urlTemplate\":\"https:\/\/kuzar.es\/en\/?s={search_term_string}\"},\"query-input\":{\"@type\":\"PropertyValueSpecification\",\"valueRequired\":true,\"valueName\":\"search_term_string\"}}],\"inLanguage\":\"en-US\"}]}<\/script>\n<!-- \/ Yoast SEO plugin. -->","yoast_head_json":{"title":"Square Truss 25 25CGT-3 - Kuzar - Torres elevadoras y estructuras met\u00e1licas","description":"Descubre el Square Truss 25 25CGT-3: estructura robusta y vers\u00e1til. Consulta la hoja de datos para m\u00e1s informaci\u00f3n y especificaciones.","robots":{"index":"index","follow":"follow","max-snippet":"max-snippet:-1","max-image-preview":"max-image-preview:large","max-video-preview":"max-video-preview:-1"},"canonical":"https:\/\/kuzar.es\/en\/producto\/square-truss-25-25cgt-3\/","og_locale":"en_US","og_type":"article","og_title":"Square Truss 25 25CGT-3 - Kuzar - Torres elevadoras y estructuras met\u00e1licas","og_description":"Descubre el Square Truss 25 25CGT-3: estructura robusta y vers\u00e1til. Consulta la hoja de datos para m\u00e1s informaci\u00f3n y especificaciones.","og_url":"https:\/\/kuzar.es\/en\/producto\/square-truss-25-25cgt-3\/","og_site_name":"Kuzar - Torres elevadoras y estructuras met\u00e1licas","article_modified_time":"2019-10-15T10:51:21+00:00","og_image":[{"width":800,"height":554,"url":"https:\/\/kuzar.es\/wp-content\/uploads\/2019\/08\/25CGT-3.jpg","type":"image\/jpeg"}],"twitter_card":"summary_large_image","schema":{"@context":"https:\/\/schema.org","@graph":[{"@type":"WebPage","@id":"https:\/\/kuzar.es\/en\/producto\/square-truss-25-25cgt-3\/","url":"https:\/\/kuzar.es\/en\/producto\/square-truss-25-25cgt-3\/","name":"Square Truss 25 25CGT-3 - Kuzar - Torres elevadoras y estructuras met\u00e1licas","isPartOf":{"@id":"https:\/\/kuzar.es\/en\/#website"},"primaryImageOfPage":{"@id":"https:\/\/kuzar.es\/en\/producto\/square-truss-25-25cgt-3\/#primaryimage"},"image":{"@id":"https:\/\/kuzar.es\/en\/producto\/square-truss-25-25cgt-3\/#primaryimage"},"thumbnailUrl":"https:\/\/kuzar.es\/wp-content\/uploads\/2019\/08\/25CGT-3.jpg","datePublished":"2019-08-11T15:00:34+00:00","dateModified":"2019-10-15T10:51:21+00:00","description":"Descubre el Square Truss 25 25CGT-3: estructura robusta y vers\u00e1til. Consulta la hoja de datos para m\u00e1s informaci\u00f3n y especificaciones.","breadcrumb":{"@id":"https:\/\/kuzar.es\/en\/producto\/square-truss-25-25cgt-3\/#breadcrumb"},"inLanguage":"en-US","potentialAction":[{"@type":"ReadAction","target":["https:\/\/kuzar.es\/en\/producto\/square-truss-25-25cgt-3\/"]}]},{"@type":"ImageObject","inLanguage":"en-US","@id":"https:\/\/kuzar.es\/en\/producto\/square-truss-25-25cgt-3\/#primaryimage","url":"https:\/\/kuzar.es\/wp-content\/uploads\/2019\/08\/25CGT-3.jpg","contentUrl":"https:\/\/kuzar.es\/wp-content\/uploads\/2019\/08\/25CGT-3.jpg","width":800,"height":554,"caption":"Square Truss 25 25CGT-3"},{"@type":"BreadcrumbList","@id":"https:\/\/kuzar.es\/en\/producto\/square-truss-25-25cgt-3\/#breadcrumb","itemListElement":[{"@type":"ListItem","position":1,"name":"Portada","item":"https:\/\/kuzar.es\/en\/"},{"@type":"ListItem","position":2,"name":"Tienda","item":"https:\/\/kuzar.es\/tienda\/"},{"@type":"ListItem","position":3,"name":"Square Truss 25 25CGT-3"}]},{"@type":"WebSite","@id":"https:\/\/kuzar.es\/en\/#website","url":"https:\/\/kuzar.es\/en\/","name":"Kuzar - Torres elevadoras y estructuras met\u00e1licas","description":"Fabricaci\u00f3n de torres elevadoras, estructuras met\u00e1licas e iluminaci\u00f3n para espect\u00e1culos y eventos","potentialAction":[{"@type":"SearchAction","target":{"@type":"EntryPoint","urlTemplate":"https:\/\/kuzar.es\/en\/?s={search_term_string}"},"query-input":{"@type":"PropertyValueSpecification","valueRequired":true,"valueName":"search_term_string"}}],"inLanguage":"en-US"}]}},"_links":{"self":[{"href":"https:\/\/kuzar.es\/en\/wp-json\/wp\/v2\/product\/3073","targetHints":{"allow":["GET"]}}],"collection":[{"href":"https:\/\/kuzar.es\/en\/wp-json\/wp\/v2\/product"}],"about":[{"href":"https:\/\/kuzar.es\/en\/wp-json\/wp\/v2\/types\/product"}],"replies":[{"embeddable":true,"href":"https:\/\/kuzar.es\/en\/wp-json\/wp\/v2\/comments?post=3073"}],"wp:featuredmedia":[{"embeddable":true,"href":"https:\/\/kuzar.es\/en\/wp-json\/wp\/v2\/media\/2653"}],"wp:attachment":[{"href":"https:\/\/kuzar.es\/en\/wp-json\/wp\/v2\/media?parent=3073"}],"wp:term":[{"taxonomy":"product_brand","embeddable":true,"href":"https:\/\/kuzar.es\/en\/wp-json\/wp\/v2\/product_brand?post=3073"},{"taxonomy":"product_cat","embeddable":true,"href":"https:\/\/kuzar.es\/en\/wp-json\/wp\/v2\/product_cat?post=3073"},{"taxonomy":"product_tag","embeddable":true,"href":"https:\/\/kuzar.es\/en\/wp-json\/wp\/v2\/product_tag?post=3073"}],"curies":[{"name":"wp","href":"https:\/\/api.w.org\/{rel}","templated":true}]}}