{"id":3057,"date":"2019-08-10T17:17:00","date_gmt":"2019-08-10T15:17:00","guid":{"rendered":"https:\/\/kuzar.es\/producto\/un-3\/"},"modified":"2021-07-28T12:08:26","modified_gmt":"2021-07-28T10:08:26","slug":"un-3","status":"publish","type":"product","link":"https:\/\/kuzar.es\/en\/producto\/un-3\/","title":{"rendered":"UN-3"},"content":{"rendered":"","protected":false},"excerpt":{"rendered":"<p style=\"text-align: justify;\">Truss support for Telescopic lifter. Insertion of \u00d835mm.<\/p>\n<p>Use with lifters <strong>K-1<\/strong>,<strong> K-2<\/strong>, <strong>K-3<\/strong>,<strong> K-6<\/strong>.<\/p>\n","protected":false},"featured_media":7391,"comment_status":"closed","ping_status":"closed","template":"","meta":{"_exactmetrics_skip_tracking":false,"_exactmetrics_sitenote_active":false,"_exactmetrics_sitenote_note":"","_exactmetrics_sitenote_category":0},"product_brand":[],"product_cat":[194,195,321],"product_tag":[207,202,206,228],"class_list":{"0":"post-3057","1":"product","2":"type-product","3":"status-publish","4":"has-post-thumbnail","6":"product_cat-lifts","7":"product_cat-accessories","8":"product_cat-top-load-lifter-accessories","9":"product_tag-accesorios-en","10":"product_tag-elevadora-en","11":"product_tag-torres-en","12":"product_tag-un-3-en","14":"first","15":"instock","16":"shipping-taxable","17":"product-type-simple"},"yoast_head":"<!-- This site is optimized with the Yoast SEO plugin v26.9 - https:\/\/yoast.com\/product\/yoast-seo-wordpress\/ -->\n<title>UN-3 - Kuzar - Torres elevadoras y estructuras met\u00e1licas<\/title>\n<meta name=\"description\" content=\"Explora todo sobre UN-3: caracter\u00edsticas, beneficios y c\u00f3mo puede transformar tu experiencia. Descubre m\u00e1s y maximiza su potencial hoy.\" \/>\n<meta name=\"robots\" content=\"index, follow, max-snippet:-1, max-image-preview:large, max-video-preview:-1\" \/>\n<link rel=\"canonical\" href=\"https:\/\/kuzar.es\/en\/producto\/un-3\/\" \/>\n<meta property=\"og:locale\" content=\"en_US\" \/>\n<meta property=\"og:type\" content=\"article\" \/>\n<meta property=\"og:title\" content=\"UN-3 - Kuzar - Torres elevadoras y estructuras met\u00e1licas\" \/>\n<meta property=\"og:description\" content=\"Explora todo sobre UN-3: caracter\u00edsticas, beneficios y c\u00f3mo puede transformar tu experiencia. Descubre m\u00e1s y maximiza su potencial hoy.\" \/>\n<meta property=\"og:url\" content=\"https:\/\/kuzar.es\/en\/producto\/un-3\/\" \/>\n<meta property=\"og:site_name\" content=\"Kuzar - Torres elevadoras y estructuras met\u00e1licas\" \/>\n<meta property=\"article:modified_time\" content=\"2021-07-28T10:08:26+00:00\" \/>\n<meta property=\"og:image\" content=\"https:\/\/kuzar.es\/wp-content\/uploads\/2021\/07\/UN-3-PV-1.png\" \/>\n\t<meta property=\"og:image:width\" content=\"600\" \/>\n\t<meta property=\"og:image:height\" content=\"600\" \/>\n\t<meta property=\"og:image:type\" content=\"image\/png\" \/>\n<meta name=\"twitter:card\" content=\"summary_large_image\" \/>\n<script type=\"application\/ld+json\" class=\"yoast-schema-graph\">{\"@context\":\"https:\/\/schema.org\",\"@graph\":[{\"@type\":\"WebPage\",\"@id\":\"https:\/\/kuzar.es\/en\/producto\/un-3\/\",\"url\":\"https:\/\/kuzar.es\/en\/producto\/un-3\/\",\"name\":\"UN-3 - Kuzar - Torres elevadoras y estructuras met\u00e1licas\",\"isPartOf\":{\"@id\":\"https:\/\/kuzar.es\/en\/#website\"},\"primaryImageOfPage\":{\"@id\":\"https:\/\/kuzar.es\/en\/producto\/un-3\/#primaryimage\"},\"image\":{\"@id\":\"https:\/\/kuzar.es\/en\/producto\/un-3\/#primaryimage\"},\"thumbnailUrl\":\"https:\/\/kuzar.es\/wp-content\/uploads\/2021\/07\/UN-3-PV-1.png\",\"datePublished\":\"2019-08-10T15:17:00+00:00\",\"dateModified\":\"2021-07-28T10:08:26+00:00\",\"description\":\"Explora todo sobre UN-3: caracter\u00edsticas, beneficios y c\u00f3mo puede transformar tu experiencia. Descubre m\u00e1s y maximiza su potencial hoy.\",\"breadcrumb\":{\"@id\":\"https:\/\/kuzar.es\/en\/producto\/un-3\/#breadcrumb\"},\"inLanguage\":\"en-US\",\"potentialAction\":[{\"@type\":\"ReadAction\",\"target\":[\"https:\/\/kuzar.es\/en\/producto\/un-3\/\"]}]},{\"@type\":\"ImageObject\",\"inLanguage\":\"en-US\",\"@id\":\"https:\/\/kuzar.es\/en\/producto\/un-3\/#primaryimage\",\"url\":\"https:\/\/kuzar.es\/wp-content\/uploads\/2021\/07\/UN-3-PV-1.png\",\"contentUrl\":\"https:\/\/kuzar.es\/wp-content\/uploads\/2021\/07\/UN-3-PV-1.png\",\"width\":600,\"height\":600,\"caption\":\"UN-3\"},{\"@type\":\"BreadcrumbList\",\"@id\":\"https:\/\/kuzar.es\/en\/producto\/un-3\/#breadcrumb\",\"itemListElement\":[{\"@type\":\"ListItem\",\"position\":1,\"name\":\"Portada\",\"item\":\"https:\/\/kuzar.es\/en\/\"},{\"@type\":\"ListItem\",\"position\":2,\"name\":\"Tienda\",\"item\":\"https:\/\/kuzar.es\/tienda\/\"},{\"@type\":\"ListItem\",\"position\":3,\"name\":\"UN-3\"}]},{\"@type\":\"WebSite\",\"@id\":\"https:\/\/kuzar.es\/en\/#website\",\"url\":\"https:\/\/kuzar.es\/en\/\",\"name\":\"Kuzar - Torres elevadoras y estructuras met\u00e1licas\",\"description\":\"Fabricaci\u00f3n de torres elevadoras, estructuras met\u00e1licas e iluminaci\u00f3n para espect\u00e1culos y eventos\",\"potentialAction\":[{\"@type\":\"SearchAction\",\"target\":{\"@type\":\"EntryPoint\",\"urlTemplate\":\"https:\/\/kuzar.es\/en\/?s={search_term_string}\"},\"query-input\":{\"@type\":\"PropertyValueSpecification\",\"valueRequired\":true,\"valueName\":\"search_term_string\"}}],\"inLanguage\":\"en-US\"}]}<\/script>\n<!-- \/ Yoast SEO plugin. -->","yoast_head_json":{"title":"UN-3 - Kuzar - Torres elevadoras y estructuras met\u00e1licas","description":"Explora todo sobre UN-3: caracter\u00edsticas, beneficios y c\u00f3mo puede transformar tu experiencia. Descubre m\u00e1s y maximiza su potencial hoy.","robots":{"index":"index","follow":"follow","max-snippet":"max-snippet:-1","max-image-preview":"max-image-preview:large","max-video-preview":"max-video-preview:-1"},"canonical":"https:\/\/kuzar.es\/en\/producto\/un-3\/","og_locale":"en_US","og_type":"article","og_title":"UN-3 - Kuzar - Torres elevadoras y estructuras met\u00e1licas","og_description":"Explora todo sobre UN-3: caracter\u00edsticas, beneficios y c\u00f3mo puede transformar tu experiencia. Descubre m\u00e1s y maximiza su potencial hoy.","og_url":"https:\/\/kuzar.es\/en\/producto\/un-3\/","og_site_name":"Kuzar - Torres elevadoras y estructuras met\u00e1licas","article_modified_time":"2021-07-28T10:08:26+00:00","og_image":[{"width":600,"height":600,"url":"https:\/\/kuzar.es\/wp-content\/uploads\/2021\/07\/UN-3-PV-1.png","type":"image\/png"}],"twitter_card":"summary_large_image","schema":{"@context":"https:\/\/schema.org","@graph":[{"@type":"WebPage","@id":"https:\/\/kuzar.es\/en\/producto\/un-3\/","url":"https:\/\/kuzar.es\/en\/producto\/un-3\/","name":"UN-3 - Kuzar - Torres elevadoras y estructuras met\u00e1licas","isPartOf":{"@id":"https:\/\/kuzar.es\/en\/#website"},"primaryImageOfPage":{"@id":"https:\/\/kuzar.es\/en\/producto\/un-3\/#primaryimage"},"image":{"@id":"https:\/\/kuzar.es\/en\/producto\/un-3\/#primaryimage"},"thumbnailUrl":"https:\/\/kuzar.es\/wp-content\/uploads\/2021\/07\/UN-3-PV-1.png","datePublished":"2019-08-10T15:17:00+00:00","dateModified":"2021-07-28T10:08:26+00:00","description":"Explora todo sobre UN-3: caracter\u00edsticas, beneficios y c\u00f3mo puede transformar tu experiencia. Descubre m\u00e1s y maximiza su potencial hoy.","breadcrumb":{"@id":"https:\/\/kuzar.es\/en\/producto\/un-3\/#breadcrumb"},"inLanguage":"en-US","potentialAction":[{"@type":"ReadAction","target":["https:\/\/kuzar.es\/en\/producto\/un-3\/"]}]},{"@type":"ImageObject","inLanguage":"en-US","@id":"https:\/\/kuzar.es\/en\/producto\/un-3\/#primaryimage","url":"https:\/\/kuzar.es\/wp-content\/uploads\/2021\/07\/UN-3-PV-1.png","contentUrl":"https:\/\/kuzar.es\/wp-content\/uploads\/2021\/07\/UN-3-PV-1.png","width":600,"height":600,"caption":"UN-3"},{"@type":"BreadcrumbList","@id":"https:\/\/kuzar.es\/en\/producto\/un-3\/#breadcrumb","itemListElement":[{"@type":"ListItem","position":1,"name":"Portada","item":"https:\/\/kuzar.es\/en\/"},{"@type":"ListItem","position":2,"name":"Tienda","item":"https:\/\/kuzar.es\/tienda\/"},{"@type":"ListItem","position":3,"name":"UN-3"}]},{"@type":"WebSite","@id":"https:\/\/kuzar.es\/en\/#website","url":"https:\/\/kuzar.es\/en\/","name":"Kuzar - Torres elevadoras y estructuras met\u00e1licas","description":"Fabricaci\u00f3n de torres elevadoras, estructuras met\u00e1licas e iluminaci\u00f3n para espect\u00e1culos y eventos","potentialAction":[{"@type":"SearchAction","target":{"@type":"EntryPoint","urlTemplate":"https:\/\/kuzar.es\/en\/?s={search_term_string}"},"query-input":{"@type":"PropertyValueSpecification","valueRequired":true,"valueName":"search_term_string"}}],"inLanguage":"en-US"}]}},"_links":{"self":[{"href":"https:\/\/kuzar.es\/en\/wp-json\/wp\/v2\/product\/3057","targetHints":{"allow":["GET"]}}],"collection":[{"href":"https:\/\/kuzar.es\/en\/wp-json\/wp\/v2\/product"}],"about":[{"href":"https:\/\/kuzar.es\/en\/wp-json\/wp\/v2\/types\/product"}],"replies":[{"embeddable":true,"href":"https:\/\/kuzar.es\/en\/wp-json\/wp\/v2\/comments?post=3057"}],"wp:featuredmedia":[{"embeddable":true,"href":"https:\/\/kuzar.es\/en\/wp-json\/wp\/v2\/media\/7391"}],"wp:attachment":[{"href":"https:\/\/kuzar.es\/en\/wp-json\/wp\/v2\/media?parent=3057"}],"wp:term":[{"taxonomy":"product_brand","embeddable":true,"href":"https:\/\/kuzar.es\/en\/wp-json\/wp\/v2\/product_brand?post=3057"},{"taxonomy":"product_cat","embeddable":true,"href":"https:\/\/kuzar.es\/en\/wp-json\/wp\/v2\/product_cat?post=3057"},{"taxonomy":"product_tag","embeddable":true,"href":"https:\/\/kuzar.es\/en\/wp-json\/wp\/v2\/product_tag?post=3057"}],"curies":[{"name":"wp","href":"https:\/\/api.w.org\/{rel}","templated":true}]}}