{"id":3046,"date":"2019-07-24T13:05:25","date_gmt":"2019-07-24T11:05:25","guid":{"rendered":"https:\/\/kuzar.es\/producto\/k-6\/"},"modified":"2024-05-15T12:50:55","modified_gmt":"2024-05-15T10:50:55","slug":"k-6","status":"publish","type":"product","link":"https:\/\/kuzar.es\/en\/producto\/k-6\/","title":{"rendered":"K-6"},"content":{"rendered":"<div class=\"wpb-content-wrapper\">[vc_row css=&#8221;.vc_custom_1563965140483{padding-bottom: 2% !important;}&#8221;][vc_column][vc_row_inner][vc_column_inner width=&#8221;1\/4&#8243;][vc_btn title=&#8221;BGV C1 CERTIFICATE K-6&#8243; style=&#8221;flat&#8221; shape=&#8221;square&#8221; color=&#8221;primary&#8221; align=&#8221;center&#8221; i_icon_fontawesome=&#8221;fa fa-shield&#8221; button_block=&#8221;true&#8221; add_icon=&#8221;true&#8221; link=&#8221;url:https%3A%2F%2Fkuzar.es%2Fwp-content%2Fuploads%2F2019%2F07%2FCertificado-K-6.pdf||target:%20_blank|&#8221;][\/vc_column_inner][vc_column_inner width=&#8221;1\/4&#8243;][vc_btn title=&#8221;CE CERTIFICATE K-6&#8243; style=&#8221;flat&#8221; shape=&#8221;square&#8221; color=&#8221;primary&#8221; align=&#8221;center&#8221; i_icon_fontawesome=&#8221;fa fa-shield&#8221; button_block=&#8221;true&#8221; add_icon=&#8221;true&#8221; link=&#8221;url:https%3A%2F%2Fkuzar.es%2Fwp-content%2Fuploads%2F2024%2F05%2FKUZAR-CE-K-6-05-24-1.pdf||target:%20_blank|&#8221;][\/vc_column_inner][vc_column_inner width=&#8221;1\/4&#8243;][vc_btn title=&#8221;MANUAL K-6&#8243; style=&#8221;flat&#8221; shape=&#8221;square&#8221; color=&#8221;primary&#8221; align=&#8221;center&#8221; i_icon_fontawesome=&#8221;fa fa-book&#8221; button_block=&#8221;true&#8221; add_icon=&#8221;true&#8221; link=&#8221;url:https%3A%2F%2Fkuzar.es%2Fwp-content%2Fuploads%2F2019%2F07%2FManual-KUZAR-K-6-07-24-1.pdf||target:%20_blank|&#8221;][\/vc_column_inner][vc_column_inner width=&#8221;1\/4&#8243;][vc_btn title=&#8221;DATA SHEET K-6&#8243; style=&#8221;flat&#8221; shape=&#8221;square&#8221; color=&#8221;primary&#8221; align=&#8221;center&#8221; i_icon_fontawesome=&#8221;fa fa-file-text-o&#8221; button_block=&#8221;true&#8221; add_icon=&#8221;true&#8221; link=&#8221;url:https%3A%2F%2Fkuzar.es%2Fwp-content%2Fuploads%2F2019%2F08%2FK-6-Data-Sheet-Kuzar-07-19.pdf||target:%20_blank|&#8221;][\/vc_column_inner][\/vc_row_inner][vc_column_text]\n<p style=\"text-align: justify;\">One of the popular towers designed to lift all types of structures and lighting systems, reaching 6.5 m in height with a load of 220 kg. Composed of five sections of steel, and a sturdy base with four swivel wheels for easy transport, in addition to four legs with adjustable non-slip rubber plates. Safety is provided by our automatic KAT trigger that locks the sections automatically while lifting the tower and also protects its load in the unlikely event that the \u00d86mm steel cable is broken.<\/p>\n[\/vc_column_text][vc_separator css=&#8221;.vc_custom_1563965101583{padding-top: 4% !important;padding-bottom: 4% !important;}&#8221;][\/vc_column][\/vc_row]\n<\/div>","protected":false},"excerpt":{"rendered":"<table>\n<tbody>\n<tr>\n<td><b>MAXIMUM HEIGHT<\/b><\/td>\n<td>6.50m (21.33ft)<\/td>\n<\/tr>\n<tr>\n<td><b>MAXIMUM LOAD<\/b><\/td>\n<td>220kg (485lb)<\/td>\n<\/tr>\n<tr>\n<td><b>NET WEIGHT<\/b><\/td>\n<td>90kg (198.4lb)<\/td>\n<\/tr>\n<tr>\n<td><strong>FOLDED HEIGHT<\/strong><\/td>\n<td>1,82m (6ft)<\/td>\n<\/tr>\n<tr>\n<td><strong>WORK SURFACE<\/strong><\/td>\n<td>1.85\u00d71.85m (6.07\u00d76.07ft)<\/td>\n<\/tr>\n<tr>\n<td><strong>ADAPTERS<\/strong><\/td>\n<td>\u00d835mm<\/td>\n<\/tr>\n<tr>\n<td><b>COLOUR<\/b><\/td>\n<td>SILVER OR BLACK<\/td>\n<\/tr>\n<tr>\n<td><strong>MAIN MATERIAL<\/strong><\/td>\n<td>STEEL<\/td>\n<\/tr>\n<\/tbody>\n<\/table>\n","protected":false},"featured_media":2436,"comment_status":"closed","ping_status":"closed","template":"","meta":{"_exactmetrics_skip_tracking":false,"_exactmetrics_sitenote_active":false,"_exactmetrics_sitenote_note":"","_exactmetrics_sitenote_category":0},"product_brand":[],"product_cat":[194,198],"product_tag":[202,225,220,221,206],"class_list":{"0":"post-3046","1":"product","2":"type-product","3":"status-publish","4":"has-post-thumbnail","6":"product_cat-lifts","7":"product_cat-top-load-lifts","8":"product_tag-elevadora-en","9":"product_tag-k-6-en","10":"product_tag-superior-en","11":"product_tag-telescopica-en","12":"product_tag-torres-en","14":"first","15":"instock","16":"shipping-taxable","17":"product-type-simple"},"yoast_head":"<!-- This site is optimized with the Yoast SEO plugin v27.5 - https:\/\/yoast.com\/product\/yoast-seo-wordpress\/ -->\n<title>K-6 - Kuzar - Torres elevadoras y estructuras met\u00e1licas<\/title>\n<meta name=\"description\" content=\"Explora la torre K-6: eleva hasta 220 kg a 6.5 m con seguridad. Descubre certificados, manuales y m\u00e1s para asegurar tu inversi\u00f3n.\" \/>\n<meta name=\"robots\" content=\"index, follow, max-snippet:-1, max-image-preview:large, max-video-preview:-1\" \/>\n<link rel=\"canonical\" href=\"https:\/\/kuzar.es\/en\/producto\/k-6\/\" \/>\n<meta property=\"og:locale\" content=\"en_US\" \/>\n<meta property=\"og:type\" content=\"article\" \/>\n<meta property=\"og:title\" content=\"K-6 - Kuzar - Torres elevadoras y estructuras met\u00e1licas\" \/>\n<meta property=\"og:description\" content=\"Explora la torre K-6: eleva hasta 220 kg a 6.5 m con seguridad. Descubre certificados, manuales y m\u00e1s para asegurar tu inversi\u00f3n.\" \/>\n<meta property=\"og:url\" content=\"https:\/\/kuzar.es\/en\/producto\/k-6\/\" \/>\n<meta property=\"og:site_name\" content=\"Kuzar - Torres elevadoras y estructuras met\u00e1licas\" \/>\n<meta property=\"article:modified_time\" content=\"2024-05-15T10:50:55+00:00\" \/>\n<meta property=\"og:image\" content=\"https:\/\/kuzar.es\/wp-content\/uploads\/2019\/07\/K-6_A.png\" \/>\n\t<meta property=\"og:image:width\" content=\"600\" \/>\n\t<meta property=\"og:image:height\" content=\"600\" \/>\n\t<meta property=\"og:image:type\" content=\"image\/png\" \/>\n<meta name=\"twitter:card\" content=\"summary_large_image\" \/>\n<meta name=\"twitter:label1\" content=\"Est. reading time\" \/>\n\t<meta name=\"twitter:data1\" content=\"1 minute\" \/>\n<script type=\"application\/ld+json\" class=\"yoast-schema-graph\">{\"@context\":\"https:\\\/\\\/schema.org\",\"@graph\":[{\"@type\":\"WebPage\",\"@id\":\"https:\\\/\\\/kuzar.es\\\/en\\\/producto\\\/k-6\\\/\",\"url\":\"https:\\\/\\\/kuzar.es\\\/en\\\/producto\\\/k-6\\\/\",\"name\":\"K-6 - Kuzar - Torres elevadoras y estructuras met\u00e1licas\",\"isPartOf\":{\"@id\":\"https:\\\/\\\/kuzar.es\\\/en\\\/#website\"},\"primaryImageOfPage\":{\"@id\":\"https:\\\/\\\/kuzar.es\\\/en\\\/producto\\\/k-6\\\/#primaryimage\"},\"image\":{\"@id\":\"https:\\\/\\\/kuzar.es\\\/en\\\/producto\\\/k-6\\\/#primaryimage\"},\"thumbnailUrl\":\"https:\\\/\\\/kuzar.es\\\/wp-content\\\/uploads\\\/2019\\\/07\\\/K-6_A.png\",\"datePublished\":\"2019-07-24T11:05:25+00:00\",\"dateModified\":\"2024-05-15T10:50:55+00:00\",\"description\":\"Explora la torre K-6: eleva hasta 220 kg a 6.5 m con seguridad. Descubre certificados, manuales y m\u00e1s para asegurar tu inversi\u00f3n.\",\"breadcrumb\":{\"@id\":\"https:\\\/\\\/kuzar.es\\\/en\\\/producto\\\/k-6\\\/#breadcrumb\"},\"inLanguage\":\"en-US\",\"potentialAction\":[{\"@type\":\"ReadAction\",\"target\":[\"https:\\\/\\\/kuzar.es\\\/en\\\/producto\\\/k-6\\\/\"]}]},{\"@type\":\"ImageObject\",\"inLanguage\":\"en-US\",\"@id\":\"https:\\\/\\\/kuzar.es\\\/en\\\/producto\\\/k-6\\\/#primaryimage\",\"url\":\"https:\\\/\\\/kuzar.es\\\/wp-content\\\/uploads\\\/2019\\\/07\\\/K-6_A.png\",\"contentUrl\":\"https:\\\/\\\/kuzar.es\\\/wp-content\\\/uploads\\\/2019\\\/07\\\/K-6_A.png\",\"width\":600,\"height\":600,\"caption\":\"K-6\"},{\"@type\":\"BreadcrumbList\",\"@id\":\"https:\\\/\\\/kuzar.es\\\/en\\\/producto\\\/k-6\\\/#breadcrumb\",\"itemListElement\":[{\"@type\":\"ListItem\",\"position\":1,\"name\":\"Portada\",\"item\":\"https:\\\/\\\/kuzar.es\\\/en\\\/\"},{\"@type\":\"ListItem\",\"position\":2,\"name\":\"Tienda\",\"item\":\"https:\\\/\\\/kuzar.es\\\/tienda\\\/\"},{\"@type\":\"ListItem\",\"position\":3,\"name\":\"K-6\"}]},{\"@type\":\"WebSite\",\"@id\":\"https:\\\/\\\/kuzar.es\\\/en\\\/#website\",\"url\":\"https:\\\/\\\/kuzar.es\\\/en\\\/\",\"name\":\"Kuzar - Torres elevadoras y estructuras met\u00e1licas\",\"description\":\"Fabricaci\u00f3n de torres elevadoras, estructuras met\u00e1licas e iluminaci\u00f3n para espect\u00e1culos y eventos\",\"potentialAction\":[{\"@type\":\"SearchAction\",\"target\":{\"@type\":\"EntryPoint\",\"urlTemplate\":\"https:\\\/\\\/kuzar.es\\\/en\\\/?s={search_term_string}\"},\"query-input\":{\"@type\":\"PropertyValueSpecification\",\"valueRequired\":true,\"valueName\":\"search_term_string\"}}],\"inLanguage\":\"en-US\"}]}<\/script>\n<!-- \/ Yoast SEO plugin. -->","yoast_head_json":{"title":"K-6 - Kuzar - Torres elevadoras y estructuras met\u00e1licas","description":"Explora la torre K-6: eleva hasta 220 kg a 6.5 m con seguridad. Descubre certificados, manuales y m\u00e1s para asegurar tu inversi\u00f3n.","robots":{"index":"index","follow":"follow","max-snippet":"max-snippet:-1","max-image-preview":"max-image-preview:large","max-video-preview":"max-video-preview:-1"},"canonical":"https:\/\/kuzar.es\/en\/producto\/k-6\/","og_locale":"en_US","og_type":"article","og_title":"K-6 - Kuzar - Torres elevadoras y estructuras met\u00e1licas","og_description":"Explora la torre K-6: eleva hasta 220 kg a 6.5 m con seguridad. Descubre certificados, manuales y m\u00e1s para asegurar tu inversi\u00f3n.","og_url":"https:\/\/kuzar.es\/en\/producto\/k-6\/","og_site_name":"Kuzar - Torres elevadoras y estructuras met\u00e1licas","article_modified_time":"2024-05-15T10:50:55+00:00","og_image":[{"width":600,"height":600,"url":"https:\/\/kuzar.es\/wp-content\/uploads\/2019\/07\/K-6_A.png","type":"image\/png"}],"twitter_card":"summary_large_image","twitter_misc":{"Est. reading time":"1 minute"},"schema":{"@context":"https:\/\/schema.org","@graph":[{"@type":"WebPage","@id":"https:\/\/kuzar.es\/en\/producto\/k-6\/","url":"https:\/\/kuzar.es\/en\/producto\/k-6\/","name":"K-6 - Kuzar - Torres elevadoras y estructuras met\u00e1licas","isPartOf":{"@id":"https:\/\/kuzar.es\/en\/#website"},"primaryImageOfPage":{"@id":"https:\/\/kuzar.es\/en\/producto\/k-6\/#primaryimage"},"image":{"@id":"https:\/\/kuzar.es\/en\/producto\/k-6\/#primaryimage"},"thumbnailUrl":"https:\/\/kuzar.es\/wp-content\/uploads\/2019\/07\/K-6_A.png","datePublished":"2019-07-24T11:05:25+00:00","dateModified":"2024-05-15T10:50:55+00:00","description":"Explora la torre K-6: eleva hasta 220 kg a 6.5 m con seguridad. Descubre certificados, manuales y m\u00e1s para asegurar tu inversi\u00f3n.","breadcrumb":{"@id":"https:\/\/kuzar.es\/en\/producto\/k-6\/#breadcrumb"},"inLanguage":"en-US","potentialAction":[{"@type":"ReadAction","target":["https:\/\/kuzar.es\/en\/producto\/k-6\/"]}]},{"@type":"ImageObject","inLanguage":"en-US","@id":"https:\/\/kuzar.es\/en\/producto\/k-6\/#primaryimage","url":"https:\/\/kuzar.es\/wp-content\/uploads\/2019\/07\/K-6_A.png","contentUrl":"https:\/\/kuzar.es\/wp-content\/uploads\/2019\/07\/K-6_A.png","width":600,"height":600,"caption":"K-6"},{"@type":"BreadcrumbList","@id":"https:\/\/kuzar.es\/en\/producto\/k-6\/#breadcrumb","itemListElement":[{"@type":"ListItem","position":1,"name":"Portada","item":"https:\/\/kuzar.es\/en\/"},{"@type":"ListItem","position":2,"name":"Tienda","item":"https:\/\/kuzar.es\/tienda\/"},{"@type":"ListItem","position":3,"name":"K-6"}]},{"@type":"WebSite","@id":"https:\/\/kuzar.es\/en\/#website","url":"https:\/\/kuzar.es\/en\/","name":"Kuzar - Torres elevadoras y estructuras met\u00e1licas","description":"Fabricaci\u00f3n de torres elevadoras, estructuras met\u00e1licas e iluminaci\u00f3n para espect\u00e1culos y eventos","potentialAction":[{"@type":"SearchAction","target":{"@type":"EntryPoint","urlTemplate":"https:\/\/kuzar.es\/en\/?s={search_term_string}"},"query-input":{"@type":"PropertyValueSpecification","valueRequired":true,"valueName":"search_term_string"}}],"inLanguage":"en-US"}]}},"_links":{"self":[{"href":"https:\/\/kuzar.es\/en\/wp-json\/wp\/v2\/product\/3046","targetHints":{"allow":["GET"]}}],"collection":[{"href":"https:\/\/kuzar.es\/en\/wp-json\/wp\/v2\/product"}],"about":[{"href":"https:\/\/kuzar.es\/en\/wp-json\/wp\/v2\/types\/product"}],"replies":[{"embeddable":true,"href":"https:\/\/kuzar.es\/en\/wp-json\/wp\/v2\/comments?post=3046"}],"wp:featuredmedia":[{"embeddable":true,"href":"https:\/\/kuzar.es\/en\/wp-json\/wp\/v2\/media\/2436"}],"wp:attachment":[{"href":"https:\/\/kuzar.es\/en\/wp-json\/wp\/v2\/media?parent=3046"}],"wp:term":[{"taxonomy":"product_brand","embeddable":true,"href":"https:\/\/kuzar.es\/en\/wp-json\/wp\/v2\/product_brand?post=3046"},{"taxonomy":"product_cat","embeddable":true,"href":"https:\/\/kuzar.es\/en\/wp-json\/wp\/v2\/product_cat?post=3046"},{"taxonomy":"product_tag","embeddable":true,"href":"https:\/\/kuzar.es\/en\/wp-json\/wp\/v2\/product_tag?post=3046"}],"curies":[{"name":"wp","href":"https:\/\/api.w.org\/{rel}","templated":true}]}}