{"id":3035,"date":"2019-07-24T11:07:44","date_gmt":"2019-07-24T09:07:44","guid":{"rendered":"https:\/\/kuzar.es\/producto\/k-3\/"},"modified":"2024-05-15T12:40:55","modified_gmt":"2024-05-15T10:40:55","slug":"k-3","status":"publish","type":"product","link":"https:\/\/kuzar.es\/en\/producto\/k-3\/","title":{"rendered":"K-3"},"content":{"rendered":"<div class=\"wpb-content-wrapper\">[vc_row css=&#8221;.vc_custom_1563965698934{padding-bottom: 2% !important;}&#8221;][vc_column][vc_row_inner][vc_column_inner width=&#8221;1\/4&#8243;][vc_btn title=&#8221;BGV C1 CERTIFICATE K-3&#8243; style=&#8221;flat&#8221; shape=&#8221;square&#8221; color=&#8221;primary&#8221; align=&#8221;center&#8221; i_icon_fontawesome=&#8221;fa fa-shield&#8221; button_block=&#8221;true&#8221; add_icon=&#8221;true&#8221; link=&#8221;url:https%3A%2F%2Fkuzar.es%2Fwp-content%2Fuploads%2F2019%2F07%2FCertificado-K-3.pdf||target:%20_blank|&#8221;][\/vc_column_inner][vc_column_inner width=&#8221;1\/4&#8243;][vc_btn title=&#8221;CE CERTIFICATE K-3&#8243; style=&#8221;flat&#8221; shape=&#8221;square&#8221; color=&#8221;primary&#8221; align=&#8221;center&#8221; i_icon_fontawesome=&#8221;fa fa-shield&#8221; button_block=&#8221;true&#8221; add_icon=&#8221;true&#8221; link=&#8221;url:https%3A%2F%2Fkuzar.es%2Fwp-content%2Fuploads%2F2024%2F05%2FKUZAR-CE-K-3-05-24-1.pdf||target:%20_blank|&#8221;][\/vc_column_inner][vc_column_inner width=&#8221;1\/4&#8243;][vc_btn title=&#8221;MANUAL K-3&#8243; style=&#8221;flat&#8221; shape=&#8221;square&#8221; color=&#8221;primary&#8221; align=&#8221;center&#8221; i_icon_fontawesome=&#8221;fa fa-book&#8221; button_block=&#8221;true&#8221; add_icon=&#8221;true&#8221; link=&#8221;url:https%3A%2F%2Fkuzar.es%2Fwp-content%2Fuploads%2F2019%2F07%2FManual-KUZAR-K-3-07-24.pdf||target:%20_blank|&#8221;][\/vc_column_inner][vc_column_inner width=&#8221;1\/4&#8243;][vc_btn title=&#8221;DATA SHEET K-3&#8243; style=&#8221;flat&#8221; shape=&#8221;square&#8221; color=&#8221;primary&#8221; align=&#8221;center&#8221; i_icon_fontawesome=&#8221;fa fa-file-text-o&#8221; button_block=&#8221;true&#8221; add_icon=&#8221;true&#8221; link=&#8221;url:https%3A%2F%2Fkuzar.es%2Fwp-content%2Fuploads%2F2019%2F08%2FK-3-Data-Sheet-Kuzar-07-19.pdf||target:%20_blank|&#8221;][\/vc_column_inner][\/vc_row_inner][vc_column_text]\n<p style=\"text-align: justify;\">Compact lifting tower, reaching an important 5.35 meters of maximum height. This tower is also intended for the lifting of lightweight structures, but it already adds a much more robust base of square steel profiles with four wheels that makes transportation a child&#8217;s play, mounts four legs with adjustable non-slip rubber plates. Safety is provided by our automatic KAT trigger that locks the sections automatically while lifting the tower and also protects its load in the unlikely event that the \u00d84mm steel cable is broken.<\/p>\n[\/vc_column_text][vc_separator css=&#8221;.vc_custom_1563965101583{padding-top: 4% !important;padding-bottom: 4% !important;}&#8221;][\/vc_column][\/vc_row]\n<\/div>","protected":false},"excerpt":{"rendered":"<table>\n<tbody>\n<tr>\n<td><b>MAXIMUM HEIGHT<\/b><\/td>\n<td>5.35m (17.55ft)<\/td>\n<\/tr>\n<tr>\n<td><b>MAXIMUM LOAD<\/b><\/td>\n<td>125kg (276lb)<\/td>\n<\/tr>\n<tr>\n<td><b>NET WEIGHT<\/b><\/td>\n<td>41kg (90.4lb)<\/td>\n<\/tr>\n<tr>\n<td><strong>FOLDED HEIGHT<\/strong><\/td>\n<td>1,72m (5.64ft)<\/td>\n<\/tr>\n<tr>\n<td><strong>WORK SURFACE<\/strong><\/td>\n<td>1.43\u00d71.43m (4.7\u00d74.7ft)<\/td>\n<\/tr>\n<tr>\n<td><b><strong>ADAPTERS<\/strong><\/b><\/td>\n<td>\u00d835mm<\/td>\n<\/tr>\n<tr>\n<td><b>COLOUR<\/b><\/td>\n<td>SILVER OR BLACK<\/td>\n<\/tr>\n<tr>\n<td><strong>MAIN MATERIAL<\/strong><\/td>\n<td>STEEL<\/td>\n<\/tr>\n<\/tbody>\n<\/table>\n","protected":false},"featured_media":2422,"comment_status":"closed","ping_status":"closed","template":"","meta":{"_exactmetrics_skip_tracking":false,"_exactmetrics_sitenote_active":false,"_exactmetrics_sitenote_note":"","_exactmetrics_sitenote_category":0},"product_brand":[],"product_cat":[194,198],"product_tag":[202,223,220,221,206],"class_list":{"0":"post-3035","1":"product","2":"type-product","3":"status-publish","4":"has-post-thumbnail","6":"product_cat-lifts","7":"product_cat-top-load-lifts","8":"product_tag-elevadora-en","9":"product_tag-k-3-en","10":"product_tag-superior-en","11":"product_tag-telescopica-en","12":"product_tag-torres-en","14":"first","15":"instock","16":"shipping-taxable","17":"product-type-simple"},"yoast_head":"<!-- This site is optimized with the Yoast SEO plugin v26.9 - https:\/\/yoast.com\/product\/yoast-seo-wordpress\/ -->\n<title>K-3 - Kuzar - Torres elevadoras y estructuras met\u00e1licas<\/title>\n<meta name=\"description\" content=\"Explora la torre de elevaci\u00f3n K-3: robustez, altura de 5.35m y seguridad autom\u00e1tica. Descarga certificados y manuales hoy mismo.\" \/>\n<meta name=\"robots\" content=\"index, follow, max-snippet:-1, max-image-preview:large, max-video-preview:-1\" \/>\n<link rel=\"canonical\" href=\"https:\/\/kuzar.es\/en\/producto\/k-3\/\" \/>\n<meta property=\"og:locale\" content=\"en_US\" \/>\n<meta property=\"og:type\" content=\"article\" \/>\n<meta property=\"og:title\" content=\"K-3 - Kuzar - Torres elevadoras y estructuras met\u00e1licas\" \/>\n<meta property=\"og:description\" content=\"Explora la torre de elevaci\u00f3n K-3: robustez, altura de 5.35m y seguridad autom\u00e1tica. Descarga certificados y manuales hoy mismo.\" \/>\n<meta property=\"og:url\" content=\"https:\/\/kuzar.es\/en\/producto\/k-3\/\" \/>\n<meta property=\"og:site_name\" content=\"Kuzar - Torres elevadoras y estructuras met\u00e1licas\" \/>\n<meta property=\"article:modified_time\" content=\"2024-05-15T10:40:55+00:00\" \/>\n<meta property=\"og:image\" content=\"https:\/\/kuzar.es\/wp-content\/uploads\/2019\/07\/K-3_A.png\" \/>\n\t<meta property=\"og:image:width\" content=\"600\" \/>\n\t<meta property=\"og:image:height\" content=\"600\" \/>\n\t<meta property=\"og:image:type\" content=\"image\/png\" \/>\n<meta name=\"twitter:card\" content=\"summary_large_image\" \/>\n<meta name=\"twitter:label1\" content=\"Est. reading time\" \/>\n\t<meta name=\"twitter:data1\" content=\"1 minute\" \/>\n<script type=\"application\/ld+json\" class=\"yoast-schema-graph\">{\"@context\":\"https:\/\/schema.org\",\"@graph\":[{\"@type\":\"WebPage\",\"@id\":\"https:\/\/kuzar.es\/en\/producto\/k-3\/\",\"url\":\"https:\/\/kuzar.es\/en\/producto\/k-3\/\",\"name\":\"K-3 - Kuzar - Torres elevadoras y estructuras met\u00e1licas\",\"isPartOf\":{\"@id\":\"https:\/\/kuzar.es\/en\/#website\"},\"primaryImageOfPage\":{\"@id\":\"https:\/\/kuzar.es\/en\/producto\/k-3\/#primaryimage\"},\"image\":{\"@id\":\"https:\/\/kuzar.es\/en\/producto\/k-3\/#primaryimage\"},\"thumbnailUrl\":\"https:\/\/kuzar.es\/wp-content\/uploads\/2019\/07\/K-3_A.png\",\"datePublished\":\"2019-07-24T09:07:44+00:00\",\"dateModified\":\"2024-05-15T10:40:55+00:00\",\"description\":\"Explora la torre de elevaci\u00f3n K-3: robustez, altura de 5.35m y seguridad autom\u00e1tica. Descarga certificados y manuales hoy mismo.\",\"breadcrumb\":{\"@id\":\"https:\/\/kuzar.es\/en\/producto\/k-3\/#breadcrumb\"},\"inLanguage\":\"en-US\",\"potentialAction\":[{\"@type\":\"ReadAction\",\"target\":[\"https:\/\/kuzar.es\/en\/producto\/k-3\/\"]}]},{\"@type\":\"ImageObject\",\"inLanguage\":\"en-US\",\"@id\":\"https:\/\/kuzar.es\/en\/producto\/k-3\/#primaryimage\",\"url\":\"https:\/\/kuzar.es\/wp-content\/uploads\/2019\/07\/K-3_A.png\",\"contentUrl\":\"https:\/\/kuzar.es\/wp-content\/uploads\/2019\/07\/K-3_A.png\",\"width\":600,\"height\":600,\"caption\":\"K-3\"},{\"@type\":\"BreadcrumbList\",\"@id\":\"https:\/\/kuzar.es\/en\/producto\/k-3\/#breadcrumb\",\"itemListElement\":[{\"@type\":\"ListItem\",\"position\":1,\"name\":\"Portada\",\"item\":\"https:\/\/kuzar.es\/en\/\"},{\"@type\":\"ListItem\",\"position\":2,\"name\":\"Tienda\",\"item\":\"https:\/\/kuzar.es\/tienda\/\"},{\"@type\":\"ListItem\",\"position\":3,\"name\":\"K-3\"}]},{\"@type\":\"WebSite\",\"@id\":\"https:\/\/kuzar.es\/en\/#website\",\"url\":\"https:\/\/kuzar.es\/en\/\",\"name\":\"Kuzar - Torres elevadoras y estructuras met\u00e1licas\",\"description\":\"Fabricaci\u00f3n de torres elevadoras, estructuras met\u00e1licas e iluminaci\u00f3n para espect\u00e1culos y eventos\",\"potentialAction\":[{\"@type\":\"SearchAction\",\"target\":{\"@type\":\"EntryPoint\",\"urlTemplate\":\"https:\/\/kuzar.es\/en\/?s={search_term_string}\"},\"query-input\":{\"@type\":\"PropertyValueSpecification\",\"valueRequired\":true,\"valueName\":\"search_term_string\"}}],\"inLanguage\":\"en-US\"}]}<\/script>\n<!-- \/ Yoast SEO plugin. -->","yoast_head_json":{"title":"K-3 - Kuzar - Torres elevadoras y estructuras met\u00e1licas","description":"Explora la torre de elevaci\u00f3n K-3: robustez, altura de 5.35m y seguridad autom\u00e1tica. Descarga certificados y manuales hoy mismo.","robots":{"index":"index","follow":"follow","max-snippet":"max-snippet:-1","max-image-preview":"max-image-preview:large","max-video-preview":"max-video-preview:-1"},"canonical":"https:\/\/kuzar.es\/en\/producto\/k-3\/","og_locale":"en_US","og_type":"article","og_title":"K-3 - Kuzar - Torres elevadoras y estructuras met\u00e1licas","og_description":"Explora la torre de elevaci\u00f3n K-3: robustez, altura de 5.35m y seguridad autom\u00e1tica. Descarga certificados y manuales hoy mismo.","og_url":"https:\/\/kuzar.es\/en\/producto\/k-3\/","og_site_name":"Kuzar - Torres elevadoras y estructuras met\u00e1licas","article_modified_time":"2024-05-15T10:40:55+00:00","og_image":[{"width":600,"height":600,"url":"https:\/\/kuzar.es\/wp-content\/uploads\/2019\/07\/K-3_A.png","type":"image\/png"}],"twitter_card":"summary_large_image","twitter_misc":{"Est. reading time":"1 minute"},"schema":{"@context":"https:\/\/schema.org","@graph":[{"@type":"WebPage","@id":"https:\/\/kuzar.es\/en\/producto\/k-3\/","url":"https:\/\/kuzar.es\/en\/producto\/k-3\/","name":"K-3 - Kuzar - Torres elevadoras y estructuras met\u00e1licas","isPartOf":{"@id":"https:\/\/kuzar.es\/en\/#website"},"primaryImageOfPage":{"@id":"https:\/\/kuzar.es\/en\/producto\/k-3\/#primaryimage"},"image":{"@id":"https:\/\/kuzar.es\/en\/producto\/k-3\/#primaryimage"},"thumbnailUrl":"https:\/\/kuzar.es\/wp-content\/uploads\/2019\/07\/K-3_A.png","datePublished":"2019-07-24T09:07:44+00:00","dateModified":"2024-05-15T10:40:55+00:00","description":"Explora la torre de elevaci\u00f3n K-3: robustez, altura de 5.35m y seguridad autom\u00e1tica. Descarga certificados y manuales hoy mismo.","breadcrumb":{"@id":"https:\/\/kuzar.es\/en\/producto\/k-3\/#breadcrumb"},"inLanguage":"en-US","potentialAction":[{"@type":"ReadAction","target":["https:\/\/kuzar.es\/en\/producto\/k-3\/"]}]},{"@type":"ImageObject","inLanguage":"en-US","@id":"https:\/\/kuzar.es\/en\/producto\/k-3\/#primaryimage","url":"https:\/\/kuzar.es\/wp-content\/uploads\/2019\/07\/K-3_A.png","contentUrl":"https:\/\/kuzar.es\/wp-content\/uploads\/2019\/07\/K-3_A.png","width":600,"height":600,"caption":"K-3"},{"@type":"BreadcrumbList","@id":"https:\/\/kuzar.es\/en\/producto\/k-3\/#breadcrumb","itemListElement":[{"@type":"ListItem","position":1,"name":"Portada","item":"https:\/\/kuzar.es\/en\/"},{"@type":"ListItem","position":2,"name":"Tienda","item":"https:\/\/kuzar.es\/tienda\/"},{"@type":"ListItem","position":3,"name":"K-3"}]},{"@type":"WebSite","@id":"https:\/\/kuzar.es\/en\/#website","url":"https:\/\/kuzar.es\/en\/","name":"Kuzar - Torres elevadoras y estructuras met\u00e1licas","description":"Fabricaci\u00f3n de torres elevadoras, estructuras met\u00e1licas e iluminaci\u00f3n para espect\u00e1culos y eventos","potentialAction":[{"@type":"SearchAction","target":{"@type":"EntryPoint","urlTemplate":"https:\/\/kuzar.es\/en\/?s={search_term_string}"},"query-input":{"@type":"PropertyValueSpecification","valueRequired":true,"valueName":"search_term_string"}}],"inLanguage":"en-US"}]}},"_links":{"self":[{"href":"https:\/\/kuzar.es\/en\/wp-json\/wp\/v2\/product\/3035","targetHints":{"allow":["GET"]}}],"collection":[{"href":"https:\/\/kuzar.es\/en\/wp-json\/wp\/v2\/product"}],"about":[{"href":"https:\/\/kuzar.es\/en\/wp-json\/wp\/v2\/types\/product"}],"replies":[{"embeddable":true,"href":"https:\/\/kuzar.es\/en\/wp-json\/wp\/v2\/comments?post=3035"}],"wp:featuredmedia":[{"embeddable":true,"href":"https:\/\/kuzar.es\/en\/wp-json\/wp\/v2\/media\/2422"}],"wp:attachment":[{"href":"https:\/\/kuzar.es\/en\/wp-json\/wp\/v2\/media?parent=3035"}],"wp:term":[{"taxonomy":"product_brand","embeddable":true,"href":"https:\/\/kuzar.es\/en\/wp-json\/wp\/v2\/product_brand?post=3035"},{"taxonomy":"product_cat","embeddable":true,"href":"https:\/\/kuzar.es\/en\/wp-json\/wp\/v2\/product_cat?post=3035"},{"taxonomy":"product_tag","embeddable":true,"href":"https:\/\/kuzar.es\/en\/wp-json\/wp\/v2\/product_tag?post=3035"}],"curies":[{"name":"wp","href":"https:\/\/api.w.org\/{rel}","templated":true}]}}