{"id":3019,"date":"2019-08-10T16:59:00","date_gmt":"2019-08-10T14:59:00","guid":{"rendered":"https:\/\/kuzar.es\/producto\/torre-elevadora-tip-tower\/"},"modified":"2023-11-07T08:51:26","modified_gmt":"2023-11-07T07:51:26","slug":"tip-tower-elevator-tower","status":"publish","type":"product","link":"https:\/\/kuzar.es\/en\/producto\/tip-tower-elevator-tower\/","title":{"rendered":"TIP TOWER ELEVATOR TOWER"},"content":{"rendered":"<div class=\"wpb-content-wrapper\">[vc_row css=&#8221;.vc_custom_1563965140483{padding-bottom: 2% !important;}&#8221;][vc_column][vc_column_text]\n<p style=\"text-align: justify;\">Modular lifting tower made of aluminum, mainly intended to raise PA \/ LINE ARRAY AUDIO SYSTEMS, built with our 30 \u00d7 30cm Kuzar truss, no section of those that make up the tower is larger than 3 meters. The final position of the tower is reinforced with braces. The load is lifted with a manual hoist through the head beam with pulleys. Non-slip and adjustable supports are inserted in the base.<\/p>\n[\/vc_column_text][vc_row_inner][vc_column_inner width=&#8221;1\/3&#8243;][\/vc_column_inner][vc_column_inner width=&#8221;1\/3&#8243;][\/vc_column_inner][vc_column_inner width=&#8221;1\/3&#8243;][\/vc_column_inner][\/vc_row_inner][vc_separator css=&#8221;.vc_custom_1563965101583{padding-top: 4% !important;padding-bottom: 4% !important;}&#8221;][\/vc_column][\/vc_row]\n<\/div>","protected":false},"excerpt":{"rendered":"<table>\n<tbody>\n<tr>\n<td><b>MAXIMUM HEIGHT<\/b><\/td>\n<td>8m (26.25ft)<\/td>\n<\/tr>\n<tr>\n<td><b>MAXIMUM LOAD<\/b><\/td>\n<td>750kg (1654lb)<\/td>\n<\/tr>\n<tr>\n<td><strong>WORK SURFACE<\/strong><\/td>\n<td>3x3m (9.84\u00d79.84ft)<\/td>\n<\/tr>\n<tr>\n<td><strong>MAIN MATERIAL<\/strong><\/td>\n<td>ALUMINIUM<\/td>\n<\/tr>\n<\/tbody>\n<\/table>\n","protected":false},"featured_media":2587,"comment_status":"closed","ping_status":"closed","template":"","meta":{"_exactmetrics_skip_tracking":false,"_exactmetrics_sitenote_active":false,"_exactmetrics_sitenote_note":"","_exactmetrics_sitenote_category":0},"product_brand":[],"product_cat":[194,197],"product_tag":[202,213,218,206,215],"class_list":{"0":"post-3019","1":"product","2":"type-product","3":"status-publish","4":"has-post-thumbnail","6":"product_cat-lifts","7":"product_cat-truss-tower-lifts","8":"product_tag-elevadora-en","9":"product_tag-estructurales-en","10":"product_tag-tip-tower-en","11":"product_tag-torres-en","12":"product_tag-truss-en","14":"first","15":"instock","16":"shipping-taxable","17":"product-type-simple"},"yoast_head":"<!-- This site is optimized with the Yoast SEO plugin v26.9 - https:\/\/yoast.com\/product\/yoast-seo-wordpress\/ -->\n<title>TIP TOWER ELEVATOR TOWER - Kuzar - Torres elevadoras y estructuras met\u00e1licas<\/title>\n<meta name=\"description\" content=\"[vc_row css=&quot;.vc_custom_1563965140483{padding-bottom: 2% !important;}&quot;][vc_column][vc_column_text] Modular lifting tower made of aluminum, mainly...\" \/>\n<meta name=\"robots\" content=\"index, follow, max-snippet:-1, max-image-preview:large, max-video-preview:-1\" \/>\n<link rel=\"canonical\" href=\"https:\/\/kuzar.es\/en\/producto\/tip-tower-elevator-tower\/\" \/>\n<meta property=\"og:locale\" content=\"en_US\" \/>\n<meta property=\"og:type\" content=\"article\" \/>\n<meta property=\"og:title\" content=\"TIP TOWER ELEVATOR TOWER - Kuzar - Torres elevadoras y estructuras met\u00e1licas\" \/>\n<meta property=\"og:description\" content=\"[vc_row css=&quot;.vc_custom_1563965140483{padding-bottom: 2% !important;}&quot;][vc_column][vc_column_text] Modular lifting tower made of aluminum, mainly...\" \/>\n<meta property=\"og:url\" content=\"https:\/\/kuzar.es\/en\/producto\/tip-tower-elevator-tower\/\" \/>\n<meta property=\"og:site_name\" content=\"Kuzar - Torres elevadoras y estructuras met\u00e1licas\" \/>\n<meta property=\"article:modified_time\" content=\"2023-11-07T07:51:26+00:00\" \/>\n<meta property=\"og:image\" content=\"https:\/\/kuzar.es\/wp-content\/uploads\/2019\/08\/tip-tower-kuzar.jpg\" \/>\n\t<meta property=\"og:image:width\" content=\"285\" \/>\n\t<meta property=\"og:image:height\" content=\"600\" \/>\n\t<meta property=\"og:image:type\" content=\"image\/jpeg\" \/>\n<meta name=\"twitter:card\" content=\"summary_large_image\" \/>\n<meta name=\"twitter:label1\" content=\"Est. reading time\" \/>\n\t<meta name=\"twitter:data1\" content=\"1 minute\" \/>\n<script type=\"application\/ld+json\" class=\"yoast-schema-graph\">{\"@context\":\"https:\/\/schema.org\",\"@graph\":[{\"@type\":\"WebPage\",\"@id\":\"https:\/\/kuzar.es\/en\/producto\/tip-tower-elevator-tower\/\",\"url\":\"https:\/\/kuzar.es\/en\/producto\/tip-tower-elevator-tower\/\",\"name\":\"TIP TOWER ELEVATOR TOWER - Kuzar - Torres elevadoras y estructuras met\u00e1licas\",\"isPartOf\":{\"@id\":\"https:\/\/kuzar.es\/en\/#website\"},\"primaryImageOfPage\":{\"@id\":\"https:\/\/kuzar.es\/en\/producto\/tip-tower-elevator-tower\/#primaryimage\"},\"image\":{\"@id\":\"https:\/\/kuzar.es\/en\/producto\/tip-tower-elevator-tower\/#primaryimage\"},\"thumbnailUrl\":\"https:\/\/kuzar.es\/wp-content\/uploads\/2019\/08\/tip-tower-kuzar.jpg\",\"datePublished\":\"2019-08-10T14:59:00+00:00\",\"dateModified\":\"2023-11-07T07:51:26+00:00\",\"description\":\"[vc_row css=\\\".vc_custom_1563965140483{padding-bottom: 2% !important;}\\\"][vc_column][vc_column_text] Modular lifting tower made of aluminum, mainly...\",\"breadcrumb\":{\"@id\":\"https:\/\/kuzar.es\/en\/producto\/tip-tower-elevator-tower\/#breadcrumb\"},\"inLanguage\":\"en-US\",\"potentialAction\":[{\"@type\":\"ReadAction\",\"target\":[\"https:\/\/kuzar.es\/en\/producto\/tip-tower-elevator-tower\/\"]}]},{\"@type\":\"ImageObject\",\"inLanguage\":\"en-US\",\"@id\":\"https:\/\/kuzar.es\/en\/producto\/tip-tower-elevator-tower\/#primaryimage\",\"url\":\"https:\/\/kuzar.es\/wp-content\/uploads\/2019\/08\/tip-tower-kuzar.jpg\",\"contentUrl\":\"https:\/\/kuzar.es\/wp-content\/uploads\/2019\/08\/tip-tower-kuzar.jpg\",\"width\":285,\"height\":600,\"caption\":\"TIP TOWER ELEVATOR TOWER\"},{\"@type\":\"BreadcrumbList\",\"@id\":\"https:\/\/kuzar.es\/en\/producto\/tip-tower-elevator-tower\/#breadcrumb\",\"itemListElement\":[{\"@type\":\"ListItem\",\"position\":1,\"name\":\"Portada\",\"item\":\"https:\/\/kuzar.es\/en\/\"},{\"@type\":\"ListItem\",\"position\":2,\"name\":\"Tienda\",\"item\":\"https:\/\/kuzar.es\/tienda\/\"},{\"@type\":\"ListItem\",\"position\":3,\"name\":\"TIP TOWER ELEVATOR TOWER\"}]},{\"@type\":\"WebSite\",\"@id\":\"https:\/\/kuzar.es\/en\/#website\",\"url\":\"https:\/\/kuzar.es\/en\/\",\"name\":\"Kuzar - Torres elevadoras y estructuras met\u00e1licas\",\"description\":\"Fabricaci\u00f3n de torres elevadoras, estructuras met\u00e1licas e iluminaci\u00f3n para espect\u00e1culos y eventos\",\"potentialAction\":[{\"@type\":\"SearchAction\",\"target\":{\"@type\":\"EntryPoint\",\"urlTemplate\":\"https:\/\/kuzar.es\/en\/?s={search_term_string}\"},\"query-input\":{\"@type\":\"PropertyValueSpecification\",\"valueRequired\":true,\"valueName\":\"search_term_string\"}}],\"inLanguage\":\"en-US\"}]}<\/script>\n<!-- \/ Yoast SEO plugin. -->","yoast_head_json":{"title":"TIP TOWER ELEVATOR TOWER - Kuzar - Torres elevadoras y estructuras met\u00e1licas","description":"[vc_row css=\".vc_custom_1563965140483{padding-bottom: 2% !important;}\"][vc_column][vc_column_text] Modular lifting tower made of aluminum, mainly...","robots":{"index":"index","follow":"follow","max-snippet":"max-snippet:-1","max-image-preview":"max-image-preview:large","max-video-preview":"max-video-preview:-1"},"canonical":"https:\/\/kuzar.es\/en\/producto\/tip-tower-elevator-tower\/","og_locale":"en_US","og_type":"article","og_title":"TIP TOWER ELEVATOR TOWER - Kuzar - Torres elevadoras y estructuras met\u00e1licas","og_description":"[vc_row css=\".vc_custom_1563965140483{padding-bottom: 2% !important;}\"][vc_column][vc_column_text] Modular lifting tower made of aluminum, mainly...","og_url":"https:\/\/kuzar.es\/en\/producto\/tip-tower-elevator-tower\/","og_site_name":"Kuzar - Torres elevadoras y estructuras met\u00e1licas","article_modified_time":"2023-11-07T07:51:26+00:00","og_image":[{"width":285,"height":600,"url":"https:\/\/kuzar.es\/wp-content\/uploads\/2019\/08\/tip-tower-kuzar.jpg","type":"image\/jpeg"}],"twitter_card":"summary_large_image","twitter_misc":{"Est. reading time":"1 minute"},"schema":{"@context":"https:\/\/schema.org","@graph":[{"@type":"WebPage","@id":"https:\/\/kuzar.es\/en\/producto\/tip-tower-elevator-tower\/","url":"https:\/\/kuzar.es\/en\/producto\/tip-tower-elevator-tower\/","name":"TIP TOWER ELEVATOR TOWER - Kuzar - Torres elevadoras y estructuras met\u00e1licas","isPartOf":{"@id":"https:\/\/kuzar.es\/en\/#website"},"primaryImageOfPage":{"@id":"https:\/\/kuzar.es\/en\/producto\/tip-tower-elevator-tower\/#primaryimage"},"image":{"@id":"https:\/\/kuzar.es\/en\/producto\/tip-tower-elevator-tower\/#primaryimage"},"thumbnailUrl":"https:\/\/kuzar.es\/wp-content\/uploads\/2019\/08\/tip-tower-kuzar.jpg","datePublished":"2019-08-10T14:59:00+00:00","dateModified":"2023-11-07T07:51:26+00:00","description":"[vc_row css=\".vc_custom_1563965140483{padding-bottom: 2% !important;}\"][vc_column][vc_column_text] Modular lifting tower made of aluminum, mainly...","breadcrumb":{"@id":"https:\/\/kuzar.es\/en\/producto\/tip-tower-elevator-tower\/#breadcrumb"},"inLanguage":"en-US","potentialAction":[{"@type":"ReadAction","target":["https:\/\/kuzar.es\/en\/producto\/tip-tower-elevator-tower\/"]}]},{"@type":"ImageObject","inLanguage":"en-US","@id":"https:\/\/kuzar.es\/en\/producto\/tip-tower-elevator-tower\/#primaryimage","url":"https:\/\/kuzar.es\/wp-content\/uploads\/2019\/08\/tip-tower-kuzar.jpg","contentUrl":"https:\/\/kuzar.es\/wp-content\/uploads\/2019\/08\/tip-tower-kuzar.jpg","width":285,"height":600,"caption":"TIP TOWER ELEVATOR TOWER"},{"@type":"BreadcrumbList","@id":"https:\/\/kuzar.es\/en\/producto\/tip-tower-elevator-tower\/#breadcrumb","itemListElement":[{"@type":"ListItem","position":1,"name":"Portada","item":"https:\/\/kuzar.es\/en\/"},{"@type":"ListItem","position":2,"name":"Tienda","item":"https:\/\/kuzar.es\/tienda\/"},{"@type":"ListItem","position":3,"name":"TIP TOWER ELEVATOR TOWER"}]},{"@type":"WebSite","@id":"https:\/\/kuzar.es\/en\/#website","url":"https:\/\/kuzar.es\/en\/","name":"Kuzar - Torres elevadoras y estructuras met\u00e1licas","description":"Fabricaci\u00f3n de torres elevadoras, estructuras met\u00e1licas e iluminaci\u00f3n para espect\u00e1culos y eventos","potentialAction":[{"@type":"SearchAction","target":{"@type":"EntryPoint","urlTemplate":"https:\/\/kuzar.es\/en\/?s={search_term_string}"},"query-input":{"@type":"PropertyValueSpecification","valueRequired":true,"valueName":"search_term_string"}}],"inLanguage":"en-US"}]}},"_links":{"self":[{"href":"https:\/\/kuzar.es\/en\/wp-json\/wp\/v2\/product\/3019","targetHints":{"allow":["GET"]}}],"collection":[{"href":"https:\/\/kuzar.es\/en\/wp-json\/wp\/v2\/product"}],"about":[{"href":"https:\/\/kuzar.es\/en\/wp-json\/wp\/v2\/types\/product"}],"replies":[{"embeddable":true,"href":"https:\/\/kuzar.es\/en\/wp-json\/wp\/v2\/comments?post=3019"}],"wp:featuredmedia":[{"embeddable":true,"href":"https:\/\/kuzar.es\/en\/wp-json\/wp\/v2\/media\/2587"}],"wp:attachment":[{"href":"https:\/\/kuzar.es\/en\/wp-json\/wp\/v2\/media?parent=3019"}],"wp:term":[{"taxonomy":"product_brand","embeddable":true,"href":"https:\/\/kuzar.es\/en\/wp-json\/wp\/v2\/product_brand?post=3019"},{"taxonomy":"product_cat","embeddable":true,"href":"https:\/\/kuzar.es\/en\/wp-json\/wp\/v2\/product_cat?post=3019"},{"taxonomy":"product_tag","embeddable":true,"href":"https:\/\/kuzar.es\/en\/wp-json\/wp\/v2\/product_tag?post=3019"}],"curies":[{"name":"wp","href":"https:\/\/api.w.org\/{rel}","templated":true}]}}