{"id":3017,"date":"2019-08-10T16:44:40","date_gmt":"2019-08-10T14:44:40","guid":{"rendered":"https:\/\/kuzar.es\/producto\/k-12\/"},"modified":"2024-05-15T13:55:21","modified_gmt":"2024-05-15T11:55:21","slug":"k-12","status":"publish","type":"product","link":"https:\/\/kuzar.es\/en\/producto\/k-12\/","title":{"rendered":"K-12"},"content":{"rendered":"<div class=\"wpb-content-wrapper\">[vc_row css=&#8221;.vc_custom_1563965140483{padding-bottom: 2% !important;}&#8221;][vc_column][vc_row_inner][vc_column_inner width=&#8221;1\/3&#8243;][vc_btn title=&#8221;CE CERTIFICATE K-12&#8243; style=&#8221;flat&#8221; shape=&#8221;square&#8221; color=&#8221;primary&#8221; align=&#8221;center&#8221; i_icon_fontawesome=&#8221;fa fa-file-text-o&#8221; button_block=&#8221;true&#8221; add_icon=&#8221;true&#8221; link=&#8221;url:https%3A%2F%2Fkuzar.es%2Fwp-content%2Fuploads%2F2024%2F05%2FKUZAR-CE-K-12-05-24.pdf||target:%20_blank|&#8221;][\/vc_column_inner][vc_column_inner width=&#8221;1\/3&#8243;][vc_btn title=&#8221;DATA SHEET K-12&#8243; style=&#8221;flat&#8221; shape=&#8221;square&#8221; color=&#8221;primary&#8221; align=&#8221;center&#8221; i_icon_fontawesome=&#8221;fa fa-file-text-o&#8221; button_block=&#8221;true&#8221; add_icon=&#8221;true&#8221; link=&#8221;url:https%3A%2F%2Fkuzar.es%2Fwp-content%2Fuploads%2F2019%2F08%2FKZ-12-Data-Sheet-09-15.pdf||target:%20_blank|&#8221;][\/vc_column_inner][vc_column_inner width=&#8221;1\/3&#8243;][\/vc_column_inner][\/vc_row_inner][vc_column_text]\n<p style=\"text-align: justify;\">One of the most powerful towers of the Kuzar brand, GROUND SUPPORT type, the K-12 has been designed to meet the strictest requirements for maneuverability, resistance and safety on stage. It is a modular and motorized structural tower with a steel base and built with 6082T6 aluminum truss with a square section. The base is provided with hinges to overturn the tower structure and incorporate it vertically in an easy way with its 1000 kg force motor. To add stability the base incorporates non-slip and adjustable supports.<\/p>\n[\/vc_column_text][vc_separator css=&#8221;.vc_custom_1563965101583{padding-top: 4% !important;padding-bottom: 4% !important;}&#8221;][\/vc_column][\/vc_row]\n<\/div>","protected":false},"excerpt":{"rendered":"<table>\n<tbody>\n<tr>\n<td><b>MAXIMUM HEIGHT<\/b><\/td>\n<td>9m (29.53ft)<\/td>\n<\/tr>\n<tr>\n<td><b>MAXIMUM LOAD<\/b><\/td>\n<td>1000kg (2205lb)<\/td>\n<\/tr>\n<tr>\n<td><strong>LIFTING BY<\/strong><\/td>\n<td>CHAIN MOTOR<\/td>\n<\/tr>\n<tr>\n<td><strong>FOLDED HEIGHT<\/strong><\/td>\n<td>1.68m (5.51ft)<\/td>\n<\/tr>\n<tr>\n<td><strong>WORK SURFACE<\/strong><\/td>\n<td>2.80\u00d72.80m (9.2\u00d79.2ft)<\/td>\n<\/tr>\n<tr>\n<td><b>CONSTRUCTION<\/b><\/td>\n<td>SQUARE TRUSS 30 cm or 40 cm<\/td>\n<\/tr>\n<\/tbody>\n<\/table>\n","protected":false},"featured_media":2580,"comment_status":"closed","ping_status":"closed","template":"","meta":{"_exactmetrics_skip_tracking":false,"_exactmetrics_sitenote_active":false,"_exactmetrics_sitenote_note":"","_exactmetrics_sitenote_category":0},"product_brand":[],"product_cat":[194,197],"product_tag":[202,213,216,206,215],"class_list":{"0":"post-3017","1":"product","2":"type-product","3":"status-publish","4":"has-post-thumbnail","6":"product_cat-lifts","7":"product_cat-truss-tower-lifts","8":"product_tag-elevadora-en","9":"product_tag-estructurales-en","10":"product_tag-k-12-en","11":"product_tag-torres-en","12":"product_tag-truss-en","14":"first","15":"instock","16":"shipping-taxable","17":"product-type-simple"},"yoast_head":"<!-- This site is optimized with the Yoast SEO plugin v26.9 - https:\/\/yoast.com\/product\/yoast-seo-wordpress\/ -->\n<title>K-12 - Kuzar - Torres elevadoras y estructuras met\u00e1licas<\/title>\n<meta name=\"description\" content=\"Descubre la torre K-12 de soporte modular y motorizado, dise\u00f1ada para m\u00e1xima seguridad y maniobrabilidad en escenarios. \u00a1Consulta m\u00e1s detalles!\" \/>\n<meta name=\"robots\" content=\"index, follow, max-snippet:-1, max-image-preview:large, max-video-preview:-1\" \/>\n<link rel=\"canonical\" href=\"https:\/\/kuzar.es\/en\/producto\/k-12\/\" \/>\n<meta property=\"og:locale\" content=\"en_US\" \/>\n<meta property=\"og:type\" content=\"article\" \/>\n<meta property=\"og:title\" content=\"K-12 - Kuzar - Torres elevadoras y estructuras met\u00e1licas\" \/>\n<meta property=\"og:description\" content=\"Descubre la torre K-12 de soporte modular y motorizado, dise\u00f1ada para m\u00e1xima seguridad y maniobrabilidad en escenarios. \u00a1Consulta m\u00e1s detalles!\" \/>\n<meta property=\"og:url\" content=\"https:\/\/kuzar.es\/en\/producto\/k-12\/\" \/>\n<meta property=\"og:site_name\" content=\"Kuzar - Torres elevadoras y estructuras met\u00e1licas\" \/>\n<meta property=\"article:modified_time\" content=\"2024-05-15T11:55:21+00:00\" \/>\n<meta property=\"og:image\" content=\"https:\/\/kuzar.es\/wp-content\/uploads\/2019\/08\/TORRE-ELEVADORA-K-12-PLEGADA.jpg\" \/>\n\t<meta property=\"og:image:width\" content=\"300\" \/>\n\t<meta property=\"og:image:height\" content=\"471\" \/>\n\t<meta property=\"og:image:type\" content=\"image\/jpeg\" \/>\n<meta name=\"twitter:card\" content=\"summary_large_image\" \/>\n<meta name=\"twitter:label1\" content=\"Est. reading time\" \/>\n\t<meta name=\"twitter:data1\" content=\"1 minute\" \/>\n<script type=\"application\/ld+json\" class=\"yoast-schema-graph\">{\"@context\":\"https:\/\/schema.org\",\"@graph\":[{\"@type\":\"WebPage\",\"@id\":\"https:\/\/kuzar.es\/en\/producto\/k-12\/\",\"url\":\"https:\/\/kuzar.es\/en\/producto\/k-12\/\",\"name\":\"K-12 - Kuzar - Torres elevadoras y estructuras met\u00e1licas\",\"isPartOf\":{\"@id\":\"https:\/\/kuzar.es\/en\/#website\"},\"primaryImageOfPage\":{\"@id\":\"https:\/\/kuzar.es\/en\/producto\/k-12\/#primaryimage\"},\"image\":{\"@id\":\"https:\/\/kuzar.es\/en\/producto\/k-12\/#primaryimage\"},\"thumbnailUrl\":\"https:\/\/kuzar.es\/wp-content\/uploads\/2019\/08\/TORRE-ELEVADORA-K-12-PLEGADA.jpg\",\"datePublished\":\"2019-08-10T14:44:40+00:00\",\"dateModified\":\"2024-05-15T11:55:21+00:00\",\"description\":\"Descubre la torre K-12 de soporte modular y motorizado, dise\u00f1ada para m\u00e1xima seguridad y maniobrabilidad en escenarios. \u00a1Consulta m\u00e1s detalles!\",\"breadcrumb\":{\"@id\":\"https:\/\/kuzar.es\/en\/producto\/k-12\/#breadcrumb\"},\"inLanguage\":\"en-US\",\"potentialAction\":[{\"@type\":\"ReadAction\",\"target\":[\"https:\/\/kuzar.es\/en\/producto\/k-12\/\"]}]},{\"@type\":\"ImageObject\",\"inLanguage\":\"en-US\",\"@id\":\"https:\/\/kuzar.es\/en\/producto\/k-12\/#primaryimage\",\"url\":\"https:\/\/kuzar.es\/wp-content\/uploads\/2019\/08\/TORRE-ELEVADORA-K-12-PLEGADA.jpg\",\"contentUrl\":\"https:\/\/kuzar.es\/wp-content\/uploads\/2019\/08\/TORRE-ELEVADORA-K-12-PLEGADA.jpg\",\"width\":300,\"height\":471,\"caption\":\"K-12\"},{\"@type\":\"BreadcrumbList\",\"@id\":\"https:\/\/kuzar.es\/en\/producto\/k-12\/#breadcrumb\",\"itemListElement\":[{\"@type\":\"ListItem\",\"position\":1,\"name\":\"Portada\",\"item\":\"https:\/\/kuzar.es\/en\/\"},{\"@type\":\"ListItem\",\"position\":2,\"name\":\"Tienda\",\"item\":\"https:\/\/kuzar.es\/tienda\/\"},{\"@type\":\"ListItem\",\"position\":3,\"name\":\"K-12\"}]},{\"@type\":\"WebSite\",\"@id\":\"https:\/\/kuzar.es\/en\/#website\",\"url\":\"https:\/\/kuzar.es\/en\/\",\"name\":\"Kuzar - Torres elevadoras y estructuras met\u00e1licas\",\"description\":\"Fabricaci\u00f3n de torres elevadoras, estructuras met\u00e1licas e iluminaci\u00f3n para espect\u00e1culos y eventos\",\"potentialAction\":[{\"@type\":\"SearchAction\",\"target\":{\"@type\":\"EntryPoint\",\"urlTemplate\":\"https:\/\/kuzar.es\/en\/?s={search_term_string}\"},\"query-input\":{\"@type\":\"PropertyValueSpecification\",\"valueRequired\":true,\"valueName\":\"search_term_string\"}}],\"inLanguage\":\"en-US\"}]}<\/script>\n<!-- \/ Yoast SEO plugin. -->","yoast_head_json":{"title":"K-12 - Kuzar - Torres elevadoras y estructuras met\u00e1licas","description":"Descubre la torre K-12 de soporte modular y motorizado, dise\u00f1ada para m\u00e1xima seguridad y maniobrabilidad en escenarios. \u00a1Consulta m\u00e1s detalles!","robots":{"index":"index","follow":"follow","max-snippet":"max-snippet:-1","max-image-preview":"max-image-preview:large","max-video-preview":"max-video-preview:-1"},"canonical":"https:\/\/kuzar.es\/en\/producto\/k-12\/","og_locale":"en_US","og_type":"article","og_title":"K-12 - Kuzar - Torres elevadoras y estructuras met\u00e1licas","og_description":"Descubre la torre K-12 de soporte modular y motorizado, dise\u00f1ada para m\u00e1xima seguridad y maniobrabilidad en escenarios. \u00a1Consulta m\u00e1s detalles!","og_url":"https:\/\/kuzar.es\/en\/producto\/k-12\/","og_site_name":"Kuzar - Torres elevadoras y estructuras met\u00e1licas","article_modified_time":"2024-05-15T11:55:21+00:00","og_image":[{"width":300,"height":471,"url":"https:\/\/kuzar.es\/wp-content\/uploads\/2019\/08\/TORRE-ELEVADORA-K-12-PLEGADA.jpg","type":"image\/jpeg"}],"twitter_card":"summary_large_image","twitter_misc":{"Est. reading time":"1 minute"},"schema":{"@context":"https:\/\/schema.org","@graph":[{"@type":"WebPage","@id":"https:\/\/kuzar.es\/en\/producto\/k-12\/","url":"https:\/\/kuzar.es\/en\/producto\/k-12\/","name":"K-12 - Kuzar - Torres elevadoras y estructuras met\u00e1licas","isPartOf":{"@id":"https:\/\/kuzar.es\/en\/#website"},"primaryImageOfPage":{"@id":"https:\/\/kuzar.es\/en\/producto\/k-12\/#primaryimage"},"image":{"@id":"https:\/\/kuzar.es\/en\/producto\/k-12\/#primaryimage"},"thumbnailUrl":"https:\/\/kuzar.es\/wp-content\/uploads\/2019\/08\/TORRE-ELEVADORA-K-12-PLEGADA.jpg","datePublished":"2019-08-10T14:44:40+00:00","dateModified":"2024-05-15T11:55:21+00:00","description":"Descubre la torre K-12 de soporte modular y motorizado, dise\u00f1ada para m\u00e1xima seguridad y maniobrabilidad en escenarios. \u00a1Consulta m\u00e1s detalles!","breadcrumb":{"@id":"https:\/\/kuzar.es\/en\/producto\/k-12\/#breadcrumb"},"inLanguage":"en-US","potentialAction":[{"@type":"ReadAction","target":["https:\/\/kuzar.es\/en\/producto\/k-12\/"]}]},{"@type":"ImageObject","inLanguage":"en-US","@id":"https:\/\/kuzar.es\/en\/producto\/k-12\/#primaryimage","url":"https:\/\/kuzar.es\/wp-content\/uploads\/2019\/08\/TORRE-ELEVADORA-K-12-PLEGADA.jpg","contentUrl":"https:\/\/kuzar.es\/wp-content\/uploads\/2019\/08\/TORRE-ELEVADORA-K-12-PLEGADA.jpg","width":300,"height":471,"caption":"K-12"},{"@type":"BreadcrumbList","@id":"https:\/\/kuzar.es\/en\/producto\/k-12\/#breadcrumb","itemListElement":[{"@type":"ListItem","position":1,"name":"Portada","item":"https:\/\/kuzar.es\/en\/"},{"@type":"ListItem","position":2,"name":"Tienda","item":"https:\/\/kuzar.es\/tienda\/"},{"@type":"ListItem","position":3,"name":"K-12"}]},{"@type":"WebSite","@id":"https:\/\/kuzar.es\/en\/#website","url":"https:\/\/kuzar.es\/en\/","name":"Kuzar - Torres elevadoras y estructuras met\u00e1licas","description":"Fabricaci\u00f3n de torres elevadoras, estructuras met\u00e1licas e iluminaci\u00f3n para espect\u00e1culos y eventos","potentialAction":[{"@type":"SearchAction","target":{"@type":"EntryPoint","urlTemplate":"https:\/\/kuzar.es\/en\/?s={search_term_string}"},"query-input":{"@type":"PropertyValueSpecification","valueRequired":true,"valueName":"search_term_string"}}],"inLanguage":"en-US"}]}},"_links":{"self":[{"href":"https:\/\/kuzar.es\/en\/wp-json\/wp\/v2\/product\/3017","targetHints":{"allow":["GET"]}}],"collection":[{"href":"https:\/\/kuzar.es\/en\/wp-json\/wp\/v2\/product"}],"about":[{"href":"https:\/\/kuzar.es\/en\/wp-json\/wp\/v2\/types\/product"}],"replies":[{"embeddable":true,"href":"https:\/\/kuzar.es\/en\/wp-json\/wp\/v2\/comments?post=3017"}],"wp:featuredmedia":[{"embeddable":true,"href":"https:\/\/kuzar.es\/en\/wp-json\/wp\/v2\/media\/2580"}],"wp:attachment":[{"href":"https:\/\/kuzar.es\/en\/wp-json\/wp\/v2\/media?parent=3017"}],"wp:term":[{"taxonomy":"product_brand","embeddable":true,"href":"https:\/\/kuzar.es\/en\/wp-json\/wp\/v2\/product_brand?post=3017"},{"taxonomy":"product_cat","embeddable":true,"href":"https:\/\/kuzar.es\/en\/wp-json\/wp\/v2\/product_cat?post=3017"},{"taxonomy":"product_tag","embeddable":true,"href":"https:\/\/kuzar.es\/en\/wp-json\/wp\/v2\/product_tag?post=3017"}],"curies":[{"name":"wp","href":"https:\/\/api.w.org\/{rel}","templated":true}]}}