{"id":3016,"date":"2019-08-10T16:33:13","date_gmt":"2019-08-10T14:33:13","guid":{"rendered":"https:\/\/kuzar.es\/producto\/k-10\/"},"modified":"2024-05-15T13:52:15","modified_gmt":"2024-05-15T11:52:15","slug":"k-10","status":"publish","type":"product","link":"https:\/\/kuzar.es\/en\/producto\/k-10\/","title":{"rendered":"K-10"},"content":{"rendered":"<div class=\"wpb-content-wrapper\">[vc_row css=&#8221;.vc_custom_1563965140483{padding-bottom: 2% !important;}&#8221;][vc_column][vc_column_text]Very easy to use tower, only one person is needed to handle it, since only by operating the winch does the tower turn over the base&#8217;s ball joints and is positioned vertically. With a steel base that gives you all the stability you need. The rest of the tower is built with our 30 \u00d7 30cm Kuzar truss composed of \u00d850mm and 2.5mm thick tubes.<\/p>\n<p>The composition of trusses to form the tower is 1m + 3m + 2m + 1m. You can increase up to 8m with additional parts. The load is lifted with manual hoist. Non-slip and adjustable supports are inserted in the base.[\/vc_column_text][vc_row_inner][vc_column_inner width=&#8221;1\/3&#8243;][vc_btn title=&#8221;CE CERTIFICATE K-10&#8243; style=&#8221;flat&#8221; shape=&#8221;square&#8221; color=&#8221;primary&#8221; align=&#8221;center&#8221; i_icon_fontawesome=&#8221;fa fa-file-text-o&#8221; button_block=&#8221;true&#8221; add_icon=&#8221;true&#8221; link=&#8221;url:https%3A%2F%2Fkuzar.es%2Fwp-content%2Fuploads%2F2024%2F05%2FKUZAR-CE-K-10-05-24.pdf||target:%20_blank|&#8221;][\/vc_column_inner][vc_column_inner width=&#8221;1\/3&#8243;][vc_btn title=&#8221;DATA SHEET K-10&#8243; style=&#8221;flat&#8221; shape=&#8221;square&#8221; color=&#8221;primary&#8221; align=&#8221;center&#8221; i_icon_fontawesome=&#8221;fa fa-file-text-o&#8221; button_block=&#8221;true&#8221; add_icon=&#8221;true&#8221; link=&#8221;url:https%3A%2F%2Fkuzar.es%2Fwp-content%2Fuploads%2F2021%2F09%2FData-Sheet-K-10-09-21.pdf||target:%20_blank|&#8221;][\/vc_column_inner][vc_column_inner width=&#8221;1\/3&#8243;][vc_btn title=&#8221;MANUAL K-10&#8243; style=&#8221;flat&#8221; shape=&#8221;square&#8221; color=&#8221;primary&#8221; align=&#8221;center&#8221; i_icon_fontawesome=&#8221;fa fa-book&#8221; button_block=&#8221;true&#8221; add_icon=&#8221;true&#8221; link=&#8221;url:https%3A%2F%2Fkuzar.es%2Fwp-content%2Fuploads%2F2021%2F11%2FManual-KUZAR-K-10-03-24.pdf||target:%20_blank|&#8221;][\/vc_column_inner][\/vc_row_inner][\/vc_column][\/vc_row][vc_row][vc_column][vc_video link=&#8221;https:\/\/youtu.be\/9d1jS1mHI3U&#8221;][\/vc_column][\/vc_row]\n<\/div>","protected":false},"excerpt":{"rendered":"<table style=\"height: 218px;\" width=\"378\">\n<tbody>\n<tr>\n<td><b>MAXIMUM HEIGHT<\/b><\/td>\n<td>7 m (23 ft)<\/td>\n<\/tr>\n<tr>\n<td><b>MAXIMUM LOAD<\/b><\/td>\n<td>500 kg (1102 lb)<\/td>\n<\/tr>\n<tr>\n<td><strong>SECURITY<\/strong><\/td>\n<td>TRUSS TRIGGER + ZIPPER<\/td>\n<\/tr>\n<tr>\n<td><strong>FOLDED HEIGHT<\/strong><\/td>\n<td>1.68 m (5.51 ft)<\/td>\n<\/tr>\n<tr>\n<td><strong>WORK SURFACE<\/strong><\/td>\n<td>2.29\u00d72.29 m (7.51\u00d77.51 ft)<\/td>\n<\/tr>\n<tr>\n<td><b>CONSTRUCCI\u00d3N<\/b><\/td>\n<td>TUBULAR PROFILE 50\u00d72.5 mm<\/td>\n<\/tr>\n<tr>\n<td><strong>MAIN MATERIAL<\/strong><\/td>\n<td>ALUMINIUM 6082T6, STEEL<\/td>\n<\/tr>\n<tr>\n<td><\/td>\n<td><\/td>\n<\/tr>\n<\/tbody>\n<\/table>\n","protected":false},"featured_media":2571,"comment_status":"closed","ping_status":"closed","template":"","meta":{"_exactmetrics_skip_tracking":false,"_exactmetrics_sitenote_active":false,"_exactmetrics_sitenote_note":"","_exactmetrics_sitenote_category":0},"product_brand":[],"product_cat":[194,197],"product_tag":[202,213,214,206,215],"class_list":{"0":"post-3016","1":"product","2":"type-product","3":"status-publish","4":"has-post-thumbnail","6":"product_cat-lifts","7":"product_cat-truss-tower-lifts","8":"product_tag-elevadora-en","9":"product_tag-estructurales-en","10":"product_tag-k-10-en","11":"product_tag-torres-en","12":"product_tag-truss-en","14":"first","15":"instock","16":"shipping-taxable","17":"product-type-simple"},"yoast_head":"<!-- This site is optimized with the Yoast SEO plugin v27.4 - https:\/\/yoast.com\/product\/yoast-seo-wordpress\/ -->\n<title>K-10 - Kuzar - Torres elevadoras y estructuras met\u00e1licas<\/title>\n<meta name=\"description\" content=\"[vc_row css=&quot;.vc_custom_1563965140483{padding-bottom: 2% !important;}&quot;][vc_column][vc_column_text]Very easy to use tower, only one person is needed to...\" \/>\n<meta name=\"robots\" content=\"index, follow, max-snippet:-1, max-image-preview:large, max-video-preview:-1\" \/>\n<link rel=\"canonical\" href=\"https:\/\/kuzar.es\/en\/producto\/k-10\/\" \/>\n<meta property=\"og:locale\" content=\"en_US\" \/>\n<meta property=\"og:type\" content=\"article\" \/>\n<meta property=\"og:title\" content=\"K-10 - Kuzar - Torres elevadoras y estructuras met\u00e1licas\" \/>\n<meta property=\"og:description\" content=\"[vc_row css=&quot;.vc_custom_1563965140483{padding-bottom: 2% !important;}&quot;][vc_column][vc_column_text]Very easy to use tower, only one person is needed to...\" \/>\n<meta property=\"og:url\" content=\"https:\/\/kuzar.es\/en\/producto\/k-10\/\" \/>\n<meta property=\"og:site_name\" content=\"Kuzar - Torres elevadoras y estructuras met\u00e1licas\" \/>\n<meta property=\"article:modified_time\" content=\"2024-05-15T11:52:15+00:00\" \/>\n<meta property=\"og:image\" content=\"https:\/\/kuzar.es\/wp-content\/uploads\/2019\/08\/K-10-Plegada-1.jpg\" \/>\n\t<meta property=\"og:image:width\" content=\"463\" \/>\n\t<meta property=\"og:image:height\" content=\"727\" \/>\n\t<meta property=\"og:image:type\" content=\"image\/jpeg\" \/>\n<meta name=\"twitter:card\" content=\"summary_large_image\" \/>\n<meta name=\"twitter:label1\" content=\"Est. reading time\" \/>\n\t<meta name=\"twitter:data1\" content=\"1 minute\" \/>\n<script type=\"application\/ld+json\" class=\"yoast-schema-graph\">{\"@context\":\"https:\\\/\\\/schema.org\",\"@graph\":[{\"@type\":\"WebPage\",\"@id\":\"https:\\\/\\\/kuzar.es\\\/en\\\/producto\\\/k-10\\\/\",\"url\":\"https:\\\/\\\/kuzar.es\\\/en\\\/producto\\\/k-10\\\/\",\"name\":\"K-10 - Kuzar - Torres elevadoras y estructuras met\u00e1licas\",\"isPartOf\":{\"@id\":\"https:\\\/\\\/kuzar.es\\\/en\\\/#website\"},\"primaryImageOfPage\":{\"@id\":\"https:\\\/\\\/kuzar.es\\\/en\\\/producto\\\/k-10\\\/#primaryimage\"},\"image\":{\"@id\":\"https:\\\/\\\/kuzar.es\\\/en\\\/producto\\\/k-10\\\/#primaryimage\"},\"thumbnailUrl\":\"https:\\\/\\\/kuzar.es\\\/wp-content\\\/uploads\\\/2019\\\/08\\\/K-10-Plegada-1.jpg\",\"datePublished\":\"2019-08-10T14:33:13+00:00\",\"dateModified\":\"2024-05-15T11:52:15+00:00\",\"description\":\"[vc_row css=\\\".vc_custom_1563965140483{padding-bottom: 2% !important;}\\\"][vc_column][vc_column_text]Very easy to use tower, only one person is needed to...\",\"breadcrumb\":{\"@id\":\"https:\\\/\\\/kuzar.es\\\/en\\\/producto\\\/k-10\\\/#breadcrumb\"},\"inLanguage\":\"en-US\",\"potentialAction\":[{\"@type\":\"ReadAction\",\"target\":[\"https:\\\/\\\/kuzar.es\\\/en\\\/producto\\\/k-10\\\/\"]}]},{\"@type\":\"ImageObject\",\"inLanguage\":\"en-US\",\"@id\":\"https:\\\/\\\/kuzar.es\\\/en\\\/producto\\\/k-10\\\/#primaryimage\",\"url\":\"https:\\\/\\\/kuzar.es\\\/wp-content\\\/uploads\\\/2019\\\/08\\\/K-10-Plegada-1.jpg\",\"contentUrl\":\"https:\\\/\\\/kuzar.es\\\/wp-content\\\/uploads\\\/2019\\\/08\\\/K-10-Plegada-1.jpg\",\"width\":463,\"height\":727,\"caption\":\"K-10\"},{\"@type\":\"BreadcrumbList\",\"@id\":\"https:\\\/\\\/kuzar.es\\\/en\\\/producto\\\/k-10\\\/#breadcrumb\",\"itemListElement\":[{\"@type\":\"ListItem\",\"position\":1,\"name\":\"Portada\",\"item\":\"https:\\\/\\\/kuzar.es\\\/en\\\/\"},{\"@type\":\"ListItem\",\"position\":2,\"name\":\"Tienda\",\"item\":\"https:\\\/\\\/kuzar.es\\\/tienda\\\/\"},{\"@type\":\"ListItem\",\"position\":3,\"name\":\"K-10\"}]},{\"@type\":\"WebSite\",\"@id\":\"https:\\\/\\\/kuzar.es\\\/en\\\/#website\",\"url\":\"https:\\\/\\\/kuzar.es\\\/en\\\/\",\"name\":\"Kuzar - Torres elevadoras y estructuras met\u00e1licas\",\"description\":\"Fabricaci\u00f3n de torres elevadoras, estructuras met\u00e1licas e iluminaci\u00f3n para espect\u00e1culos y eventos\",\"potentialAction\":[{\"@type\":\"SearchAction\",\"target\":{\"@type\":\"EntryPoint\",\"urlTemplate\":\"https:\\\/\\\/kuzar.es\\\/en\\\/?s={search_term_string}\"},\"query-input\":{\"@type\":\"PropertyValueSpecification\",\"valueRequired\":true,\"valueName\":\"search_term_string\"}}],\"inLanguage\":\"en-US\"}]}<\/script>\n<!-- \/ Yoast SEO plugin. -->","yoast_head_json":{"title":"K-10 - Kuzar - Torres elevadoras y estructuras met\u00e1licas","description":"[vc_row css=\".vc_custom_1563965140483{padding-bottom: 2% !important;}\"][vc_column][vc_column_text]Very easy to use tower, only one person is needed to...","robots":{"index":"index","follow":"follow","max-snippet":"max-snippet:-1","max-image-preview":"max-image-preview:large","max-video-preview":"max-video-preview:-1"},"canonical":"https:\/\/kuzar.es\/en\/producto\/k-10\/","og_locale":"en_US","og_type":"article","og_title":"K-10 - Kuzar - Torres elevadoras y estructuras met\u00e1licas","og_description":"[vc_row css=\".vc_custom_1563965140483{padding-bottom: 2% !important;}\"][vc_column][vc_column_text]Very easy to use tower, only one person is needed to...","og_url":"https:\/\/kuzar.es\/en\/producto\/k-10\/","og_site_name":"Kuzar - Torres elevadoras y estructuras met\u00e1licas","article_modified_time":"2024-05-15T11:52:15+00:00","og_image":[{"width":463,"height":727,"url":"https:\/\/kuzar.es\/wp-content\/uploads\/2019\/08\/K-10-Plegada-1.jpg","type":"image\/jpeg"}],"twitter_card":"summary_large_image","twitter_misc":{"Est. reading time":"1 minute"},"schema":{"@context":"https:\/\/schema.org","@graph":[{"@type":"WebPage","@id":"https:\/\/kuzar.es\/en\/producto\/k-10\/","url":"https:\/\/kuzar.es\/en\/producto\/k-10\/","name":"K-10 - Kuzar - Torres elevadoras y estructuras met\u00e1licas","isPartOf":{"@id":"https:\/\/kuzar.es\/en\/#website"},"primaryImageOfPage":{"@id":"https:\/\/kuzar.es\/en\/producto\/k-10\/#primaryimage"},"image":{"@id":"https:\/\/kuzar.es\/en\/producto\/k-10\/#primaryimage"},"thumbnailUrl":"https:\/\/kuzar.es\/wp-content\/uploads\/2019\/08\/K-10-Plegada-1.jpg","datePublished":"2019-08-10T14:33:13+00:00","dateModified":"2024-05-15T11:52:15+00:00","description":"[vc_row css=\".vc_custom_1563965140483{padding-bottom: 2% !important;}\"][vc_column][vc_column_text]Very easy to use tower, only one person is needed to...","breadcrumb":{"@id":"https:\/\/kuzar.es\/en\/producto\/k-10\/#breadcrumb"},"inLanguage":"en-US","potentialAction":[{"@type":"ReadAction","target":["https:\/\/kuzar.es\/en\/producto\/k-10\/"]}]},{"@type":"ImageObject","inLanguage":"en-US","@id":"https:\/\/kuzar.es\/en\/producto\/k-10\/#primaryimage","url":"https:\/\/kuzar.es\/wp-content\/uploads\/2019\/08\/K-10-Plegada-1.jpg","contentUrl":"https:\/\/kuzar.es\/wp-content\/uploads\/2019\/08\/K-10-Plegada-1.jpg","width":463,"height":727,"caption":"K-10"},{"@type":"BreadcrumbList","@id":"https:\/\/kuzar.es\/en\/producto\/k-10\/#breadcrumb","itemListElement":[{"@type":"ListItem","position":1,"name":"Portada","item":"https:\/\/kuzar.es\/en\/"},{"@type":"ListItem","position":2,"name":"Tienda","item":"https:\/\/kuzar.es\/tienda\/"},{"@type":"ListItem","position":3,"name":"K-10"}]},{"@type":"WebSite","@id":"https:\/\/kuzar.es\/en\/#website","url":"https:\/\/kuzar.es\/en\/","name":"Kuzar - Torres elevadoras y estructuras met\u00e1licas","description":"Fabricaci\u00f3n de torres elevadoras, estructuras met\u00e1licas e iluminaci\u00f3n para espect\u00e1culos y eventos","potentialAction":[{"@type":"SearchAction","target":{"@type":"EntryPoint","urlTemplate":"https:\/\/kuzar.es\/en\/?s={search_term_string}"},"query-input":{"@type":"PropertyValueSpecification","valueRequired":true,"valueName":"search_term_string"}}],"inLanguage":"en-US"}]}},"_links":{"self":[{"href":"https:\/\/kuzar.es\/en\/wp-json\/wp\/v2\/product\/3016","targetHints":{"allow":["GET"]}}],"collection":[{"href":"https:\/\/kuzar.es\/en\/wp-json\/wp\/v2\/product"}],"about":[{"href":"https:\/\/kuzar.es\/en\/wp-json\/wp\/v2\/types\/product"}],"replies":[{"embeddable":true,"href":"https:\/\/kuzar.es\/en\/wp-json\/wp\/v2\/comments?post=3016"}],"wp:featuredmedia":[{"embeddable":true,"href":"https:\/\/kuzar.es\/en\/wp-json\/wp\/v2\/media\/2571"}],"wp:attachment":[{"href":"https:\/\/kuzar.es\/en\/wp-json\/wp\/v2\/media?parent=3016"}],"wp:term":[{"taxonomy":"product_brand","embeddable":true,"href":"https:\/\/kuzar.es\/en\/wp-json\/wp\/v2\/product_brand?post=3016"},{"taxonomy":"product_cat","embeddable":true,"href":"https:\/\/kuzar.es\/en\/wp-json\/wp\/v2\/product_cat?post=3016"},{"taxonomy":"product_tag","embeddable":true,"href":"https:\/\/kuzar.es\/en\/wp-json\/wp\/v2\/product_tag?post=3016"}],"curies":[{"name":"wp","href":"https:\/\/api.w.org\/{rel}","templated":true}]}}