{"id":2999,"date":"2019-07-24T13:39:32","date_gmt":"2019-07-24T11:39:32","guid":{"rendered":"https:\/\/kuzar.es\/producto\/k-31\/"},"modified":"2024-05-15T13:09:36","modified_gmt":"2024-05-15T11:09:36","slug":"k-31","status":"publish","type":"product","link":"https:\/\/kuzar.es\/en\/producto\/k-31\/","title":{"rendered":"K-31"},"content":{"rendered":"<div class=\"wpb-content-wrapper\">[vc_row][vc_column][vc_row_inner][vc_column_inner width=&#8221;1\/4&#8243;][vc_btn title=&#8221;BGV C1 CERTIFICATE K-31&#8243; style=&#8221;flat&#8221; shape=&#8221;square&#8221; color=&#8221;primary&#8221; align=&#8221;center&#8221; i_icon_fontawesome=&#8221;fa fa-shield&#8221; button_block=&#8221;true&#8221; add_icon=&#8221;true&#8221; link=&#8221;url:https%3A%2F%2Fkuzar.es%2Fwp-content%2Fuploads%2F2019%2F07%2FCertificado-K-31.pdf||target:%20_blank|&#8221;][\/vc_column_inner][vc_column_inner width=&#8221;1\/4&#8243;][vc_btn title=&#8221;CE CERTIFICATE K-31&#8243; style=&#8221;flat&#8221; shape=&#8221;square&#8221; color=&#8221;primary&#8221; align=&#8221;center&#8221; i_icon_fontawesome=&#8221;fa fa-shield&#8221; button_block=&#8221;true&#8221; add_icon=&#8221;true&#8221; link=&#8221;url:https%3A%2F%2Fkuzar.es%2Fwp-content%2Fuploads%2F2024%2F05%2FKUZAR-CE-K-31-05-24.pdf||target:%20_blank|&#8221;][\/vc_column_inner][vc_column_inner width=&#8221;1\/4&#8243;][vc_btn title=&#8221;MANUAL K-31&#8243; style=&#8221;flat&#8221; shape=&#8221;square&#8221; color=&#8221;primary&#8221; align=&#8221;center&#8221; i_icon_fontawesome=&#8221;fa fa-book&#8221; button_block=&#8221;true&#8221; add_icon=&#8221;true&#8221; link=&#8221;url:https%3A%2F%2Fkuzar.es%2Fwp-content%2Fuploads%2F2023%2F03%2FManual-KUZAR-K-31-07-24.pdf||target:%20_blank|&#8221;][\/vc_column_inner][vc_column_inner width=&#8221;1\/4&#8243;][vc_btn title=&#8221;DATA SHEET K-31&#8243; style=&#8221;flat&#8221; shape=&#8221;square&#8221; color=&#8221;primary&#8221; align=&#8221;center&#8221; i_icon_fontawesome=&#8221;fa fa-file-text-o&#8221; button_block=&#8221;true&#8221; add_icon=&#8221;true&#8221; link=&#8221;url:https%3A%2F%2Fkuzar.es%2Fwp-content%2Fuploads%2F2019%2F08%2FK-31-Data-Sheet-Kuzar-07-19.pdf||target:%20_blank|&#8221;][\/vc_column_inner][\/vc_row_inner][vc_column_text]\n<p style=\"text-align: justify;\">Kuzar has launched the new range of POLIVALENT aluminum towers, the K-31 is a tower with longer sections than the K-30, capable of lifting PA and LINE ARRAY AUDIO STRUCTURES and SYSTEMS at a higher height. Mount 4 legs with adjustable non-slip rubber saucers. Our automatic trigger \u2018KAT\u2019 automatically locks the sections while lifting the tower, also protects its load in the unlikely event that the cable is broken.<\/p>\n[\/vc_column_text][\/vc_column][\/vc_row]\n<\/div>","protected":false},"excerpt":{"rendered":"<table style=\"font-size: 14.4px;\">\n<tbody>\n<tr>\n<td><b>MAXIMUM HEIGHT<\/b><\/td>\n<td>6.15m (20.18ft)<\/td>\n<\/tr>\n<tr>\n<td><b>MAXIMUM LOAD<\/b><\/td>\n<td>250kg (551lb)<\/td>\n<\/tr>\n<tr>\n<td><b>NET WEIGHT<\/b><\/td>\n<td>110kg (242.5lb)<\/td>\n<\/tr>\n<tr>\n<td><strong>FOLDED HEIGHT<\/strong><\/td>\n<td>1,87m (6.14ft)<\/td>\n<\/tr>\n<tr>\n<td><strong>WORK SURFACE<\/strong><\/td>\n<td>1,80\u00d71,69m (5.9\u00d75.5ft)<\/td>\n<\/tr>\n<tr>\n<td><strong>SECURITY<\/strong><\/td>\n<td>&#8220;KAT&#8221; TRIGGER<\/td>\n<\/tr>\n<tr>\n<td><b>COLOUR<\/b><\/td>\n<td>BLACK<\/td>\n<\/tr>\n<tr>\n<td><strong>MAIN MATERIAL<\/strong><\/td>\n<td>ALUMINUM<\/td>\n<\/tr>\n<\/tbody>\n<\/table>\n","protected":false},"featured_media":2450,"comment_status":"closed","ping_status":"closed","template":"","meta":{"_exactmetrics_skip_tracking":false,"_exactmetrics_sitenote_active":false,"_exactmetrics_sitenote_note":"","_exactmetrics_sitenote_category":0},"product_brand":[],"product_cat":[461,194,196],"product_tag":[202,203,208,205,206],"class_list":{"0":"post-2999","1":"product","2":"type-product","3":"status-publish","4":"has-post-thumbnail","6":"product_cat-uncategorized","7":"product_cat-lifts","8":"product_cat-line-array-lifts","9":"product_tag-elevadora-en","10":"product_tag-frontal-en","11":"product_tag-k-31-en","12":"product_tag-line-array-en","13":"product_tag-torres-en","15":"first","16":"instock","17":"shipping-taxable","18":"product-type-simple"},"yoast_head":"<!-- This site is optimized with the Yoast SEO plugin v26.9 - https:\/\/yoast.com\/product\/yoast-seo-wordpress\/ -->\n<title>K-31 - Kuzar - Torres elevadoras y estructuras met\u00e1licas<\/title>\n<meta name=\"description\" content=\"[vc_row][vc_column][vc_row_inner][vc_column_inner width=&quot;1\/4&quot;][vc_btn title=&quot;BGV C1 CERTIFICATE K-31&quot; style=&quot;flat&quot; shape=&quot;square&quot; color=&quot;primary&quot;...\" \/>\n<meta name=\"robots\" content=\"index, follow, max-snippet:-1, max-image-preview:large, max-video-preview:-1\" \/>\n<link rel=\"canonical\" href=\"https:\/\/kuzar.es\/en\/producto\/k-31\/\" \/>\n<meta property=\"og:locale\" content=\"en_US\" \/>\n<meta property=\"og:type\" content=\"article\" \/>\n<meta property=\"og:title\" content=\"K-31 - Kuzar - Torres elevadoras y estructuras met\u00e1licas\" \/>\n<meta property=\"og:description\" content=\"[vc_row][vc_column][vc_row_inner][vc_column_inner width=&quot;1\/4&quot;][vc_btn title=&quot;BGV C1 CERTIFICATE K-31&quot; style=&quot;flat&quot; shape=&quot;square&quot; color=&quot;primary&quot;...\" \/>\n<meta property=\"og:url\" content=\"https:\/\/kuzar.es\/en\/producto\/k-31\/\" \/>\n<meta property=\"og:site_name\" content=\"Kuzar - Torres elevadoras y estructuras met\u00e1licas\" \/>\n<meta property=\"article:modified_time\" content=\"2024-05-15T11:09:36+00:00\" \/>\n<meta property=\"og:image\" content=\"https:\/\/kuzar.es\/wp-content\/uploads\/2019\/07\/K-31_A.png\" \/>\n\t<meta property=\"og:image:width\" content=\"600\" \/>\n\t<meta property=\"og:image:height\" content=\"600\" \/>\n\t<meta property=\"og:image:type\" content=\"image\/png\" \/>\n<meta name=\"twitter:card\" content=\"summary_large_image\" \/>\n<meta name=\"twitter:label1\" content=\"Est. reading time\" \/>\n\t<meta name=\"twitter:data1\" content=\"1 minute\" \/>\n<script type=\"application\/ld+json\" class=\"yoast-schema-graph\">{\"@context\":\"https:\/\/schema.org\",\"@graph\":[{\"@type\":\"WebPage\",\"@id\":\"https:\/\/kuzar.es\/en\/producto\/k-31\/\",\"url\":\"https:\/\/kuzar.es\/en\/producto\/k-31\/\",\"name\":\"K-31 - Kuzar - Torres elevadoras y estructuras met\u00e1licas\",\"isPartOf\":{\"@id\":\"https:\/\/kuzar.es\/en\/#website\"},\"primaryImageOfPage\":{\"@id\":\"https:\/\/kuzar.es\/en\/producto\/k-31\/#primaryimage\"},\"image\":{\"@id\":\"https:\/\/kuzar.es\/en\/producto\/k-31\/#primaryimage\"},\"thumbnailUrl\":\"https:\/\/kuzar.es\/wp-content\/uploads\/2019\/07\/K-31_A.png\",\"datePublished\":\"2019-07-24T11:39:32+00:00\",\"dateModified\":\"2024-05-15T11:09:36+00:00\",\"description\":\"[vc_row][vc_column][vc_row_inner][vc_column_inner width=\\\"1\/4\\\"][vc_btn title=\\\"BGV C1 CERTIFICATE K-31\\\" style=\\\"flat\\\" shape=\\\"square\\\" color=\\\"primary\\\"...\",\"breadcrumb\":{\"@id\":\"https:\/\/kuzar.es\/en\/producto\/k-31\/#breadcrumb\"},\"inLanguage\":\"en-US\",\"potentialAction\":[{\"@type\":\"ReadAction\",\"target\":[\"https:\/\/kuzar.es\/en\/producto\/k-31\/\"]}]},{\"@type\":\"ImageObject\",\"inLanguage\":\"en-US\",\"@id\":\"https:\/\/kuzar.es\/en\/producto\/k-31\/#primaryimage\",\"url\":\"https:\/\/kuzar.es\/wp-content\/uploads\/2019\/07\/K-31_A.png\",\"contentUrl\":\"https:\/\/kuzar.es\/wp-content\/uploads\/2019\/07\/K-31_A.png\",\"width\":600,\"height\":600,\"caption\":\"K-31\"},{\"@type\":\"BreadcrumbList\",\"@id\":\"https:\/\/kuzar.es\/en\/producto\/k-31\/#breadcrumb\",\"itemListElement\":[{\"@type\":\"ListItem\",\"position\":1,\"name\":\"Portada\",\"item\":\"https:\/\/kuzar.es\/en\/\"},{\"@type\":\"ListItem\",\"position\":2,\"name\":\"Tienda\",\"item\":\"https:\/\/kuzar.es\/tienda\/\"},{\"@type\":\"ListItem\",\"position\":3,\"name\":\"K-31\"}]},{\"@type\":\"WebSite\",\"@id\":\"https:\/\/kuzar.es\/en\/#website\",\"url\":\"https:\/\/kuzar.es\/en\/\",\"name\":\"Kuzar - Torres elevadoras y estructuras met\u00e1licas\",\"description\":\"Fabricaci\u00f3n de torres elevadoras, estructuras met\u00e1licas e iluminaci\u00f3n para espect\u00e1culos y eventos\",\"potentialAction\":[{\"@type\":\"SearchAction\",\"target\":{\"@type\":\"EntryPoint\",\"urlTemplate\":\"https:\/\/kuzar.es\/en\/?s={search_term_string}\"},\"query-input\":{\"@type\":\"PropertyValueSpecification\",\"valueRequired\":true,\"valueName\":\"search_term_string\"}}],\"inLanguage\":\"en-US\"}]}<\/script>\n<!-- \/ Yoast SEO plugin. -->","yoast_head_json":{"title":"K-31 - Kuzar - Torres elevadoras y estructuras met\u00e1licas","description":"[vc_row][vc_column][vc_row_inner][vc_column_inner width=\"1\/4\"][vc_btn title=\"BGV C1 CERTIFICATE K-31\" style=\"flat\" shape=\"square\" color=\"primary\"...","robots":{"index":"index","follow":"follow","max-snippet":"max-snippet:-1","max-image-preview":"max-image-preview:large","max-video-preview":"max-video-preview:-1"},"canonical":"https:\/\/kuzar.es\/en\/producto\/k-31\/","og_locale":"en_US","og_type":"article","og_title":"K-31 - Kuzar - Torres elevadoras y estructuras met\u00e1licas","og_description":"[vc_row][vc_column][vc_row_inner][vc_column_inner width=\"1\/4\"][vc_btn title=\"BGV C1 CERTIFICATE K-31\" style=\"flat\" shape=\"square\" color=\"primary\"...","og_url":"https:\/\/kuzar.es\/en\/producto\/k-31\/","og_site_name":"Kuzar - Torres elevadoras y estructuras met\u00e1licas","article_modified_time":"2024-05-15T11:09:36+00:00","og_image":[{"width":600,"height":600,"url":"https:\/\/kuzar.es\/wp-content\/uploads\/2019\/07\/K-31_A.png","type":"image\/png"}],"twitter_card":"summary_large_image","twitter_misc":{"Est. reading time":"1 minute"},"schema":{"@context":"https:\/\/schema.org","@graph":[{"@type":"WebPage","@id":"https:\/\/kuzar.es\/en\/producto\/k-31\/","url":"https:\/\/kuzar.es\/en\/producto\/k-31\/","name":"K-31 - Kuzar - Torres elevadoras y estructuras met\u00e1licas","isPartOf":{"@id":"https:\/\/kuzar.es\/en\/#website"},"primaryImageOfPage":{"@id":"https:\/\/kuzar.es\/en\/producto\/k-31\/#primaryimage"},"image":{"@id":"https:\/\/kuzar.es\/en\/producto\/k-31\/#primaryimage"},"thumbnailUrl":"https:\/\/kuzar.es\/wp-content\/uploads\/2019\/07\/K-31_A.png","datePublished":"2019-07-24T11:39:32+00:00","dateModified":"2024-05-15T11:09:36+00:00","description":"[vc_row][vc_column][vc_row_inner][vc_column_inner width=\"1\/4\"][vc_btn title=\"BGV C1 CERTIFICATE K-31\" style=\"flat\" shape=\"square\" color=\"primary\"...","breadcrumb":{"@id":"https:\/\/kuzar.es\/en\/producto\/k-31\/#breadcrumb"},"inLanguage":"en-US","potentialAction":[{"@type":"ReadAction","target":["https:\/\/kuzar.es\/en\/producto\/k-31\/"]}]},{"@type":"ImageObject","inLanguage":"en-US","@id":"https:\/\/kuzar.es\/en\/producto\/k-31\/#primaryimage","url":"https:\/\/kuzar.es\/wp-content\/uploads\/2019\/07\/K-31_A.png","contentUrl":"https:\/\/kuzar.es\/wp-content\/uploads\/2019\/07\/K-31_A.png","width":600,"height":600,"caption":"K-31"},{"@type":"BreadcrumbList","@id":"https:\/\/kuzar.es\/en\/producto\/k-31\/#breadcrumb","itemListElement":[{"@type":"ListItem","position":1,"name":"Portada","item":"https:\/\/kuzar.es\/en\/"},{"@type":"ListItem","position":2,"name":"Tienda","item":"https:\/\/kuzar.es\/tienda\/"},{"@type":"ListItem","position":3,"name":"K-31"}]},{"@type":"WebSite","@id":"https:\/\/kuzar.es\/en\/#website","url":"https:\/\/kuzar.es\/en\/","name":"Kuzar - Torres elevadoras y estructuras met\u00e1licas","description":"Fabricaci\u00f3n de torres elevadoras, estructuras met\u00e1licas e iluminaci\u00f3n para espect\u00e1culos y eventos","potentialAction":[{"@type":"SearchAction","target":{"@type":"EntryPoint","urlTemplate":"https:\/\/kuzar.es\/en\/?s={search_term_string}"},"query-input":{"@type":"PropertyValueSpecification","valueRequired":true,"valueName":"search_term_string"}}],"inLanguage":"en-US"}]}},"_links":{"self":[{"href":"https:\/\/kuzar.es\/en\/wp-json\/wp\/v2\/product\/2999","targetHints":{"allow":["GET"]}}],"collection":[{"href":"https:\/\/kuzar.es\/en\/wp-json\/wp\/v2\/product"}],"about":[{"href":"https:\/\/kuzar.es\/en\/wp-json\/wp\/v2\/types\/product"}],"replies":[{"embeddable":true,"href":"https:\/\/kuzar.es\/en\/wp-json\/wp\/v2\/comments?post=2999"}],"wp:featuredmedia":[{"embeddable":true,"href":"https:\/\/kuzar.es\/en\/wp-json\/wp\/v2\/media\/2450"}],"wp:attachment":[{"href":"https:\/\/kuzar.es\/en\/wp-json\/wp\/v2\/media?parent=2999"}],"wp:term":[{"taxonomy":"product_brand","embeddable":true,"href":"https:\/\/kuzar.es\/en\/wp-json\/wp\/v2\/product_brand?post=2999"},{"taxonomy":"product_cat","embeddable":true,"href":"https:\/\/kuzar.es\/en\/wp-json\/wp\/v2\/product_cat?post=2999"},{"taxonomy":"product_tag","embeddable":true,"href":"https:\/\/kuzar.es\/en\/wp-json\/wp\/v2\/product_tag?post=2999"}],"curies":[{"name":"wp","href":"https:\/\/api.w.org\/{rel}","templated":true}]}}