{"id":2987,"date":"2019-07-24T13:28:34","date_gmt":"2019-07-24T11:28:34","guid":{"rendered":"https:\/\/kuzar.es\/producto\/k-30\/"},"modified":"2024-05-15T13:04:46","modified_gmt":"2024-05-15T11:04:46","slug":"k-30","status":"publish","type":"product","link":"https:\/\/kuzar.es\/en\/producto\/k-30\/","title":{"rendered":"K-30"},"content":{"rendered":"<div class=\"wpb-content-wrapper\">[vc_row][vc_column][vc_row_inner][vc_column_inner width=&#8221;1\/4&#8243;][vc_btn title=&#8221;BGV C1 CERTIFICATE K-30&#8243; style=&#8221;flat&#8221; shape=&#8221;square&#8221; color=&#8221;primary&#8221; align=&#8221;center&#8221; i_icon_fontawesome=&#8221;fa fa-shield&#8221; button_block=&#8221;true&#8221; add_icon=&#8221;true&#8221; link=&#8221;url:https%3A%2F%2Fkuzar.es%2Fwp-content%2Fuploads%2F2019%2F07%2FCertificado-K-30.pdf||target:%20_blank|&#8221;][\/vc_column_inner][vc_column_inner width=&#8221;1\/4&#8243;][vc_btn title=&#8221;CE CERTIFICATE K-30&#8243; style=&#8221;flat&#8221; shape=&#8221;square&#8221; color=&#8221;primary&#8221; align=&#8221;center&#8221; i_icon_fontawesome=&#8221;fa fa-shield&#8221; button_block=&#8221;true&#8221; add_icon=&#8221;true&#8221; link=&#8221;url:https%3A%2F%2Fkuzar.es%2Fwp-content%2Fuploads%2F2024%2F05%2FKUZAR-CE-K-30-05-24.pdf||target:%20_blank|&#8221;][\/vc_column_inner][vc_column_inner width=&#8221;1\/4&#8243;][vc_btn title=&#8221;MANUAL K-30&#8243; style=&#8221;flat&#8221; shape=&#8221;square&#8221; color=&#8221;primary&#8221; align=&#8221;center&#8221; i_icon_fontawesome=&#8221;fa fa-book&#8221; button_block=&#8221;true&#8221; add_icon=&#8221;true&#8221; link=&#8221;url:https%3A%2F%2Fkuzar.es%2Fwp-content%2Fuploads%2F2023%2F02%2FManual-KUZAR-K-30-07-24.pdf||target:%20_blank|&#8221;][\/vc_column_inner][vc_column_inner width=&#8221;1\/4&#8243;][vc_btn title=&#8221;DATA SHEET K-30&#8243; style=&#8221;flat&#8221; shape=&#8221;square&#8221; color=&#8221;primary&#8221; align=&#8221;center&#8221; i_icon_fontawesome=&#8221;fa fa-file-text-o&#8221; button_block=&#8221;true&#8221; add_icon=&#8221;true&#8221; link=&#8221;url:https%3A%2F%2Fkuzar.es%2Fwp-content%2Fuploads%2F2019%2F08%2FK-30-Data-Sheet-Kuzar-07-19.pdf||target:%20_blank|&#8221;][\/vc_column_inner][\/vc_row_inner][vc_column_text]\n<p style=\"text-align: justify;\">Multipurpose tower for the elevation of Audio Systems, Line Array, truss structures, lighting systems, etc. The K-30 lifting tower is the lightest in the range. It is composed of 4 aluminum sections and a steel base provides stability, it comes with two extra lateral supports to provide more muscle when lifting P.A. In addition to four adjustable legs with non-slip rubber saucers. The 4 swivel wheels facilitate transport. Safety comes from the hand of our NEW \u2018KAT\u2019 automatic system, which automatically blocks all sections while lifting the tower and protects its load in the unlikely event of cable breakage. The \u2018KAT lock also comes with 2 positions so you can raise and lower the tower sections in order.<\/p>\n[\/vc_column_text][\/vc_column][\/vc_row]\n<\/div>","protected":false},"excerpt":{"rendered":"<table style=\"font-size: 14.4px;\">\n<tbody>\n<tr>\n<td><b>MAXIMUM HEIGHT<\/b><\/td>\n<td>5m (16.4ft)<\/td>\n<\/tr>\n<tr>\n<td><b>MAXIMUM LOAD<\/b><\/td>\n<td>200kg (441lb)<\/td>\n<\/tr>\n<tr>\n<td><b>NET WEIGHT<\/b><\/td>\n<td>103kg (227lb)<\/td>\n<\/tr>\n<tr>\n<td><strong>FOLDED HEIGHT<\/strong><\/td>\n<td>1.56m (5.12ft)<\/td>\n<\/tr>\n<tr>\n<td><strong>WORK SURFACE<\/strong><\/td>\n<td>1.80\u00d71.69m (5.9\u00d75.5ft)<\/td>\n<\/tr>\n<tr>\n<td><strong>SECURITY<\/strong><\/td>\n<td>&#8220;KAT&#8221; TRIGGER<\/td>\n<\/tr>\n<tr>\n<td><b>COLOUR<\/b><\/td>\n<td>BLACK<\/td>\n<\/tr>\n<tr>\n<td><strong>MAIN MATERIAL<\/strong><\/td>\n<td>ALUMINUM<\/td>\n<\/tr>\n<\/tbody>\n<\/table>\n<p>&nbsp;<\/p>\n<p>&nbsp;<\/p>\n<p>&nbsp;<\/p>\n","protected":false},"featured_media":2444,"comment_status":"closed","ping_status":"closed","template":"","meta":{"_exactmetrics_skip_tracking":false,"_exactmetrics_sitenote_active":false,"_exactmetrics_sitenote_note":"","_exactmetrics_sitenote_category":0},"product_brand":[],"product_cat":[194,196],"product_tag":[202,203,204,205,206],"class_list":{"0":"post-2987","1":"product","2":"type-product","3":"status-publish","4":"has-post-thumbnail","6":"product_cat-lifts","7":"product_cat-line-array-lifts","8":"product_tag-elevadora-en","9":"product_tag-frontal-en","10":"product_tag-k-30-en","11":"product_tag-line-array-en","12":"product_tag-torres-en","14":"first","15":"instock","16":"shipping-taxable","17":"product-type-simple"},"yoast_head":"<!-- This site is optimized with the Yoast SEO plugin v27.4 - https:\/\/yoast.com\/product\/yoast-seo-wordpress\/ -->\n<title>K-30 - Kuzar - Torres elevadoras y estructuras met\u00e1licas<\/title>\n<meta name=\"description\" content=\"[vc_row][vc_column][vc_row_inner][vc_column_inner width=&quot;1\/4&quot;][vc_btn title=&quot;BGV C1 CERTIFICATE K-30&quot; style=&quot;flat&quot; shape=&quot;square&quot; color=&quot;primary&quot;...\" \/>\n<meta name=\"robots\" content=\"index, follow, max-snippet:-1, max-image-preview:large, max-video-preview:-1\" \/>\n<link rel=\"canonical\" href=\"https:\/\/kuzar.es\/en\/producto\/k-30\/\" \/>\n<meta property=\"og:locale\" content=\"en_US\" \/>\n<meta property=\"og:type\" content=\"article\" \/>\n<meta property=\"og:title\" content=\"K-30 - Kuzar - Torres elevadoras y estructuras met\u00e1licas\" \/>\n<meta property=\"og:description\" content=\"[vc_row][vc_column][vc_row_inner][vc_column_inner width=&quot;1\/4&quot;][vc_btn title=&quot;BGV C1 CERTIFICATE K-30&quot; style=&quot;flat&quot; shape=&quot;square&quot; color=&quot;primary&quot;...\" \/>\n<meta property=\"og:url\" content=\"https:\/\/kuzar.es\/en\/producto\/k-30\/\" \/>\n<meta property=\"og:site_name\" content=\"Kuzar - Torres elevadoras y estructuras met\u00e1licas\" \/>\n<meta property=\"article:modified_time\" content=\"2024-05-15T11:04:46+00:00\" \/>\n<meta property=\"og:image\" content=\"https:\/\/kuzar.es\/wp-content\/uploads\/2019\/07\/K-30_A-2.png\" \/>\n\t<meta property=\"og:image:width\" content=\"600\" \/>\n\t<meta property=\"og:image:height\" content=\"600\" \/>\n\t<meta property=\"og:image:type\" content=\"image\/png\" \/>\n<meta name=\"twitter:card\" content=\"summary_large_image\" \/>\n<meta name=\"twitter:label1\" content=\"Est. reading time\" \/>\n\t<meta name=\"twitter:data1\" content=\"1 minute\" \/>\n<script type=\"application\/ld+json\" class=\"yoast-schema-graph\">{\"@context\":\"https:\\\/\\\/schema.org\",\"@graph\":[{\"@type\":\"WebPage\",\"@id\":\"https:\\\/\\\/kuzar.es\\\/en\\\/producto\\\/k-30\\\/\",\"url\":\"https:\\\/\\\/kuzar.es\\\/en\\\/producto\\\/k-30\\\/\",\"name\":\"K-30 - Kuzar - Torres elevadoras y estructuras met\u00e1licas\",\"isPartOf\":{\"@id\":\"https:\\\/\\\/kuzar.es\\\/#website\"},\"primaryImageOfPage\":{\"@id\":\"https:\\\/\\\/kuzar.es\\\/en\\\/producto\\\/k-30\\\/#primaryimage\"},\"image\":{\"@id\":\"https:\\\/\\\/kuzar.es\\\/en\\\/producto\\\/k-30\\\/#primaryimage\"},\"thumbnailUrl\":\"https:\\\/\\\/kuzar.es\\\/wp-content\\\/uploads\\\/2019\\\/07\\\/K-30_A-2.png\",\"datePublished\":\"2019-07-24T11:28:34+00:00\",\"dateModified\":\"2024-05-15T11:04:46+00:00\",\"description\":\"[vc_row][vc_column][vc_row_inner][vc_column_inner width=\\\"1\\\/4\\\"][vc_btn title=\\\"BGV C1 CERTIFICATE K-30\\\" style=\\\"flat\\\" shape=\\\"square\\\" color=\\\"primary\\\"...\",\"breadcrumb\":{\"@id\":\"https:\\\/\\\/kuzar.es\\\/en\\\/producto\\\/k-30\\\/#breadcrumb\"},\"inLanguage\":\"en-US\",\"potentialAction\":[{\"@type\":\"ReadAction\",\"target\":[\"https:\\\/\\\/kuzar.es\\\/en\\\/producto\\\/k-30\\\/\"]}]},{\"@type\":\"ImageObject\",\"inLanguage\":\"en-US\",\"@id\":\"https:\\\/\\\/kuzar.es\\\/en\\\/producto\\\/k-30\\\/#primaryimage\",\"url\":\"https:\\\/\\\/kuzar.es\\\/wp-content\\\/uploads\\\/2019\\\/07\\\/K-30_A-2.png\",\"contentUrl\":\"https:\\\/\\\/kuzar.es\\\/wp-content\\\/uploads\\\/2019\\\/07\\\/K-30_A-2.png\",\"width\":600,\"height\":600,\"caption\":\"K-30\"},{\"@type\":\"BreadcrumbList\",\"@id\":\"https:\\\/\\\/kuzar.es\\\/en\\\/producto\\\/k-30\\\/#breadcrumb\",\"itemListElement\":[{\"@type\":\"ListItem\",\"position\":1,\"name\":\"Portada\",\"item\":\"https:\\\/\\\/kuzar.es\\\/en\\\/\"},{\"@type\":\"ListItem\",\"position\":2,\"name\":\"Tienda\",\"item\":\"https:\\\/\\\/kuzar.es\\\/tienda\\\/\"},{\"@type\":\"ListItem\",\"position\":3,\"name\":\"K-30\"}]},{\"@type\":\"WebSite\",\"@id\":\"https:\\\/\\\/kuzar.es\\\/#website\",\"url\":\"https:\\\/\\\/kuzar.es\\\/\",\"name\":\"Kuzar - Torres elevadoras y estructuras met\u00e1licas\",\"description\":\"Fabricaci\u00f3n de torres elevadoras, estructuras met\u00e1licas e iluminaci\u00f3n para espect\u00e1culos y eventos\",\"potentialAction\":[{\"@type\":\"SearchAction\",\"target\":{\"@type\":\"EntryPoint\",\"urlTemplate\":\"https:\\\/\\\/kuzar.es\\\/?s={search_term_string}\"},\"query-input\":{\"@type\":\"PropertyValueSpecification\",\"valueRequired\":true,\"valueName\":\"search_term_string\"}}],\"inLanguage\":\"en-US\"}]}<\/script>\n<!-- \/ Yoast SEO plugin. -->","yoast_head_json":{"title":"K-30 - Kuzar - Torres elevadoras y estructuras met\u00e1licas","description":"[vc_row][vc_column][vc_row_inner][vc_column_inner width=\"1\/4\"][vc_btn title=\"BGV C1 CERTIFICATE K-30\" style=\"flat\" shape=\"square\" color=\"primary\"...","robots":{"index":"index","follow":"follow","max-snippet":"max-snippet:-1","max-image-preview":"max-image-preview:large","max-video-preview":"max-video-preview:-1"},"canonical":"https:\/\/kuzar.es\/en\/producto\/k-30\/","og_locale":"en_US","og_type":"article","og_title":"K-30 - Kuzar - Torres elevadoras y estructuras met\u00e1licas","og_description":"[vc_row][vc_column][vc_row_inner][vc_column_inner width=\"1\/4\"][vc_btn title=\"BGV C1 CERTIFICATE K-30\" style=\"flat\" shape=\"square\" color=\"primary\"...","og_url":"https:\/\/kuzar.es\/en\/producto\/k-30\/","og_site_name":"Kuzar - Torres elevadoras y estructuras met\u00e1licas","article_modified_time":"2024-05-15T11:04:46+00:00","og_image":[{"width":600,"height":600,"url":"https:\/\/kuzar.es\/wp-content\/uploads\/2019\/07\/K-30_A-2.png","type":"image\/png"}],"twitter_card":"summary_large_image","twitter_misc":{"Est. reading time":"1 minute"},"schema":{"@context":"https:\/\/schema.org","@graph":[{"@type":"WebPage","@id":"https:\/\/kuzar.es\/en\/producto\/k-30\/","url":"https:\/\/kuzar.es\/en\/producto\/k-30\/","name":"K-30 - Kuzar - Torres elevadoras y estructuras met\u00e1licas","isPartOf":{"@id":"https:\/\/kuzar.es\/#website"},"primaryImageOfPage":{"@id":"https:\/\/kuzar.es\/en\/producto\/k-30\/#primaryimage"},"image":{"@id":"https:\/\/kuzar.es\/en\/producto\/k-30\/#primaryimage"},"thumbnailUrl":"https:\/\/kuzar.es\/wp-content\/uploads\/2019\/07\/K-30_A-2.png","datePublished":"2019-07-24T11:28:34+00:00","dateModified":"2024-05-15T11:04:46+00:00","description":"[vc_row][vc_column][vc_row_inner][vc_column_inner width=\"1\/4\"][vc_btn title=\"BGV C1 CERTIFICATE K-30\" style=\"flat\" shape=\"square\" color=\"primary\"...","breadcrumb":{"@id":"https:\/\/kuzar.es\/en\/producto\/k-30\/#breadcrumb"},"inLanguage":"en-US","potentialAction":[{"@type":"ReadAction","target":["https:\/\/kuzar.es\/en\/producto\/k-30\/"]}]},{"@type":"ImageObject","inLanguage":"en-US","@id":"https:\/\/kuzar.es\/en\/producto\/k-30\/#primaryimage","url":"https:\/\/kuzar.es\/wp-content\/uploads\/2019\/07\/K-30_A-2.png","contentUrl":"https:\/\/kuzar.es\/wp-content\/uploads\/2019\/07\/K-30_A-2.png","width":600,"height":600,"caption":"K-30"},{"@type":"BreadcrumbList","@id":"https:\/\/kuzar.es\/en\/producto\/k-30\/#breadcrumb","itemListElement":[{"@type":"ListItem","position":1,"name":"Portada","item":"https:\/\/kuzar.es\/en\/"},{"@type":"ListItem","position":2,"name":"Tienda","item":"https:\/\/kuzar.es\/tienda\/"},{"@type":"ListItem","position":3,"name":"K-30"}]},{"@type":"WebSite","@id":"https:\/\/kuzar.es\/#website","url":"https:\/\/kuzar.es\/","name":"Kuzar - Torres elevadoras y estructuras met\u00e1licas","description":"Fabricaci\u00f3n de torres elevadoras, estructuras met\u00e1licas e iluminaci\u00f3n para espect\u00e1culos y eventos","potentialAction":[{"@type":"SearchAction","target":{"@type":"EntryPoint","urlTemplate":"https:\/\/kuzar.es\/?s={search_term_string}"},"query-input":{"@type":"PropertyValueSpecification","valueRequired":true,"valueName":"search_term_string"}}],"inLanguage":"en-US"}]}},"_links":{"self":[{"href":"https:\/\/kuzar.es\/en\/wp-json\/wp\/v2\/product\/2987","targetHints":{"allow":["GET"]}}],"collection":[{"href":"https:\/\/kuzar.es\/en\/wp-json\/wp\/v2\/product"}],"about":[{"href":"https:\/\/kuzar.es\/en\/wp-json\/wp\/v2\/types\/product"}],"replies":[{"embeddable":true,"href":"https:\/\/kuzar.es\/en\/wp-json\/wp\/v2\/comments?post=2987"}],"wp:featuredmedia":[{"embeddable":true,"href":"https:\/\/kuzar.es\/en\/wp-json\/wp\/v2\/media\/2444"}],"wp:attachment":[{"href":"https:\/\/kuzar.es\/en\/wp-json\/wp\/v2\/media?parent=2987"}],"wp:term":[{"taxonomy":"product_brand","embeddable":true,"href":"https:\/\/kuzar.es\/en\/wp-json\/wp\/v2\/product_brand?post=2987"},{"taxonomy":"product_cat","embeddable":true,"href":"https:\/\/kuzar.es\/en\/wp-json\/wp\/v2\/product_cat?post=2987"},{"taxonomy":"product_tag","embeddable":true,"href":"https:\/\/kuzar.es\/en\/wp-json\/wp\/v2\/product_tag?post=2987"}],"curies":[{"name":"wp","href":"https:\/\/api.w.org\/{rel}","templated":true}]}}