{"id":2868,"date":"2019-07-23T10:39:40","date_gmt":"2019-07-23T08:39:40","guid":{"rendered":"https:\/\/kuzar.es\/contacto\/"},"modified":"2025-11-21T16:27:04","modified_gmt":"2025-11-21T15:27:04","slug":"contact","status":"publish","type":"page","link":"https:\/\/kuzar.es\/en\/contact\/","title":{"rendered":"Contact"},"content":{"rendered":"<div class=\"wpb-content-wrapper\">[vc_row bg_type=&#8221;image&#8221; bg_image_new=&#8221;2280&#8243; css=&#8221;.vc_custom_1570183793374{padding-top: 4% !important;padding-bottom: 3% !important;}&#8221;][vc_column][vc_row_inner][vc_column_inner width=&#8221;1\/6&#8243;][\/vc_column_inner][vc_column_inner width=&#8221;4\/6&#8243;][\/vc_column_inner][vc_column_inner width=&#8221;1\/6&#8243;][\/vc_column_inner][\/vc_row_inner][\/vc_column][\/vc_row][vc_row gap=&#8221;35&#8243; css=&#8221;.vc_custom_1570121391761{padding-top: 5% !important;padding-right: 15% !important;padding-bottom: 1% !important;padding-left: 15% !important;background-color: #ffffff !important;}&#8221;][vc_column][vc_row_inner][vc_column_inner][vc_column_text css_animation=&#8221;fadeInUp&#8221;]\n<p class=\"alt-font\"><span style=\"font-size: 180%;\" data-text-color=\"primary\"><strong>Contact with Kuzar<\/strong><\/span><\/p>\n[\/vc_column_text][vc_separator color=&#8221;custom&#8221; border_width=&#8221;2&#8243; accent_color=&#8221;#353535&#8243;][\/vc_column_inner][\/vc_row_inner][vc_row_inner gap=&#8221;35&#8243; css=&#8221;.vc_custom_1570116260383{padding-top: 2% !important;}&#8221;][vc_column_inner width=&#8221;1\/2&#8243; css=&#8221;.vc_custom_1570116807346{padding-right: 20% !important;}&#8221;][vc_column_text]<span style=\"font-size: 140%;\">\u00a0<span style=\"color: #fffcfc;\"><img decoding=\"async\" src=\"https:\/\/s.w.org\/images\/core\/emoji\/12.0.0-1\/svg\/1f4de.svg\" class=\"emoji\" draggable=\"false\" alt=\"\ud83d\udcde\" title=\"contact\"><\/span> +34 963 781 004<\/span><\/p>\n<p><span style=\"font-size: 140%;\">\u00a0<img decoding=\"async\" src=\"https:\/\/s.w.org\/images\/core\/emoji\/12.0.0-1\/svg\/2709.svg\" class=\"emoji\" draggable=\"false\" alt=\"\u2709\" title=\"contact\"> info@kuzar.es<\/span><\/p>\n<p><span class=\"emoji emoji1f550\" style=\"font-size: 140%;\" title=\"Esfera de reloj con la uno en punto\" role=\"button\" data-c=\"\ud83d\udd50\">\u00a0<img decoding=\"async\" src=\"https:\/\/s.w.org\/images\/core\/emoji\/12.0.0-1\/svg\/1f550.svg\" class=\"emoji\" draggable=\"false\" alt=\"\ud83d\udd50\" title=\"contact\"> Monday to Friday: 7 am to 3:15 pm<\/span><\/p>\n<p>&nbsp;<\/p>\n<p>&nbsp;<\/p>\n<p>&nbsp;<\/p>\n<p style=\"text-align: center;\">Kuzar patrocina:<\/p>\n[\/vc_column_text][vc_single_image image=&#8221;7610&#8243; img_size=&#8221;medium&#8221; alignment=&#8221;center&#8221;][\/vc_column_inner][vc_column_inner width=&#8221;1\/2&#8243; css=&#8221;.vc_custom_1570114365792{padding-right: 8% !important;padding-left: 2% !important;}&#8221;]\n<div class=\"wpcf7 no-js\" id=\"wpcf7-f8074-o1\" lang=\"es-ES\" dir=\"ltr\" data-wpcf7-id=\"8074\">\n<div class=\"screen-reader-response\"><p role=\"status\" aria-live=\"polite\" aria-atomic=\"true\"><\/p> <ul><\/ul><\/div>\n<form action=\"\/en\/wp-json\/wp\/v2\/pages\/2868#wpcf7-f8074-o1\" method=\"post\" class=\"wpcf7-form init\" aria-label=\"Formulario de contacto\" novalidate=\"novalidate\" data-status=\"init\">\n<fieldset class=\"hidden-fields-container\"><input type=\"hidden\" name=\"_wpcf7\" value=\"8074\" \/><input type=\"hidden\" name=\"_wpcf7_version\" value=\"6.1.5\" \/><input type=\"hidden\" name=\"_wpcf7_locale\" value=\"es_ES\" \/><input type=\"hidden\" name=\"_wpcf7_unit_tag\" value=\"wpcf7-f8074-o1\" \/><input type=\"hidden\" name=\"_wpcf7_container_post\" value=\"0\" \/><input type=\"hidden\" name=\"_wpcf7_posted_data_hash\" value=\"\" \/><input type=\"hidden\" name=\"_wpcf7_recaptcha_response\" value=\"\" \/>\n<\/fieldset>\n<div id=\"form_home\">\n\t<div id=\"cf7md-form\" class=\"cf7md-form\">\n\t\t\t<div class=\"mdc-layout-grid\">\n\t\t\t\t\t\t\t\t\n\t<\/p>\n\t<p><label for=\"fiscal-name\">Company Name<\/label><br \/>\n<span class=\"wpcf7-form-control-wrap\" data-name=\"fiscal-name\"><input size=\"40\" maxlength=\"400\" class=\"wpcf7-form-control wpcf7-text wpcf7-validates-as-required\" aria-required=\"true\" aria-invalid=\"false\" value=\"\" type=\"text\" name=\"fiscal-name\" \/><\/span>\n\t<\/p>\n\t<p><label for=\"your-name\">Name<\/label><br \/>\n<span class=\"wpcf7-form-control-wrap\" data-name=\"your-name\"><input size=\"40\" maxlength=\"400\" class=\"wpcf7-form-control wpcf7-text\" aria-invalid=\"false\" value=\"\" type=\"text\" name=\"your-name\" \/><\/span>\n\t<\/p>\n\t<p><label for=\"address\">Address<\/label><br \/>\n<span class=\"wpcf7-form-control-wrap\" data-name=\"address\"><input size=\"40\" maxlength=\"400\" class=\"wpcf7-form-control wpcf7-text wpcf7-validates-as-required\" aria-required=\"true\" aria-invalid=\"false\" value=\"\" type=\"text\" name=\"address\" \/><\/span>\n\t<\/p>\n\t<p><label for=\"country\">Country<\/label><br \/>\n<span class=\"wpcf7-form-control-wrap\" data-name=\"country\"><input size=\"40\" maxlength=\"400\" class=\"wpcf7-form-control wpcf7-text wpcf7-validates-as-required\" aria-required=\"true\" aria-invalid=\"false\" value=\"\" type=\"text\" name=\"country\" \/><\/span>\n\t<\/p>\n\t<p><label for=\"your-email\">Email<\/label><br \/>\n<span class=\"wpcf7-form-control-wrap\" data-name=\"your-email\"><input size=\"40\" maxlength=\"400\" class=\"wpcf7-form-control wpcf7-email wpcf7-validates-as-required wpcf7-text wpcf7-validates-as-email\" aria-required=\"true\" aria-invalid=\"false\" value=\"\" type=\"email\" name=\"your-email\" \/><\/span>\n\t<\/p>\n\t<p><label for=\"number-584\">Phone Number<\/label><br \/>\n<span class=\"wpcf7-form-control-wrap\" data-name=\"number-584\"><input class=\"wpcf7-form-control wpcf7-number wpcf7-validates-as-number\" aria-invalid=\"false\" value=\"\" type=\"number\" name=\"number-584\" \/><\/span>\n\t<\/p>\n\t<p><label> Subject<br \/>\n<span class=\"wpcf7-form-control-wrap\" data-name=\"your-subject\"><input size=\"40\" maxlength=\"400\" class=\"wpcf7-form-control wpcf7-text wpcf7-validates-as-required\" aria-required=\"true\" aria-invalid=\"false\" value=\"\" type=\"text\" name=\"your-subject\" \/><\/span><br \/>\n<\/label>\n\t<\/p>\n\t<p><label for=\"your-message\">Write your message<\/label><br \/>\n<span class=\"wpcf7-form-control-wrap\" data-name=\"your-message\"><textarea cols=\"40\" rows=\"10\" maxlength=\"2000\" class=\"wpcf7-form-control wpcf7-textarea wpcf7-validates-as-required\" aria-required=\"true\" aria-invalid=\"false\" name=\"your-message\"><\/textarea><\/span>\n\t<\/p>\n<span class=\"wpcf7-form-control-wrap recaptcha\" data-name=\"recaptcha\"><span data-sitekey=\"6LeV4IMqAAAAAHqRXLAgVj8TfpX_X27yE36cFeAP\" class=\"wpcf7-form-control wpcf7-recaptcha g-recaptcha\"><\/span>\r\n<noscript>\r\n\t<div class=\"grecaptcha-noscript\">\r\n\t\t<iframe loading=\"lazy\" src=\"https:\/\/www.google.com\/recaptcha\/api\/fallback?k=6LeV4IMqAAAAAHqRXLAgVj8TfpX_X27yE36cFeAP\" frameborder=\"0\" scrolling=\"no\" width=\"310\" height=\"430\">\r\n\t\t<\/iframe>\r\n\t\t<textarea name=\"g-recaptcha-response\" rows=\"3\" cols=\"40\" placeholder=\"Aqu\u00ed la respuesta de reCAPTCHA\">\r\n\t\t<\/textarea>\r\n\t<\/div>\r\n<\/noscript>\r\n<\/span>\n\t<p><label for=\"acceptance-878\"><br \/>\n<span class=\"wpcf7-form-control-wrap\" data-name=\"acceptance-878\"><span class=\"wpcf7-form-control wpcf7-acceptance\"><span class=\"wpcf7-list-item\"><input type=\"checkbox\" name=\"acceptance-878\" value=\"1\" aria-invalid=\"false\" \/><\/span><\/span><\/span> I have read and accept the<br \/>\n<a href=\"https:\/\/kuzar.es\/politica-privacidad\/#privacidad\" style=\"color: #65cc35; text-decoration: underline;\">Privacy Policy<\/a><br \/>\n<\/label>\n\t<\/p>\n\t<p><input class=\"wpcf7-form-control wpcf7-submit has-spinner\" type=\"submit\" value=\"Send\" \/>\n\t<\/p>\n\t\t\t\t\t\t\t\t<\/div>\n\t\t<\/div>\n<\/div><div class=\"wpcf7-response-output\" aria-hidden=\"true\"><\/div>\n<\/form>\n<\/div>\n[\/vc_column_inner][\/vc_row_inner][\/vc_column][\/vc_row][vc_row][vc_column][vc_column_text]<iframe loading=\"lazy\" style=\"border: 0;\" src=\"https:\/\/www.google.com\/maps\/embed?pb=!1m14!1m8!1m3!1d8885.411440539247!2d-0.47186985921087815!3d39.51480970090435!3m2!1i1024!2i768!4f13.1!3m3!1m2!1s0x0%3A0xabbf91f2566fa093!2sKUZAR%20SYSTEMS%20S.L.!5e0!3m2!1ses!2ses!4v1570187475107!5m2!1ses!2ses\" width=\"2500\" height=\"900\" frameborder=\"0\" allowfullscreen=\"allowfullscreen\"><\/iframe>[\/vc_column_text][\/vc_column][\/vc_row][vc_row bg_type=&#8221;grad&#8221; seperator_enable=&#8221;seperator_enable_value&#8221; seperator_type=&#8221;xlarge_triangle_right_seperator&#8221; seperator_position=&#8221;bottom_seperator&#8221; seperator_shape_background=&#8221;#000000&#8243; css=&#8221;.vc_custom_1570119067095{padding-top: 5% !important;padding-right: 12% !important;padding-bottom: 8% !important;padding-left: 12% !important;background-color: #ffffff !important;}&#8221; bg_grad=&#8221;background: -webkit-gradient(linear, left top, left bottom, color-stop(0%, #E5E5E9), color-stop(3%, #E5E5E9), color-stop(99%, #FAFAFA));background: -moz-linear-gradient(top,#E5E5E9 0%,#E5E5E9 3%,#FAFAFA 99%);background: -webkit-linear-gradient(top,#E5E5E9 0%,#E5E5E9 3%,#FAFAFA 99%);background: -o-linear-gradient(top,#E5E5E9 0%,#E5E5E9 3%,#FAFAFA 99%);background: -ms-linear-gradient(top,#E5E5E9 0%,#E5E5E9 3%,#FAFAFA 99%);background: linear-gradient(top,#E5E5E9 0%,#E5E5E9 3%,#FAFAFA 99%);&#8221;][vc_column css=&#8221;.vc_custom_1568810248572{padding-top: 5% !important;padding-bottom: 5% !important;background-position: 0 0 !important;background-repeat: repeat !important;}&#8221;][vc_column_text css_animation=&#8221;fadeIn&#8221; css=&#8221;.vc_custom_1570121482461{padding-bottom: 3% !important;}&#8221; el_class=&#8221;claim&#8221;]\n<p style=\"text-align: center;\">\u00bfTienes claro lo que necesitas?<\/p>\n[\/vc_column_text][vc_btn title=&#8221;VER PRODUCTOS KUZAR&#8221; style=&#8221;classic&#8221; shape=&#8221;square&#8221; color=&#8221;green&#8221; align=&#8221;center&#8221; css_animation=&#8221;bounceIn&#8221; link=&#8221;url:https%3A%2F%2Fkuzar.es%2Fen%2Fcatalogo%2Funcategorized%2F|target:%20_blank|&#8221;][\/vc_column][\/vc_row]\n<\/div>","protected":false},"excerpt":{"rendered":"[vc_row bg_type=&#8221;image&#8221; bg_image_new=&#8221;2280&#8243; css=&#8221;.vc_custom_1570183793374{padding-top: 4% !important;padding-bottom: 3% !important;}&#8221;][vc_column][vc_row_inner][vc_column_inner width=&#8221;1\/6&#8243;][\/vc_column_inner][vc_column_inner width=&#8221;4\/6&#8243;][\/vc_column_inner][vc_column_inner width=&#8221;1\/6&#8243;][\/vc_column_inner][\/vc_row_inner][\/vc_column][\/vc_row][vc_row gap=&#8221;35&#8243; css=&#8221;.vc_custom_1570121391761{padding-top: 5% !important;padding-right: 15% !important;padding-bottom: 1% !important;padding-left: 15% !important;background-color: #ffffff !important;}&#8221;][vc_column][vc_row_inner][vc_column_inner][vc_column_text css_animation=&#8221;fadeInUp&#8221;] Contact with Kuzar [\/vc_column_text][vc_separator color=&#8221;custom&#8221; border_width=&#8221;2&#8243; accent_color=&#8221;#353535&#8243;][\/vc_column_inner][\/vc_row_inner][vc_row_inner gap=&#8221;35&#8243; css=&#8221;.vc_custom_1570116260383{padding-top: 2% !important;}&#8221;][vc_column_inner width=&#8221;1\/2&#8243; css=&#8221;.vc_custom_1570116807346{padding-right: 20% !important;}&#8221;][vc_column_text]\u00a0 +34 963 781 004 \u00a0 info@kuzar.es \u00a0 Monday to Friday: 7 am to 3:15 pm &nbsp; [&#8230;]\n","protected":false},"author":1,"featured_media":0,"parent":0,"menu_order":0,"comment_status":"closed","ping_status":"closed","template":"page-blank.php","meta":{"_exactmetrics_skip_tracking":false,"_exactmetrics_sitenote_active":false,"_exactmetrics_sitenote_note":"","_exactmetrics_sitenote_category":0,"footnotes":""},"class_list":["post-2868","page","type-page","status-publish","hentry"],"yoast_head":"<!-- This site is optimized with the Yoast SEO plugin v27.5 - https:\/\/yoast.com\/product\/yoast-seo-wordpress\/ -->\n<title>Contact - Kuzar - Torres elevadoras y estructuras met\u00e1licas<\/title>\n<meta name=\"description\" content=\"[vc_row bg_type=&quot;image&quot; bg_image_new=&quot;2280&quot; css=&quot;.vc_custom_1570183793374{padding-top: 4% !important;padding-bottom: 3%...\" \/>\n<meta name=\"robots\" content=\"index, follow, max-snippet:-1, max-image-preview:large, max-video-preview:-1\" \/>\n<link rel=\"canonical\" href=\"https:\/\/kuzar.es\/en\/contact\/\" \/>\n<meta property=\"og:locale\" content=\"en_US\" \/>\n<meta property=\"og:type\" content=\"article\" \/>\n<meta property=\"og:title\" content=\"Contact - Kuzar - Torres elevadoras y estructuras met\u00e1licas\" \/>\n<meta property=\"og:description\" content=\"[vc_row bg_type=&quot;image&quot; bg_image_new=&quot;2280&quot; css=&quot;.vc_custom_1570183793374{padding-top: 4% !important;padding-bottom: 3%...\" \/>\n<meta property=\"og:url\" content=\"https:\/\/kuzar.es\/en\/contact\/\" \/>\n<meta property=\"og:site_name\" content=\"Kuzar - Torres elevadoras y estructuras met\u00e1licas\" \/>\n<meta property=\"article:modified_time\" content=\"2025-11-21T15:27:04+00:00\" \/>\n<meta property=\"og:image\" content=\"https:\/\/s.w.org\/images\/core\/emoji\/12.0.0-1\/svg\/1f4de.svg\" \/>\n<meta name=\"twitter:card\" content=\"summary_large_image\" \/>\n<meta name=\"twitter:label1\" content=\"Est. reading time\" \/>\n\t<meta name=\"twitter:data1\" content=\"2 minutes\" \/>\n<script type=\"application\/ld+json\" class=\"yoast-schema-graph\">{\"@context\":\"https:\\\/\\\/schema.org\",\"@graph\":[{\"@type\":\"WebPage\",\"@id\":\"https:\\\/\\\/kuzar.es\\\/en\\\/contact\\\/\",\"url\":\"https:\\\/\\\/kuzar.es\\\/en\\\/contact\\\/\",\"name\":\"Contact - Kuzar - Torres elevadoras y estructuras met\u00e1licas\",\"isPartOf\":{\"@id\":\"https:\\\/\\\/kuzar.es\\\/#website\"},\"primaryImageOfPage\":{\"@id\":\"https:\\\/\\\/kuzar.es\\\/en\\\/contact\\\/#primaryimage\"},\"image\":{\"@id\":\"https:\\\/\\\/kuzar.es\\\/en\\\/contact\\\/#primaryimage\"},\"thumbnailUrl\":\"https:\\\/\\\/s.w.org\\\/images\\\/core\\\/emoji\\\/12.0.0-1\\\/svg\\\/1f4de.svg\",\"datePublished\":\"2019-07-23T08:39:40+00:00\",\"dateModified\":\"2025-11-21T15:27:04+00:00\",\"description\":\"[vc_row bg_type=\\\"image\\\" bg_image_new=\\\"2280\\\" css=\\\".vc_custom_1570183793374{padding-top: 4% !important;padding-bottom: 3%...\",\"breadcrumb\":{\"@id\":\"https:\\\/\\\/kuzar.es\\\/en\\\/contact\\\/#breadcrumb\"},\"inLanguage\":\"en-US\",\"potentialAction\":[{\"@type\":\"ReadAction\",\"target\":[\"https:\\\/\\\/kuzar.es\\\/en\\\/contact\\\/\"]}]},{\"@type\":\"ImageObject\",\"inLanguage\":\"en-US\",\"@id\":\"https:\\\/\\\/kuzar.es\\\/en\\\/contact\\\/#primaryimage\",\"url\":\"https:\\\/\\\/s.w.org\\\/images\\\/core\\\/emoji\\\/12.0.0-1\\\/svg\\\/1f4de.svg\",\"contentUrl\":\"https:\\\/\\\/s.w.org\\\/images\\\/core\\\/emoji\\\/12.0.0-1\\\/svg\\\/1f4de.svg\"},{\"@type\":\"BreadcrumbList\",\"@id\":\"https:\\\/\\\/kuzar.es\\\/en\\\/contact\\\/#breadcrumb\",\"itemListElement\":[{\"@type\":\"ListItem\",\"position\":1,\"name\":\"Portada\",\"item\":\"https:\\\/\\\/kuzar.es\\\/en\\\/\"},{\"@type\":\"ListItem\",\"position\":2,\"name\":\"Contact\"}]},{\"@type\":\"WebSite\",\"@id\":\"https:\\\/\\\/kuzar.es\\\/#website\",\"url\":\"https:\\\/\\\/kuzar.es\\\/\",\"name\":\"Kuzar - Torres elevadoras y estructuras met\u00e1licas\",\"description\":\"Fabricaci\u00f3n de torres elevadoras, estructuras met\u00e1licas e iluminaci\u00f3n para espect\u00e1culos y eventos\",\"potentialAction\":[{\"@type\":\"SearchAction\",\"target\":{\"@type\":\"EntryPoint\",\"urlTemplate\":\"https:\\\/\\\/kuzar.es\\\/?s={search_term_string}\"},\"query-input\":{\"@type\":\"PropertyValueSpecification\",\"valueRequired\":true,\"valueName\":\"search_term_string\"}}],\"inLanguage\":\"en-US\"}]}<\/script>\n<!-- \/ Yoast SEO plugin. -->","yoast_head_json":{"title":"Contact - Kuzar - Torres elevadoras y estructuras met\u00e1licas","description":"[vc_row bg_type=\"image\" bg_image_new=\"2280\" css=\".vc_custom_1570183793374{padding-top: 4% !important;padding-bottom: 3%...","robots":{"index":"index","follow":"follow","max-snippet":"max-snippet:-1","max-image-preview":"max-image-preview:large","max-video-preview":"max-video-preview:-1"},"canonical":"https:\/\/kuzar.es\/en\/contact\/","og_locale":"en_US","og_type":"article","og_title":"Contact - Kuzar - Torres elevadoras y estructuras met\u00e1licas","og_description":"[vc_row bg_type=\"image\" bg_image_new=\"2280\" css=\".vc_custom_1570183793374{padding-top: 4% !important;padding-bottom: 3%...","og_url":"https:\/\/kuzar.es\/en\/contact\/","og_site_name":"Kuzar - Torres elevadoras y estructuras met\u00e1licas","article_modified_time":"2025-11-21T15:27:04+00:00","og_image":[{"url":"https:\/\/s.w.org\/images\/core\/emoji\/12.0.0-1\/svg\/1f4de.svg","type":"","width":"","height":""}],"twitter_card":"summary_large_image","twitter_misc":{"Est. reading time":"2 minutes"},"schema":{"@context":"https:\/\/schema.org","@graph":[{"@type":"WebPage","@id":"https:\/\/kuzar.es\/en\/contact\/","url":"https:\/\/kuzar.es\/en\/contact\/","name":"Contact - Kuzar - Torres elevadoras y estructuras met\u00e1licas","isPartOf":{"@id":"https:\/\/kuzar.es\/#website"},"primaryImageOfPage":{"@id":"https:\/\/kuzar.es\/en\/contact\/#primaryimage"},"image":{"@id":"https:\/\/kuzar.es\/en\/contact\/#primaryimage"},"thumbnailUrl":"https:\/\/s.w.org\/images\/core\/emoji\/12.0.0-1\/svg\/1f4de.svg","datePublished":"2019-07-23T08:39:40+00:00","dateModified":"2025-11-21T15:27:04+00:00","description":"[vc_row bg_type=\"image\" bg_image_new=\"2280\" css=\".vc_custom_1570183793374{padding-top: 4% !important;padding-bottom: 3%...","breadcrumb":{"@id":"https:\/\/kuzar.es\/en\/contact\/#breadcrumb"},"inLanguage":"en-US","potentialAction":[{"@type":"ReadAction","target":["https:\/\/kuzar.es\/en\/contact\/"]}]},{"@type":"ImageObject","inLanguage":"en-US","@id":"https:\/\/kuzar.es\/en\/contact\/#primaryimage","url":"https:\/\/s.w.org\/images\/core\/emoji\/12.0.0-1\/svg\/1f4de.svg","contentUrl":"https:\/\/s.w.org\/images\/core\/emoji\/12.0.0-1\/svg\/1f4de.svg"},{"@type":"BreadcrumbList","@id":"https:\/\/kuzar.es\/en\/contact\/#breadcrumb","itemListElement":[{"@type":"ListItem","position":1,"name":"Portada","item":"https:\/\/kuzar.es\/en\/"},{"@type":"ListItem","position":2,"name":"Contact"}]},{"@type":"WebSite","@id":"https:\/\/kuzar.es\/#website","url":"https:\/\/kuzar.es\/","name":"Kuzar - Torres elevadoras y estructuras met\u00e1licas","description":"Fabricaci\u00f3n de torres elevadoras, estructuras met\u00e1licas e iluminaci\u00f3n para espect\u00e1culos y eventos","potentialAction":[{"@type":"SearchAction","target":{"@type":"EntryPoint","urlTemplate":"https:\/\/kuzar.es\/?s={search_term_string}"},"query-input":{"@type":"PropertyValueSpecification","valueRequired":true,"valueName":"search_term_string"}}],"inLanguage":"en-US"}]}},"_links":{"self":[{"href":"https:\/\/kuzar.es\/en\/wp-json\/wp\/v2\/pages\/2868","targetHints":{"allow":["GET"]}}],"collection":[{"href":"https:\/\/kuzar.es\/en\/wp-json\/wp\/v2\/pages"}],"about":[{"href":"https:\/\/kuzar.es\/en\/wp-json\/wp\/v2\/types\/page"}],"author":[{"embeddable":true,"href":"https:\/\/kuzar.es\/en\/wp-json\/wp\/v2\/users\/1"}],"replies":[{"embeddable":true,"href":"https:\/\/kuzar.es\/en\/wp-json\/wp\/v2\/comments?post=2868"}],"version-history":[{"count":25,"href":"https:\/\/kuzar.es\/en\/wp-json\/wp\/v2\/pages\/2868\/revisions"}],"predecessor-version":[{"id":8819,"href":"https:\/\/kuzar.es\/en\/wp-json\/wp\/v2\/pages\/2868\/revisions\/8819"}],"wp:attachment":[{"href":"https:\/\/kuzar.es\/en\/wp-json\/wp\/v2\/media?parent=2868"}],"curies":[{"name":"wp","href":"https:\/\/api.w.org\/{rel}","templated":true}]}}