{"id":2861,"date":"2019-07-23T10:39:12","date_gmt":"2019-07-23T08:39:12","guid":{"rendered":"https:\/\/kuzar.es\/galeria\/"},"modified":"2025-11-21T13:44:01","modified_gmt":"2025-11-21T12:44:01","slug":"galeria","status":"publish","type":"page","link":"https:\/\/kuzar.es\/en\/galeria\/","title":{"rendered":"Galer\u00eda"},"content":{"rendered":"<div class=\"wpb-content-wrapper\">[vc_row bg_type=&#8221;image&#8221; bg_image_new=&#8221;2295&#8243; css=&#8221;.vc_custom_1570183744594{padding-top: 4% !important;padding-bottom: 3% !important;}&#8221;][vc_column][vc_row_inner][vc_column_inner width=&#8221;1\/6&#8243;][\/vc_column_inner][vc_column_inner width=&#8221;4\/6&#8243;][\/vc_column_inner][vc_column_inner width=&#8221;1\/6&#8243;][\/vc_column_inner][\/vc_row_inner][\/vc_column][\/vc_row][vc_row gap=&#8221;35&#8243; css=&#8221;.vc_custom_1570121032575{padding-top: 5% !important;padding-right: 15% !important;padding-bottom: 1% !important;padding-left: 15% !important;background-color: #ffffff !important;}&#8221;][vc_column][vc_row_inner][vc_column_inner][vc_column_text css_animation=&#8221;fadeInUp&#8221;]\n<p class=\"alt-font\"><span style=\"font-size: 180%;\" data-text-color=\"primary\"><strong>Kuzar Projects<\/strong><\/span><\/p>\n[\/vc_column_text][vc_separator color=&#8221;custom&#8221; border_width=&#8221;2&#8243; accent_color=&#8221;#353535&#8243;][\/vc_column_inner][\/vc_row_inner][vc_row_inner gap=&#8221;35&#8243; css=&#8221;.vc_custom_1570116260383{padding-top: 2% !important;}&#8221;][vc_column_inner width=&#8221;1\/2&#8243; css=&#8221;.vc_custom_1570116807346{padding-right: 20% !important;}&#8221;][vc_column_text css_animation=&#8221;fadeIn&#8221;]\n<h3 class=\"uppercase alt-font\"><span style=\"color: #282828; font-size: 105%;\" data-line-height=\"l\">A SAMPLE OF SOME OF OUR WORKS<\/span><\/h3>\n[\/vc_column_text][\/vc_column_inner][vc_column_inner width=&#8221;1\/2&#8243; css=&#8221;.vc_custom_1570114365792{padding-right: 8% !important;padding-left: 2% !important;}&#8221;][vc_column_text]\n<p style=\"text-align: justify;\"><span style=\"font-size: 95%;\" data-line-height=\"xl\">In our photo gallery you can find samples of some of the projects we have done, ranging from all types of scenarios, mobile stands and all kind of lifting systems.<\/span><\/p>\n[\/vc_column_text][\/vc_column_inner][\/vc_row_inner][\/vc_column][\/vc_row][vc_row css_animation=&#8221;none&#8221; bg_type=&#8221;bg_color&#8221; parallax_content=&#8221;off&#8221; fadeout_row=&#8221;off&#8221; seperator_enable=&#8221;seperator_enable_value&#8221; seperator_type=&#8221;xlarge_triangle_left_seperator&#8221; seperator_svg_height=&#8221;90&#8243; seperator_shape_background=&#8221;#ffffff&#8221; css=&#8221;.vc_custom_1570105896528{padding-top: 9% !important;padding-bottom: 9% !important;}&#8221; bg_color_value=&#8221;#0f0f0f&#8221;][vc_column][vc_row_inner gap=&#8221;20&#8243; css=&#8221;.vc_custom_1570120174926{padding-top: 3% !important;}&#8221;][vc_column_inner width=&#8221;1\/6&#8243;][\/vc_column_inner][vc_column_inner width=&#8221;4\/6&#8243;][vc_gallery type=&#8221;image_grid&#8221; images=&#8221;7481,7477,7479,7475,7417,7277,7285,7283,7281,7433,7431,7427,7425,7423,7521,7519,7517,7515,7513,7511,7509,7507,7505,7503&#8243; css_animation=&#8221;bounceInLeft&#8221; title=&#8221;truss roof and lifting systems&#8221;][\/vc_column_inner][vc_column_inner width=&#8221;1\/6&#8243;][\/vc_column_inner][\/vc_row_inner][vc_row_inner gap=&#8221;20&#8243; css=&#8221;.vc_custom_1570120163944{padding-top: 3% !important;}&#8221;][vc_column_inner width=&#8221;1\/6&#8243;][\/vc_column_inner][vc_column_inner width=&#8221;4\/6&#8243;][vc_gallery type=&#8221;image_grid&#8221; images=&#8221;2533,2534,2535,2536,2537,2538,2539&#8243; css_animation=&#8221;bounceInRight&#8221; title=&#8221;Truss Stand&#8221;][\/vc_column_inner][vc_column_inner width=&#8221;1\/6&#8243;][\/vc_column_inner][\/vc_row_inner][vc_row_inner gap=&#8221;20&#8243; css=&#8221;.vc_custom_1570120174926{padding-top: 3% !important;}&#8221;][vc_column_inner width=&#8221;1\/6&#8243;][\/vc_column_inner][vc_column_inner width=&#8221;4\/6&#8243;][vc_gallery type=&#8221;image_grid&#8221; images=&#8221;2552,2553,2554,2555,2556,2557&#8243; css_animation=&#8221;bounceInLeft&#8221; css=&#8221;&#8221; title=&#8221;Trussing stages&#8221; el_id=&#8221;texto_galeria&#8221;][\/vc_column_inner][vc_column_inner width=&#8221;1\/6&#8243;][\/vc_column_inner][\/vc_row_inner][vc_row_inner gap=&#8221;20&#8243; css=&#8221;.vc_custom_1570120182559{padding-top: 3% !important;}&#8221;][vc_column_inner width=&#8221;1\/6&#8243;][\/vc_column_inner][vc_column_inner width=&#8221;2\/6&#8243;][vc_gallery type=&#8221;image_grid&#8221; images=&#8221;2558,2559,2560&#8243; css_animation=&#8221;bounceInUp&#8221; title=&#8221;Orchestra&#8221;][\/vc_column_inner][vc_column_inner width=&#8221;1\/6&#8243;][\/vc_column_inner][\/vc_row_inner][vc_row_inner gap=&#8221;20&#8243; css=&#8221;.vc_custom_1570120148225{padding-top: 3% !important;}&#8221;][vc_column_inner width=&#8221;1\/6&#8243;][\/vc_column_inner][vc_column_inner width=&#8221;2\/6&#8243;][vc_gallery type=&#8221;image_grid&#8221; images=&#8221;2540,2541,2542&#8243; css_animation=&#8221;bounceInLeft&#8221; title=&#8221;BEACH INSTALATION&#8221;][\/vc_column_inner][vc_column_inner width=&#8221;2\/6&#8243;][vc_gallery type=&#8221;image_grid&#8221; images=&#8221;2564,2565,2566&#8243; css_animation=&#8221;bounceInRight&#8221; title=&#8221;THEATER&#8221;][\/vc_column_inner][vc_column_inner width=&#8221;1\/6&#8243;][\/vc_column_inner][\/vc_row_inner][vc_row_inner gap=&#8221;20&#8243; css=&#8221;.vc_custom_1570120156996{padding-top: 3% !important;}&#8221;][vc_column_inner width=&#8221;1\/6&#8243;][\/vc_column_inner][vc_column_inner width=&#8221;1\/6&#8243;][\/vc_column_inner][\/vc_row_inner][\/vc_column][\/vc_row][vc_row bg_type=&#8221;grad&#8221; seperator_enable=&#8221;seperator_enable_value&#8221; seperator_type=&#8221;xlarge_triangle_right_seperator&#8221; seperator_position=&#8221;bottom_seperator&#8221; seperator_shape_background=&#8221;#000000&#8243; css=&#8221;.vc_custom_1570119067095{padding-top: 5% !important;padding-right: 12% !important;padding-bottom: 8% !important;padding-left: 12% !important;background-color: #ffffff !important;}&#8221; bg_grad=&#8221;background: -webkit-gradient(linear, left top, left bottom, color-stop(0%, #E5E5E9), color-stop(3%, #E5E5E9), color-stop(99%, #FAFAFA));background: -moz-linear-gradient(top,#E5E5E9 0%,#E5E5E9 3%,#FAFAFA 99%);background: -webkit-linear-gradient(top,#E5E5E9 0%,#E5E5E9 3%,#FAFAFA 99%);background: -o-linear-gradient(top,#E5E5E9 0%,#E5E5E9 3%,#FAFAFA 99%);background: -ms-linear-gradient(top,#E5E5E9 0%,#E5E5E9 3%,#FAFAFA 99%);background: linear-gradient(top,#E5E5E9 0%,#E5E5E9 3%,#FAFAFA 99%);&#8221;][vc_column css=&#8221;.vc_custom_1568810248572{padding-top: 5% !important;padding-bottom: 5% !important;background-position: 0 0 !important;background-repeat: repeat !important;}&#8221;][vc_column_text css_animation=&#8221;fadeIn&#8221; css=&#8221;.vc_custom_1635849310315{padding-bottom: 3% !important;}&#8221; el_class=&#8221;claim&#8221;]\n<p style=\"text-align: center;\">Need to lift a line array?<\/p>\n[\/vc_column_text][vc_btn title=&#8221;CLICK HERE&#8221; style=&#8221;classic&#8221; shape=&#8221;square&#8221; color=&#8221;green&#8221; align=&#8221;center&#8221; css_animation=&#8221;bounceIn&#8221; link=&#8221;url:https%3A%2F%2Fkuzar.es%2Fen%2Fcontact%2F|||&#8221;][\/vc_column][\/vc_row]\n<\/div>","protected":false},"excerpt":{"rendered":"[vc_row bg_type=&#8221;image&#8221; bg_image_new=&#8221;2295&#8243; css=&#8221;.vc_custom_1570183744594{padding-top: 4% !important;padding-bottom: 3% !important;}&#8221;][vc_column][vc_row_inner][vc_column_inner width=&#8221;1\/6&#8243;][\/vc_column_inner][vc_column_inner width=&#8221;4\/6&#8243;][\/vc_column_inner][vc_column_inner width=&#8221;1\/6&#8243;][\/vc_column_inner][\/vc_row_inner][\/vc_column][\/vc_row][vc_row gap=&#8221;35&#8243; css=&#8221;.vc_custom_1570121032575{padding-top: 5% !important;padding-right: 15% !important;padding-bottom: 1% !important;padding-left: 15% !important;background-color: #ffffff !important;}&#8221;][vc_column][vc_row_inner][vc_column_inner][vc_column_text css_animation=&#8221;fadeInUp&#8221;] Kuzar Projects [\/vc_column_text][vc_separator color=&#8221;custom&#8221; border_width=&#8221;2&#8243; accent_color=&#8221;#353535&#8243;][\/vc_column_inner][\/vc_row_inner][vc_row_inner gap=&#8221;35&#8243; css=&#8221;.vc_custom_1570116260383{padding-top: 2% !important;}&#8221;][vc_column_inner width=&#8221;1\/2&#8243; css=&#8221;.vc_custom_1570116807346{padding-right: 20% !important;}&#8221;][vc_column_text css_animation=&#8221;fadeIn&#8221;] A SAMPLE OF SOME OF OUR WORKS [\/vc_column_text][\/vc_column_inner][vc_column_inner width=&#8221;1\/2&#8243; css=&#8221;.vc_custom_1570114365792{padding-right: 8% !important;padding-left: 2% !important;}&#8221;][vc_column_text] In our [&#8230;]\n","protected":false},"author":1,"featured_media":0,"parent":0,"menu_order":0,"comment_status":"closed","ping_status":"closed","template":"page-blank.php","meta":{"_exactmetrics_skip_tracking":false,"_exactmetrics_sitenote_active":false,"_exactmetrics_sitenote_note":"","_exactmetrics_sitenote_category":0,"footnotes":""},"class_list":["post-2861","page","type-page","status-publish","hentry"],"yoast_head":"<!-- This site is optimized with the Yoast SEO plugin v26.9 - https:\/\/yoast.com\/product\/yoast-seo-wordpress\/ -->\n<title>Galer\u00eda - Kuzar - Torres elevadoras y estructuras met\u00e1licas<\/title>\n<meta name=\"description\" content=\"Descubre proyectos innovadores de Kuzar Projects en nuestra galer\u00eda de fotos: stands m\u00f3viles, sistemas de elevaci\u00f3n y m\u00e1s. Vis\u00edtanos y sorpr\u00e9ndete.\" \/>\n<meta name=\"robots\" content=\"index, follow, max-snippet:-1, max-image-preview:large, max-video-preview:-1\" \/>\n<link rel=\"canonical\" href=\"https:\/\/kuzar.es\/en\/galeria\/\" \/>\n<meta property=\"og:locale\" content=\"en_US\" \/>\n<meta property=\"og:type\" content=\"article\" \/>\n<meta property=\"og:title\" content=\"Galer\u00eda - Kuzar - Torres elevadoras y estructuras met\u00e1licas\" \/>\n<meta property=\"og:description\" content=\"Descubre proyectos innovadores de Kuzar Projects en nuestra galer\u00eda de fotos: stands m\u00f3viles, sistemas de elevaci\u00f3n y m\u00e1s. Vis\u00edtanos y sorpr\u00e9ndete.\" \/>\n<meta property=\"og:url\" content=\"https:\/\/kuzar.es\/en\/galeria\/\" \/>\n<meta property=\"og:site_name\" content=\"Kuzar - Torres elevadoras y estructuras met\u00e1licas\" \/>\n<meta property=\"article:modified_time\" content=\"2025-11-21T12:44:01+00:00\" \/>\n<meta name=\"twitter:card\" content=\"summary_large_image\" \/>\n<meta name=\"twitter:label1\" content=\"Est. reading time\" \/>\n\t<meta name=\"twitter:data1\" content=\"2 minutes\" \/>\n<script type=\"application\/ld+json\" class=\"yoast-schema-graph\">{\"@context\":\"https:\/\/schema.org\",\"@graph\":[{\"@type\":\"WebPage\",\"@id\":\"https:\/\/kuzar.es\/en\/galeria\/\",\"url\":\"https:\/\/kuzar.es\/en\/galeria\/\",\"name\":\"Galer\u00eda - Kuzar - Torres elevadoras y estructuras met\u00e1licas\",\"isPartOf\":{\"@id\":\"https:\/\/kuzar.es\/#website\"},\"datePublished\":\"2019-07-23T08:39:12+00:00\",\"dateModified\":\"2025-11-21T12:44:01+00:00\",\"description\":\"Descubre proyectos innovadores de Kuzar Projects en nuestra galer\u00eda de fotos: stands m\u00f3viles, sistemas de elevaci\u00f3n y m\u00e1s. Vis\u00edtanos y sorpr\u00e9ndete.\",\"breadcrumb\":{\"@id\":\"https:\/\/kuzar.es\/en\/galeria\/#breadcrumb\"},\"inLanguage\":\"en-US\",\"potentialAction\":[{\"@type\":\"ReadAction\",\"target\":[\"https:\/\/kuzar.es\/en\/galeria\/\"]}]},{\"@type\":\"BreadcrumbList\",\"@id\":\"https:\/\/kuzar.es\/en\/galeria\/#breadcrumb\",\"itemListElement\":[{\"@type\":\"ListItem\",\"position\":1,\"name\":\"Portada\",\"item\":\"https:\/\/kuzar.es\/en\/\"},{\"@type\":\"ListItem\",\"position\":2,\"name\":\"Galer\u00eda\"}]},{\"@type\":\"WebSite\",\"@id\":\"https:\/\/kuzar.es\/#website\",\"url\":\"https:\/\/kuzar.es\/\",\"name\":\"Kuzar - Torres elevadoras y estructuras met\u00e1licas\",\"description\":\"Fabricaci\u00f3n de torres elevadoras, estructuras met\u00e1licas e iluminaci\u00f3n para espect\u00e1culos y eventos\",\"potentialAction\":[{\"@type\":\"SearchAction\",\"target\":{\"@type\":\"EntryPoint\",\"urlTemplate\":\"https:\/\/kuzar.es\/?s={search_term_string}\"},\"query-input\":{\"@type\":\"PropertyValueSpecification\",\"valueRequired\":true,\"valueName\":\"search_term_string\"}}],\"inLanguage\":\"en-US\"}]}<\/script>\n<!-- \/ Yoast SEO plugin. -->","yoast_head_json":{"title":"Galer\u00eda - Kuzar - Torres elevadoras y estructuras met\u00e1licas","description":"Descubre proyectos innovadores de Kuzar Projects en nuestra galer\u00eda de fotos: stands m\u00f3viles, sistemas de elevaci\u00f3n y m\u00e1s. Vis\u00edtanos y sorpr\u00e9ndete.","robots":{"index":"index","follow":"follow","max-snippet":"max-snippet:-1","max-image-preview":"max-image-preview:large","max-video-preview":"max-video-preview:-1"},"canonical":"https:\/\/kuzar.es\/en\/galeria\/","og_locale":"en_US","og_type":"article","og_title":"Galer\u00eda - Kuzar - Torres elevadoras y estructuras met\u00e1licas","og_description":"Descubre proyectos innovadores de Kuzar Projects en nuestra galer\u00eda de fotos: stands m\u00f3viles, sistemas de elevaci\u00f3n y m\u00e1s. Vis\u00edtanos y sorpr\u00e9ndete.","og_url":"https:\/\/kuzar.es\/en\/galeria\/","og_site_name":"Kuzar - Torres elevadoras y estructuras met\u00e1licas","article_modified_time":"2025-11-21T12:44:01+00:00","twitter_card":"summary_large_image","twitter_misc":{"Est. reading time":"2 minutes"},"schema":{"@context":"https:\/\/schema.org","@graph":[{"@type":"WebPage","@id":"https:\/\/kuzar.es\/en\/galeria\/","url":"https:\/\/kuzar.es\/en\/galeria\/","name":"Galer\u00eda - Kuzar - Torres elevadoras y estructuras met\u00e1licas","isPartOf":{"@id":"https:\/\/kuzar.es\/#website"},"datePublished":"2019-07-23T08:39:12+00:00","dateModified":"2025-11-21T12:44:01+00:00","description":"Descubre proyectos innovadores de Kuzar Projects en nuestra galer\u00eda de fotos: stands m\u00f3viles, sistemas de elevaci\u00f3n y m\u00e1s. Vis\u00edtanos y sorpr\u00e9ndete.","breadcrumb":{"@id":"https:\/\/kuzar.es\/en\/galeria\/#breadcrumb"},"inLanguage":"en-US","potentialAction":[{"@type":"ReadAction","target":["https:\/\/kuzar.es\/en\/galeria\/"]}]},{"@type":"BreadcrumbList","@id":"https:\/\/kuzar.es\/en\/galeria\/#breadcrumb","itemListElement":[{"@type":"ListItem","position":1,"name":"Portada","item":"https:\/\/kuzar.es\/en\/"},{"@type":"ListItem","position":2,"name":"Galer\u00eda"}]},{"@type":"WebSite","@id":"https:\/\/kuzar.es\/#website","url":"https:\/\/kuzar.es\/","name":"Kuzar - Torres elevadoras y estructuras met\u00e1licas","description":"Fabricaci\u00f3n de torres elevadoras, estructuras met\u00e1licas e iluminaci\u00f3n para espect\u00e1culos y eventos","potentialAction":[{"@type":"SearchAction","target":{"@type":"EntryPoint","urlTemplate":"https:\/\/kuzar.es\/?s={search_term_string}"},"query-input":{"@type":"PropertyValueSpecification","valueRequired":true,"valueName":"search_term_string"}}],"inLanguage":"en-US"}]}},"_links":{"self":[{"href":"https:\/\/kuzar.es\/en\/wp-json\/wp\/v2\/pages\/2861","targetHints":{"allow":["GET"]}}],"collection":[{"href":"https:\/\/kuzar.es\/en\/wp-json\/wp\/v2\/pages"}],"about":[{"href":"https:\/\/kuzar.es\/en\/wp-json\/wp\/v2\/types\/page"}],"author":[{"embeddable":true,"href":"https:\/\/kuzar.es\/en\/wp-json\/wp\/v2\/users\/1"}],"replies":[{"embeddable":true,"href":"https:\/\/kuzar.es\/en\/wp-json\/wp\/v2\/comments?post=2861"}],"version-history":[{"count":19,"href":"https:\/\/kuzar.es\/en\/wp-json\/wp\/v2\/pages\/2861\/revisions"}],"predecessor-version":[{"id":8813,"href":"https:\/\/kuzar.es\/en\/wp-json\/wp\/v2\/pages\/2861\/revisions\/8813"}],"wp:attachment":[{"href":"https:\/\/kuzar.es\/en\/wp-json\/wp\/v2\/media?parent=2861"}],"curies":[{"name":"wp","href":"https:\/\/api.w.org\/{rel}","templated":true}]}}