{"id":2851,"date":"2019-07-23T10:38:37","date_gmt":"2019-07-23T08:38:37","guid":{"rendered":"https:\/\/kuzar.es\/distribuidores\/"},"modified":"2025-02-20T19:26:28","modified_gmt":"2025-02-20T18:26:28","slug":"distributors","status":"publish","type":"page","link":"https:\/\/kuzar.es\/en\/distributors\/","title":{"rendered":"Distributors"},"content":{"rendered":"<div class=\"wpb-content-wrapper\">[vc_row bg_type=&#8221;image&#8221; bg_image_new=&#8221;2282&#8243; css=&#8221;.vc_custom_1570183653076{padding-top: 4% !important;padding-bottom: 3% !important;}&#8221;][vc_column][vc_row_inner][vc_column_inner width=&#8221;1\/6&#8243;][\/vc_column_inner][vc_column_inner width=&#8221;4\/6&#8243;][\/vc_column_inner][vc_column_inner width=&#8221;1\/6&#8243;][\/vc_column_inner][\/vc_row_inner][\/vc_column][\/vc_row][vc_row bg_type=&#8221;grad&#8221; seperator_enable=&#8221;seperator_enable_value&#8221; seperator_type=&#8221;xlarge_triangle_right_seperator&#8221; seperator_position=&#8221;bottom_seperator&#8221; seperator_shape_background=&#8221;#000000&#8243; css=&#8221;.vc_custom_1570119067095{padding-top: 5% !important;padding-right: 12% !important;padding-bottom: 8% !important;padding-left: 12% !important;background-color: #ffffff !important;}&#8221; bg_grad=&#8221;background: -webkit-gradient(linear, left top, left bottom, color-stop(0%, #E5E5E9), color-stop(3%, #E5E5E9), color-stop(99%, #FAFAFA));background: -moz-linear-gradient(top,#E5E5E9 0%,#E5E5E9 3%,#FAFAFA 99%);background: -webkit-linear-gradient(top,#E5E5E9 0%,#E5E5E9 3%,#FAFAFA 99%);background: -o-linear-gradient(top,#E5E5E9 0%,#E5E5E9 3%,#FAFAFA 99%);background: -ms-linear-gradient(top,#E5E5E9 0%,#E5E5E9 3%,#FAFAFA 99%);background: linear-gradient(top,#E5E5E9 0%,#E5E5E9 3%,#FAFAFA 99%);&#8221;][vc_column css=&#8221;.vc_custom_1568810248572{padding-top: 5% !important;padding-bottom: 5% !important;background-position: 0 0 !important;background-repeat: repeat !important;}&#8221;][vc_column_text css_animation=&#8221;fadeIn&#8221; css=&#8221;.vc_custom_1740075962049{padding-bottom: 3% !important;}&#8221; el_class=&#8221;claim&#8221;]\n<p style=\"text-align: center;\">Fill in the below form to find your closest distributor<\/p>\n[\/vc_column_text][vc_single_image image=&#8221;8101&#8243; img_size=&#8221;full&#8221; alignment=&#8221;center&#8221;]\n<div class=\"wpcf7 no-js\" id=\"wpcf7-f8086-o1\" lang=\"es-ES\" dir=\"ltr\" data-wpcf7-id=\"8086\">\n<div class=\"screen-reader-response\"><p role=\"status\" aria-live=\"polite\" aria-atomic=\"true\"><\/p> <ul><\/ul><\/div>\n<form action=\"\/en\/wp-json\/wp\/v2\/pages\/2851#wpcf7-f8086-o1\" method=\"post\" class=\"wpcf7-form init\" aria-label=\"Formulario de contacto\" novalidate=\"novalidate\" data-status=\"init\">\n<fieldset class=\"hidden-fields-container\"><input type=\"hidden\" name=\"_wpcf7\" value=\"8086\" \/><input type=\"hidden\" name=\"_wpcf7_version\" value=\"6.1.5\" \/><input type=\"hidden\" name=\"_wpcf7_locale\" value=\"es_ES\" \/><input type=\"hidden\" name=\"_wpcf7_unit_tag\" value=\"wpcf7-f8086-o1\" \/><input type=\"hidden\" name=\"_wpcf7_container_post\" value=\"0\" \/><input type=\"hidden\" name=\"_wpcf7_posted_data_hash\" value=\"\" \/><input type=\"hidden\" name=\"_wpcf7_recaptcha_response\" value=\"\" \/>\n<\/fieldset>\n<p><label> Full Name*<br \/>\n<span class=\"wpcf7-form-control-wrap\" data-name=\"full-name\"><input size=\"40\" maxlength=\"400\" class=\"wpcf7-form-control wpcf7-text wpcf7-validates-as-required\" aria-required=\"true\" aria-invalid=\"false\" placeholder=\"Write your full name\" value=\"\" type=\"text\" name=\"full-name\" \/><\/span><br \/>\n<\/label>\n<\/p>\n<p><label> Email*<br \/>\n<span class=\"wpcf7-form-control-wrap\" data-name=\"email\"><input size=\"40\" maxlength=\"400\" class=\"wpcf7-form-control wpcf7-email wpcf7-validates-as-required wpcf7-text wpcf7-validates-as-email\" aria-required=\"true\" aria-invalid=\"false\" placeholder=\"Write your email\" value=\"\" type=\"email\" name=\"email\" \/><\/span><br \/>\n<\/label>\n<\/p>\n<p><label> Country*<br \/>\n<select name=\"country\">\n <option value=\"\" style=\"display: none;\">--- Please choose an option ---<\/option>\n \n<option value=\"Afghanistan\">Afghanistan<\/option>\n<option value=\"Albania\">Albania<\/option>\n<option value=\"Germany\">Germany<\/option>\n<option value=\"Andorra\">Andorra<\/option>\n<option value=\"Angola\">Angola<\/option>\n<option value=\"Antigua and Barbuda\">Antigua and Barbuda<\/option>\n<option value=\"Saudi Arabia\">Saudi Arabia<\/option>\n<option value=\"Algeria\">Algeria<\/option>\n<option value=\"Argentina\">Argentina<\/option>\n<option value=\"Armenia\">Armenia<\/option>\n<option value=\"Australia\">Australia<\/option>\n<option value=\"Austria\">Austria<\/option>\n<option value=\"Azerbaijan\">Azerbaijan<\/option>\n<option value=\"Bahamas\">Bahamas<\/option>\n<option value=\"Bangladesh\">Bangladesh<\/option>\n<option value=\"Bahrain\">Bahrain<\/option>\n<option value=\"Barbados\">Barbados<\/option>\n<option value=\"Belgium\">Belgium<\/option>\n<option value=\"Belize\">Belize<\/option>\n<option value=\"Benin\">Benin<\/option>\n<option value=\"Belarus\">Belarus<\/option>\n<option value=\"Myanmar\">Myanmar<\/option>\n<option value=\"Bolivia\">Bolivia<\/option>\n<option value=\"Bosnia and Herzegovina\">Bosnia and Herzegovina<\/option>\n<option value=\"Botswana\">Botswana<\/option>\n<option value=\"Brazil\">Brazil<\/option>\n<option value=\"Brunei\">Brunei<\/option>\n<option value=\"Bulgaria\">Bulgaria<\/option>\n<option value=\"Burkina Faso\">Burkina Faso<\/option>\n<option value=\"Burundi\">Burundi<\/option>\n<option value=\"Bhutan\">Bhutan<\/option>\n<option value=\"Cape Verde\">Cape Verde<\/option>\n<option value=\"Cambodia\">Cambodia<\/option>\n<option value=\"Cameroon\">Cameroon<\/option>\n<option value=\"Canada\">Canada<\/option>\n<option value=\"Qatar\">Qatar<\/option>\n<option value=\"Chad\">Chad<\/option>\n<option value=\"Chile\">Chile<\/option>\n<option value=\"China\">China<\/option>\n<option value=\"Cyprus\">Cyprus<\/option>\n<option value=\"Colombia\">Colombia<\/option>\n<option value=\"Comoros\">Comoros<\/option>\n<option value=\"North Korea\">North Korea<\/option>\n<option value=\"South Korea\">South Korea<\/option>\n<option value=\"Ivory Coast\">Ivory Coast<\/option>\n<option value=\"Costa Rica\">Costa Rica<\/option>\n<option value=\"Croatia\">Croatia<\/option>\n<option value=\"Cuba\">Cuba<\/option>\n<option value=\"Denmark\">Denmark<\/option>\n<option value=\"Dominica\">Dominica<\/option>\n<option value=\"Ecuador\">Ecuador<\/option>\n<option value=\"Egypt\">Egypt<\/option>\n<option value=\"El Salvador\">El Salvador<\/option>\n<option value=\"United Arab Emirates\">United Arab Emirates<\/option>\n<option value=\"Eritrea\">Eritrea<\/option>\n<option value=\"Slovakia\">Slovakia<\/option>\n<option value=\"Slovenia\">Slovenia<\/option>\n<option value=\"Spain\">Spain<\/option>\n<option value=\"United States\">United States<\/option>\n<option value=\"Estonia\">Estonia<\/option>\n<option value=\"Eswatini\">Eswatini<\/option>\n<option value=\"Ethiopia\">Ethiopia<\/option>\n<option value=\"Philippines\">Philippines<\/option>\n<option value=\"Finland\">Finland<\/option>\n<option value=\"Fiji\">Fiji<\/option>\n<option value=\"France\">France<\/option>\n<option value=\"Gabon\">Gabon<\/option>\n<option value=\"Gambia\">Gambia<\/option>\n<option value=\"Georgia\">Georgia<\/option>\n<option value=\"Ghana\">Ghana<\/option>\n<option value=\"Grenada\">Grenada<\/option>\n<option value=\"Greece\">Greece<\/option>\n<option value=\"Guatemala\">Guatemala<\/option>\n<option value=\"Guinea\">Guinea<\/option>\n<option value=\"Guinea-Bissau\">Guinea-Bissau<\/option>\n<option value=\"Equatorial Guinea\">Equatorial Guinea<\/option>\n<option value=\"Guyana\">Guyana<\/option>\n<option value=\"Haiti\">Haiti<\/option>\n<option value=\"Honduras\">Honduras<\/option>\n<option value=\"Hungary\">Hungary<\/option>\n<option value=\"India\">India<\/option>\n<option value=\"Indonesia\">Indonesia<\/option>\n<option value=\"Iraq\">Iraq<\/option>\n<option value=\"Iran\">Iran<\/option>\n<option value=\"Ireland\">Ireland<\/option>\n<option value=\"Iceland\">Iceland<\/option>\n<option value=\"Israel\">Israel<\/option>\n<option value=\"Italy\">Italy<\/option>\n<option value=\"Jamaica\">Jamaica<\/option>\n<option value=\"Japan\">Japan<\/option>\n<option value=\"Jordan\">Jordan<\/option>\n<option value=\"Kazakhstan\">Kazakhstan<\/option>\n<option value=\"Kenya\">Kenya<\/option>\n<option value=\"Kyrgyzstan\">Kyrgyzstan<\/option>\n<option value=\"Kiribati\">Kiribati<\/option>\n<option value=\"Kuwait\">Kuwait<\/option>\n<option value=\"Laos\">Laos<\/option>\n<option value=\"Lesotho\">Lesotho<\/option>\n<option value=\"Latvia\">Latvia<\/option>\n<option value=\"Lebanon\">Lebanon<\/option>\n<option value=\"Liberia\">Liberia<\/option>\n<option value=\"Libya\">Libya<\/option>\n<option value=\"Liechtenstein\">Liechtenstein<\/option>\n<option value=\"Lithuania\">Lithuania<\/option>\n<option value=\"Luxembourg\">Luxembourg<\/option>\n<option value=\"Madagascar\">Madagascar<\/option>\n<option value=\"Malaysia\">Malaysia<\/option>\n<option value=\"Maldives\">Maldives<\/option>\n<option value=\"Mali\">Mali<\/option>\n<option value=\"Malta\">Malta<\/option>\n<option value=\"Mexico\">Mexico<\/option>\n<option value=\"Monaco\">Monaco<\/option>\n<option value=\"Mongolia\">Mongolia<\/option>\n<option value=\"Nicaragua\">Nicaragua<\/option>\n<option value=\"Norway\">Norway<\/option>\n<option value=\"Netherlands\">Netherlands<\/option>\n<option value=\"Paraguay\">Paraguay<\/option>\n<option value=\"Peru\">Peru<\/option>\n<option value=\"Poland\">Poland<\/option>\n<option value=\"Portugal\">Portugal<\/option>\n<option value=\"United Kingdom\">United Kingdom<\/option>\n<option value=\"Dominican Republic\">Dominican Republic<\/option>\n<option value=\"Russia\">Russia<\/option>\n<option value=\"South Africa\">South Africa<\/option>\n<option value=\"Sweden\">Sweden<\/option>\n<option value=\"Switzerland\">Switzerland<\/option>\n<option value=\"Thailand\">Thailand<\/option>\n<option value=\"Turkey\">Turkey<\/option>\n<option value=\"Ukraine\">Ukraine<\/option>\n<option value=\"Uruguay\">Uruguay<\/option>\n<option value=\"Venezuela\">Venezuela<\/option>\n<option value=\"Vietnam\">Vietnam<\/option>\n<option value=\"Malawi\">Malawi<\/option>\n<option value=\"Morocco\">Morocco<\/option>\n<option value=\"Mauritius\">Mauritius<\/option>\n<option value=\"Mauritania\">Mauritania<\/option>\n<option value=\"Micronesia\">Micronesia<\/option>\n<option value=\"Mozambique\">Mozambique<\/option>\n<option value=\"Namibia\">Namibia<\/option>\n<option value=\"Nepal\">Nepal<\/option>\n<option value=\"Nigeria\">Nigeria<\/option>\n<option value=\"New Zealand\">New Zealand<\/option>\n<option value=\"Niger\">Niger<\/option>\n<option value=\"Oman\">Oman<\/option>\n<option value=\"Pakistan\">Pakistan<\/option>\n<option value=\"Papua New Guinea\">Papua New Guinea<\/option>\n<option value=\"Central African Republic\">Central African Republic<\/option>\n<option value=\"Democratic Republic of the Congo\">Democratic Republic of the Congo<\/option>\n<option value=\"Republic of the Congo\">Republic of the Congo<\/option>\n<option value=\"Rwanda\">Rwanda<\/option>\n<option value=\"Romania\">Romania<\/option>\n<option value=\"Samoa\">Samoa<\/option>\n<option value=\"Saint Kitts and Nevis\">Saint Kitts and Nevis<\/option>\n<option value=\"San Marino\">San Marino<\/option>\n<option value=\"Saint Vincent and the Grenadines\">Saint Vincent and the Grenadines<\/option>\n<option value=\"Saint Lucia\">Saint Lucia<\/option>\n<option value=\"S\u00e3o Tom\u00e9 and Pr\u00edncipe\">S\u00e3o Tom\u00e9 and Pr\u00edncipe<\/option>\n<option value=\"Syria\">Syria<\/option>\n<option value=\"Somalia\">Somalia<\/option>\n<option value=\"Sri Lanka\">Sri Lanka<\/option>\n<option value=\"Sudan\">Sudan<\/option>\n<option value=\"South Sudan\">South Sudan<\/option>\n<option value=\"Tanzania\">Tanzania<\/option>\n<option value=\"East Timor\">East Timor<\/option>\n<option value=\"Togo\">Togo<\/option>\n<option value=\"Tonga\">Tonga<\/option>\n<option value=\"Trinidad and Tobago\">Trinidad and Tobago<\/option>\n<option value=\"Turkmenistan\">Turkmenistan<\/option>\n<option value=\"Tuvalu\">Tuvalu<\/option>\n<option value=\"Tunisia\">Tunisia<\/option>\n<option value=\"Uganda\">Uganda<\/option>\n<option value=\"Uzbekistan\">Uzbekistan<\/option>\n<option value=\"Burkina Faso\">Burkina Faso<\/option>\n<option value=\"Chad\">Chad<\/option>\n<option value=\"Djibouti\">Djibouti<\/option>\n<option value=\"Fiji\">Fiji<\/option>\n<option value=\"Gabon\">Gabon<\/option>\n<option value=\"Guinea-Bissau\">Guinea-Bissau<\/option>\n<option value=\"Guinea\">Guinea<\/option>\n<option value=\"Lesotho\">Lesotho<\/option>\n<option value=\"Madagascar\">Madagascar<\/option>\n<option value=\"Malawi\">Malawi<\/option>\n<option value=\"Moldova\">Moldova<\/option>\n<option value=\"Montenegro\">Montenegro<\/option>\n<option value=\"Mozambique\">Mozambique<\/option>\n<option value=\"Seychelles\">Seychelles<\/option>\n<option value=\"Sierra Leone\">Sierra Leone<\/option>\n<option value=\"Solomon Islands\">Solomon Islands<\/option>\n<option value=\"South Sudan\">South Sudan<\/option>\n<option value=\"Suriname\">Suriname<\/option>\n<option value=\"Tajikistan\">Tajikistan<\/option>\n<option value=\"Vanuatu\">Vanuatu<\/option>\n<option value=\"Burkina Faso\">Burkina Faso<\/option>\n<option value=\"Chad\">Chad<\/option>\n<option value=\"Djibouti\">Djibouti<\/option>\n<option value=\"Fiji\">Fiji<\/option>\n<option value=\"Gabon\">Gabon<\/option>\n<option value=\"Guinea-Bissau\">Guinea-Bissau<\/option>\n<option value=\"Guinea\">Guinea<\/option>\n<option value=\"Lesotho\">Lesotho<\/option>\n<option value=\"Madagascar\">Madagascar<\/option>\n<option value=\"Malawi\">Malawi<\/option>\n<option value=\"Moldova\">Moldova<\/option>\n<option value=\"Montenegro\">Montenegro<\/option>\n<option value=\"Mozambique\">Mozambique<\/option>\n<option value=\"Seychelles\">Seychelles<\/option>\n<option value=\"Sierra Leone\">Sierra Leone<\/option>\n<option value=\"Solomon Islands\">Solomon Islands<\/option>\n<option value=\"South Sudan\">South Sudan<\/option>\n<option value=\"Suriname\">Suriname<\/option>\n<option value=\"Tajikistan\">Tajikistan<\/option>\n<option value=\"Vanuatu\">Vanuatu<\/option>\n<option value=\"Yemen\">Yemen<\/option>\n<option value=\"Zambia\">Zambia<\/option>\n<option value=\"Zimbabwe\">Zimbabwe<\/option>\n\n <\/select><br \/>\n<\/label>\n<\/p>\n<p><label> Company Name*<br \/>\n<span class=\"wpcf7-form-control-wrap\" data-name=\"company\"><input size=\"40\" maxlength=\"400\" class=\"wpcf7-form-control wpcf7-text wpcf7-validates-as-required\" aria-required=\"true\" aria-invalid=\"false\" placeholder=\"Enter your company name\" value=\"\" type=\"text\" name=\"company\" \/><\/span><br \/>\n<\/label>\n<\/p>\n<p><label> Phone*<br \/>\n<span class=\"wpcf7-form-control-wrap\" data-name=\"phone\"><input size=\"40\" maxlength=\"400\" class=\"wpcf7-form-control wpcf7-tel wpcf7-validates-as-required wpcf7-text wpcf7-validates-as-tel\" aria-required=\"true\" aria-invalid=\"false\" placeholder=\"Enter your phone number\" value=\"\" type=\"tel\" name=\"phone\" \/><\/span><br \/>\n<\/label>\n<\/p>\n<p><label> Website URL<br \/>\n<span class=\"wpcf7-form-control-wrap\" data-name=\"website\"><input size=\"40\" maxlength=\"400\" class=\"wpcf7-form-control wpcf7-url wpcf7-text wpcf7-validates-as-url\" aria-invalid=\"false\" placeholder=\"Enter your website (optional)\" value=\"\" type=\"url\" name=\"website\" \/><\/span><br \/>\n<\/label>\n<\/p>\n<p><label> Subject<br \/>\n<span class=\"wpcf7-form-control-wrap\" data-name=\"your-subject\"><input size=\"40\" maxlength=\"400\" class=\"wpcf7-form-control wpcf7-text wpcf7-validates-as-required\" aria-required=\"true\" aria-invalid=\"false\" value=\"\" type=\"text\" name=\"your-subject\" \/><\/span> <\/label>\n<\/p>\n<p><label> Tell us more about your company*<br \/>\n<span class=\"wpcf7-form-control-wrap\" data-name=\"message\"><textarea cols=\"40\" rows=\"3\" maxlength=\"2000\" class=\"wpcf7-form-control wpcf7-textarea wpcf7-validates-as-required\" aria-required=\"true\" aria-invalid=\"false\" placeholder=\"Describe your company here\" name=\"message\"><\/textarea><\/span><br \/>\n<\/label>\n<\/p>\n<span class=\"wpcf7-form-control-wrap recaptcha\" data-name=\"recaptcha\"><span data-sitekey=\"6LeV4IMqAAAAAHqRXLAgVj8TfpX_X27yE36cFeAP\" class=\"wpcf7-form-control wpcf7-recaptcha g-recaptcha\"><\/span>\r\n<noscript>\r\n\t<div class=\"grecaptcha-noscript\">\r\n\t\t<iframe loading=\"lazy\" src=\"https:\/\/www.google.com\/recaptcha\/api\/fallback?k=6LeV4IMqAAAAAHqRXLAgVj8TfpX_X27yE36cFeAP\" frameborder=\"0\" scrolling=\"no\" width=\"310\" height=\"430\">\r\n\t\t<\/iframe>\r\n\t\t<textarea name=\"g-recaptcha-response\" rows=\"3\" cols=\"40\" placeholder=\"Aqu\u00ed la respuesta de reCAPTCHA\">\r\n\t\t<\/textarea>\r\n\t<\/div>\r\n<\/noscript>\r\n<\/span>\n<p><span><span class=\"wpcf7-form-control-wrap\" data-name=\"acceptance-415\"><span class=\"wpcf7-form-control wpcf7-acceptance\"><span class=\"wpcf7-list-item\"><input type=\"checkbox\" name=\"acceptance-415\" value=\"1\" aria-invalid=\"false\" \/><\/span><\/span><\/span> I have read and accept the <a target=\"_blank\" rel=\"nofollow noopener noreferrer\" href=\"https:\/\/prolifts.es\/privacy-policy\">Privacy Policy<\/a>.<\/span>\n<\/p>\n<p><input class=\"wpcf7-form-control wpcf7-submit has-spinner\" type=\"submit\" value=\"Submit\" \/>\n<\/p><div class=\"wpcf7-response-output\" aria-hidden=\"true\"><\/div>\n<\/form>\n<\/div>\n[\/vc_column][\/vc_row]\n<\/div>","protected":false},"excerpt":{"rendered":"[vc_row bg_type=&#8221;image&#8221; bg_image_new=&#8221;2282&#8243; css=&#8221;.vc_custom_1570183653076{padding-top: 4% !important;padding-bottom: 3% !important;}&#8221;][vc_column][vc_row_inner][vc_column_inner width=&#8221;1\/6&#8243;][\/vc_column_inner][vc_column_inner width=&#8221;4\/6&#8243;][\/vc_column_inner][vc_column_inner width=&#8221;1\/6&#8243;][\/vc_column_inner][\/vc_row_inner][\/vc_column][\/vc_row][vc_row bg_type=&#8221;grad&#8221; seperator_enable=&#8221;seperator_enable_value&#8221; seperator_type=&#8221;xlarge_triangle_right_seperator&#8221; seperator_position=&#8221;bottom_seperator&#8221; seperator_shape_background=&#8221;#000000&#8243; css=&#8221;.vc_custom_1570119067095{padding-top: 5% !important;padding-right: 12% !important;padding-bottom: 8% !important;padding-left: 12% !important;background-color: #ffffff !important;}&#8221; bg_grad=&#8221;background: -webkit-gradient(linear, left top, left bottom, color-stop(0%, #E5E5E9), color-stop(3%, #E5E5E9), color-stop(99%, #FAFAFA));background: -moz-linear-gradient(top,#E5E5E9 0%,#E5E5E9 3%,#FAFAFA 99%);background: -webkit-linear-gradient(top,#E5E5E9 0%,#E5E5E9 3%,#FAFAFA 99%);background: -o-linear-gradient(top,#E5E5E9 0%,#E5E5E9 3%,#FAFAFA 99%);background: -ms-linear-gradient(top,#E5E5E9 0%,#E5E5E9 3%,#FAFAFA 99%);background: [&#8230;]\n","protected":false},"author":1,"featured_media":0,"parent":0,"menu_order":0,"comment_status":"closed","ping_status":"closed","template":"page-blank.php","meta":{"_exactmetrics_skip_tracking":false,"_exactmetrics_sitenote_active":false,"_exactmetrics_sitenote_note":"","_exactmetrics_sitenote_category":0,"footnotes":""},"class_list":["post-2851","page","type-page","status-publish","hentry"],"yoast_head":"<!-- This site is optimized with the Yoast SEO plugin v26.9 - https:\/\/yoast.com\/product\/yoast-seo-wordpress\/ -->\n<title>Distributors - Kuzar - Torres elevadoras y estructuras met\u00e1licas<\/title>\n<meta name=\"description\" content=\"[vc_row bg_type=&quot;image&quot; bg_image_new=&quot;2282&quot; css=&quot;.vc_custom_1570183653076{padding-top: 4% !important;padding-bottom: 3%...\" \/>\n<meta name=\"robots\" content=\"index, follow, max-snippet:-1, max-image-preview:large, max-video-preview:-1\" \/>\n<link rel=\"canonical\" href=\"https:\/\/kuzar.es\/en\/distributors\/\" \/>\n<meta property=\"og:locale\" content=\"en_US\" \/>\n<meta property=\"og:type\" content=\"article\" \/>\n<meta property=\"og:title\" content=\"Distributors - Kuzar - Torres elevadoras y estructuras met\u00e1licas\" \/>\n<meta property=\"og:description\" content=\"[vc_row bg_type=&quot;image&quot; bg_image_new=&quot;2282&quot; css=&quot;.vc_custom_1570183653076{padding-top: 4% !important;padding-bottom: 3%...\" \/>\n<meta property=\"og:url\" content=\"https:\/\/kuzar.es\/en\/distributors\/\" \/>\n<meta property=\"og:site_name\" content=\"Kuzar - Torres elevadoras y estructuras met\u00e1licas\" \/>\n<meta property=\"article:modified_time\" content=\"2025-02-20T18:26:28+00:00\" \/>\n<meta name=\"twitter:card\" content=\"summary_large_image\" \/>\n<meta name=\"twitter:label1\" content=\"Est. reading time\" \/>\n\t<meta name=\"twitter:data1\" content=\"4 minutes\" \/>\n<script type=\"application\/ld+json\" class=\"yoast-schema-graph\">{\"@context\":\"https:\/\/schema.org\",\"@graph\":[{\"@type\":\"WebPage\",\"@id\":\"https:\/\/kuzar.es\/en\/distributors\/\",\"url\":\"https:\/\/kuzar.es\/en\/distributors\/\",\"name\":\"Distributors - Kuzar - Torres elevadoras y estructuras met\u00e1licas\",\"isPartOf\":{\"@id\":\"https:\/\/kuzar.es\/en\/#website\"},\"datePublished\":\"2019-07-23T08:38:37+00:00\",\"dateModified\":\"2025-02-20T18:26:28+00:00\",\"description\":\"[vc_row bg_type=\\\"image\\\" bg_image_new=\\\"2282\\\" css=\\\".vc_custom_1570183653076{padding-top: 4% !important;padding-bottom: 3%...\",\"breadcrumb\":{\"@id\":\"https:\/\/kuzar.es\/en\/distributors\/#breadcrumb\"},\"inLanguage\":\"en-US\",\"potentialAction\":[{\"@type\":\"ReadAction\",\"target\":[\"https:\/\/kuzar.es\/en\/distributors\/\"]}]},{\"@type\":\"BreadcrumbList\",\"@id\":\"https:\/\/kuzar.es\/en\/distributors\/#breadcrumb\",\"itemListElement\":[{\"@type\":\"ListItem\",\"position\":1,\"name\":\"Portada\",\"item\":\"https:\/\/kuzar.es\/en\/\"},{\"@type\":\"ListItem\",\"position\":2,\"name\":\"Distributors\"}]},{\"@type\":\"WebSite\",\"@id\":\"https:\/\/kuzar.es\/en\/#website\",\"url\":\"https:\/\/kuzar.es\/en\/\",\"name\":\"Kuzar - Torres elevadoras y estructuras met\u00e1licas\",\"description\":\"Fabricaci\u00f3n de torres elevadoras, estructuras met\u00e1licas e iluminaci\u00f3n para espect\u00e1culos y eventos\",\"potentialAction\":[{\"@type\":\"SearchAction\",\"target\":{\"@type\":\"EntryPoint\",\"urlTemplate\":\"https:\/\/kuzar.es\/en\/?s={search_term_string}\"},\"query-input\":{\"@type\":\"PropertyValueSpecification\",\"valueRequired\":true,\"valueName\":\"search_term_string\"}}],\"inLanguage\":\"en-US\"}]}<\/script>\n<!-- \/ Yoast SEO plugin. -->","yoast_head_json":{"title":"Distributors - Kuzar - Torres elevadoras y estructuras met\u00e1licas","description":"[vc_row bg_type=\"image\" bg_image_new=\"2282\" css=\".vc_custom_1570183653076{padding-top: 4% !important;padding-bottom: 3%...","robots":{"index":"index","follow":"follow","max-snippet":"max-snippet:-1","max-image-preview":"max-image-preview:large","max-video-preview":"max-video-preview:-1"},"canonical":"https:\/\/kuzar.es\/en\/distributors\/","og_locale":"en_US","og_type":"article","og_title":"Distributors - Kuzar - Torres elevadoras y estructuras met\u00e1licas","og_description":"[vc_row bg_type=\"image\" bg_image_new=\"2282\" css=\".vc_custom_1570183653076{padding-top: 4% !important;padding-bottom: 3%...","og_url":"https:\/\/kuzar.es\/en\/distributors\/","og_site_name":"Kuzar - Torres elevadoras y estructuras met\u00e1licas","article_modified_time":"2025-02-20T18:26:28+00:00","twitter_card":"summary_large_image","twitter_misc":{"Est. reading time":"4 minutes"},"schema":{"@context":"https:\/\/schema.org","@graph":[{"@type":"WebPage","@id":"https:\/\/kuzar.es\/en\/distributors\/","url":"https:\/\/kuzar.es\/en\/distributors\/","name":"Distributors - Kuzar - Torres elevadoras y estructuras met\u00e1licas","isPartOf":{"@id":"https:\/\/kuzar.es\/en\/#website"},"datePublished":"2019-07-23T08:38:37+00:00","dateModified":"2025-02-20T18:26:28+00:00","description":"[vc_row bg_type=\"image\" bg_image_new=\"2282\" css=\".vc_custom_1570183653076{padding-top: 4% !important;padding-bottom: 3%...","breadcrumb":{"@id":"https:\/\/kuzar.es\/en\/distributors\/#breadcrumb"},"inLanguage":"en-US","potentialAction":[{"@type":"ReadAction","target":["https:\/\/kuzar.es\/en\/distributors\/"]}]},{"@type":"BreadcrumbList","@id":"https:\/\/kuzar.es\/en\/distributors\/#breadcrumb","itemListElement":[{"@type":"ListItem","position":1,"name":"Portada","item":"https:\/\/kuzar.es\/en\/"},{"@type":"ListItem","position":2,"name":"Distributors"}]},{"@type":"WebSite","@id":"https:\/\/kuzar.es\/en\/#website","url":"https:\/\/kuzar.es\/en\/","name":"Kuzar - Torres elevadoras y estructuras met\u00e1licas","description":"Fabricaci\u00f3n de torres elevadoras, estructuras met\u00e1licas e iluminaci\u00f3n para espect\u00e1culos y eventos","potentialAction":[{"@type":"SearchAction","target":{"@type":"EntryPoint","urlTemplate":"https:\/\/kuzar.es\/en\/?s={search_term_string}"},"query-input":{"@type":"PropertyValueSpecification","valueRequired":true,"valueName":"search_term_string"}}],"inLanguage":"en-US"}]}},"_links":{"self":[{"href":"https:\/\/kuzar.es\/en\/wp-json\/wp\/v2\/pages\/2851","targetHints":{"allow":["GET"]}}],"collection":[{"href":"https:\/\/kuzar.es\/en\/wp-json\/wp\/v2\/pages"}],"about":[{"href":"https:\/\/kuzar.es\/en\/wp-json\/wp\/v2\/types\/page"}],"author":[{"embeddable":true,"href":"https:\/\/kuzar.es\/en\/wp-json\/wp\/v2\/users\/1"}],"replies":[{"embeddable":true,"href":"https:\/\/kuzar.es\/en\/wp-json\/wp\/v2\/comments?post=2851"}],"version-history":[{"count":88,"href":"https:\/\/kuzar.es\/en\/wp-json\/wp\/v2\/pages\/2851\/revisions"}],"predecessor-version":[{"id":8129,"href":"https:\/\/kuzar.es\/en\/wp-json\/wp\/v2\/pages\/2851\/revisions\/8129"}],"wp:attachment":[{"href":"https:\/\/kuzar.es\/en\/wp-json\/wp\/v2\/media?parent=2851"}],"curies":[{"name":"wp","href":"https:\/\/api.w.org\/{rel}","templated":true}]}}